{"id":9345,"date":"2023-05-19T16:58:27","date_gmt":"2023-05-19T13:58:27","guid":{"rendered":"https:\/\/patentest.com\/?page_id=9345"},"modified":"2023-05-19T17:05:21","modified_gmt":"2023-05-19T14:05:21","slug":"patent-nyheter","status":"publish","type":"page","link":"https:\/\/patentest.com\/sv\/patent-nyheter\/","title":{"rendered":"Patent Nyheter"},"content":{"rendered":"\t\t<div data-elementor-type=\"wp-page\" data-elementor-id=\"9345\" class=\"elementor elementor-9345\" data-elementor-post-type=\"page\">\n\t\t\t\t\t\t<section class=\"elementor-section elementor-top-section elementor-element elementor-element-6e10cb4 elementor-section-boxed elementor-section-height-default elementor-section-height-default\" data-id=\"6e10cb4\" data-element_type=\"section\" data-e-type=\"section\">\n\t\t\t\t\t\t<div class=\"elementor-container elementor-column-gap-default\">\n\t\t\t\t\t<div class=\"elementor-column elementor-col-100 elementor-top-column elementor-element elementor-element-9abc905\" data-id=\"9abc905\" data-element_type=\"column\" data-e-type=\"column\">\n\t\t\t<div class=\"elementor-widget-wrap elementor-element-populated\">\n\t\t\t\t\t\t<div class=\"elementor-element elementor-element-ed14fd1 elementor-grid-1 elementor-posts--thumbnail-left elementor-grid-tablet-2 elementor-grid-mobile-1 elementor-widget elementor-widget-posts\" data-id=\"ed14fd1\" data-element_type=\"widget\" data-e-type=\"widget\" data-settings=\"{&quot;classic_columns&quot;:&quot;1&quot;,&quot;pagination_type&quot;:&quot;numbers&quot;,&quot;classic_columns_tablet&quot;:&quot;2&quot;,&quot;classic_columns_mobile&quot;:&quot;1&quot;,&quot;classic_row_gap&quot;:{&quot;unit&quot;:&quot;px&quot;,&quot;size&quot;:35,&quot;sizes&quot;:[]},&quot;classic_row_gap_tablet&quot;:{&quot;unit&quot;:&quot;px&quot;,&quot;size&quot;:&quot;&quot;,&quot;sizes&quot;:[]},&quot;classic_row_gap_mobile&quot;:{&quot;unit&quot;:&quot;px&quot;,&quot;size&quot;:&quot;&quot;,&quot;sizes&quot;:[]}}\" data-widget_type=\"posts.classic\">\n\t\t\t\t<div class=\"elementor-widget-container\">\n\t\t\t\t\t\t\t<div class=\"elementor-posts-container elementor-posts elementor-posts--skin-classic elementor-grid\" role=\"list\">\n\t\t\t\t<article class=\"elementor-post elementor-grid-item post-8754 post type-post status-publish format-standard has-post-thumbnail hentry category-patent-nyheter\" role=\"listitem\">\n\t\t\t\t<a class=\"elementor-post__thumbnail__link\" href=\"https:\/\/patentest.com\/sv\/kth-innovation\/\" tabindex=\"-1\" >\n\t\t\t<div class=\"elementor-post__thumbnail\"><img decoding=\"async\" width=\"150\" height=\"150\" src=\"https:\/\/patentest.com\/wp-content\/uploads\/2022\/03\/kth-innovation-150x150.png\" class=\"attachment-thumbnail size-thumbnail wp-image-8745\" alt=\"kth-innovation\" \/><\/div>\n\t\t<\/a>\n\t\t\t\t<div class=\"elementor-post__text\">\n\t\t\t\t<h3 class=\"elementor-post__title\">\n\t\t\t<a href=\"https:\/\/patentest.com\/sv\/kth-innovation\/\" >\n\t\t\t\tStuderar du p\u00e5 KTH innovation? Vikten av att patentera sin id\u00e9\t\t\t<\/a>\n\t\t<\/h3>\n\t\t\t\t<div class=\"elementor-post__excerpt\">\n\t\t\t<p>Sverige anses vara en av v\u00e4rldens ledande nationer inom teknologi och innovation. KTH, eller Kungliga Tekniska H\u00f6gskolan, \u00e4r ett av Europas ledande teknik och ingenj\u00f6rs<\/p>\n\t\t<\/div>\n\t\t\n\t\t<a class=\"elementor-post__read-more\" href=\"https:\/\/patentest.com\/sv\/kth-innovation\/\" aria-label=\"L\u00e4s mer om Studerar du p\u00e5 KTH innovation? Vikten av att patentera sin id\u00e9\" tabindex=\"-1\" >\n\t\t\tL\u00e4s mer \u00bb\t\t<\/a>\n\n\t\t\t\t<\/div>\n\t\t\t\t<\/article>\n\t\t\t\t<article class=\"elementor-post elementor-grid-item post-8516 post type-post status-publish format-standard has-post-thumbnail hentry category-patent-nyheter\" role=\"listitem\">\n\t\t\t\t<a class=\"elementor-post__thumbnail__link\" href=\"https:\/\/patentest.com\/sv\/kostnad-for-patent\/\" tabindex=\"-1\" >\n\t\t\t<div class=\"elementor-post__thumbnail\"><img decoding=\"async\" width=\"150\" height=\"150\" src=\"https:\/\/patentest.com\/wp-content\/uploads\/2022\/01\/kostnad-patent-150x150.jpg\" class=\"attachment-thumbnail size-thumbnail wp-image-8484\" alt=\"kostnad-patent\" \/><\/div>\n\t\t<\/a>\n\t\t\t\t<div class=\"elementor-post__text\">\n\t\t\t\t<h3 class=\"elementor-post__title\">\n\t\t\t<a href=\"https:\/\/patentest.com\/sv\/kostnad-for-patent\/\" >\n\t\t\t\tVilken kostnad innefattar ditt patent?\t\t\t<\/a>\n\t\t<\/h3>\n\t\t\t\t<div class=\"elementor-post__excerpt\">\n\t\t\t<p>F\u00e5 en l\u00e4gre kostnad f\u00f6r patent, vi hj\u00e4lper dig att skydda din id\u00e9.&nbsp; Det finns olika v\u00e4gar att v\u00e4lja&nbsp; fr\u00e5n det att man har kommit<\/p>\n\t\t<\/div>\n\t\t\n\t\t<a class=\"elementor-post__read-more\" href=\"https:\/\/patentest.com\/sv\/kostnad-for-patent\/\" aria-label=\"L\u00e4s mer om Vilken kostnad innefattar ditt patent?\" tabindex=\"-1\" >\n\t\t\tL\u00e4s mer \u00bb\t\t<\/a>\n\n\t\t\t\t<\/div>\n\t\t\t\t<\/article>\n\t\t\t\t<article class=\"elementor-post elementor-grid-item post-8501 post type-post status-publish format-standard has-post-thumbnail hentry category-patent-nyheter\" role=\"listitem\">\n\t\t\t\t<a class=\"elementor-post__thumbnail__link\" href=\"https:\/\/patentest.com\/sv\/fran-ide-till-produkt\/\" tabindex=\"-1\" >\n\t\t\t<div class=\"elementor-post__thumbnail\"><img decoding=\"async\" width=\"150\" height=\"150\" src=\"https:\/\/patentest.com\/wp-content\/uploads\/2022\/02\/fran-ide-till-produkt-1-150x150.jpg\" class=\"attachment-thumbnail size-thumbnail wp-image-8511\" alt=\"fr\u00e5n-id\u00e9-till-produkt\" \/><\/div>\n\t\t<\/a>\n\t\t\t\t<div class=\"elementor-post__text\">\n\t\t\t\t<h3 class=\"elementor-post__title\">\n\t\t\t<a href=\"https:\/\/patentest.com\/sv\/fran-ide-till-produkt\/\" >\n\t\t\t\tFr\u00e5n id\u00e9 till produkt\t\t\t<\/a>\n\t\t<\/h3>\n\t\t\t\t<div class=\"elementor-post__excerpt\">\n\t\t\t<p>V\u00e4gen fr\u00e5n id\u00e9 till produkt kan se ut p\u00e5 olika s\u00e4tt beroende p\u00e5 flera saker. Till exempel var i v\u00e4rlden man bor, vilken typ av<\/p>\n\t\t<\/div>\n\t\t\n\t\t<a class=\"elementor-post__read-more\" href=\"https:\/\/patentest.com\/sv\/fran-ide-till-produkt\/\" aria-label=\"L\u00e4s mer om Fr\u00e5n id\u00e9 till produkt\" tabindex=\"-1\" >\n\t\t\tL\u00e4s mer \u00bb\t\t<\/a>\n\n\t\t\t\t<\/div>\n\t\t\t\t<\/article>\n\t\t\t\t<article class=\"elementor-post elementor-grid-item post-8297 post type-post status-publish format-standard has-post-thumbnail hentry category-patent-nyheter\" role=\"listitem\">\n\t\t\t\t<a class=\"elementor-post__thumbnail__link\" href=\"https:\/\/patentest.com\/sv\/har-du-en-egen-uppfinning-sa-vet-du-om-den-verkligen-ar-unik\/\" tabindex=\"-1\" >\n\t\t\t<div class=\"elementor-post__thumbnail\"><img loading=\"lazy\" decoding=\"async\" width=\"150\" height=\"150\" src=\"https:\/\/patentest.com\/wp-content\/uploads\/2021\/12\/egen-uppfinning-sverige-150x150.jpeg\" class=\"attachment-thumbnail size-thumbnail wp-image-8299\" alt=\"egen uppfinning sverige\" \/><\/div>\n\t\t<\/a>\n\t\t\t\t<div class=\"elementor-post__text\">\n\t\t\t\t<h3 class=\"elementor-post__title\">\n\t\t\t<a href=\"https:\/\/patentest.com\/sv\/har-du-en-egen-uppfinning-sa-vet-du-om-den-verkligen-ar-unik\/\" >\n\t\t\t\tHar du en egen uppfinning? S\u00e5 vet du om den verkligen \u00e4r unik\t\t\t<\/a>\n\t\t<\/h3>\n\t\t\t\t<div class=\"elementor-post__excerpt\">\n\t\t\t<p>Har du en egen uppfinning? S\u00e5 vet du om den verkligen \u00e4r unik Har du kommit p\u00e5 en egen uppfinning som du vill skydda genom<\/p>\n\t\t<\/div>\n\t\t\n\t\t<a class=\"elementor-post__read-more\" href=\"https:\/\/patentest.com\/sv\/har-du-en-egen-uppfinning-sa-vet-du-om-den-verkligen-ar-unik\/\" aria-label=\"L\u00e4s mer om Har du en egen uppfinning? S\u00e5 vet du om den verkligen \u00e4r unik\" tabindex=\"-1\" >\n\t\t\tL\u00e4s mer \u00bb\t\t<\/a>\n\n\t\t\t\t<\/div>\n\t\t\t\t<\/article>\n\t\t\t\t<article class=\"elementor-post elementor-grid-item post-8265 post type-post status-publish format-standard has-post-thumbnail hentry category-patent-nyheter\" role=\"listitem\">\n\t\t\t\t<a class=\"elementor-post__thumbnail__link\" href=\"https:\/\/patentest.com\/sv\/sa-kan-unga-uppfinnare-na-framgang-med-sin-ide\/\" tabindex=\"-1\" >\n\t\t\t<div class=\"elementor-post__thumbnail\"><img loading=\"lazy\" decoding=\"async\" width=\"150\" height=\"150\" src=\"https:\/\/patentest.com\/wp-content\/uploads\/2021\/11\/unga-uppfinnare-sverige-150x150.jpeg\" class=\"attachment-thumbnail size-thumbnail wp-image-8267\" alt=\"Unga uppfinnare i sverige\" \/><\/div>\n\t\t<\/a>\n\t\t\t\t<div class=\"elementor-post__text\">\n\t\t\t\t<h3 class=\"elementor-post__title\">\n\t\t\t<a href=\"https:\/\/patentest.com\/sv\/sa-kan-unga-uppfinnare-na-framgang-med-sin-ide\/\" >\n\t\t\t\tS\u00e5 kan unga uppfinnare n\u00e5 framg\u00e5ng med sin id\u00e9\t\t\t<\/a>\n\t\t<\/h3>\n\t\t\t\t<div class=\"elementor-post__excerpt\">\n\t\t\t<p>S\u00e5 kan unga uppfinnare n\u00e5 framg\u00e5ng med sin id\u00e9 Sverige \u00e4r ett land med m\u00e5nga unga uppfinnare, och antalet v\u00e4xer varje \u00e5r. \u00c4r du en<\/p>\n\t\t<\/div>\n\t\t\n\t\t<a class=\"elementor-post__read-more\" href=\"https:\/\/patentest.com\/sv\/sa-kan-unga-uppfinnare-na-framgang-med-sin-ide\/\" aria-label=\"L\u00e4s mer om S\u00e5 kan unga uppfinnare n\u00e5 framg\u00e5ng med sin id\u00e9\" tabindex=\"-1\" >\n\t\t\tL\u00e4s mer \u00bb\t\t<\/a>\n\n\t\t\t\t<\/div>\n\t\t\t\t<\/article>\n\t\t\t\t<article class=\"elementor-post elementor-grid-item post-7985 post type-post status-publish format-standard has-post-thumbnail hentry category-patent-nyheter\" role=\"listitem\">\n\t\t\t\t<a class=\"elementor-post__thumbnail__link\" href=\"https:\/\/patentest.com\/sv\/startup-foretag-och-pandemins-innovationer\/\" tabindex=\"-1\" >\n\t\t\t<div class=\"elementor-post__thumbnail\"><img loading=\"lazy\" decoding=\"async\" width=\"150\" height=\"150\" src=\"https:\/\/patentest.com\/wp-content\/uploads\/2021\/10\/startup-foretag-pandemin-150x150.jpeg\" class=\"attachment-thumbnail size-thumbnail wp-image-7961\" alt=\"Startup f\u00f6retag under pandemin\" \/><\/div>\n\t\t<\/a>\n\t\t\t\t<div class=\"elementor-post__text\">\n\t\t\t\t<h3 class=\"elementor-post__title\">\n\t\t\t<a href=\"https:\/\/patentest.com\/sv\/startup-foretag-och-pandemins-innovationer\/\" >\n\t\t\t\tStartup f\u00f6retag och pandemins innovationer\t\t\t<\/a>\n\t\t<\/h3>\n\t\t\t\t<div class=\"elementor-post__excerpt\">\n\t\t\t<p>Startup f\u00f6retag och pandemins innovationer N\u00e4r samh\u00e4llet f\u00f6r\u00e4ndras kr\u00e4vs nya l\u00f6sningar som svarar mot behov och efterfr\u00e5gan i vardagen och omv\u00e4rlden. Det \u00e4r just det<\/p>\n\t\t<\/div>\n\t\t\n\t\t<a class=\"elementor-post__read-more\" href=\"https:\/\/patentest.com\/sv\/startup-foretag-och-pandemins-innovationer\/\" aria-label=\"L\u00e4s mer om Startup f\u00f6retag och pandemins innovationer\" tabindex=\"-1\" >\n\t\t\tL\u00e4s mer \u00bb\t\t<\/a>\n\n\t\t\t\t<\/div>\n\t\t\t\t<\/article>\n\t\t\t\t<article class=\"elementor-post elementor-grid-item post-7940 post type-post status-publish format-standard has-post-thumbnail hentry category-patent-nyheter\" role=\"listitem\">\n\t\t\t\t<a class=\"elementor-post__thumbnail__link\" href=\"https:\/\/patentest.com\/sv\/3-satt-att-tjana-pengar-pa-din-uppfinning\/\" tabindex=\"-1\" >\n\t\t\t<div class=\"elementor-post__thumbnail\"><img loading=\"lazy\" decoding=\"async\" width=\"150\" height=\"150\" src=\"https:\/\/patentest.com\/wp-content\/uploads\/2021\/10\/tjana-pengar-pa\u030a-din-uppfinning--150x150.jpeg\" class=\"attachment-thumbnail size-thumbnail wp-image-7942\" alt=\"Tj\u00e4na pengar pa\u030a din uppfinning\" \/><\/div>\n\t\t<\/a>\n\t\t\t\t<div class=\"elementor-post__text\">\n\t\t\t\t<h3 class=\"elementor-post__title\">\n\t\t\t<a href=\"https:\/\/patentest.com\/sv\/3-satt-att-tjana-pengar-pa-din-uppfinning\/\" >\n\t\t\t\t3 s\u00e4tt att tj\u00e4na pengar p\u00e5 din uppfinning\t\t\t<\/a>\n\t\t<\/h3>\n\t\t\t\t<div class=\"elementor-post__excerpt\">\n\t\t\t<p>Det finns flera s\u00e4tt att tj\u00e4na pengar p\u00e5 din uppfinning, men f\u00f6r att kunna g\u00f6ra det beh\u00f6ver du f\u00f6rst patentera din uppfinning. I denna artikel g\u00e5r vi igenom de tre vanligaste s\u00e4tten &#8211; att nyttja uppfinningen sj\u00e4lv, uppl\u00e5telse av patent och \u00f6verl\u00e5telse av patent.<\/p>\n\t\t<\/div>\n\t\t\n\t\t<a class=\"elementor-post__read-more\" href=\"https:\/\/patentest.com\/sv\/3-satt-att-tjana-pengar-pa-din-uppfinning\/\" aria-label=\"L\u00e4s mer om 3 s\u00e4tt att tj\u00e4na pengar p\u00e5 din uppfinning\" tabindex=\"-1\" >\n\t\t\tL\u00e4s mer \u00bb\t\t<\/a>\n\n\t\t\t\t<\/div>\n\t\t\t\t<\/article>\n\t\t\t\t<article class=\"elementor-post elementor-grid-item post-7931 post type-post status-publish format-standard has-post-thumbnail hentry category-patent-nyheter\" role=\"listitem\">\n\t\t\t\t<a class=\"elementor-post__thumbnail__link\" href=\"https:\/\/patentest.com\/sv\/3-affarsideer-som-inte-finns-i-sverige-2021\/\" tabindex=\"-1\" >\n\t\t\t<div class=\"elementor-post__thumbnail\"><img loading=\"lazy\" decoding=\"async\" width=\"150\" height=\"150\" src=\"https:\/\/patentest.com\/wp-content\/uploads\/2021\/12\/egen-uppfinning-sverige-150x150.jpeg\" class=\"attachment-thumbnail size-thumbnail wp-image-8299\" alt=\"egen uppfinning sverige\" \/><\/div>\n\t\t<\/a>\n\t\t\t\t<div class=\"elementor-post__text\">\n\t\t\t\t<h3 class=\"elementor-post__title\">\n\t\t\t<a href=\"https:\/\/patentest.com\/sv\/3-affarsideer-som-inte-finns-i-sverige-2021\/\" >\n\t\t\t\t3 aff\u00e4rsid\u00e9er som inte finns i Sverige 2021\t\t\t<\/a>\n\t\t<\/h3>\n\t\t\t\t<div class=\"elementor-post__excerpt\">\n\t\t\t<p>Bra aff\u00e4rsid\u00e9er v\u00e4xer inte p\u00e5 tr\u00e4d, s\u00e4rskilt inte \u00e5r 2021 n\u00e4r konkurrensen ofta \u00e4r enorm i m\u00e5nga olika branscher. Faktum \u00e4r att uppemot 90% av<\/p>\n\t\t<\/div>\n\t\t\n\t\t<a class=\"elementor-post__read-more\" href=\"https:\/\/patentest.com\/sv\/3-affarsideer-som-inte-finns-i-sverige-2021\/\" aria-label=\"L\u00e4s mer om 3 aff\u00e4rsid\u00e9er som inte finns i Sverige 2021\" tabindex=\"-1\" >\n\t\t\tL\u00e4s mer \u00bb\t\t<\/a>\n\n\t\t\t\t<\/div>\n\t\t\t\t<\/article>\n\t\t\t\t<article class=\"elementor-post elementor-grid-item post-7788 post type-post status-publish format-standard has-post-thumbnail hentry category-patent-nyheter\" role=\"listitem\">\n\t\t\t\t<a class=\"elementor-post__thumbnail__link\" href=\"https:\/\/patentest.com\/sv\/5-smarta-affarsideer-for-unga-manniskor-i-sverige-2022\/\" tabindex=\"-1\" >\n\t\t\t<div class=\"elementor-post__thumbnail\"><img loading=\"lazy\" decoding=\"async\" width=\"150\" height=\"150\" src=\"https:\/\/patentest.com\/wp-content\/uploads\/2021\/09\/affarsideer-for-unga-i-sverige-150x150.jpeg\" class=\"attachment-thumbnail size-thumbnail wp-image-7703\" alt=\"aff\u00e4rsid\u00e9er f\u00f6r unga i sverige\" \/><\/div>\n\t\t<\/a>\n\t\t\t\t<div class=\"elementor-post__text\">\n\t\t\t\t<h3 class=\"elementor-post__title\">\n\t\t\t<a href=\"https:\/\/patentest.com\/sv\/5-smarta-affarsideer-for-unga-manniskor-i-sverige-2022\/\" >\n\t\t\t\t5 smarta aff\u00e4rsid\u00e9er f\u00f6r unga m\u00e4nniskor i Sverige 2022\t\t\t<\/a>\n\t\t<\/h3>\n\t\t\t\t<div class=\"elementor-post__excerpt\">\n\t\t\t<p>Att vara ung i Sverige inneb\u00e4r m\u00e5nga friheter, bland annat f\u00f6r den som vill starta sitt eget f\u00f6retag. R\u00e5kar du vara en ung, kreativ och<\/p>\n\t\t<\/div>\n\t\t\n\t\t<a class=\"elementor-post__read-more\" href=\"https:\/\/patentest.com\/sv\/5-smarta-affarsideer-for-unga-manniskor-i-sverige-2022\/\" aria-label=\"L\u00e4s mer om 5 smarta aff\u00e4rsid\u00e9er f\u00f6r unga m\u00e4nniskor i Sverige 2022\" tabindex=\"-1\" >\n\t\t\tL\u00e4s mer \u00bb\t\t<\/a>\n\n\t\t\t\t<\/div>\n\t\t\t\t<\/article>\n\t\t\t\t<article class=\"elementor-post elementor-grid-item post-7711 post type-post status-publish format-standard has-post-thumbnail hentry category-patent-nyheter\" role=\"listitem\">\n\t\t\t\t<a class=\"elementor-post__thumbnail__link\" href=\"https:\/\/patentest.com\/sv\/jag-har-en-digital-innovation-hur-gor-jag-nu\/\" tabindex=\"-1\" >\n\t\t\t<div class=\"elementor-post__thumbnail\"><img loading=\"lazy\" decoding=\"async\" width=\"150\" height=\"150\" src=\"https:\/\/patentest.com\/wp-content\/uploads\/2021\/09\/digital-innovation-sverige-150x150-1.jpg\" class=\"attachment-thumbnail size-thumbnail wp-image-7713\" alt=\"digital innovation sverige\" \/><\/div>\n\t\t<\/a>\n\t\t\t\t<div class=\"elementor-post__text\">\n\t\t\t\t<h3 class=\"elementor-post__title\">\n\t\t\t<a href=\"https:\/\/patentest.com\/sv\/jag-har-en-digital-innovation-hur-gor-jag-nu\/\" >\n\t\t\t\tJag har en digital innovation \u2013 hur g\u00f6r jag nu?\t\t\t<\/a>\n\t\t<\/h3>\n\t\t\t\t<div class=\"elementor-post__excerpt\">\n\t\t\t<p>Du har kommit p\u00e5 det! En l\u00f6sning som underl\u00e4ttar, optimerar eller effektiviserar den dagliga digitala rutinen. F\u00f6r dig, dina kollegor, hela f\u00f6retaget och kanske flera<\/p>\n\t\t<\/div>\n\t\t\n\t\t<a class=\"elementor-post__read-more\" href=\"https:\/\/patentest.com\/sv\/jag-har-en-digital-innovation-hur-gor-jag-nu\/\" aria-label=\"L\u00e4s mer om Jag har en digital innovation \u2013 hur g\u00f6r jag nu?\" tabindex=\"-1\" >\n\t\t\tL\u00e4s mer \u00bb\t\t<\/a>\n\n\t\t\t\t<\/div>\n\t\t\t\t<\/article>\n\t\t\t\t<\/div>\n\t\t\n\t\t\t\t<div class=\"e-load-more-anchor\" data-page=\"1\" data-max-page=\"2\" data-next-page=\"https:\/\/patentest.com\/sv\/wp-json\/wp\/v2\/pages\/9345\/page\/2\/\"><\/div>\n\t\t\t\t<nav class=\"elementor-pagination\" aria-label=\"Sidonumrering\">\n\t\t\t<span aria-current=\"page\" class=\"page-numbers current\"><span class=\"elementor-screen-only\">Sida<\/span>1<\/span>\n<a class=\"page-numbers\" href=\"https:\/\/patentest.com\/sv\/wp-json\/wp\/v2\/pages\/9345\/page\/2\/\"><span class=\"elementor-screen-only\">Sida<\/span>2<\/a>\t\t<\/nav>\n\t\t\t\t\t\t<\/div>\n\t\t\t\t<\/div>\n\t\t\t\t\t<\/div>\n\t\t<\/div>\n\t\t\t\t\t<\/div>\n\t\t<\/section>\n\t\t\t\t<\/div>\n\t\t","protected":false},"excerpt":{"rendered":"","protected":false},"author":3,"featured_media":0,"parent":0,"menu_order":0,"comment_status":"closed","ping_status":"closed","template":"","meta":{"footnotes":""},"class_list":["post-9345","page","type-page","status-publish","hentry"],"yoast_head":"<!-- This site is optimized with the Yoast SEO plugin v27.1.1 - https:\/\/yoast.com\/product\/yoast-seo-wordpress\/ -->\n<title>Patent Nyheter - Patentest<\/title>\n<meta name=\"robots\" content=\"index, follow, max-snippet:-1, max-image-preview:large, max-video-preview:-1\" \/>\n<link rel=\"canonical\" href=\"https:\/\/patentest.com\/sv\/patent-nyheter\/\" \/>\n<meta property=\"og:locale\" content=\"sv_SE\" \/>\n<meta property=\"og:type\" content=\"article\" \/>\n<meta property=\"og:title\" content=\"Patent Nyheter - Patentest\" \/>\n<meta property=\"og:url\" content=\"https:\/\/patentest.com\/sv\/patent-nyheter\/\" \/>\n<meta property=\"og:site_name\" content=\"Patentest\" \/>\n<meta property=\"article:publisher\" content=\"https:\/\/www.facebook.com\/newtone.patent.search\/\" \/>\n<meta property=\"article:modified_time\" content=\"2023-05-19T14:05:21+00:00\" \/>\n<meta property=\"og:image\" content=\"https:\/\/patentest.com\/wp-content\/uploads\/2016\/11\/HeaderLogo.png\" \/>\n\t<meta property=\"og:image:width\" content=\"187\" \/>\n\t<meta property=\"og:image:height\" content=\"49\" \/>\n\t<meta property=\"og:image:type\" content=\"image\/png\" \/>\n<meta name=\"twitter:card\" content=\"summary_large_image\" \/>\n<script type=\"application\/ld+json\" class=\"yoast-schema-graph\">{\"@context\":\"https:\/\/schema.org\",\"@graph\":[{\"@type\":\"WebPage\",\"@id\":\"https:\/\/patentest.com\/sv\/patent-nyheter\/\",\"url\":\"https:\/\/patentest.com\/sv\/patent-nyheter\/\",\"name\":\"Patent Nyheter - Patentest\",\"isPartOf\":{\"@id\":\"https:\/\/patentest.com\/sv\/#website\"},\"datePublished\":\"2023-05-19T13:58:27+00:00\",\"dateModified\":\"2023-05-19T14:05:21+00:00\",\"breadcrumb\":{\"@id\":\"https:\/\/patentest.com\/sv\/patent-nyheter\/#breadcrumb\"},\"inLanguage\":\"sv-SE\",\"potentialAction\":[{\"@type\":\"ReadAction\",\"target\":[\"https:\/\/patentest.com\/sv\/patent-nyheter\/\"]}]},{\"@type\":\"BreadcrumbList\",\"@id\":\"https:\/\/patentest.com\/sv\/patent-nyheter\/#breadcrumb\",\"itemListElement\":[{\"@type\":\"ListItem\",\"position\":1,\"name\":\"Home page\",\"item\":\"https:\/\/patentest.com\/sv\/\"},{\"@type\":\"ListItem\",\"position\":2,\"name\":\"Patent Nyheter\"}]},{\"@type\":\"WebSite\",\"@id\":\"https:\/\/patentest.com\/sv\/#website\",\"url\":\"https:\/\/patentest.com\/sv\/\",\"name\":\"Patentest\",\"description\":\"Your first step towards a registered patent\",\"potentialAction\":[{\"@type\":\"SearchAction\",\"target\":{\"@type\":\"EntryPoint\",\"urlTemplate\":\"https:\/\/patentest.com\/sv\/?s={search_term_string}\"},\"query-input\":{\"@type\":\"PropertyValueSpecification\",\"valueRequired\":true,\"valueName\":\"search_term_string\"}}],\"inLanguage\":\"sv-SE\"}]}<\/script>\n<!-- \/ Yoast SEO plugin. -->","yoast_head_json":{"title":"Patent Nyheter - Patentest","robots":{"index":"index","follow":"follow","max-snippet":"max-snippet:-1","max-image-preview":"max-image-preview:large","max-video-preview":"max-video-preview:-1"},"canonical":"https:\/\/patentest.com\/sv\/patent-nyheter\/","og_locale":"sv_SE","og_type":"article","og_title":"Patent Nyheter - Patentest","og_url":"https:\/\/patentest.com\/sv\/patent-nyheter\/","og_site_name":"Patentest","article_publisher":"https:\/\/www.facebook.com\/newtone.patent.search\/","article_modified_time":"2023-05-19T14:05:21+00:00","og_image":[{"width":187,"height":49,"url":"https:\/\/patentest.com\/wp-content\/uploads\/2016\/11\/HeaderLogo.png","type":"image\/png"}],"twitter_card":"summary_large_image","schema":{"@context":"https:\/\/schema.org","@graph":[{"@type":"WebPage","@id":"https:\/\/patentest.com\/sv\/patent-nyheter\/","url":"https:\/\/patentest.com\/sv\/patent-nyheter\/","name":"Patent Nyheter - Patentest","isPartOf":{"@id":"https:\/\/patentest.com\/sv\/#website"},"datePublished":"2023-05-19T13:58:27+00:00","dateModified":"2023-05-19T14:05:21+00:00","breadcrumb":{"@id":"https:\/\/patentest.com\/sv\/patent-nyheter\/#breadcrumb"},"inLanguage":"sv-SE","potentialAction":[{"@type":"ReadAction","target":["https:\/\/patentest.com\/sv\/patent-nyheter\/"]}]},{"@type":"BreadcrumbList","@id":"https:\/\/patentest.com\/sv\/patent-nyheter\/#breadcrumb","itemListElement":[{"@type":"ListItem","position":1,"name":"Home page","item":"https:\/\/patentest.com\/sv\/"},{"@type":"ListItem","position":2,"name":"Patent Nyheter"}]},{"@type":"WebSite","@id":"https:\/\/patentest.com\/sv\/#website","url":"https:\/\/patentest.com\/sv\/","name":"Patentest","description":"Your first step towards a registered patent","potentialAction":[{"@type":"SearchAction","target":{"@type":"EntryPoint","urlTemplate":"https:\/\/patentest.com\/sv\/?s={search_term_string}"},"query-input":{"@type":"PropertyValueSpecification","valueRequired":true,"valueName":"search_term_string"}}],"inLanguage":"sv-SE"}]}},"_links":{"self":[{"href":"https:\/\/patentest.com\/sv\/wp-json\/wp\/v2\/pages\/9345","targetHints":{"allow":["GET"]}}],"collection":[{"href":"https:\/\/patentest.com\/sv\/wp-json\/wp\/v2\/pages"}],"about":[{"href":"https:\/\/patentest.com\/sv\/wp-json\/wp\/v2\/types\/page"}],"author":[{"embeddable":true,"href":"https:\/\/patentest.com\/sv\/wp-json\/wp\/v2\/users\/3"}],"replies":[{"embeddable":true,"href":"https:\/\/patentest.com\/sv\/wp-json\/wp\/v2\/comments?post=9345"}],"version-history":[{"count":9,"href":"https:\/\/patentest.com\/sv\/wp-json\/wp\/v2\/pages\/9345\/revisions"}],"predecessor-version":[{"id":9355,"href":"https:\/\/patentest.com\/sv\/wp-json\/wp\/v2\/pages\/9345\/revisions\/9355"}],"wp:attachment":[{"href":"https:\/\/patentest.com\/sv\/wp-json\/wp\/v2\/media?parent=9345"}],"curies":[{"name":"wp","href":"https:\/\/api.w.org\/{rel}","templated":true}]}}