{"id":6974,"date":"2021-04-28T15:56:25","date_gmt":"2021-04-28T12:56:25","guid":{"rendered":"https:\/\/patentest.com\/?page_id=6974"},"modified":"2021-07-13T14:23:01","modified_gmt":"2021-07-13T11:23:01","slug":"dy-biopharm-typer-av-sokningar","status":"publish","type":"page","link":"https:\/\/patentest.com\/sv\/dy-biopharm-typer-av-sokningar\/","title":{"rendered":"D&#038;Y BioPharm\u2122 \u2013 Typer av s\u00f6kningar"},"content":{"rendered":"\t\t<div data-elementor-type=\"wp-page\" data-elementor-id=\"6974\" class=\"elementor elementor-6974\" data-elementor-post-type=\"page\">\n\t\t\t\t\t\t<section class=\"elementor-section elementor-top-section elementor-element elementor-element-f0091c8 elementor-section-boxed elementor-section-height-default elementor-section-height-default\" data-id=\"f0091c8\" data-element_type=\"section\" data-e-type=\"section\">\n\t\t\t\t\t\t<div class=\"elementor-container elementor-column-gap-default\">\n\t\t\t\t\t<div class=\"elementor-column elementor-col-100 elementor-top-column elementor-element elementor-element-47bf92d\" data-id=\"47bf92d\" data-element_type=\"column\" data-e-type=\"column\">\n\t\t\t<div class=\"elementor-widget-wrap elementor-element-populated\">\n\t\t\t\t\t\t<div class=\"elementor-element elementor-element-9913fc4 elementor-widget elementor-widget-text-editor\" data-id=\"9913fc4\" data-element_type=\"widget\" data-e-type=\"widget\" data-widget_type=\"text-editor.default\">\n\t\t\t\t<div class=\"elementor-widget-container\">\n\t\t\t\t\t\t\t\t\t<h3>Vi utf\u00f6r olika typer av BioPharm-s\u00f6kningar<\/h3>\n<p><strong>Kemiska s\u00f6kningar<\/strong><\/p>\n<ol>\n<li>General Structure (<a href=\"https:\/\/www.uspto.gov\/web\/offices\/pac\/mpep\/s2117.html\">Markush<\/a>)<\/li>\n<li>Sub Structure<\/li>\n<li>Exact structure<\/li>\n<li>Process (intermediates and mpurities)<\/li>\n<li>Reaction<\/li>\n<li>Pharmaceutical API<\/li>\n<\/ol>\n<p><b>\u00a0<\/b><\/p>\n<p><strong>Biologiska s\u00f6kningar<\/strong><\/p>\n<ol>\n<li>Nucleotides<\/li>\n<li>Amino Acids<\/li>\n<li>Antibodies<\/li>\n<li>Peptides<\/li>\n<li>Proteins<\/li>\n<li>Bio Generics<\/li>\n<\/ol>\n<p><b>\u00a0<\/b><\/p>\n<p><strong>Pharma-s\u00f6kningar<\/strong><\/p>\n<ol>\n<li>Indications<\/li>\n<li>Formulations<\/li>\n<li>Methods of administration<\/li>\n<li>Delivery systems<\/li>\n<li>Pharma <a href=\"https:\/\/patentest.com\/sv\/freedom-to-operate-fto\/\">FTO<\/a> (patent term extension and regulatory information)<\/li>\n<\/ol>\t\t\t\t\t\t\t\t<\/div>\n\t\t\t\t<\/div>\n\t\t\t\t\t<\/div>\n\t\t<\/div>\n\t\t\t\t\t<\/div>\n\t\t<\/section>\n\t\t\t\t<\/div>\n\t\t","protected":false},"excerpt":{"rendered":"<p>Vi utf\u00f6r olika typer av BioPharm-s\u00f6kningar Kemiska s\u00f6kningar General Structure (Markush) Sub Structure Exact structure Process (intermediates and mpurities) Reaction Pharmaceutical API &nbsp; Biologiska s\u00f6kningar Nucleotides Amino Acids Antibodies Peptides Proteins Bio Generics &nbsp; Pharma-s\u00f6kningar Indications Formulations Methods of administration Delivery systems Pharma FTO (patent term extension and regulatory information)<\/p>\n","protected":false},"author":3,"featured_media":6502,"parent":0,"menu_order":0,"comment_status":"closed","ping_status":"closed","template":"","meta":{"footnotes":""},"class_list":["post-6974","page","type-page","status-publish","has-post-thumbnail","hentry"],"yoast_head":"<!-- This site is optimized with the Yoast SEO plugin v27.1.1 - https:\/\/yoast.com\/product\/yoast-seo-wordpress\/ -->\n<title>Vi utf\u00f6r olika typer av BioPharm-s\u00f6kningar - Patentest<\/title>\n<meta name=\"description\" content=\"Vi p\u00e5 patentest utf\u00f6r flera olika typer av BioPharm-s\u00f6kningar. Kontakta oss f\u00f6r att f\u00e5 hj\u00e4lp med din patentans\u00f6kan idag!\" \/>\n<meta name=\"robots\" content=\"index, follow, max-snippet:-1, max-image-preview:large, max-video-preview:-1\" \/>\n<link rel=\"canonical\" href=\"https:\/\/patentest.com\/sv\/dy-biopharm-typer-av-sokningar\/\" \/>\n<meta property=\"og:locale\" content=\"sv_SE\" \/>\n<meta property=\"og:type\" content=\"article\" \/>\n<meta property=\"og:title\" content=\"Vi utf\u00f6r olika typer av BioPharm-s\u00f6kningar - Patentest\" \/>\n<meta property=\"og:description\" content=\"Vi p\u00e5 patentest utf\u00f6r flera olika typer av BioPharm-s\u00f6kningar. Kontakta oss f\u00f6r att f\u00e5 hj\u00e4lp med din patentans\u00f6kan idag!\" \/>\n<meta property=\"og:url\" content=\"https:\/\/patentest.com\/sv\/dy-biopharm-typer-av-sokningar\/\" \/>\n<meta property=\"og:site_name\" content=\"Patentest\" \/>\n<meta property=\"article:publisher\" content=\"https:\/\/www.facebook.com\/newtone.patent.search\/\" \/>\n<meta property=\"article:modified_time\" content=\"2021-07-13T11:23:01+00:00\" \/>\n<meta property=\"og:image\" content=\"https:\/\/patentest.com\/wp-content\/uploads\/2020\/12\/photo-1598257006458-087169a1f08d.jpeg\" \/>\n\t<meta property=\"og:image:width\" content=\"1650\" \/>\n\t<meta property=\"og:image:height\" content=\"1100\" \/>\n\t<meta property=\"og:image:type\" content=\"image\/jpeg\" \/>\n<meta name=\"twitter:card\" content=\"summary_large_image\" \/>\n<meta name=\"twitter:label1\" content=\"Ber\u00e4knad l\u00e4stid\" \/>\n\t<meta name=\"twitter:data1\" content=\"1 minut\" \/>\n<script type=\"application\/ld+json\" class=\"yoast-schema-graph\">{\"@context\":\"https:\/\/schema.org\",\"@graph\":[{\"@type\":\"WebPage\",\"@id\":\"https:\/\/patentest.com\/sv\/dy-biopharm-typer-av-sokningar\/\",\"url\":\"https:\/\/patentest.com\/sv\/dy-biopharm-typer-av-sokningar\/\",\"name\":\"Vi utf\u00f6r olika typer av BioPharm-s\u00f6kningar - Patentest\",\"isPartOf\":{\"@id\":\"https:\/\/patentest.com\/sv\/#website\"},\"primaryImageOfPage\":{\"@id\":\"https:\/\/patentest.com\/sv\/dy-biopharm-typer-av-sokningar\/#primaryimage\"},\"image\":{\"@id\":\"https:\/\/patentest.com\/sv\/dy-biopharm-typer-av-sokningar\/#primaryimage\"},\"thumbnailUrl\":\"https:\/\/patentest.com\/wp-content\/uploads\/2020\/12\/photo-1598257006458-087169a1f08d.jpeg\",\"datePublished\":\"2021-04-28T12:56:25+00:00\",\"dateModified\":\"2021-07-13T11:23:01+00:00\",\"description\":\"Vi p\u00e5 patentest utf\u00f6r flera olika typer av BioPharm-s\u00f6kningar. Kontakta oss f\u00f6r att f\u00e5 hj\u00e4lp med din patentans\u00f6kan idag!\",\"breadcrumb\":{\"@id\":\"https:\/\/patentest.com\/sv\/dy-biopharm-typer-av-sokningar\/#breadcrumb\"},\"inLanguage\":\"sv-SE\",\"potentialAction\":[{\"@type\":\"ReadAction\",\"target\":[\"https:\/\/patentest.com\/sv\/dy-biopharm-typer-av-sokningar\/\"]}]},{\"@type\":\"ImageObject\",\"inLanguage\":\"sv-SE\",\"@id\":\"https:\/\/patentest.com\/sv\/dy-biopharm-typer-av-sokningar\/#primaryimage\",\"url\":\"https:\/\/patentest.com\/wp-content\/uploads\/2020\/12\/photo-1598257006458-087169a1f08d.jpeg\",\"contentUrl\":\"https:\/\/patentest.com\/wp-content\/uploads\/2020\/12\/photo-1598257006458-087169a1f08d.jpeg\",\"width\":1650,\"height\":1100,\"caption\":\"patentr\u00e5dgivare-om-oss\"},{\"@type\":\"BreadcrumbList\",\"@id\":\"https:\/\/patentest.com\/sv\/dy-biopharm-typer-av-sokningar\/#breadcrumb\",\"itemListElement\":[{\"@type\":\"ListItem\",\"position\":1,\"name\":\"Home page\",\"item\":\"https:\/\/patentest.com\/sv\/\"},{\"@type\":\"ListItem\",\"position\":2,\"name\":\"D&#038;Y BioPharm\u2122 \u2013 Typer av s\u00f6kningar\"}]},{\"@type\":\"WebSite\",\"@id\":\"https:\/\/patentest.com\/sv\/#website\",\"url\":\"https:\/\/patentest.com\/sv\/\",\"name\":\"Patentest\",\"description\":\"Your first step towards a registered patent\",\"potentialAction\":[{\"@type\":\"SearchAction\",\"target\":{\"@type\":\"EntryPoint\",\"urlTemplate\":\"https:\/\/patentest.com\/sv\/?s={search_term_string}\"},\"query-input\":{\"@type\":\"PropertyValueSpecification\",\"valueRequired\":true,\"valueName\":\"search_term_string\"}}],\"inLanguage\":\"sv-SE\"}]}<\/script>\n<!-- \/ Yoast SEO plugin. -->","yoast_head_json":{"title":"Vi utf\u00f6r olika typer av BioPharm-s\u00f6kningar - Patentest","description":"Vi p\u00e5 patentest utf\u00f6r flera olika typer av BioPharm-s\u00f6kningar. Kontakta oss f\u00f6r att f\u00e5 hj\u00e4lp med din patentans\u00f6kan idag!","robots":{"index":"index","follow":"follow","max-snippet":"max-snippet:-1","max-image-preview":"max-image-preview:large","max-video-preview":"max-video-preview:-1"},"canonical":"https:\/\/patentest.com\/sv\/dy-biopharm-typer-av-sokningar\/","og_locale":"sv_SE","og_type":"article","og_title":"Vi utf\u00f6r olika typer av BioPharm-s\u00f6kningar - Patentest","og_description":"Vi p\u00e5 patentest utf\u00f6r flera olika typer av BioPharm-s\u00f6kningar. Kontakta oss f\u00f6r att f\u00e5 hj\u00e4lp med din patentans\u00f6kan idag!","og_url":"https:\/\/patentest.com\/sv\/dy-biopharm-typer-av-sokningar\/","og_site_name":"Patentest","article_publisher":"https:\/\/www.facebook.com\/newtone.patent.search\/","article_modified_time":"2021-07-13T11:23:01+00:00","og_image":[{"width":1650,"height":1100,"url":"https:\/\/patentest.com\/wp-content\/uploads\/2020\/12\/photo-1598257006458-087169a1f08d.jpeg","type":"image\/jpeg"}],"twitter_card":"summary_large_image","twitter_misc":{"Ber\u00e4knad l\u00e4stid":"1 minut"},"schema":{"@context":"https:\/\/schema.org","@graph":[{"@type":"WebPage","@id":"https:\/\/patentest.com\/sv\/dy-biopharm-typer-av-sokningar\/","url":"https:\/\/patentest.com\/sv\/dy-biopharm-typer-av-sokningar\/","name":"Vi utf\u00f6r olika typer av BioPharm-s\u00f6kningar - Patentest","isPartOf":{"@id":"https:\/\/patentest.com\/sv\/#website"},"primaryImageOfPage":{"@id":"https:\/\/patentest.com\/sv\/dy-biopharm-typer-av-sokningar\/#primaryimage"},"image":{"@id":"https:\/\/patentest.com\/sv\/dy-biopharm-typer-av-sokningar\/#primaryimage"},"thumbnailUrl":"https:\/\/patentest.com\/wp-content\/uploads\/2020\/12\/photo-1598257006458-087169a1f08d.jpeg","datePublished":"2021-04-28T12:56:25+00:00","dateModified":"2021-07-13T11:23:01+00:00","description":"Vi p\u00e5 patentest utf\u00f6r flera olika typer av BioPharm-s\u00f6kningar. Kontakta oss f\u00f6r att f\u00e5 hj\u00e4lp med din patentans\u00f6kan idag!","breadcrumb":{"@id":"https:\/\/patentest.com\/sv\/dy-biopharm-typer-av-sokningar\/#breadcrumb"},"inLanguage":"sv-SE","potentialAction":[{"@type":"ReadAction","target":["https:\/\/patentest.com\/sv\/dy-biopharm-typer-av-sokningar\/"]}]},{"@type":"ImageObject","inLanguage":"sv-SE","@id":"https:\/\/patentest.com\/sv\/dy-biopharm-typer-av-sokningar\/#primaryimage","url":"https:\/\/patentest.com\/wp-content\/uploads\/2020\/12\/photo-1598257006458-087169a1f08d.jpeg","contentUrl":"https:\/\/patentest.com\/wp-content\/uploads\/2020\/12\/photo-1598257006458-087169a1f08d.jpeg","width":1650,"height":1100,"caption":"patentr\u00e5dgivare-om-oss"},{"@type":"BreadcrumbList","@id":"https:\/\/patentest.com\/sv\/dy-biopharm-typer-av-sokningar\/#breadcrumb","itemListElement":[{"@type":"ListItem","position":1,"name":"Home page","item":"https:\/\/patentest.com\/sv\/"},{"@type":"ListItem","position":2,"name":"D&#038;Y BioPharm\u2122 \u2013 Typer av s\u00f6kningar"}]},{"@type":"WebSite","@id":"https:\/\/patentest.com\/sv\/#website","url":"https:\/\/patentest.com\/sv\/","name":"Patentest","description":"Your first step towards a registered patent","potentialAction":[{"@type":"SearchAction","target":{"@type":"EntryPoint","urlTemplate":"https:\/\/patentest.com\/sv\/?s={search_term_string}"},"query-input":{"@type":"PropertyValueSpecification","valueRequired":true,"valueName":"search_term_string"}}],"inLanguage":"sv-SE"}]}},"_links":{"self":[{"href":"https:\/\/patentest.com\/sv\/wp-json\/wp\/v2\/pages\/6974","targetHints":{"allow":["GET"]}}],"collection":[{"href":"https:\/\/patentest.com\/sv\/wp-json\/wp\/v2\/pages"}],"about":[{"href":"https:\/\/patentest.com\/sv\/wp-json\/wp\/v2\/types\/page"}],"author":[{"embeddable":true,"href":"https:\/\/patentest.com\/sv\/wp-json\/wp\/v2\/users\/3"}],"replies":[{"embeddable":true,"href":"https:\/\/patentest.com\/sv\/wp-json\/wp\/v2\/comments?post=6974"}],"version-history":[{"count":12,"href":"https:\/\/patentest.com\/sv\/wp-json\/wp\/v2\/pages\/6974\/revisions"}],"predecessor-version":[{"id":7348,"href":"https:\/\/patentest.com\/sv\/wp-json\/wp\/v2\/pages\/6974\/revisions\/7348"}],"wp:featuredmedia":[{"embeddable":true,"href":"https:\/\/patentest.com\/sv\/wp-json\/wp\/v2\/media\/6502"}],"wp:attachment":[{"href":"https:\/\/patentest.com\/sv\/wp-json\/wp\/v2\/media?parent=6974"}],"curies":[{"name":"wp","href":"https:\/\/api.w.org\/{rel}","templated":true}]}}