{"id":6969,"date":"2021-04-28T15:54:02","date_gmt":"2021-04-28T12:54:02","guid":{"rendered":"https:\/\/patentest.com\/?page_id=6969"},"modified":"2021-07-13T14:13:59","modified_gmt":"2021-07-13T11:13:59","slug":"biotech","status":"publish","type":"page","link":"https:\/\/patentest.com\/sv\/biotech\/","title":{"rendered":"D&#038;Y BioPharm\u2122"},"content":{"rendered":"\t\t<div data-elementor-type=\"wp-page\" data-elementor-id=\"6969\" class=\"elementor elementor-6969\" data-elementor-post-type=\"page\">\n\t\t\t\t\t\t<section class=\"elementor-section elementor-top-section elementor-element elementor-element-5091ee21 elementor-section-boxed elementor-section-height-default elementor-section-height-default\" data-id=\"5091ee21\" data-element_type=\"section\" data-e-type=\"section\">\n\t\t\t\t\t\t<div class=\"elementor-container elementor-column-gap-default\">\n\t\t\t\t\t<div class=\"elementor-column elementor-col-100 elementor-top-column elementor-element elementor-element-5a71b6b2\" data-id=\"5a71b6b2\" data-element_type=\"column\" data-e-type=\"column\">\n\t\t\t<div class=\"elementor-widget-wrap elementor-element-populated\">\n\t\t\t\t\t\t<div class=\"elementor-element elementor-element-3d5c18b4 elementor-widget elementor-widget-text-editor\" data-id=\"3d5c18b4\" data-element_type=\"widget\" data-e-type=\"widget\" data-widget_type=\"text-editor.default\">\n\t\t\t\t<div class=\"elementor-widget-container\">\n\t\t\t\t\t\t\t\t\t<h2><span style=\"font-weight: 400;\">Vi \u00e4r patent-experter inom Biotech och Farmaci<\/span><\/h2><p><img fetchpriority=\"high\" decoding=\"async\" class=\"size-full wp-image-7335 aligncenter\" src=\"https:\/\/patentest.com\/wp-content\/uploads\/2021\/07\/Biotech1.jpg\" alt=\"Biotech\" width=\"640\" height=\"427\" srcset=\"https:\/\/patentest.com\/wp-content\/uploads\/2021\/07\/Biotech1.jpg 640w, https:\/\/patentest.com\/wp-content\/uploads\/2021\/07\/Biotech1-300x200.jpg 300w\" sizes=\"(max-width: 640px) 100vw, 640px\" \/><\/p><p><span style=\"font-weight: 400;\">D&amp;Y BioPharm \u2122 \u00e4r din partner f\u00f6r kvalitet och djupg\u00e5ende patentinformation inom Biotech och Farmaci. Med 15 \u00e5rs erfarenhet inom akademi- och l\u00e4kemedelsindustrin kombinerar vi b\u00e5de kunskap och expertis inom patent.\u00a0<\/span><\/p><h2><span style=\"font-weight: 400;\">Varf\u00f6r ska du v\u00e4lja D&amp;Y BioPharm \u2122?\u00a0<\/span><\/h2><p><span style=\"font-weight: 400;\">V\u00e5rt team har l\u00e5ng erfarenhet av att arbeta inom Biotech och inom Farmaci-omr\u00e5det i ett stort globalt l\u00e4kemedelsf\u00f6retag. Som en oberoende professionell s\u00f6korganisation \u00e4r vi dedikerade till att utveckla den b\u00e4sta metoden med de b\u00e4sta verktygen, och \u00e4r alltid uppdaterade inom de senaste reglerna. Vi kan tillhandah\u00e5lla data som skapar v\u00e4rde och insikter fr\u00e5n b\u00e5de regleringsdata och patentdata som bygger p\u00e5 kunskap inom lokal <\/span><a href=\"https:\/\/patentest.com\/sv\/allman-information\/vad-ar-ett-patent\/\"><span style=\"font-weight: 400;\">patent<\/span><\/a><span style=\"font-weight: 400;\">&#8211; och lagstiftning \u00f6ver hela v\u00e4rlden. Att s\u00f6ka och hitta relevant information f\u00f6r dig \u00e4r vad vi g\u00f6r och de vi \u00e4r.<\/span><\/p><h2><span style=\"font-weight: 400;\">Vad \u00e4r speciellt med Biotech och Farmaci?\u00a0<\/span><\/h2><p><span style=\"font-weight: 400;\">Biotech och Farmaci-s\u00f6kningar \u00e4r unika och kr\u00e4ver m\u00e5nga \u00e5rs erfarenhet och expertis.<\/span><\/p><p><b>Kemiska strukturer och biosekvenser<\/b><\/p><p><span style=\"font-weight: 400;\">S\u00f6kningar inom kemi och biologi kr\u00e4ver anv\u00e4ndning av olika typer av s\u00f6kningar, ut\u00f6ver en nyckelordss\u00f6kning. Kemiska strukturer kan avsl\u00f6jas som en bild eller en allm\u00e4n ryggradsstruktur med flera substituenter (<\/span><a href=\"https:\/\/www.uspto.gov\/web\/offices\/pac\/mpep\/s2117.html\"><span style=\"font-weight: 400;\">Markush-formel<\/span><\/a><span style=\"font-weight: 400;\">). Medan sekvenss\u00f6kningar visas som en sekvenslista eller som bilder i olika delar av dokumentet.<\/span><\/p><p><b>Skicklighet inom s\u00f6kning\u00a0<\/b><\/p><p><span style=\"font-weight: 400;\">F\u00f6r att utveckla fr\u00e5gan som h\u00e4mtar relevanta resultat och ritar en kemisk struktur (Allm\u00e4n struktur, understruktur eller exakt struktur) beh\u00f6vs kunskap om databasens f\u00f6rm\u00e5ga. Skicklighet inom s\u00f6kning innefattar en f\u00f6rst\u00e5else f\u00f6r databasens s\u00f6kfilter, omfattning, alternativ, kommandon och algoritmer. Biosekvenser kan vara <\/span><a href=\"https:\/\/www.genteknik.se\/ordlista\/rna\/\"><span style=\"font-weight: 400;\">RNA<\/span><\/a><span style=\"font-weight: 400;\">, DNA (nukleotider) eller proteiner, peptider, <\/span><a href=\"https:\/\/www.vetenskaphalsa.se\/tag\/antikroppar\/\"><span style=\"font-weight: 400;\">antikroppar<\/span><\/a><span style=\"font-weight: 400;\"> (aminosyror). F\u00f6r att omfatta r\u00e4tt fr\u00e5ga, m\u00e5ste du definiera sekvensen och para ihop den specifika algoritmen f\u00f6r uppgiften.<\/span><\/p><p><img decoding=\"async\" class=\"alignnone size-full wp-image-7337\" src=\"https:\/\/patentest.com\/wp-content\/uploads\/2021\/07\/Biotech.jpg\" alt=\"Biotech\" width=\"640\" height=\"427\" srcset=\"https:\/\/patentest.com\/wp-content\/uploads\/2021\/07\/Biotech.jpg 640w, https:\/\/patentest.com\/wp-content\/uploads\/2021\/07\/Biotech-300x200.jpg 300w\" sizes=\"(max-width: 640px) 100vw, 640px\" \/><\/p>\t\t\t\t\t\t\t\t<\/div>\n\t\t\t\t<\/div>\n\t\t\t\t<div class=\"elementor-element elementor-element-4f7a452 elementor-widget elementor-widget-text-editor\" data-id=\"4f7a452\" data-element_type=\"widget\" data-e-type=\"widget\" data-widget_type=\"text-editor.default\">\n\t\t\t\t<div class=\"elementor-widget-container\">\n\t\t\t\t\t\t\t\t\t<p><b>Kemiska och biotekniska databaser\u00a0<\/b><\/p><p><span style=\"font-weight: 400;\">F\u00f6r biologi och kemi finns det speciella databaser, varje databas har olika t\u00e4ckning, f\u00f6rm\u00e5gor samt fokuserar p\u00e5 olika tekniker. En s\u00f6kning i en specifik databasen och ibland i kombination med flera databaser ger ett omfattande s\u00f6kresultat. En s\u00f6kning i fel databas resulterar d\u00e4remot i en icke fullst\u00e4ndig s\u00f6kning vilket i sin tur leder till fel slutsats.<\/span><\/p><p><b>Vetenskaplig bakgrund<\/b><\/p><p><span style=\"font-weight: 400;\">Tack vare v\u00e5rt <\/span><a href=\"https:\/\/patentest.com\/sv\/foretagsledning-expert-inom-patent\/\"><span style=\"font-weight: 400;\">teams<\/span><\/a><span style=\"font-weight: 400;\"> vetenskapliga bakgrund kan vi f\u00f6rst\u00e5 din uppfinning och d\u00e4refter \u00f6vers\u00e4tta konceptet till en omfattande s\u00f6kstrategi. Vi har stor kunskap inom Biotech och farmaci samt \u00e4ven kemi och biologi, vilket ger oss en stor f\u00f6rdel p\u00e5 marknaden.<\/span><\/p><p><b>Kunskap i regleringen och uppdaterad patentlag beh\u00f6vs<\/b><\/p><p><span style=\"font-weight: 400;\">L\u00e4kemedelspatent kan registreras p\u00e5 olika patentkontor och f\u00e5 patentf\u00f6rl\u00e4ngningar. Det finns l\u00e4nder som har patentl\u00e4nk, och datum f\u00f6r f\u00f6rs\u00e4ljningstillst\u00e5nd samt lokala regler p\u00e5verkar patentvillkoren.<\/span><\/p><p>L\u00e4s \u00e4ven g\u00e4rna om andra tj\u00e4nster vi erbjuder, s\u00e5som\u00a0<a href=\"https:\/\/patentest.com\/sv\/state-of-the-art-sokning\/\" target=\"_blank\" rel=\"noopener\">tekniks\u00f6kning<\/a>\u00a0och\u00a0<a href=\"https:\/\/patentest.com\/sv\/validitetsundersokning-patent\/\" target=\"_blank\" rel=\"noopener\">validitetsunders\u00f6kning<\/a>.\u00a0<\/p>\t\t\t\t\t\t\t\t<\/div>\n\t\t\t\t<\/div>\n\t\t\t\t\t<\/div>\n\t\t<\/div>\n\t\t\t\t\t<\/div>\n\t\t<\/section>\n\t\t\t\t<\/div>\n\t\t","protected":false},"excerpt":{"rendered":"<p>Vi \u00e4r patent-experter inom Biotech och Farmaci D&amp;Y BioPharm \u2122 \u00e4r din partner f\u00f6r kvalitet och djupg\u00e5ende patentinformation inom Biotech och Farmaci. Med 15 \u00e5rs erfarenhet inom akademi- och l\u00e4kemedelsindustrin kombinerar vi b\u00e5de kunskap och expertis inom patent.&nbsp; Varf\u00f6r ska du v\u00e4lja D&amp;Y BioPharm \u2122?&nbsp; V\u00e5rt team har l\u00e5ng erfarenhet av att arbeta inom Biotech [&hellip;]<\/p>\n","protected":false},"author":3,"featured_media":6502,"parent":0,"menu_order":0,"comment_status":"closed","ping_status":"closed","template":"","meta":{"footnotes":""},"class_list":["post-6969","page","type-page","status-publish","has-post-thumbnail","hentry"],"yoast_head":"<!-- This site is optimized with the Yoast SEO plugin v27.1.1 - https:\/\/yoast.com\/product\/yoast-seo-wordpress\/ -->\n<title>Vi \u00e4r patent-experter inom Biotech och Farmaci - Patentest<\/title>\n<meta name=\"description\" content=\"Vi p\u00e5 Patentest har l\u00e5ng erfarenhet av att arbeta inom biotech och inom farmaci-omr\u00e5det i ett stort globalt l\u00e4kemedelsf\u00f6retag, kontakta oss!\" \/>\n<meta name=\"robots\" content=\"index, follow, max-snippet:-1, max-image-preview:large, max-video-preview:-1\" \/>\n<link rel=\"canonical\" href=\"https:\/\/patentest.com\/sv\/biotech\/\" \/>\n<meta property=\"og:locale\" content=\"sv_SE\" \/>\n<meta property=\"og:type\" content=\"article\" \/>\n<meta property=\"og:title\" content=\"Vi \u00e4r patent-experter inom Biotech och Farmaci - Patentest\" \/>\n<meta property=\"og:description\" content=\"Vi p\u00e5 Patentest har l\u00e5ng erfarenhet av att arbeta inom biotech och inom farmaci-omr\u00e5det i ett stort globalt l\u00e4kemedelsf\u00f6retag, kontakta oss!\" \/>\n<meta property=\"og:url\" content=\"https:\/\/patentest.com\/sv\/biotech\/\" \/>\n<meta property=\"og:site_name\" content=\"Patentest\" \/>\n<meta property=\"article:publisher\" content=\"https:\/\/www.facebook.com\/newtone.patent.search\/\" \/>\n<meta property=\"article:modified_time\" content=\"2021-07-13T11:13:59+00:00\" \/>\n<meta property=\"og:image\" content=\"https:\/\/patentest.com\/wp-content\/uploads\/2020\/12\/photo-1598257006458-087169a1f08d.jpeg\" \/>\n\t<meta property=\"og:image:width\" content=\"1650\" \/>\n\t<meta property=\"og:image:height\" content=\"1100\" \/>\n\t<meta property=\"og:image:type\" content=\"image\/jpeg\" \/>\n<meta name=\"twitter:card\" content=\"summary_large_image\" \/>\n<meta name=\"twitter:label1\" content=\"Ber\u00e4knad l\u00e4stid\" \/>\n\t<meta name=\"twitter:data1\" content=\"3 minuter\" \/>\n<script type=\"application\/ld+json\" class=\"yoast-schema-graph\">{\"@context\":\"https:\/\/schema.org\",\"@graph\":[{\"@type\":\"WebPage\",\"@id\":\"https:\/\/patentest.com\/sv\/biotech\/\",\"url\":\"https:\/\/patentest.com\/sv\/biotech\/\",\"name\":\"Vi \u00e4r patent-experter inom Biotech och Farmaci - Patentest\",\"isPartOf\":{\"@id\":\"https:\/\/patentest.com\/sv\/#website\"},\"primaryImageOfPage\":{\"@id\":\"https:\/\/patentest.com\/sv\/biotech\/#primaryimage\"},\"image\":{\"@id\":\"https:\/\/patentest.com\/sv\/biotech\/#primaryimage\"},\"thumbnailUrl\":\"https:\/\/patentest.com\/wp-content\/uploads\/2020\/12\/photo-1598257006458-087169a1f08d.jpeg\",\"datePublished\":\"2021-04-28T12:54:02+00:00\",\"dateModified\":\"2021-07-13T11:13:59+00:00\",\"description\":\"Vi p\u00e5 Patentest har l\u00e5ng erfarenhet av att arbeta inom biotech och inom farmaci-omr\u00e5det i ett stort globalt l\u00e4kemedelsf\u00f6retag, kontakta oss!\",\"breadcrumb\":{\"@id\":\"https:\/\/patentest.com\/sv\/biotech\/#breadcrumb\"},\"inLanguage\":\"sv-SE\",\"potentialAction\":[{\"@type\":\"ReadAction\",\"target\":[\"https:\/\/patentest.com\/sv\/biotech\/\"]}]},{\"@type\":\"ImageObject\",\"inLanguage\":\"sv-SE\",\"@id\":\"https:\/\/patentest.com\/sv\/biotech\/#primaryimage\",\"url\":\"https:\/\/patentest.com\/wp-content\/uploads\/2020\/12\/photo-1598257006458-087169a1f08d.jpeg\",\"contentUrl\":\"https:\/\/patentest.com\/wp-content\/uploads\/2020\/12\/photo-1598257006458-087169a1f08d.jpeg\",\"width\":1650,\"height\":1100,\"caption\":\"patentr\u00e5dgivare-om-oss\"},{\"@type\":\"BreadcrumbList\",\"@id\":\"https:\/\/patentest.com\/sv\/biotech\/#breadcrumb\",\"itemListElement\":[{\"@type\":\"ListItem\",\"position\":1,\"name\":\"Home page\",\"item\":\"https:\/\/patentest.com\/sv\/\"},{\"@type\":\"ListItem\",\"position\":2,\"name\":\"D&#038;Y BioPharm\u2122\"}]},{\"@type\":\"WebSite\",\"@id\":\"https:\/\/patentest.com\/sv\/#website\",\"url\":\"https:\/\/patentest.com\/sv\/\",\"name\":\"Patentest\",\"description\":\"Your first step towards a registered patent\",\"potentialAction\":[{\"@type\":\"SearchAction\",\"target\":{\"@type\":\"EntryPoint\",\"urlTemplate\":\"https:\/\/patentest.com\/sv\/?s={search_term_string}\"},\"query-input\":{\"@type\":\"PropertyValueSpecification\",\"valueRequired\":true,\"valueName\":\"search_term_string\"}}],\"inLanguage\":\"sv-SE\"}]}<\/script>\n<!-- \/ Yoast SEO plugin. -->","yoast_head_json":{"title":"Vi \u00e4r patent-experter inom Biotech och Farmaci - Patentest","description":"Vi p\u00e5 Patentest har l\u00e5ng erfarenhet av att arbeta inom biotech och inom farmaci-omr\u00e5det i ett stort globalt l\u00e4kemedelsf\u00f6retag, kontakta oss!","robots":{"index":"index","follow":"follow","max-snippet":"max-snippet:-1","max-image-preview":"max-image-preview:large","max-video-preview":"max-video-preview:-1"},"canonical":"https:\/\/patentest.com\/sv\/biotech\/","og_locale":"sv_SE","og_type":"article","og_title":"Vi \u00e4r patent-experter inom Biotech och Farmaci - Patentest","og_description":"Vi p\u00e5 Patentest har l\u00e5ng erfarenhet av att arbeta inom biotech och inom farmaci-omr\u00e5det i ett stort globalt l\u00e4kemedelsf\u00f6retag, kontakta oss!","og_url":"https:\/\/patentest.com\/sv\/biotech\/","og_site_name":"Patentest","article_publisher":"https:\/\/www.facebook.com\/newtone.patent.search\/","article_modified_time":"2021-07-13T11:13:59+00:00","og_image":[{"width":1650,"height":1100,"url":"https:\/\/patentest.com\/wp-content\/uploads\/2020\/12\/photo-1598257006458-087169a1f08d.jpeg","type":"image\/jpeg"}],"twitter_card":"summary_large_image","twitter_misc":{"Ber\u00e4knad l\u00e4stid":"3 minuter"},"schema":{"@context":"https:\/\/schema.org","@graph":[{"@type":"WebPage","@id":"https:\/\/patentest.com\/sv\/biotech\/","url":"https:\/\/patentest.com\/sv\/biotech\/","name":"Vi \u00e4r patent-experter inom Biotech och Farmaci - Patentest","isPartOf":{"@id":"https:\/\/patentest.com\/sv\/#website"},"primaryImageOfPage":{"@id":"https:\/\/patentest.com\/sv\/biotech\/#primaryimage"},"image":{"@id":"https:\/\/patentest.com\/sv\/biotech\/#primaryimage"},"thumbnailUrl":"https:\/\/patentest.com\/wp-content\/uploads\/2020\/12\/photo-1598257006458-087169a1f08d.jpeg","datePublished":"2021-04-28T12:54:02+00:00","dateModified":"2021-07-13T11:13:59+00:00","description":"Vi p\u00e5 Patentest har l\u00e5ng erfarenhet av att arbeta inom biotech och inom farmaci-omr\u00e5det i ett stort globalt l\u00e4kemedelsf\u00f6retag, kontakta oss!","breadcrumb":{"@id":"https:\/\/patentest.com\/sv\/biotech\/#breadcrumb"},"inLanguage":"sv-SE","potentialAction":[{"@type":"ReadAction","target":["https:\/\/patentest.com\/sv\/biotech\/"]}]},{"@type":"ImageObject","inLanguage":"sv-SE","@id":"https:\/\/patentest.com\/sv\/biotech\/#primaryimage","url":"https:\/\/patentest.com\/wp-content\/uploads\/2020\/12\/photo-1598257006458-087169a1f08d.jpeg","contentUrl":"https:\/\/patentest.com\/wp-content\/uploads\/2020\/12\/photo-1598257006458-087169a1f08d.jpeg","width":1650,"height":1100,"caption":"patentr\u00e5dgivare-om-oss"},{"@type":"BreadcrumbList","@id":"https:\/\/patentest.com\/sv\/biotech\/#breadcrumb","itemListElement":[{"@type":"ListItem","position":1,"name":"Home page","item":"https:\/\/patentest.com\/sv\/"},{"@type":"ListItem","position":2,"name":"D&#038;Y BioPharm\u2122"}]},{"@type":"WebSite","@id":"https:\/\/patentest.com\/sv\/#website","url":"https:\/\/patentest.com\/sv\/","name":"Patentest","description":"Your first step towards a registered patent","potentialAction":[{"@type":"SearchAction","target":{"@type":"EntryPoint","urlTemplate":"https:\/\/patentest.com\/sv\/?s={search_term_string}"},"query-input":{"@type":"PropertyValueSpecification","valueRequired":true,"valueName":"search_term_string"}}],"inLanguage":"sv-SE"}]}},"_links":{"self":[{"href":"https:\/\/patentest.com\/sv\/wp-json\/wp\/v2\/pages\/6969","targetHints":{"allow":["GET"]}}],"collection":[{"href":"https:\/\/patentest.com\/sv\/wp-json\/wp\/v2\/pages"}],"about":[{"href":"https:\/\/patentest.com\/sv\/wp-json\/wp\/v2\/types\/page"}],"author":[{"embeddable":true,"href":"https:\/\/patentest.com\/sv\/wp-json\/wp\/v2\/users\/3"}],"replies":[{"embeddable":true,"href":"https:\/\/patentest.com\/sv\/wp-json\/wp\/v2\/comments?post=6969"}],"version-history":[{"count":12,"href":"https:\/\/patentest.com\/sv\/wp-json\/wp\/v2\/pages\/6969\/revisions"}],"predecessor-version":[{"id":7342,"href":"https:\/\/patentest.com\/sv\/wp-json\/wp\/v2\/pages\/6969\/revisions\/7342"}],"wp:featuredmedia":[{"embeddable":true,"href":"https:\/\/patentest.com\/sv\/wp-json\/wp\/v2\/media\/6502"}],"wp:attachment":[{"href":"https:\/\/patentest.com\/sv\/wp-json\/wp\/v2\/media?parent=6969"}],"curies":[{"name":"wp","href":"https:\/\/api.w.org\/{rel}","templated":true}]}}