{"id":6483,"date":"2020-12-16T15:04:40","date_gmt":"2020-12-16T13:04:40","guid":{"rendered":"https:\/\/patentest.com\/?page_id=6483"},"modified":"2023-11-15T11:00:53","modified_gmt":"2023-11-15T09:00:53","slug":"patentradgivare-om-oss","status":"publish","type":"page","link":"https:\/\/patentest.com\/sv\/patentradgivare-om-oss\/","title":{"rendered":"Om oss &#8211; S\u00f6k patent med hj\u00e4lp av erfarna experter &#038; patentr\u00e5dgivare"},"content":{"rendered":"\t\t<div data-elementor-type=\"wp-page\" data-elementor-id=\"6483\" class=\"elementor elementor-6483\" data-elementor-post-type=\"page\">\n\t\t\t\t\t\t<section class=\"elementor-section elementor-top-section elementor-element elementor-element-5091ee21 elementor-section-boxed elementor-section-height-default elementor-section-height-default\" data-id=\"5091ee21\" data-element_type=\"section\" data-e-type=\"section\">\n\t\t\t\t\t\t<div class=\"elementor-container elementor-column-gap-default\">\n\t\t\t\t\t<div class=\"elementor-column elementor-col-100 elementor-top-column elementor-element elementor-element-5a71b6b2\" data-id=\"5a71b6b2\" data-element_type=\"column\" data-e-type=\"column\">\n\t\t\t<div class=\"elementor-widget-wrap elementor-element-populated\">\n\t\t\t\t\t\t<div class=\"elementor-element elementor-element-3d5c18b4 elementor-widget elementor-widget-text-editor\" data-id=\"3d5c18b4\" data-element_type=\"widget\" data-e-type=\"widget\" data-widget_type=\"text-editor.default\">\n\t\t\t\t<div class=\"elementor-widget-container\">\n\t\t\t\t\t\t\t\t\t<h2>Patentest<\/h2><p><span style=\"font-weight: 400;\">Utf\u00f6r din patentans\u00f6kan med kunniga patentr\u00e5dgivare. <a href=\"https:\/\/patentest.com\/sv\">Patentest<\/a> grundades 2004 i Israel under varum\u00e4rket New-Tone patent search. Bolaget etablerade sig snabbt som det st\u00f6rsta patents\u00f6kningsf\u00f6retaget i hela Israel. Bolaget har idag ett stort antal patentexperter och patentr\u00e5dgivare i sitt team.<\/span><\/p><p><span style=\"font-weight: 400;\">Under \u00e5ren har f\u00f6retaget, tack vare sin l\u00e5nga erfarenhet i branschen, lyckats expandera sin verksamhet till b\u00e5de USA och Europa.\u00a0<\/span><\/p><p><span style=\"font-weight: 400;\">Patentest har etablerat sin verksamhet med f\u00f6retag i Storbritannien (<a href=\"https:\/\/patentest.com\">Patentest UK<\/a> Ltd), Sverige (Patentest Sweden AB) och USA (Patentest Inc).<\/span><\/p><h2>V\u00e5ra patentr\u00e5dgivare &amp; experter<\/h2><p><a href=\"https:\/\/patentest.com\/sv\/foretagsledning\/\"><span style=\"font-weight: 400;\">V\u00e5rt team<\/span><\/a><span style=\"font-weight: 400;\"> av patentr\u00e5dgivare och experter har m\u00e5nga \u00e5rs erfarenhet inom patents\u00f6kning och analys f\u00f6r f\u00f6retag, patentombud, FoU-avdelningar (forskning och utveckling) och <a href=\"https:\/\/patentest.com\/sv\/patentsokning-for-uppfinnare\/\">uppfinnare<\/a>. V\u00e5ra ingenj\u00f6rer \u00e4r experter p\u00e5 avancerade tekniker f\u00f6r att b\u00e5de s\u00f6ka och hitta r\u00e4tt. F\u00f6rutom sin akademiska bakgrund och erfarenhet fr\u00e5n olika branscher, utbildas v\u00e5ra experter l\u00f6pande f\u00f6r att l\u00e4ra sig de mest avancerade verktygen och metoderna f\u00f6r s\u00f6kning. Allt f\u00f6r att ge dig en s\u00e5 snabb service m\u00f6jligt och ett s\u00e5 tr\u00e4ffs\u00e4kert resultat som m\u00f6jligt. <\/span><\/p><h2>V\u00e5rt uppdrag<\/h2><p><span style=\"font-weight: 400;\">V\u00e5rt uppdrag \u00e4r att f\u00f6ra uppfinnare n\u00e4rmare patentv\u00e4rlden och att sprida <\/span><a href=\"https:\/\/www.prv.se\/sv\/patent\/\"><span style=\"font-weight: 400;\">kunskapen om patents\u00f6kning, patentprocessen<\/span><\/a><span style=\"font-weight: 400;\"> och immateriella r\u00e4ttigheter. Att fr\u00e4mja en kultur d\u00e4r b\u00e5de innovation och kreativitet spelar roll ligger oss varmt om hj\u00e4rtat.<\/span><\/p><h2>V\u00e5r vision<\/h2><ul><li style=\"font-weight: 400;\"><span style=\"font-weight: 400;\">Att vara den f\u00f6rsta kontakten f\u00f6r varje id\u00e9 eller uppfinning.<\/span><\/li><li style=\"font-weight: 400;\"><span style=\"font-weight: 400;\">Att agera ledstj\u00e4rna f\u00f6r utvecklingen och teknologin inom patentinformation och s\u00f6kning.<\/span><\/li><li style=\"font-weight: 400;\"><span style=\"font-weight: 400;\">Att vara ett informations- och kunskapscenter f\u00f6r forsknings- och utvecklingsavdelningar inom alla branscher.<\/span><\/li><\/ul>\t\t\t\t\t\t\t\t<\/div>\n\t\t\t\t<\/div>\n\t\t\t\t\t<\/div>\n\t\t<\/div>\n\t\t\t\t\t<\/div>\n\t\t<\/section>\n\t\t\t\t<section class=\"elementor-section elementor-top-section elementor-element elementor-element-3d83b3a elementor-section-boxed elementor-section-height-default elementor-section-height-default\" data-id=\"3d83b3a\" data-element_type=\"section\" data-e-type=\"section\">\n\t\t\t\t\t\t<div class=\"elementor-container elementor-column-gap-default\">\n\t\t\t\t\t<div class=\"elementor-column elementor-col-100 elementor-top-column elementor-element elementor-element-c8f80bd\" data-id=\"c8f80bd\" data-element_type=\"column\" data-e-type=\"column\">\n\t\t\t<div class=\"elementor-widget-wrap elementor-element-populated\">\n\t\t\t\t\t\t<div class=\"elementor-element elementor-element-b828d32 elementor-widget elementor-widget-image\" data-id=\"b828d32\" data-element_type=\"widget\" data-e-type=\"widget\" data-widget_type=\"image.default\">\n\t\t\t\t<div class=\"elementor-widget-container\">\n\t\t\t\t\t\t\t\t\t\t\t\t\t\t\t<img fetchpriority=\"high\" decoding=\"async\" width=\"640\" height=\"427\" src=\"https:\/\/patentest.com\/wp-content\/uploads\/2021\/07\/patentradgivare.jpg\" class=\"attachment-medium_large size-medium_large wp-image-7311\" alt=\"patentr\u00e5dgivare\" srcset=\"https:\/\/patentest.com\/wp-content\/uploads\/2021\/07\/patentradgivare.jpg 640w, https:\/\/patentest.com\/wp-content\/uploads\/2021\/07\/patentradgivare-300x200.jpg 300w\" sizes=\"(max-width: 640px) 100vw, 640px\" \/>\t\t\t\t\t\t\t\t\t\t\t\t\t\t\t<\/div>\n\t\t\t\t<\/div>\n\t\t\t\t\t<\/div>\n\t\t<\/div>\n\t\t\t\t\t<\/div>\n\t\t<\/section>\n\t\t\t\t<section class=\"elementor-section elementor-top-section elementor-element elementor-element-c574304 elementor-section-boxed elementor-section-height-default elementor-section-height-default\" data-id=\"c574304\" data-element_type=\"section\" data-e-type=\"section\">\n\t\t\t\t\t\t<div class=\"elementor-container elementor-column-gap-default\">\n\t\t\t\t\t<div class=\"elementor-column elementor-col-100 elementor-top-column elementor-element elementor-element-79ac4b1\" data-id=\"79ac4b1\" data-element_type=\"column\" data-e-type=\"column\">\n\t\t\t<div class=\"elementor-widget-wrap elementor-element-populated\">\n\t\t\t\t\t\t<div class=\"elementor-element elementor-element-de7d805 elementor-widget elementor-widget-text-editor\" data-id=\"de7d805\" data-element_type=\"widget\" data-e-type=\"widget\" data-widget_type=\"text-editor.default\">\n\t\t\t\t<div class=\"elementor-widget-container\">\n\t\t\t\t\t\t\t\t\t<h2>Sekretess<\/h2><p><span style=\"font-weight: 400;\">Din integritet och <\/span><a href=\"https:\/\/patentest.com\/sv\/sekretess\/\"><span style=\"font-weight: 400;\">konfidentialitet<\/span><\/a><span style=\"font-weight: 400;\"> \u00e4r hj\u00e4rtat i v\u00e5r verksamhet. Det \u00e4r ocks\u00e5 helt avg\u00f6rande f\u00f6r v\u00e5r l\u00e5ngsiktiga framtid som ett globalt patentinformationsf\u00f6retag. <\/span><\/p><h2>V\u00e5r expertis<\/h2><p><span style=\"font-weight: 400;\">Hos Patentest uppr\u00e4tth\u00e5ller vi ett strikt och h\u00f6gkvalitativt program f\u00f6r anst\u00e4llning och utbildning. Detta f\u00f6r att du ska f\u00e5 en s\u00e5 djupg\u00e5ende och kvalitativ patents\u00f6krapport som m\u00f6jligt. F\u00f6r att s\u00e4kerst\u00e4lla h\u00f6g kvalitet anv\u00e4nder vi \u00e4ven en standardiserad s\u00f6kmetod. Denna metod best\u00e5r bland annat av en kvalitetskontroll d\u00e4r varje patents\u00f6kning granskas av minst tv\u00e5 ingenj\u00f6rer.<\/span><\/p><h2>Innovation<\/h2><p><span style=\"font-weight: 400;\">Genom att vi p\u00e5 Patentest kontinuerligt vidareutvecklar v\u00e5ra verktyg s\u00e5 f\u00f6rb\u00e4ttrar vi ocks\u00e5 v\u00e5ra metoder f\u00f6r s\u00f6kning. P\u00e5 s\u00e5 vis kan vi garantera v\u00e5ra kunder b\u00e4sta t\u00e4nkbara resultat genom de rapporter vi producerar. Att s\u00f6ka \u00e4r en konst och v\u00e5r kombination av l\u00e5ng erfarenhet och kompetens g\u00f6r det m\u00f6jligt f\u00f6r oss att st\u00e4ndigt utvecklas. S\u00e5 att vi kan hitta r\u00e4tt dokument p\u00e5 b\u00e4st m\u00f6jliga s\u00e4tt. Det ger oss ocks\u00e5 f\u00f6rdelen att presentera dem f\u00f6r dig p\u00e5 ett modernt, l\u00e4ttl\u00e4st och interaktivt s\u00e4tt.<\/span><\/p><p>L\u00e4s \u00e4ven g\u00e4rna om andra tj\u00e4nster vi erbjuder, s\u00e5som\u00a0<a href=\"https:\/\/patentest.com\/sv\/state-of-the-art-sokning\/\" target=\"_blank\" rel=\"noopener\">tekniks\u00f6kning<\/a>\u00a0och\u00a0<a href=\"https:\/\/patentest.com\/sv\/freedom-to-operate-fto\/\">Freedom To Operate<\/a>.\u00a0<\/p>\t\t\t\t\t\t\t\t<\/div>\n\t\t\t\t<\/div>\n\t\t\t\t\t<\/div>\n\t\t<\/div>\n\t\t\t\t\t<\/div>\n\t\t<\/section>\n\t\t\t\t<\/div>\n\t\t","protected":false},"excerpt":{"rendered":"<p>Patentest Utf\u00f6r din patentans\u00f6kan med kunniga patentr\u00e5dgivare. Patentest grundades 2004 i Israel under varum\u00e4rket New-Tone patent search. Bolaget etablerade sig snabbt som det st\u00f6rsta patents\u00f6kningsf\u00f6retaget i hela Israel. Bolaget har idag ett stort antal patentexperter och patentr\u00e5dgivare i sitt team. Under \u00e5ren har f\u00f6retaget, tack vare sin l\u00e5nga erfarenhet i branschen, lyckats expandera sin verksamhet [&hellip;]<\/p>\n","protected":false},"author":5,"featured_media":6502,"parent":0,"menu_order":0,"comment_status":"closed","ping_status":"closed","template":"","meta":{"footnotes":""},"class_list":["post-6483","page","type-page","status-publish","has-post-thumbnail","hentry"],"yoast_head":"<!-- This site is optimized with the Yoast SEO plugin v27.1.1 - https:\/\/yoast.com\/product\/yoast-seo-wordpress\/ -->\n<title>G\u00f6r en patents\u00f6kning med v\u00e5ra erfarna patentr\u00e5dgivare - Patentest<\/title>\n<meta name=\"description\" content=\"Utf\u00f6r en patents\u00f6kning med v\u00e5ra erfarna patentr\u00e5dgivare. Patentest har funnits sedan 2004 och etablerade sig snabbt runt om i v\u00e4rlden.\" \/>\n<meta name=\"robots\" content=\"index, follow, max-snippet:-1, max-image-preview:large, max-video-preview:-1\" \/>\n<link rel=\"canonical\" href=\"https:\/\/patentest.com\/sv\/patentradgivare-om-oss\/\" \/>\n<meta property=\"og:locale\" content=\"sv_SE\" \/>\n<meta property=\"og:type\" content=\"article\" \/>\n<meta property=\"og:title\" content=\"G\u00f6r en patents\u00f6kning med v\u00e5ra erfarna patentr\u00e5dgivare - Patentest\" \/>\n<meta property=\"og:description\" content=\"Utf\u00f6r en patents\u00f6kning med v\u00e5ra erfarna patentr\u00e5dgivare. Patentest har funnits sedan 2004 och etablerade sig snabbt runt om i v\u00e4rlden.\" \/>\n<meta property=\"og:url\" content=\"https:\/\/patentest.com\/sv\/patentradgivare-om-oss\/\" \/>\n<meta property=\"og:site_name\" content=\"Patentest\" \/>\n<meta property=\"article:publisher\" content=\"https:\/\/www.facebook.com\/newtone.patent.search\/\" \/>\n<meta property=\"article:modified_time\" content=\"2023-11-15T09:00:53+00:00\" \/>\n<meta property=\"og:image\" content=\"https:\/\/patentest.com\/wp-content\/uploads\/2020\/12\/photo-1598257006458-087169a1f08d.jpeg\" \/>\n\t<meta property=\"og:image:width\" content=\"1650\" \/>\n\t<meta property=\"og:image:height\" content=\"1100\" \/>\n\t<meta property=\"og:image:type\" content=\"image\/jpeg\" \/>\n<meta name=\"twitter:card\" content=\"summary_large_image\" \/>\n<meta name=\"twitter:label1\" content=\"Ber\u00e4knad l\u00e4stid\" \/>\n\t<meta name=\"twitter:data1\" content=\"3 minuter\" \/>\n<script type=\"application\/ld+json\" class=\"yoast-schema-graph\">{\"@context\":\"https:\/\/schema.org\",\"@graph\":[{\"@type\":\"WebPage\",\"@id\":\"https:\/\/patentest.com\/sv\/patentradgivare-om-oss\/\",\"url\":\"https:\/\/patentest.com\/sv\/patentradgivare-om-oss\/\",\"name\":\"G\u00f6r en patents\u00f6kning med v\u00e5ra erfarna patentr\u00e5dgivare - Patentest\",\"isPartOf\":{\"@id\":\"https:\/\/patentest.com\/sv\/#website\"},\"primaryImageOfPage\":{\"@id\":\"https:\/\/patentest.com\/sv\/patentradgivare-om-oss\/#primaryimage\"},\"image\":{\"@id\":\"https:\/\/patentest.com\/sv\/patentradgivare-om-oss\/#primaryimage\"},\"thumbnailUrl\":\"https:\/\/patentest.com\/wp-content\/uploads\/2020\/12\/photo-1598257006458-087169a1f08d.jpeg\",\"datePublished\":\"2020-12-16T13:04:40+00:00\",\"dateModified\":\"2023-11-15T09:00:53+00:00\",\"description\":\"Utf\u00f6r en patents\u00f6kning med v\u00e5ra erfarna patentr\u00e5dgivare. Patentest har funnits sedan 2004 och etablerade sig snabbt runt om i v\u00e4rlden.\",\"breadcrumb\":{\"@id\":\"https:\/\/patentest.com\/sv\/patentradgivare-om-oss\/#breadcrumb\"},\"inLanguage\":\"sv-SE\",\"potentialAction\":[{\"@type\":\"ReadAction\",\"target\":[\"https:\/\/patentest.com\/sv\/patentradgivare-om-oss\/\"]}]},{\"@type\":\"ImageObject\",\"inLanguage\":\"sv-SE\",\"@id\":\"https:\/\/patentest.com\/sv\/patentradgivare-om-oss\/#primaryimage\",\"url\":\"https:\/\/patentest.com\/wp-content\/uploads\/2020\/12\/photo-1598257006458-087169a1f08d.jpeg\",\"contentUrl\":\"https:\/\/patentest.com\/wp-content\/uploads\/2020\/12\/photo-1598257006458-087169a1f08d.jpeg\",\"width\":1650,\"height\":1100,\"caption\":\"patentr\u00e5dgivare-om-oss\"},{\"@type\":\"BreadcrumbList\",\"@id\":\"https:\/\/patentest.com\/sv\/patentradgivare-om-oss\/#breadcrumb\",\"itemListElement\":[{\"@type\":\"ListItem\",\"position\":1,\"name\":\"Home page\",\"item\":\"https:\/\/patentest.com\/sv\/\"},{\"@type\":\"ListItem\",\"position\":2,\"name\":\"Om oss &#8211; S\u00f6k patent med hj\u00e4lp av erfarna experter &#038; patentr\u00e5dgivare\"}]},{\"@type\":\"WebSite\",\"@id\":\"https:\/\/patentest.com\/sv\/#website\",\"url\":\"https:\/\/patentest.com\/sv\/\",\"name\":\"Patentest\",\"description\":\"Your first step towards a registered patent\",\"potentialAction\":[{\"@type\":\"SearchAction\",\"target\":{\"@type\":\"EntryPoint\",\"urlTemplate\":\"https:\/\/patentest.com\/sv\/?s={search_term_string}\"},\"query-input\":{\"@type\":\"PropertyValueSpecification\",\"valueRequired\":true,\"valueName\":\"search_term_string\"}}],\"inLanguage\":\"sv-SE\"}]}<\/script>\n<!-- \/ Yoast SEO plugin. -->","yoast_head_json":{"title":"G\u00f6r en patents\u00f6kning med v\u00e5ra erfarna patentr\u00e5dgivare - Patentest","description":"Utf\u00f6r en patents\u00f6kning med v\u00e5ra erfarna patentr\u00e5dgivare. Patentest har funnits sedan 2004 och etablerade sig snabbt runt om i v\u00e4rlden.","robots":{"index":"index","follow":"follow","max-snippet":"max-snippet:-1","max-image-preview":"max-image-preview:large","max-video-preview":"max-video-preview:-1"},"canonical":"https:\/\/patentest.com\/sv\/patentradgivare-om-oss\/","og_locale":"sv_SE","og_type":"article","og_title":"G\u00f6r en patents\u00f6kning med v\u00e5ra erfarna patentr\u00e5dgivare - Patentest","og_description":"Utf\u00f6r en patents\u00f6kning med v\u00e5ra erfarna patentr\u00e5dgivare. Patentest har funnits sedan 2004 och etablerade sig snabbt runt om i v\u00e4rlden.","og_url":"https:\/\/patentest.com\/sv\/patentradgivare-om-oss\/","og_site_name":"Patentest","article_publisher":"https:\/\/www.facebook.com\/newtone.patent.search\/","article_modified_time":"2023-11-15T09:00:53+00:00","og_image":[{"width":1650,"height":1100,"url":"https:\/\/patentest.com\/wp-content\/uploads\/2020\/12\/photo-1598257006458-087169a1f08d.jpeg","type":"image\/jpeg"}],"twitter_card":"summary_large_image","twitter_misc":{"Ber\u00e4knad l\u00e4stid":"3 minuter"},"schema":{"@context":"https:\/\/schema.org","@graph":[{"@type":"WebPage","@id":"https:\/\/patentest.com\/sv\/patentradgivare-om-oss\/","url":"https:\/\/patentest.com\/sv\/patentradgivare-om-oss\/","name":"G\u00f6r en patents\u00f6kning med v\u00e5ra erfarna patentr\u00e5dgivare - Patentest","isPartOf":{"@id":"https:\/\/patentest.com\/sv\/#website"},"primaryImageOfPage":{"@id":"https:\/\/patentest.com\/sv\/patentradgivare-om-oss\/#primaryimage"},"image":{"@id":"https:\/\/patentest.com\/sv\/patentradgivare-om-oss\/#primaryimage"},"thumbnailUrl":"https:\/\/patentest.com\/wp-content\/uploads\/2020\/12\/photo-1598257006458-087169a1f08d.jpeg","datePublished":"2020-12-16T13:04:40+00:00","dateModified":"2023-11-15T09:00:53+00:00","description":"Utf\u00f6r en patents\u00f6kning med v\u00e5ra erfarna patentr\u00e5dgivare. Patentest har funnits sedan 2004 och etablerade sig snabbt runt om i v\u00e4rlden.","breadcrumb":{"@id":"https:\/\/patentest.com\/sv\/patentradgivare-om-oss\/#breadcrumb"},"inLanguage":"sv-SE","potentialAction":[{"@type":"ReadAction","target":["https:\/\/patentest.com\/sv\/patentradgivare-om-oss\/"]}]},{"@type":"ImageObject","inLanguage":"sv-SE","@id":"https:\/\/patentest.com\/sv\/patentradgivare-om-oss\/#primaryimage","url":"https:\/\/patentest.com\/wp-content\/uploads\/2020\/12\/photo-1598257006458-087169a1f08d.jpeg","contentUrl":"https:\/\/patentest.com\/wp-content\/uploads\/2020\/12\/photo-1598257006458-087169a1f08d.jpeg","width":1650,"height":1100,"caption":"patentr\u00e5dgivare-om-oss"},{"@type":"BreadcrumbList","@id":"https:\/\/patentest.com\/sv\/patentradgivare-om-oss\/#breadcrumb","itemListElement":[{"@type":"ListItem","position":1,"name":"Home page","item":"https:\/\/patentest.com\/sv\/"},{"@type":"ListItem","position":2,"name":"Om oss &#8211; S\u00f6k patent med hj\u00e4lp av erfarna experter &#038; patentr\u00e5dgivare"}]},{"@type":"WebSite","@id":"https:\/\/patentest.com\/sv\/#website","url":"https:\/\/patentest.com\/sv\/","name":"Patentest","description":"Your first step towards a registered patent","potentialAction":[{"@type":"SearchAction","target":{"@type":"EntryPoint","urlTemplate":"https:\/\/patentest.com\/sv\/?s={search_term_string}"},"query-input":{"@type":"PropertyValueSpecification","valueRequired":true,"valueName":"search_term_string"}}],"inLanguage":"sv-SE"}]}},"_links":{"self":[{"href":"https:\/\/patentest.com\/sv\/wp-json\/wp\/v2\/pages\/6483","targetHints":{"allow":["GET"]}}],"collection":[{"href":"https:\/\/patentest.com\/sv\/wp-json\/wp\/v2\/pages"}],"about":[{"href":"https:\/\/patentest.com\/sv\/wp-json\/wp\/v2\/types\/page"}],"author":[{"embeddable":true,"href":"https:\/\/patentest.com\/sv\/wp-json\/wp\/v2\/users\/5"}],"replies":[{"embeddable":true,"href":"https:\/\/patentest.com\/sv\/wp-json\/wp\/v2\/comments?post=6483"}],"version-history":[{"count":15,"href":"https:\/\/patentest.com\/sv\/wp-json\/wp\/v2\/pages\/6483\/revisions"}],"predecessor-version":[{"id":9562,"href":"https:\/\/patentest.com\/sv\/wp-json\/wp\/v2\/pages\/6483\/revisions\/9562"}],"wp:featuredmedia":[{"embeddable":true,"href":"https:\/\/patentest.com\/sv\/wp-json\/wp\/v2\/media\/6502"}],"wp:attachment":[{"href":"https:\/\/patentest.com\/sv\/wp-json\/wp\/v2\/media?parent=6483"}],"curies":[{"name":"wp","href":"https:\/\/api.w.org\/{rel}","templated":true}]}}