{"id":6203,"date":"2020-09-28T21:32:10","date_gmt":"2020-09-28T18:32:10","guid":{"rendered":"https:\/\/patentest.com\/patent-historier\/"},"modified":"2023-05-19T16:33:24","modified_gmt":"2023-05-19T13:33:24","slug":"patent-historier","status":"publish","type":"page","link":"https:\/\/patentest.com\/sv\/patent-historier\/","title":{"rendered":"Patent historier"},"content":{"rendered":"\t\t<div data-elementor-type=\"wp-page\" data-elementor-id=\"6203\" class=\"elementor elementor-6203 elementor-6199\" data-elementor-post-type=\"page\">\n\t\t\t\t\t\t<section class=\"elementor-section elementor-top-section elementor-element elementor-element-21a1465 elementor-section-boxed elementor-section-height-default elementor-section-height-default\" data-id=\"21a1465\" data-element_type=\"section\" data-e-type=\"section\">\n\t\t\t\t\t\t<div class=\"elementor-container elementor-column-gap-default\">\n\t\t\t\t\t<div class=\"elementor-column elementor-col-100 elementor-top-column elementor-element elementor-element-ac1c296\" data-id=\"ac1c296\" data-element_type=\"column\" data-e-type=\"column\">\n\t\t\t<div class=\"elementor-widget-wrap elementor-element-populated\">\n\t\t\t\t\t\t<div class=\"elementor-element elementor-element-0236151 elementor-grid-1 elementor-posts--thumbnail-left elementor-grid-tablet-2 elementor-grid-mobile-1 elementor-widget elementor-widget-posts\" data-id=\"0236151\" data-element_type=\"widget\" data-e-type=\"widget\" data-settings=\"{&quot;classic_columns&quot;:&quot;1&quot;,&quot;pagination_type&quot;:&quot;numbers&quot;,&quot;classic_columns_tablet&quot;:&quot;2&quot;,&quot;classic_columns_mobile&quot;:&quot;1&quot;,&quot;classic_row_gap&quot;:{&quot;unit&quot;:&quot;px&quot;,&quot;size&quot;:35,&quot;sizes&quot;:[]},&quot;classic_row_gap_tablet&quot;:{&quot;unit&quot;:&quot;px&quot;,&quot;size&quot;:&quot;&quot;,&quot;sizes&quot;:[]},&quot;classic_row_gap_mobile&quot;:{&quot;unit&quot;:&quot;px&quot;,&quot;size&quot;:&quot;&quot;,&quot;sizes&quot;:[]}}\" data-widget_type=\"posts.classic\">\n\t\t\t\t<div class=\"elementor-widget-container\">\n\t\t\t\t\t\t\t<div class=\"elementor-posts-container elementor-posts elementor-posts--skin-classic elementor-grid\" role=\"list\">\n\t\t\t\t<article class=\"elementor-post elementor-grid-item post-5728 post type-post status-publish format-standard has-post-thumbnail hentry category-patent-historier\" role=\"listitem\">\n\t\t\t\t<a class=\"elementor-post__thumbnail__link\" href=\"https:\/\/patentest.com\/sv\/forsta-patentet-beviljat-i-england\/\" tabindex=\"-1\" >\n\t\t\t<div class=\"elementor-post__thumbnail\"><img decoding=\"async\" width=\"150\" height=\"150\" src=\"https:\/\/patentest.com\/wp-content\/uploads\/2020\/08\/First-gb-patent-img1-150x150.jpg\" class=\"attachment-thumbnail size-thumbnail wp-image-5569\" alt=\"\" \/><\/div>\n\t\t<\/a>\n\t\t\t\t<div class=\"elementor-post__text\">\n\t\t\t\t<h2 class=\"elementor-post__title\">\n\t\t\t<a href=\"https:\/\/patentest.com\/sv\/forsta-patentet-beviljat-i-england\/\" >\n\t\t\t\tF\u00f6rsta patentet beviljat i England\t\t\t<\/a>\n\t\t<\/h2>\n\t\t\t\t<div class=\"elementor-post__excerpt\">\n\t\t\t<p>Det allra f\u00f6rsta engelska patentet beviljades av Henry VI till den flaml\u00e4ndske John Utynam \u00e5r 1449. Patentet var f\u00f6r en ny typ av tillverkningsprocess f\u00f6r m\u00e5lade glasf\u00f6nster i Eton College. Patentet beviljades genom ett \u00f6ppet brev m\u00e4rkt med \u201cKing&#8217;s Great Seal\u201d och kallades ett Letter Patent (latin \u201dLiterae Patentes\u201d vilket<\/p>\n\t\t<\/div>\n\t\t\n\t\t<a class=\"elementor-post__read-more\" href=\"https:\/\/patentest.com\/sv\/forsta-patentet-beviljat-i-england\/\" aria-label=\"L\u00e4s mer om F\u00f6rsta patentet beviljat i England\" tabindex=\"-1\" >\n\t\t\tL\u00e4s mer \u00bb\t\t<\/a>\n\n\t\t\t\t<\/div>\n\t\t\t\t<\/article>\n\t\t\t\t<article class=\"elementor-post elementor-grid-item post-5736 post type-post status-publish format-standard has-post-thumbnail hentry category-patent-historier\" role=\"listitem\">\n\t\t\t\t<a class=\"elementor-post__thumbnail__link\" href=\"https:\/\/patentest.com\/sv\/2036-satt-att-oppna-en-vinflaska\/\" tabindex=\"-1\" >\n\t\t\t<div class=\"elementor-post__thumbnail\"><img decoding=\"async\" width=\"150\" height=\"150\" src=\"https:\/\/patentest.com\/wp-content\/uploads\/2020\/08\/US4276789-199x300-1-150x150.png\" class=\"attachment-thumbnail size-thumbnail wp-image-5552\" alt=\"\" \/><\/div>\n\t\t<\/a>\n\t\t\t\t<div class=\"elementor-post__text\">\n\t\t\t\t<h2 class=\"elementor-post__title\">\n\t\t\t<a href=\"https:\/\/patentest.com\/sv\/2036-satt-att-oppna-en-vinflaska\/\" >\n\t\t\t\t2036 s\u00e4tt att \u00f6ppna en vinflaska\t\t\t<\/a>\n\t\t<\/h2>\n\t\t\t\t<div class=\"elementor-post__excerpt\">\n\t\t\t<p>Med elektricitet, manuellt, pneumatiskt, med spak, utan spak, via justerbar l\u00e4ngd, integrerad i korken eller ansluten till v\u00e4ggen. Korkskruvar f\u00f6r vinflaskor forts\u00e4tter st\u00e4ndigt att utvecklas. \u00c4ven 130 \u00e5r efter att David W. Davis uppfann den traditionella korkskruven. \u00c5r 2020 funderar vi fortfarande vilka verktyg vi skall anv\u00e4nda f\u00f6r att servera<\/p>\n\t\t<\/div>\n\t\t\n\t\t<a class=\"elementor-post__read-more\" href=\"https:\/\/patentest.com\/sv\/2036-satt-att-oppna-en-vinflaska\/\" aria-label=\"L\u00e4s mer om 2036 s\u00e4tt att \u00f6ppna en vinflaska\" tabindex=\"-1\" >\n\t\t\tL\u00e4s mer \u00bb\t\t<\/a>\n\n\t\t\t\t<\/div>\n\t\t\t\t<\/article>\n\t\t\t\t<article class=\"elementor-post elementor-grid-item post-5732 post type-post status-publish format-standard has-post-thumbnail hentry category-patent-historier\" role=\"listitem\">\n\t\t\t\t<a class=\"elementor-post__thumbnail__link\" href=\"https:\/\/patentest.com\/sv\/handsfree-paraply\/\" tabindex=\"-1\" >\n\t\t\t<div class=\"elementor-post__thumbnail\"><img decoding=\"async\" width=\"150\" height=\"150\" src=\"https:\/\/patentest.com\/wp-content\/uploads\/2020\/03\/US5513786-drawings-page-2-150x150.png\" class=\"attachment-thumbnail size-thumbnail wp-image-3483\" alt=\"\" \/><\/div>\n\t\t<\/a>\n\t\t\t\t<div class=\"elementor-post__text\">\n\t\t\t\t<h2 class=\"elementor-post__title\">\n\t\t\t<a href=\"https:\/\/patentest.com\/sv\/handsfree-paraply\/\" >\n\t\t\t\tHandsfree paraply\t\t\t<\/a>\n\t\t<\/h2>\n\t\t\t\t<div class=\"elementor-post__excerpt\">\n\t\t\t<p>Vid tillf\u00e4llen d\u00e5 vi g\u00e5tt igenom v\u00e5r patentdatabas har vi hittat m\u00e5nga intressanta ber\u00e4ttelser om patent. Vissa av dem \u00e4r sansl\u00f6st roliga, konstiga och fantastiska. Medan vissa av dem l\u00f6ser kanske ett problem p\u00e5 flera olika s\u00e4tt.\u00a0 F\u00f6ljande patent beh\u00f6ver knappt inte f\u00f6rklaras. Vi vet alla hur det k\u00e4nns att<\/p>\n\t\t<\/div>\n\t\t\n\t\t<a class=\"elementor-post__read-more\" href=\"https:\/\/patentest.com\/sv\/handsfree-paraply\/\" aria-label=\"L\u00e4s mer om Handsfree paraply\" tabindex=\"-1\" >\n\t\t\tL\u00e4s mer \u00bb\t\t<\/a>\n\n\t\t\t\t<\/div>\n\t\t\t\t<\/article>\n\t\t\t\t<\/div>\n\t\t\n\t\t\t\t\t\t<\/div>\n\t\t\t\t<\/div>\n\t\t\t\t\t<\/div>\n\t\t<\/div>\n\t\t\t\t\t<\/div>\n\t\t<\/section>\n\t\t\t\t<\/div>\n\t\t","protected":false},"excerpt":{"rendered":"","protected":false},"author":1,"featured_media":0,"parent":0,"menu_order":0,"comment_status":"closed","ping_status":"closed","template":"","meta":{"footnotes":""},"class_list":["post-6203","page","type-page","status-publish","hentry"],"yoast_head":"<!-- This site is optimized with the Yoast SEO plugin v27.1.1 - https:\/\/yoast.com\/product\/yoast-seo-wordpress\/ -->\n<title>Patent historier - Patentest<\/title>\n<meta name=\"robots\" content=\"index, follow, max-snippet:-1, max-image-preview:large, max-video-preview:-1\" \/>\n<link rel=\"canonical\" href=\"https:\/\/patentest.com\/sv\/patent-historier\/\" \/>\n<meta property=\"og:locale\" content=\"sv_SE\" \/>\n<meta property=\"og:type\" content=\"article\" \/>\n<meta property=\"og:title\" content=\"Patent historier - Patentest\" \/>\n<meta property=\"og:url\" content=\"https:\/\/patentest.com\/sv\/patent-historier\/\" \/>\n<meta property=\"og:site_name\" content=\"Patentest\" \/>\n<meta property=\"article:publisher\" content=\"https:\/\/www.facebook.com\/newtone.patent.search\/\" \/>\n<meta property=\"article:modified_time\" content=\"2023-05-19T13:33:24+00:00\" \/>\n<meta property=\"og:image\" content=\"https:\/\/patentest.com\/wp-content\/uploads\/2016\/11\/HeaderLogo.png\" \/>\n\t<meta property=\"og:image:width\" content=\"187\" \/>\n\t<meta property=\"og:image:height\" content=\"49\" \/>\n\t<meta property=\"og:image:type\" content=\"image\/png\" \/>\n<meta name=\"twitter:card\" content=\"summary_large_image\" \/>\n<meta name=\"twitter:label1\" content=\"Ber\u00e4knad l\u00e4stid\" \/>\n\t<meta name=\"twitter:data1\" content=\"5 minuter\" \/>\n<script type=\"application\/ld+json\" class=\"yoast-schema-graph\">{\"@context\":\"https:\/\/schema.org\",\"@graph\":[{\"@type\":\"WebPage\",\"@id\":\"https:\/\/patentest.com\/sv\/patent-historier\/\",\"url\":\"https:\/\/patentest.com\/sv\/patent-historier\/\",\"name\":\"Patent historier - Patentest\",\"isPartOf\":{\"@id\":\"https:\/\/patentest.com\/sv\/#website\"},\"datePublished\":\"2020-09-28T18:32:10+00:00\",\"dateModified\":\"2023-05-19T13:33:24+00:00\",\"breadcrumb\":{\"@id\":\"https:\/\/patentest.com\/sv\/patent-historier\/#breadcrumb\"},\"inLanguage\":\"sv-SE\",\"potentialAction\":[{\"@type\":\"ReadAction\",\"target\":[\"https:\/\/patentest.com\/sv\/patent-historier\/\"]}]},{\"@type\":\"BreadcrumbList\",\"@id\":\"https:\/\/patentest.com\/sv\/patent-historier\/#breadcrumb\",\"itemListElement\":[{\"@type\":\"ListItem\",\"position\":1,\"name\":\"Home page\",\"item\":\"https:\/\/patentest.com\/sv\/\"},{\"@type\":\"ListItem\",\"position\":2,\"name\":\"Patent historier\"}]},{\"@type\":\"WebSite\",\"@id\":\"https:\/\/patentest.com\/sv\/#website\",\"url\":\"https:\/\/patentest.com\/sv\/\",\"name\":\"Patentest\",\"description\":\"Your first step towards a registered patent\",\"potentialAction\":[{\"@type\":\"SearchAction\",\"target\":{\"@type\":\"EntryPoint\",\"urlTemplate\":\"https:\/\/patentest.com\/sv\/?s={search_term_string}\"},\"query-input\":{\"@type\":\"PropertyValueSpecification\",\"valueRequired\":true,\"valueName\":\"search_term_string\"}}],\"inLanguage\":\"sv-SE\"}]}<\/script>\n<!-- \/ Yoast SEO plugin. -->","yoast_head_json":{"title":"Patent historier - Patentest","robots":{"index":"index","follow":"follow","max-snippet":"max-snippet:-1","max-image-preview":"max-image-preview:large","max-video-preview":"max-video-preview:-1"},"canonical":"https:\/\/patentest.com\/sv\/patent-historier\/","og_locale":"sv_SE","og_type":"article","og_title":"Patent historier - Patentest","og_url":"https:\/\/patentest.com\/sv\/patent-historier\/","og_site_name":"Patentest","article_publisher":"https:\/\/www.facebook.com\/newtone.patent.search\/","article_modified_time":"2023-05-19T13:33:24+00:00","og_image":[{"width":187,"height":49,"url":"https:\/\/patentest.com\/wp-content\/uploads\/2016\/11\/HeaderLogo.png","type":"image\/png"}],"twitter_card":"summary_large_image","twitter_misc":{"Ber\u00e4knad l\u00e4stid":"5 minuter"},"schema":{"@context":"https:\/\/schema.org","@graph":[{"@type":"WebPage","@id":"https:\/\/patentest.com\/sv\/patent-historier\/","url":"https:\/\/patentest.com\/sv\/patent-historier\/","name":"Patent historier - Patentest","isPartOf":{"@id":"https:\/\/patentest.com\/sv\/#website"},"datePublished":"2020-09-28T18:32:10+00:00","dateModified":"2023-05-19T13:33:24+00:00","breadcrumb":{"@id":"https:\/\/patentest.com\/sv\/patent-historier\/#breadcrumb"},"inLanguage":"sv-SE","potentialAction":[{"@type":"ReadAction","target":["https:\/\/patentest.com\/sv\/patent-historier\/"]}]},{"@type":"BreadcrumbList","@id":"https:\/\/patentest.com\/sv\/patent-historier\/#breadcrumb","itemListElement":[{"@type":"ListItem","position":1,"name":"Home page","item":"https:\/\/patentest.com\/sv\/"},{"@type":"ListItem","position":2,"name":"Patent historier"}]},{"@type":"WebSite","@id":"https:\/\/patentest.com\/sv\/#website","url":"https:\/\/patentest.com\/sv\/","name":"Patentest","description":"Your first step towards a registered patent","potentialAction":[{"@type":"SearchAction","target":{"@type":"EntryPoint","urlTemplate":"https:\/\/patentest.com\/sv\/?s={search_term_string}"},"query-input":{"@type":"PropertyValueSpecification","valueRequired":true,"valueName":"search_term_string"}}],"inLanguage":"sv-SE"}]}},"_links":{"self":[{"href":"https:\/\/patentest.com\/sv\/wp-json\/wp\/v2\/pages\/6203","targetHints":{"allow":["GET"]}}],"collection":[{"href":"https:\/\/patentest.com\/sv\/wp-json\/wp\/v2\/pages"}],"about":[{"href":"https:\/\/patentest.com\/sv\/wp-json\/wp\/v2\/types\/page"}],"author":[{"embeddable":true,"href":"https:\/\/patentest.com\/sv\/wp-json\/wp\/v2\/users\/1"}],"replies":[{"embeddable":true,"href":"https:\/\/patentest.com\/sv\/wp-json\/wp\/v2\/comments?post=6203"}],"version-history":[{"count":5,"href":"https:\/\/patentest.com\/sv\/wp-json\/wp\/v2\/pages\/6203\/revisions"}],"predecessor-version":[{"id":9321,"href":"https:\/\/patentest.com\/sv\/wp-json\/wp\/v2\/pages\/6203\/revisions\/9321"}],"wp:attachment":[{"href":"https:\/\/patentest.com\/sv\/wp-json\/wp\/v2\/media?parent=6203"}],"curies":[{"name":"wp","href":"https:\/\/api.w.org\/{rel}","templated":true}]}}