{"id":5661,"date":"2020-01-27T14:34:18","date_gmt":"2020-01-27T12:34:18","guid":{"rendered":"https:\/\/patentest.com\/patent-license-strategy-agreement\/"},"modified":"2021-07-08T12:00:09","modified_gmt":"2021-07-08T09:00:09","slug":"patent-licensiering-strategi-avtal","status":"publish","type":"page","link":"https:\/\/patentest.com\/sv\/patent-licensiering-strategi-avtal\/","title":{"rendered":"Strategi och avtal f\u00f6r patent licensiering"},"content":{"rendered":"\t\t<div data-elementor-type=\"wp-post\" data-elementor-id=\"5661\" class=\"elementor elementor-5661 elementor-3243\" data-elementor-post-type=\"page\">\n\t\t\t\t\t\t<section class=\"elementor-section elementor-top-section elementor-element elementor-element-739d4e8 elementor-section-boxed elementor-section-height-default elementor-section-height-default\" data-id=\"739d4e8\" data-element_type=\"section\" data-e-type=\"section\">\n\t\t\t\t\t\t<div class=\"elementor-container elementor-column-gap-default\">\n\t\t\t\t\t<div class=\"elementor-column elementor-col-100 elementor-top-column elementor-element elementor-element-bde5481\" data-id=\"bde5481\" data-element_type=\"column\" data-e-type=\"column\">\n\t\t\t<div class=\"elementor-widget-wrap elementor-element-populated\">\n\t\t\t\t\t\t<div class=\"elementor-element elementor-element-1c0411a elementor-widget elementor-widget-text-editor\" data-id=\"1c0411a\" data-element_type=\"widget\" data-e-type=\"widget\" data-widget_type=\"text-editor.default\">\n\t\t\t\t<div class=\"elementor-widget-container\">\n\t\t\t\t\t\t\t\t\t<h2><span style=\"font-weight: 400;\">Kommersiell strategi och licensavtal<\/span><\/h2><p><b>N\u00e4r ska jag b\u00f6rja?<\/b><\/p><p><span style=\"font-weight: 400;\">Om din id\u00e9 eller innovation \u00e4r redo f\u00f6r kommersialisering, d\u00e5 \u00e4r det dags att diskutera b\u00e4sta m\u00f6jliga aff\u00e4rsmodell f\u00f6r din innovation och\/eller din produkt. \u00d6verv\u00e4g att ta en diskussion med oss:<\/span><\/p><ol><li style=\"font-weight: 400;\" aria-level=\"1\"><span style=\"font-weight: 400;\">N\u00e4r du startar ditt f\u00f6retag<\/span><\/li><li style=\"font-weight: 400;\" aria-level=\"1\"><span style=\"font-weight: 400;\">N\u00e4r du utvecklar din aff\u00e4rsmodell<\/span><\/li><li style=\"font-weight: 400;\" aria-level=\"1\"><span style=\"font-weight: 400;\">N\u00e4r du \u00f6verv\u00e4ger ett beslut kring patentering eller andra immaterialr\u00e4tter<\/span><\/li><li style=\"font-weight: 400;\" aria-level=\"1\"><span style=\"font-weight: 400;\">N\u00e4r du \u00f6verv\u00e4ger ett m\u00f6te med en potentiell kund eller partner<\/span><\/li><li style=\"font-weight: 400;\" aria-level=\"1\"><span style=\"font-weight: 400;\">N\u00e4r det \u00e4r dags att utv\u00e4rdera din id\u00e9 och formulera r\u00e4tt strategi eller licensavtal<\/span><\/li><\/ol><p><b><br \/><\/b><b>Vad g\u00f6r vi?<\/b><\/p><p><span style=\"font-weight: 400;\">Om ditt f\u00f6retags eller din kommersialiserings framg\u00e5ng h\u00e4nger p\u00e5 din innovation, ditt patent eller annan immaterialr\u00e4tt, \u00e4r det viktigt att s\u00e4kerst\u00e4lla att du \u00e4r f\u00f6rberedd och redo att n\u00e5 dina m\u00e5l. M\u00e5nga fr\u00e5gor kommer att beh\u00f6va lyftas och diskuteras innan du \u00e4r redo att inleda en diskussion med potentiella kunder.\u00a0<\/span><\/p><p><span style=\"font-weight: 400;\">Borde jag skydda min id\u00e9? \u00c4r min innovation redo att tas upp i diskussioner med potentiella kunder? Hur ska\u00a0jag n\u00e4rma mig mina potentiella kunder och vilka ska jag n\u00e4rma mig? Vad \u00e4r mitt erbjudande och vad ska jag fr\u00e5ga efter?<\/span><\/p><p><span style=\"font-weight: 400;\">Detta \u00e4r sv\u00e5ra fr\u00e5gor som vi kommer beh\u00f6va diskutera med dig f\u00f6r att vi ska kunna skapa b\u00e4sta m\u00f6jliga strategi och plan f\u00f6r dig.\u00a0<\/span><\/p><p><b>Vad levererar vi?<\/b><b><br \/><\/b><span style=\"font-weight: 400;\">Vad vi levererar beror p\u00e5 din nuvarande situation och behov. Vi kan hj\u00e4lpa dig med:<\/span><\/p><ul><li style=\"font-weight: 400;\" aria-level=\"1\"><span style=\"font-weight: 400;\">Utveckling av din aff\u00e4rsmodell och aff\u00e4rsplan<\/span><\/li><li style=\"font-weight: 400;\" aria-level=\"1\"><span style=\"font-weight: 400;\">Utv\u00e4rdering av din id\u00e9<\/span><\/li><li style=\"font-weight: 400;\" aria-level=\"1\"><span style=\"font-weight: 400;\">Innan import och export av din produkt<\/span><\/li><li style=\"font-weight: 400;\" aria-level=\"1\"><span style=\"font-weight: 400;\">Licensf\u00f6rhandling och avtal<\/span><\/li><\/ul><p><span style=\"font-weight: 400;\">Vi finns h\u00e4r f\u00f6r dig, och s\u00e4kerst\u00e4ller att du maximerar avkastningen p\u00e5 din innovation.<\/span><\/p><p><a href=\"https:\/\/patentest.com\/sv\/kontakta-oss\"><span style=\"font-weight: 400;\">Kontakta oss<\/span><\/a><span style=\"font-weight: 400;\">\u00a0f\u00f6r mer information kring hur vi kan hj\u00e4lpa dig samt f\u00f6r prisf\u00f6rslag.<\/span><\/p>\t\t\t\t\t\t\t\t<\/div>\n\t\t\t\t<\/div>\n\t\t\t\t\t<\/div>\n\t\t<\/div>\n\t\t\t\t\t<\/div>\n\t\t<\/section>\n\t\t\t\t<\/div>\n\t\t","protected":false},"excerpt":{"rendered":"<p>Kommersiell strategi och licensavtal N\u00e4r ska jag b\u00f6rja? Om din id\u00e9 eller innovation \u00e4r redo f\u00f6r kommersialisering, d\u00e5 \u00e4r det dags att diskutera b\u00e4sta m\u00f6jliga aff\u00e4rsmodell f\u00f6r din innovation och\/eller din produkt. \u00d6verv\u00e4g att ta en diskussion med oss: N\u00e4r du startar ditt f\u00f6retag N\u00e4r du utvecklar din aff\u00e4rsmodell N\u00e4r du \u00f6verv\u00e4ger ett beslut kring [&hellip;]<\/p>\n","protected":false},"author":3,"featured_media":0,"parent":0,"menu_order":0,"comment_status":"closed","ping_status":"closed","template":"","meta":{"footnotes":""},"class_list":["post-5661","page","type-page","status-publish","hentry"],"yoast_head":"<!-- This site is optimized with the Yoast SEO plugin v27.1.1 - https:\/\/yoast.com\/product\/yoast-seo-wordpress\/ -->\n<title>Strategi och avtal f\u00f6r patent licensiering - Patentest<\/title>\n<meta name=\"robots\" content=\"index, follow, max-snippet:-1, max-image-preview:large, max-video-preview:-1\" \/>\n<link rel=\"canonical\" href=\"https:\/\/patentest.com\/sv\/patent-licensiering-strategi-avtal\/\" \/>\n<meta property=\"og:locale\" content=\"sv_SE\" \/>\n<meta property=\"og:type\" content=\"article\" \/>\n<meta property=\"og:title\" content=\"Strategi och avtal f\u00f6r patent licensiering - Patentest\" \/>\n<meta property=\"og:description\" content=\"Kommersiell strategi och licensavtal N\u00e4r ska jag b\u00f6rja? Om din id\u00e9 eller innovation \u00e4r redo f\u00f6r kommersialisering, d\u00e5 \u00e4r det dags att diskutera b\u00e4sta m\u00f6jliga aff\u00e4rsmodell f\u00f6r din innovation och\/eller din produkt. \u00d6verv\u00e4g att ta en diskussion med oss: N\u00e4r du startar ditt f\u00f6retag N\u00e4r du utvecklar din aff\u00e4rsmodell N\u00e4r du \u00f6verv\u00e4ger ett beslut kring [&hellip;]\" \/>\n<meta property=\"og:url\" content=\"https:\/\/patentest.com\/sv\/patent-licensiering-strategi-avtal\/\" \/>\n<meta property=\"og:site_name\" content=\"Patentest\" \/>\n<meta property=\"article:publisher\" content=\"https:\/\/www.facebook.com\/newtone.patent.search\/\" \/>\n<meta property=\"article:modified_time\" content=\"2021-07-08T09:00:09+00:00\" \/>\n<meta property=\"og:image\" content=\"https:\/\/patentest.com\/wp-content\/uploads\/2016\/11\/HeaderLogo.png\" \/>\n\t<meta property=\"og:image:width\" content=\"187\" \/>\n\t<meta property=\"og:image:height\" content=\"49\" \/>\n\t<meta property=\"og:image:type\" content=\"image\/png\" \/>\n<meta name=\"twitter:card\" content=\"summary_large_image\" \/>\n<meta name=\"twitter:label1\" content=\"Ber\u00e4knad l\u00e4stid\" \/>\n\t<meta name=\"twitter:data1\" content=\"2 minuter\" \/>\n<script type=\"application\/ld+json\" class=\"yoast-schema-graph\">{\"@context\":\"https:\/\/schema.org\",\"@graph\":[{\"@type\":\"WebPage\",\"@id\":\"https:\/\/patentest.com\/sv\/patent-licensiering-strategi-avtal\/\",\"url\":\"https:\/\/patentest.com\/sv\/patent-licensiering-strategi-avtal\/\",\"name\":\"Strategi och avtal f\u00f6r patent licensiering - Patentest\",\"isPartOf\":{\"@id\":\"https:\/\/patentest.com\/sv\/#website\"},\"datePublished\":\"2020-01-27T12:34:18+00:00\",\"dateModified\":\"2021-07-08T09:00:09+00:00\",\"breadcrumb\":{\"@id\":\"https:\/\/patentest.com\/sv\/patent-licensiering-strategi-avtal\/#breadcrumb\"},\"inLanguage\":\"sv-SE\",\"potentialAction\":[{\"@type\":\"ReadAction\",\"target\":[\"https:\/\/patentest.com\/sv\/patent-licensiering-strategi-avtal\/\"]}]},{\"@type\":\"BreadcrumbList\",\"@id\":\"https:\/\/patentest.com\/sv\/patent-licensiering-strategi-avtal\/#breadcrumb\",\"itemListElement\":[{\"@type\":\"ListItem\",\"position\":1,\"name\":\"Home page\",\"item\":\"https:\/\/patentest.com\/sv\/\"},{\"@type\":\"ListItem\",\"position\":2,\"name\":\"Strategi och avtal f\u00f6r patent licensiering\"}]},{\"@type\":\"WebSite\",\"@id\":\"https:\/\/patentest.com\/sv\/#website\",\"url\":\"https:\/\/patentest.com\/sv\/\",\"name\":\"Patentest\",\"description\":\"Your first step towards a registered patent\",\"potentialAction\":[{\"@type\":\"SearchAction\",\"target\":{\"@type\":\"EntryPoint\",\"urlTemplate\":\"https:\/\/patentest.com\/sv\/?s={search_term_string}\"},\"query-input\":{\"@type\":\"PropertyValueSpecification\",\"valueRequired\":true,\"valueName\":\"search_term_string\"}}],\"inLanguage\":\"sv-SE\"}]}<\/script>\n<!-- \/ Yoast SEO plugin. -->","yoast_head_json":{"title":"Strategi och avtal f\u00f6r patent licensiering - Patentest","robots":{"index":"index","follow":"follow","max-snippet":"max-snippet:-1","max-image-preview":"max-image-preview:large","max-video-preview":"max-video-preview:-1"},"canonical":"https:\/\/patentest.com\/sv\/patent-licensiering-strategi-avtal\/","og_locale":"sv_SE","og_type":"article","og_title":"Strategi och avtal f\u00f6r patent licensiering - Patentest","og_description":"Kommersiell strategi och licensavtal N\u00e4r ska jag b\u00f6rja? Om din id\u00e9 eller innovation \u00e4r redo f\u00f6r kommersialisering, d\u00e5 \u00e4r det dags att diskutera b\u00e4sta m\u00f6jliga aff\u00e4rsmodell f\u00f6r din innovation och\/eller din produkt. \u00d6verv\u00e4g att ta en diskussion med oss: N\u00e4r du startar ditt f\u00f6retag N\u00e4r du utvecklar din aff\u00e4rsmodell N\u00e4r du \u00f6verv\u00e4ger ett beslut kring [&hellip;]","og_url":"https:\/\/patentest.com\/sv\/patent-licensiering-strategi-avtal\/","og_site_name":"Patentest","article_publisher":"https:\/\/www.facebook.com\/newtone.patent.search\/","article_modified_time":"2021-07-08T09:00:09+00:00","og_image":[{"width":187,"height":49,"url":"https:\/\/patentest.com\/wp-content\/uploads\/2016\/11\/HeaderLogo.png","type":"image\/png"}],"twitter_card":"summary_large_image","twitter_misc":{"Ber\u00e4knad l\u00e4stid":"2 minuter"},"schema":{"@context":"https:\/\/schema.org","@graph":[{"@type":"WebPage","@id":"https:\/\/patentest.com\/sv\/patent-licensiering-strategi-avtal\/","url":"https:\/\/patentest.com\/sv\/patent-licensiering-strategi-avtal\/","name":"Strategi och avtal f\u00f6r patent licensiering - Patentest","isPartOf":{"@id":"https:\/\/patentest.com\/sv\/#website"},"datePublished":"2020-01-27T12:34:18+00:00","dateModified":"2021-07-08T09:00:09+00:00","breadcrumb":{"@id":"https:\/\/patentest.com\/sv\/patent-licensiering-strategi-avtal\/#breadcrumb"},"inLanguage":"sv-SE","potentialAction":[{"@type":"ReadAction","target":["https:\/\/patentest.com\/sv\/patent-licensiering-strategi-avtal\/"]}]},{"@type":"BreadcrumbList","@id":"https:\/\/patentest.com\/sv\/patent-licensiering-strategi-avtal\/#breadcrumb","itemListElement":[{"@type":"ListItem","position":1,"name":"Home page","item":"https:\/\/patentest.com\/sv\/"},{"@type":"ListItem","position":2,"name":"Strategi och avtal f\u00f6r patent licensiering"}]},{"@type":"WebSite","@id":"https:\/\/patentest.com\/sv\/#website","url":"https:\/\/patentest.com\/sv\/","name":"Patentest","description":"Your first step towards a registered patent","potentialAction":[{"@type":"SearchAction","target":{"@type":"EntryPoint","urlTemplate":"https:\/\/patentest.com\/sv\/?s={search_term_string}"},"query-input":{"@type":"PropertyValueSpecification","valueRequired":true,"valueName":"search_term_string"}}],"inLanguage":"sv-SE"}]}},"_links":{"self":[{"href":"https:\/\/patentest.com\/sv\/wp-json\/wp\/v2\/pages\/5661","targetHints":{"allow":["GET"]}}],"collection":[{"href":"https:\/\/patentest.com\/sv\/wp-json\/wp\/v2\/pages"}],"about":[{"href":"https:\/\/patentest.com\/sv\/wp-json\/wp\/v2\/types\/page"}],"author":[{"embeddable":true,"href":"https:\/\/patentest.com\/sv\/wp-json\/wp\/v2\/users\/3"}],"replies":[{"embeddable":true,"href":"https:\/\/patentest.com\/sv\/wp-json\/wp\/v2\/comments?post=5661"}],"version-history":[{"count":10,"href":"https:\/\/patentest.com\/sv\/wp-json\/wp\/v2\/pages\/5661\/revisions"}],"predecessor-version":[{"id":7201,"href":"https:\/\/patentest.com\/sv\/wp-json\/wp\/v2\/pages\/5661\/revisions\/7201"}],"wp:attachment":[{"href":"https:\/\/patentest.com\/sv\/wp-json\/wp\/v2\/media?parent=5661"}],"curies":[{"name":"wp","href":"https:\/\/api.w.org\/{rel}","templated":true}]}}