{"id":5658,"date":"2020-01-17T17:08:22","date_gmt":"2020-01-17T15:08:22","guid":{"rendered":"https:\/\/patentest.com\/state-of-the-art-search-technology-survey\/"},"modified":"2021-11-16T13:04:52","modified_gmt":"2021-11-16T11:04:52","slug":"state-of-the-art-sokning","status":"publish","type":"page","link":"https:\/\/patentest.com\/sv\/state-of-the-art-sokning\/","title":{"rendered":"State Of The Art s\u00f6kning &#8211; Tekniks\u00f6kning"},"content":{"rendered":"\t\t<div data-elementor-type=\"wp-post\" data-elementor-id=\"5658\" class=\"elementor elementor-5658 elementor-32 elementor-bc-flex-widget\" data-elementor-post-type=\"page\">\n\t\t\t\t\t\t<section class=\"elementor-section elementor-top-section elementor-element elementor-element-56wlzdq elementor-section-boxed elementor-section-height-default elementor-section-height-default\" data-id=\"56wlzdq\" data-element_type=\"section\" data-e-type=\"section\">\n\t\t\t\t\t\t<div class=\"elementor-container elementor-column-gap-default\">\n\t\t\t\t\t<div class=\"elementor-column elementor-col-100 elementor-top-column elementor-element elementor-element-sk93cbk\" data-id=\"sk93cbk\" data-element_type=\"column\" data-e-type=\"column\">\n\t\t\t<div class=\"elementor-widget-wrap elementor-element-populated\">\n\t\t\t\t\t\t<div class=\"elementor-element elementor-element-2djgkyy elementor-widget elementor-widget-text-editor\" data-id=\"2djgkyy\" data-element_type=\"widget\" data-e-type=\"widget\" data-widget_type=\"text-editor.default\">\n\t\t\t\t<div class=\"elementor-widget-container\">\n\t\t\t\t\t\t\t\t\t<h2><span style=\"font-weight: 400;\">State Of The Art s\u00f6kning<\/span><\/h2><p><span style=\"font-weight: 400;\">En State Of The Art s\u00f6kning \u00e4r en djupg\u00e5ende rapport \u00f6ver ett teknologiskt omr\u00e5de.\u00a0Den kan f\u00f6rklaras som en marknadsanalys eller omv\u00e4rldsanalys d\u00e5 s\u00f6kningen riktar in sig p\u00e5 patentavdelningar, FoU (forskning &amp; utveckling) avdelningar,\u00a0<\/span><a href=\"https:\/\/patentest.com\/sv\/foretag-och-startups\/\"><span style=\"font-weight: 400;\">startups<\/span><\/a><span style=\"font-weight: 400;\">\u00a0och\u00a0<\/span><a href=\"https:\/\/patentest.com\/sv\/patentsokning-for-innovatorer\/\"><span style=\"font-weight: 400;\">uppfinnare<\/span><\/a><span style=\"font-weight: 400;\">.<\/span><\/p><p><span style=\"font-weight: 400;\">En s\u00e5dan s\u00f6kning g\u00f6r det m\u00f6jligt f\u00f6r dessa grupper att f\u00e5 en inblick i alternativa l\u00f6sningar, konkurrenter och potentiella intr\u00e5ngsrisker. Den kommer ocks\u00e5 kunna identifiera s\u00e4rdrag som kan anses vara nya.<\/span><\/p><p><span style=\"font-weight: 400;\">S\u00f6komr\u00e5det i en State Of The Art s\u00f6kning \u00e4r oftast bredare \u00e4n en patenterbarhetss\u00f6kning eller i en <a href=\"https:\/\/patentest.com\/sv\/freedom-to-operate-fto\/\">FTO (Freedom To Operate) s\u00f6kning<\/a>. Rapporten kommer att inkludera ett brett spektrum av l\u00f6sningar. Alltifr\u00e5n l\u00f6sningar hittade i patentdokument till l\u00f6sningar publicerade i icke patentrelaterade publikationer som b\u00e5de kan g\u00e4lla\u00a0<\/span><a href=\"https:\/\/www.prv.se\/sv\/kunskap-och-stod\/databaser\/\"><span style=\"font-weight: 400;\">svenska patent<\/span><\/a><span style=\"font-weight: 400;\">\u00a0eller internationella patent dokument.\u00a0<\/span><\/p><p><span style=\"font-weight: 400;\">Eftersom denna typ av s\u00f6kning \u00e4r skr\u00e4ddarsydd \u00e4r du v\u00e4lkommen att\u00a0<\/span><a href=\"https:\/\/patentest.com\/sv\/kontakta-oss\/\"><span style=\"font-weight: 400;\">kontakta oss<\/span><\/a><span style=\"font-weight: 400;\">\u00a0f\u00f6r att diskutera hur du vill formulera s\u00f6kningen p\u00e5 b\u00e4sta m\u00f6jliga s\u00e4tt. D\u00e5 kan vi se till att t\u00e4cka in s\u00e5 m\u00e5nga teknologier som m\u00f6jligt f\u00f6r ditt f\u00f6retag.<\/span><\/p>\t\t\t\t\t\t\t\t<\/div>\n\t\t\t\t<\/div>\n\t\t\t\t\t<\/div>\n\t\t<\/div>\n\t\t\t\t\t<\/div>\n\t\t<\/section>\n\t\t\t\t<section class=\"elementor-section elementor-top-section elementor-element elementor-element-39b479f elementor-section-boxed elementor-section-height-default elementor-section-height-default\" data-id=\"39b479f\" data-element_type=\"section\" data-e-type=\"section\">\n\t\t\t\t\t\t<div class=\"elementor-container elementor-column-gap-default\">\n\t\t\t\t\t<div class=\"elementor-column elementor-col-100 elementor-top-column elementor-element elementor-element-bc4fa05\" data-id=\"bc4fa05\" data-element_type=\"column\" data-e-type=\"column\">\n\t\t\t<div class=\"elementor-widget-wrap elementor-element-populated\">\n\t\t\t\t\t\t<div class=\"elementor-element elementor-element-7baa343 elementor-widget elementor-widget-image\" data-id=\"7baa343\" data-element_type=\"widget\" data-e-type=\"widget\" data-widget_type=\"image.default\">\n\t\t\t\t<div class=\"elementor-widget-container\">\n\t\t\t\t\t\t\t\t\t\t\t\t\t\t\t<img fetchpriority=\"high\" decoding=\"async\" width=\"800\" height=\"534\" src=\"https:\/\/patentest.com\/wp-content\/uploads\/2021\/07\/j-kelly-brito-PeUJyoylfe4-unsplash-1024x683.jpg\" class=\"attachment-large size-large wp-image-7188\" alt=\"state of the art\" srcset=\"https:\/\/patentest.com\/wp-content\/uploads\/2021\/07\/j-kelly-brito-PeUJyoylfe4-unsplash-1024x683.jpg 1024w, https:\/\/patentest.com\/wp-content\/uploads\/2021\/07\/j-kelly-brito-PeUJyoylfe4-unsplash-300x200.jpg 300w, https:\/\/patentest.com\/wp-content\/uploads\/2021\/07\/j-kelly-brito-PeUJyoylfe4-unsplash-768x512.jpg 768w, https:\/\/patentest.com\/wp-content\/uploads\/2021\/07\/j-kelly-brito-PeUJyoylfe4-unsplash-1536x1024.jpg 1536w, https:\/\/patentest.com\/wp-content\/uploads\/2021\/07\/j-kelly-brito-PeUJyoylfe4-unsplash-2048x1365.jpg 2048w\" sizes=\"(max-width: 800px) 100vw, 800px\" \/>\t\t\t\t\t\t\t\t\t\t\t\t\t\t\t<\/div>\n\t\t\t\t<\/div>\n\t\t\t\t\t<\/div>\n\t\t<\/div>\n\t\t\t\t\t<\/div>\n\t\t<\/section>\n\t\t\t\t<section class=\"elementor-section elementor-top-section elementor-element elementor-element-81070e7 elementor-section-boxed elementor-section-height-default elementor-section-height-default\" data-id=\"81070e7\" data-element_type=\"section\" data-e-type=\"section\">\n\t\t\t\t\t\t<div class=\"elementor-container elementor-column-gap-default\">\n\t\t\t\t\t<div class=\"elementor-column elementor-col-100 elementor-top-column elementor-element elementor-element-23c0ddc\" data-id=\"23c0ddc\" data-element_type=\"column\" data-e-type=\"column\">\n\t\t\t<div class=\"elementor-widget-wrap elementor-element-populated\">\n\t\t\t\t\t\t<div class=\"elementor-element elementor-element-de1fc6a elementor-widget elementor-widget-heading\" data-id=\"de1fc6a\" data-element_type=\"widget\" data-e-type=\"widget\" data-widget_type=\"heading.default\">\n\t\t\t\t<div class=\"elementor-widget-container\">\n\t\t\t\t\t<h2 class=\"elementor-heading-title elementor-size-default\">Varf\u00f6r och n\u00e4r b\u00f6r jag g\u00f6ra en State Of The Art s\u00f6kning?<\/h2>\t\t\t\t<\/div>\n\t\t\t\t<\/div>\n\t\t\t\t\t<\/div>\n\t\t<\/div>\n\t\t\t\t\t<\/div>\n\t\t<\/section>\n\t\t\t\t<section class=\"elementor-section elementor-top-section elementor-element elementor-element-942cdcb elementor-section-boxed elementor-section-height-default elementor-section-height-default\" data-id=\"942cdcb\" data-element_type=\"section\" data-e-type=\"section\">\n\t\t\t\t\t\t<div class=\"elementor-container elementor-column-gap-default\">\n\t\t\t\t\t<div class=\"elementor-column elementor-col-100 elementor-top-column elementor-element elementor-element-467f6f6\" data-id=\"467f6f6\" data-element_type=\"column\" data-e-type=\"column\">\n\t\t\t<div class=\"elementor-widget-wrap elementor-element-populated\">\n\t\t\t\t\t\t<div class=\"elementor-element elementor-element-55a374c elementor-widget elementor-widget-text-editor\" data-id=\"55a374c\" data-element_type=\"widget\" data-e-type=\"widget\" data-widget_type=\"text-editor.default\">\n\t\t\t\t<div class=\"elementor-widget-container\">\n\t\t\t\t\t\t\t\t\t<p><span style=\"font-weight: 400;\">Det l\u00e5ter kanske klyschigt, men alla vet att kunskap \u00e4r makt och tid \u00e4r pengar. Att genomf\u00f6ra en marknads- och <a href=\"https:\/\/patentest.com\/sv\/ip-due-diligence\/\">IP analys<\/a> i och med uppstart av ett utvecklingsprojekt \u00e4r viktigt f\u00f6r att kunna fatta kloka aff\u00e4rsbeslut. En State Of The Art s\u00f6kning \u00e4r en mycket bra b\u00f6rjan p\u00e5 den analysen.\u00a0<\/span><\/p><p><span style=\"font-weight: 400;\">Det \u00e4r ocks\u00e5 l\u00e4mpligt att genomf\u00f6ra en s\u00e5dan s\u00f6kning under en genomf\u00f6rbarhetsstudie eller en n\u00e4r de \u00e4r dags f\u00f6r ett bolag att v\u00e4rderas.\u00a0En State Of The Art s\u00f6kning sparar alltid b\u00e5de tid och pengar \u00e5t ditt f\u00f6retag i den bem\u00e4rkelsen att det alltid \u00e4r viktigt att g\u00f6ra en marknadsanalys och omv\u00e4rldsanalys i utvecklingsprocessen.<\/span><\/p><ul><li style=\"list-style-type: none;\"><ul><li style=\"font-weight: 400;\" aria-level=\"2\"><span style=\"font-weight: 400;\">Vad kan vi utveckla?<\/span><\/li><li style=\"font-weight: 400;\" aria-level=\"2\"><span style=\"font-weight: 400;\">Har vi en bra l\u00f6sning?<\/span><\/li><li style=\"font-weight: 400;\" aria-level=\"2\"><span style=\"font-weight: 400;\">\u00c4r den nyskapande, eller vad kan egentligen r\u00e4knas som nyskapande?\u00a0<\/span><\/li><li style=\"font-weight: 400;\" aria-level=\"2\"><span style=\"font-weight: 400;\">Finns n\u00e5gra risker f\u00f6r eventuella patentintr\u00e5ng?<\/span><\/li><\/ul><\/li><\/ul><p><span style=\"font-weight: 400;\">\u00a0<\/span><\/p><p><span style=\"font-weight: 400;\">Detta \u00e4r bara n\u00e5gra exempel p\u00e5 fr\u00e5gor vi kan hj\u00e4lpa dig att besvara n\u00e4r det kommer till genomf\u00f6randet av en State Of The Art s\u00f6kning.<\/span><\/p><p><span style=\"font-weight: 400;\"><a href=\"https:\/\/patentest.com\/sv\/\">Patentest<\/a> \u00e4r ett professionellt patents\u00f6knings- och analysf\u00f6retag som arbetar b\u00e5de djupg\u00e5ende och dedikerat.\u00a0<\/span><\/p><p><span style=\"font-weight: 400;\">Som en av ytterst f\u00e5 akt\u00f6rer kan bist\u00e5 dig med expertis, kreativitet och avancerad kunskap som s\u00e4nker dina kostnader och ger tidsvinster i utvecklingsfaser av ditt f\u00f6retag. Vi kan konsten att s\u00f6ka b\u00e5de effektivt och tr\u00e4ffs\u00e4kert.\u00a0<\/span><\/p><p><span style=\"font-weight: 400;\">Kontakta oss<\/span><span style=\"font-weight: 400;\">\u00a0eller\u00a0<\/span><a href=\"https:\/\/patentest.com\/sv\/bestall-fran-oss-soka-patent\/\"><span style=\"font-weight: 400;\">ladda upp din information<\/span><\/a><span style=\"font-weight: 400;\">\u00a0f\u00f6r att f\u00e5 ett prisf\u00f6rslag.\u00a0<\/span><\/p><p>L\u00e4s g\u00e4rna mer om v\u00e5ra andra tj\u00e4nster s\u00e5som\u00a0<a href=\"https:\/\/patentest.com\/sv\/patentbevakning\/\" target=\"_blank\" rel=\"noopener\">patentbevakning<\/a>\u00a0samt\u00a0<a href=\"https:\/\/patentest.com\/sv\/patent-licens-strategi-avtal\/\" target=\"_blank\" rel=\"noopener\">strategi och avtal f\u00f6r patent licensiering<\/a>. \u00a0<\/p>\t\t\t\t\t\t\t\t<\/div>\n\t\t\t\t<\/div>\n\t\t\t\t\t<\/div>\n\t\t<\/div>\n\t\t\t\t\t<\/div>\n\t\t<\/section>\n\t\t\t\t<\/div>\n\t\t","protected":false},"excerpt":{"rendered":"<p>State Of The Art s\u00f6kning En State Of The Art s\u00f6kning \u00e4r en djupg\u00e5ende rapport \u00f6ver ett teknologiskt omr\u00e5de.\u00a0Den kan f\u00f6rklaras som en marknadsanalys eller omv\u00e4rldsanalys d\u00e5 s\u00f6kningen riktar in sig p\u00e5 patentavdelningar, FoU (forskning &amp; utveckling) avdelningar,\u00a0startups\u00a0och\u00a0uppfinnare. En s\u00e5dan s\u00f6kning g\u00f6r det m\u00f6jligt f\u00f6r dessa grupper att f\u00e5 en inblick i alternativa l\u00f6sningar, konkurrenter [&hellip;]<\/p>\n","protected":false},"author":1,"featured_media":6522,"parent":0,"menu_order":0,"comment_status":"closed","ping_status":"closed","template":"","meta":{"footnotes":""},"class_list":["post-5658","page","type-page","status-publish","has-post-thumbnail","hentry"],"yoast_head":"<!-- This site is optimized with the Yoast SEO plugin v27.1.1 - https:\/\/yoast.com\/product\/yoast-seo-wordpress\/ -->\n<title>State Of The Art s\u00f6kning | Patentest<\/title>\n<meta name=\"description\" content=\"F\u00e5 en djupg\u00e5ende rapport \u00f6ver ett teknikomr\u00e5de med en State Of The Art s\u00f6kning. Vi p\u00e5 Patentest f\u00f6rklarar varf\u00f6r det \u00e4r n\u00f6dv\u00e4ndigt!\" \/>\n<meta name=\"robots\" content=\"index, follow, max-snippet:-1, max-image-preview:large, max-video-preview:-1\" \/>\n<link rel=\"canonical\" href=\"https:\/\/patentest.com\/sv\/state-of-the-art-sokning\/\" \/>\n<meta property=\"og:locale\" content=\"sv_SE\" \/>\n<meta property=\"og:type\" content=\"article\" \/>\n<meta property=\"og:title\" content=\"State Of The Art s\u00f6kning | Patentest\" \/>\n<meta property=\"og:description\" content=\"F\u00e5 en djupg\u00e5ende rapport \u00f6ver ett teknikomr\u00e5de med en State Of The Art s\u00f6kning. Vi p\u00e5 Patentest f\u00f6rklarar varf\u00f6r det \u00e4r n\u00f6dv\u00e4ndigt!\" \/>\n<meta property=\"og:url\" content=\"https:\/\/patentest.com\/sv\/state-of-the-art-sokning\/\" \/>\n<meta property=\"og:site_name\" content=\"Patentest\" \/>\n<meta property=\"article:publisher\" content=\"https:\/\/www.facebook.com\/newtone.patent.search\/\" \/>\n<meta property=\"article:modified_time\" content=\"2021-11-16T11:04:52+00:00\" \/>\n<meta property=\"og:image\" content=\"https:\/\/patentest.com\/wp-content\/uploads\/2020\/12\/state-of-the-art-patent-omvarldsanalys.jpeg\" \/>\n\t<meta property=\"og:image:width\" content=\"2550\" \/>\n\t<meta property=\"og:image:height\" content=\"1702\" \/>\n\t<meta property=\"og:image:type\" content=\"image\/jpeg\" \/>\n<meta name=\"twitter:card\" content=\"summary_large_image\" \/>\n<meta name=\"twitter:label1\" content=\"Ber\u00e4knad l\u00e4stid\" \/>\n\t<meta name=\"twitter:data1\" content=\"3 minuter\" \/>\n<script type=\"application\/ld+json\" class=\"yoast-schema-graph\">{\"@context\":\"https:\/\/schema.org\",\"@graph\":[{\"@type\":\"WebPage\",\"@id\":\"https:\/\/patentest.com\/sv\/state-of-the-art-sokning\/\",\"url\":\"https:\/\/patentest.com\/sv\/state-of-the-art-sokning\/\",\"name\":\"State Of The Art s\u00f6kning | Patentest\",\"isPartOf\":{\"@id\":\"https:\/\/patentest.com\/sv\/#website\"},\"primaryImageOfPage\":{\"@id\":\"https:\/\/patentest.com\/sv\/state-of-the-art-sokning\/#primaryimage\"},\"image\":{\"@id\":\"https:\/\/patentest.com\/sv\/state-of-the-art-sokning\/#primaryimage\"},\"thumbnailUrl\":\"https:\/\/patentest.com\/wp-content\/uploads\/2020\/12\/state-of-the-art-patent-omvarldsanalys.jpeg\",\"datePublished\":\"2020-01-17T15:08:22+00:00\",\"dateModified\":\"2021-11-16T11:04:52+00:00\",\"description\":\"F\u00e5 en djupg\u00e5ende rapport \u00f6ver ett teknikomr\u00e5de med en State Of The Art s\u00f6kning. Vi p\u00e5 Patentest f\u00f6rklarar varf\u00f6r det \u00e4r n\u00f6dv\u00e4ndigt!\",\"breadcrumb\":{\"@id\":\"https:\/\/patentest.com\/sv\/state-of-the-art-sokning\/#breadcrumb\"},\"inLanguage\":\"sv-SE\",\"potentialAction\":[{\"@type\":\"ReadAction\",\"target\":[\"https:\/\/patentest.com\/sv\/state-of-the-art-sokning\/\"]}]},{\"@type\":\"ImageObject\",\"inLanguage\":\"sv-SE\",\"@id\":\"https:\/\/patentest.com\/sv\/state-of-the-art-sokning\/#primaryimage\",\"url\":\"https:\/\/patentest.com\/wp-content\/uploads\/2020\/12\/state-of-the-art-patent-omvarldsanalys.jpeg\",\"contentUrl\":\"https:\/\/patentest.com\/wp-content\/uploads\/2020\/12\/state-of-the-art-patent-omvarldsanalys.jpeg\",\"width\":2550,\"height\":1702,\"caption\":\"state of the art\"},{\"@type\":\"BreadcrumbList\",\"@id\":\"https:\/\/patentest.com\/sv\/state-of-the-art-sokning\/#breadcrumb\",\"itemListElement\":[{\"@type\":\"ListItem\",\"position\":1,\"name\":\"Home page\",\"item\":\"https:\/\/patentest.com\/sv\/\"},{\"@type\":\"ListItem\",\"position\":2,\"name\":\"State Of The Art s\u00f6kning &#8211; Tekniks\u00f6kning\"}]},{\"@type\":\"WebSite\",\"@id\":\"https:\/\/patentest.com\/sv\/#website\",\"url\":\"https:\/\/patentest.com\/sv\/\",\"name\":\"Patentest\",\"description\":\"Your first step towards a registered patent\",\"potentialAction\":[{\"@type\":\"SearchAction\",\"target\":{\"@type\":\"EntryPoint\",\"urlTemplate\":\"https:\/\/patentest.com\/sv\/?s={search_term_string}\"},\"query-input\":{\"@type\":\"PropertyValueSpecification\",\"valueRequired\":true,\"valueName\":\"search_term_string\"}}],\"inLanguage\":\"sv-SE\"}]}<\/script>\n<!-- \/ Yoast SEO plugin. -->","yoast_head_json":{"title":"State Of The Art s\u00f6kning | Patentest","description":"F\u00e5 en djupg\u00e5ende rapport \u00f6ver ett teknikomr\u00e5de med en State Of The Art s\u00f6kning. Vi p\u00e5 Patentest f\u00f6rklarar varf\u00f6r det \u00e4r n\u00f6dv\u00e4ndigt!","robots":{"index":"index","follow":"follow","max-snippet":"max-snippet:-1","max-image-preview":"max-image-preview:large","max-video-preview":"max-video-preview:-1"},"canonical":"https:\/\/patentest.com\/sv\/state-of-the-art-sokning\/","og_locale":"sv_SE","og_type":"article","og_title":"State Of The Art s\u00f6kning | Patentest","og_description":"F\u00e5 en djupg\u00e5ende rapport \u00f6ver ett teknikomr\u00e5de med en State Of The Art s\u00f6kning. Vi p\u00e5 Patentest f\u00f6rklarar varf\u00f6r det \u00e4r n\u00f6dv\u00e4ndigt!","og_url":"https:\/\/patentest.com\/sv\/state-of-the-art-sokning\/","og_site_name":"Patentest","article_publisher":"https:\/\/www.facebook.com\/newtone.patent.search\/","article_modified_time":"2021-11-16T11:04:52+00:00","og_image":[{"width":2550,"height":1702,"url":"https:\/\/patentest.com\/wp-content\/uploads\/2020\/12\/state-of-the-art-patent-omvarldsanalys.jpeg","type":"image\/jpeg"}],"twitter_card":"summary_large_image","twitter_misc":{"Ber\u00e4knad l\u00e4stid":"3 minuter"},"schema":{"@context":"https:\/\/schema.org","@graph":[{"@type":"WebPage","@id":"https:\/\/patentest.com\/sv\/state-of-the-art-sokning\/","url":"https:\/\/patentest.com\/sv\/state-of-the-art-sokning\/","name":"State Of The Art s\u00f6kning | Patentest","isPartOf":{"@id":"https:\/\/patentest.com\/sv\/#website"},"primaryImageOfPage":{"@id":"https:\/\/patentest.com\/sv\/state-of-the-art-sokning\/#primaryimage"},"image":{"@id":"https:\/\/patentest.com\/sv\/state-of-the-art-sokning\/#primaryimage"},"thumbnailUrl":"https:\/\/patentest.com\/wp-content\/uploads\/2020\/12\/state-of-the-art-patent-omvarldsanalys.jpeg","datePublished":"2020-01-17T15:08:22+00:00","dateModified":"2021-11-16T11:04:52+00:00","description":"F\u00e5 en djupg\u00e5ende rapport \u00f6ver ett teknikomr\u00e5de med en State Of The Art s\u00f6kning. Vi p\u00e5 Patentest f\u00f6rklarar varf\u00f6r det \u00e4r n\u00f6dv\u00e4ndigt!","breadcrumb":{"@id":"https:\/\/patentest.com\/sv\/state-of-the-art-sokning\/#breadcrumb"},"inLanguage":"sv-SE","potentialAction":[{"@type":"ReadAction","target":["https:\/\/patentest.com\/sv\/state-of-the-art-sokning\/"]}]},{"@type":"ImageObject","inLanguage":"sv-SE","@id":"https:\/\/patentest.com\/sv\/state-of-the-art-sokning\/#primaryimage","url":"https:\/\/patentest.com\/wp-content\/uploads\/2020\/12\/state-of-the-art-patent-omvarldsanalys.jpeg","contentUrl":"https:\/\/patentest.com\/wp-content\/uploads\/2020\/12\/state-of-the-art-patent-omvarldsanalys.jpeg","width":2550,"height":1702,"caption":"state of the art"},{"@type":"BreadcrumbList","@id":"https:\/\/patentest.com\/sv\/state-of-the-art-sokning\/#breadcrumb","itemListElement":[{"@type":"ListItem","position":1,"name":"Home page","item":"https:\/\/patentest.com\/sv\/"},{"@type":"ListItem","position":2,"name":"State Of The Art s\u00f6kning &#8211; Tekniks\u00f6kning"}]},{"@type":"WebSite","@id":"https:\/\/patentest.com\/sv\/#website","url":"https:\/\/patentest.com\/sv\/","name":"Patentest","description":"Your first step towards a registered patent","potentialAction":[{"@type":"SearchAction","target":{"@type":"EntryPoint","urlTemplate":"https:\/\/patentest.com\/sv\/?s={search_term_string}"},"query-input":{"@type":"PropertyValueSpecification","valueRequired":true,"valueName":"search_term_string"}}],"inLanguage":"sv-SE"}]}},"_links":{"self":[{"href":"https:\/\/patentest.com\/sv\/wp-json\/wp\/v2\/pages\/5658","targetHints":{"allow":["GET"]}}],"collection":[{"href":"https:\/\/patentest.com\/sv\/wp-json\/wp\/v2\/pages"}],"about":[{"href":"https:\/\/patentest.com\/sv\/wp-json\/wp\/v2\/types\/page"}],"author":[{"embeddable":true,"href":"https:\/\/patentest.com\/sv\/wp-json\/wp\/v2\/users\/1"}],"replies":[{"embeddable":true,"href":"https:\/\/patentest.com\/sv\/wp-json\/wp\/v2\/comments?post=5658"}],"version-history":[{"count":31,"href":"https:\/\/patentest.com\/sv\/wp-json\/wp\/v2\/pages\/5658\/revisions"}],"predecessor-version":[{"id":8147,"href":"https:\/\/patentest.com\/sv\/wp-json\/wp\/v2\/pages\/5658\/revisions\/8147"}],"wp:featuredmedia":[{"embeddable":true,"href":"https:\/\/patentest.com\/sv\/wp-json\/wp\/v2\/media\/6522"}],"wp:attachment":[{"href":"https:\/\/patentest.com\/sv\/wp-json\/wp\/v2\/media?parent=5658"}],"curies":[{"name":"wp","href":"https:\/\/api.w.org\/{rel}","templated":true}]}}