{"id":5655,"date":"2020-01-27T14:34:01","date_gmt":"2020-01-27T12:34:01","guid":{"rendered":"https:\/\/patentest.com\/patent-alert\/"},"modified":"2021-07-13T11:19:13","modified_gmt":"2021-07-13T08:19:13","slug":"patentbevakning","status":"publish","type":"page","link":"https:\/\/patentest.com\/sv\/patentbevakning\/","title":{"rendered":"Patentbevakning"},"content":{"rendered":"\t\t<div data-elementor-type=\"wp-post\" data-elementor-id=\"5655\" class=\"elementor elementor-5655 elementor-3241\" data-elementor-post-type=\"page\">\n\t\t\t\t\t\t<section class=\"elementor-section elementor-top-section elementor-element elementor-element-c02a4fd elementor-section-boxed elementor-section-height-default elementor-section-height-default\" data-id=\"c02a4fd\" data-element_type=\"section\" data-e-type=\"section\">\n\t\t\t\t\t\t<div class=\"elementor-container elementor-column-gap-default\">\n\t\t\t\t\t<div class=\"elementor-column elementor-col-100 elementor-top-column elementor-element elementor-element-7609b20\" data-id=\"7609b20\" data-element_type=\"column\" data-e-type=\"column\">\n\t\t\t<div class=\"elementor-widget-wrap elementor-element-populated\">\n\t\t\t\t\t\t<div class=\"elementor-element elementor-element-29c4f13 elementor-widget elementor-widget-text-editor\" data-id=\"29c4f13\" data-element_type=\"widget\" data-e-type=\"widget\" data-widget_type=\"text-editor.default\">\n\t\t\t\t<div class=\"elementor-widget-container\">\n\t\t\t\t\t\t\t\t\t<h5><strong>I b\u00f6rjan av ett utvecklingsprojekt ska du bevaka s\u00e4rskilt intressanta teknologier och omr\u00e5dena kring dem.<\/strong><\/h5><h2><span style=\"font-weight: 400;\">Vad \u00e4r en patentbevakning?<\/span><\/h2><p><span style=\"font-weight: 400;\">En patentbevakning \u00e4r en s\u00f6kning som avser att ge en tydlig bild av framstegen inom en teknologi eller ett\u00a0<\/span><a href=\"https:\/\/www.innovation.lu.se\/\"><span style=\"font-weight: 400;\">s\u00e4rskilt teknikomr\u00e5de<\/span><\/a><span style=\"font-weight: 400;\">. Patentbevakning \u00e4r en skr\u00e4ddarsydd s\u00f6kning baserad p\u00e5 teknologi och\/eller f\u00f6retagsnamn, som genomf\u00f6rs periodiskt beroende p\u00e5 kundens behov. I grund och botten skapar en patentbevakning en bred och \u00f6versk\u00e5dlig bild av allt som publicerats om en specifik teknologi under en specifik period.<\/span><\/p><h3><span style=\"font-weight: 400;\">Varf\u00f6r genomf\u00f6ra en Patentbevakning?<\/span><\/h3><p><span style=\"font-weight: 400;\">Beroende p\u00e5 projektet och\/eller produkten och dess livscykel finns ett behov av att bevaka aktiviteter relaterade till patent inom ett specifikt teknikomr\u00e5de.\u00a0\u00a0Redan innan man funderar p\u00e5 att bege sig in i ett teknikomr\u00e5de eller initiera ett <a href=\"https:\/\/www.wipo.int\/patent-law\/en\/developments\/research.html\">R&amp;D projekt<\/a> ska en<\/span><a href=\"https:\/\/patentest.com\/sv\/state-of-the-art-sokning\/\"><span style=\"font-weight: 400;\">\u00a0State Of The Art s\u00f6kning<\/span><\/a><span style=\"font-weight: 400;\">\u00a0genomf\u00f6ras.<\/span><\/p><p><span style=\"font-weight: 400;\">Resultatet av State Of The Art s\u00f6kningen leder ofta till ett beslut om bevakning av delar av eller all teknologi inom projektet. Syftet att undvika \u00f6verraskningar och intr\u00e5ngsrisker i senare skeden av projektet, eller under produktens livscykel. Patentbevakningens resultat erbjuder kunden m\u00f6jligheten att h\u00e5lla sig uppdaterad kring f\u00f6r\u00e4ndringar, framsteg och potentiella nya risker f\u00f6r intr\u00e5ng, men ocks\u00e5 att f\u00f6rbereda f\u00f6r inv\u00e4ndningar g\u00e4llande konkurrenters patent av kritisk karakt\u00e4r, som hittas i s\u00f6kningen.\u00a0<\/span><\/p>\t\t\t\t\t\t\t\t<\/div>\n\t\t\t\t<\/div>\n\t\t\t\t<div class=\"elementor-element elementor-element-63b5ea2 elementor-widget elementor-widget-image\" data-id=\"63b5ea2\" data-element_type=\"widget\" data-e-type=\"widget\" data-widget_type=\"image.default\">\n\t\t\t\t<div class=\"elementor-widget-container\">\n\t\t\t\t\t\t\t\t\t\t\t\t\t\t\t<img fetchpriority=\"high\" decoding=\"async\" width=\"800\" height=\"534\" src=\"https:\/\/patentest.com\/wp-content\/uploads\/2021\/07\/gabrielle-henderson-HJckKnwCXxQ-unsplash-1024x683.jpg\" class=\"attachment-large size-large wp-image-7195\" alt=\"Patentbevakning\" srcset=\"https:\/\/patentest.com\/wp-content\/uploads\/2021\/07\/gabrielle-henderson-HJckKnwCXxQ-unsplash-1024x683.jpg 1024w, https:\/\/patentest.com\/wp-content\/uploads\/2021\/07\/gabrielle-henderson-HJckKnwCXxQ-unsplash-300x200.jpg 300w, https:\/\/patentest.com\/wp-content\/uploads\/2021\/07\/gabrielle-henderson-HJckKnwCXxQ-unsplash-768x512.jpg 768w, https:\/\/patentest.com\/wp-content\/uploads\/2021\/07\/gabrielle-henderson-HJckKnwCXxQ-unsplash-1536x1024.jpg 1536w, https:\/\/patentest.com\/wp-content\/uploads\/2021\/07\/gabrielle-henderson-HJckKnwCXxQ-unsplash-2048x1365.jpg 2048w\" sizes=\"(max-width: 800px) 100vw, 800px\" \/>\t\t\t\t\t\t\t\t\t\t\t\t\t\t\t<\/div>\n\t\t\t\t<\/div>\n\t\t\t\t\t<\/div>\n\t\t<\/div>\n\t\t\t\t\t<\/div>\n\t\t<\/section>\n\t\t\t\t<section class=\"elementor-section elementor-top-section elementor-element elementor-element-9c9439e elementor-section-boxed elementor-section-height-default elementor-section-height-default\" data-id=\"9c9439e\" data-element_type=\"section\" data-e-type=\"section\">\n\t\t\t\t\t\t<div class=\"elementor-container elementor-column-gap-default\">\n\t\t\t\t\t<div class=\"elementor-column elementor-col-100 elementor-top-column elementor-element elementor-element-631d22d\" data-id=\"631d22d\" data-element_type=\"column\" data-e-type=\"column\">\n\t\t\t<div class=\"elementor-widget-wrap elementor-element-populated\">\n\t\t\t\t\t\t<div class=\"elementor-element elementor-element-da73670 elementor-widget elementor-widget-text-editor\" data-id=\"da73670\" data-element_type=\"widget\" data-e-type=\"widget\" data-widget_type=\"text-editor.default\">\n\t\t\t\t<div class=\"elementor-widget-container\">\n\t\t\t\t\t\t\t\t\t<h3><span style=\"font-weight: 400;\">N\u00e4r b\u00f6r man genomf\u00f6ra en Patentbevakning?<\/span><\/h3><p><span style=\"font-weight: 400;\">En patentbevakning\u00a0genomf\u00f6rs efter en\u00a0<\/span><span style=\"font-weight: 400;\">State Of The Art<\/span><span style=\"font-weight: 400;\">\u2013 eller en\u00a0<\/span><a href=\"https:\/\/patentest.com\/sv\/freedom-to-operate-fto\/\"><span style=\"font-weight: 400;\">FTO<\/span><\/a><span style=\"font-weight: 400;\">\u00a0s\u00f6kning under utvecklingsperioden och\/eller under en produkts livscykel.<\/span><\/p><p><span style=\"font-weight: 400;\">Patentbevakningen kan genomf\u00f6ras m\u00e5natligen, kvartalsvis eller periodisk utifr\u00e5n kundens behov. Hur frekvent man v\u00e4ljer att genomf\u00f6ra den beror p\u00e5 hur aktivt teknikomr\u00e5det i fr\u00e5ga \u00e4r. Normalt rekommenderar vi att genomf\u00f6ra en patentbevakning var tredje m\u00e5nad f\u00f6r att undvika stora m\u00e4ngder dokument. Det inneb\u00e4r att\u00a0 inv\u00e4ndningar mot ett viktigt eller kritiskt patentdokument inte missas.\u00a0<\/span><\/p><p><a href=\"https:\/\/patentest.com\/sv\/kontakta-oss\/\"><span style=\"font-weight: 400;\">Kontakta oss<\/span><\/a><span style=\"font-weight: 400;\">\u00a0eller\u00a0<\/span><span style=\"font-weight: 400;\">ladda upp din information<\/span><span style=\"font-weight: 400;\">\u00a0f\u00f6r att f\u00e5 ett prisf\u00f6rslag.<\/span><\/p><p>L\u00e4s g\u00e4rna mer om v\u00e5ra andra tj\u00e4nster s\u00e5som\u00a0<a href=\"https:\/\/patentest.com\/sv\/patentradgivare\/\">D&amp;Y BioPharm<\/a>\u00a0samt\u00a0<a href=\"https:\/\/patentest.com\/sv\/patent-licensiering-strategi-avtal\/\">strategi och avtal f\u00f6r patent licensiering<\/a>. \u00a0<\/p>\t\t\t\t\t\t\t\t<\/div>\n\t\t\t\t<\/div>\n\t\t\t\t\t<\/div>\n\t\t<\/div>\n\t\t\t\t\t<\/div>\n\t\t<\/section>\n\t\t\t\t<\/div>\n\t\t","protected":false},"excerpt":{"rendered":"<p>I b\u00f6rjan av ett utvecklingsprojekt ska du bevaka s\u00e4rskilt intressanta teknologier och omr\u00e5dena kring dem. Vad \u00e4r en patentbevakning? En patentbevakning \u00e4r en s\u00f6kning som avser att ge en tydlig bild av framstegen inom en teknologi eller ett&nbsp;s\u00e4rskilt teknikomr\u00e5de. Patentbevakning \u00e4r en skr\u00e4ddarsydd s\u00f6kning baserad p\u00e5 teknologi och\/eller f\u00f6retagsnamn, som genomf\u00f6rs periodiskt beroende p\u00e5 kundens [&hellip;]<\/p>\n","protected":false},"author":3,"featured_media":6517,"parent":0,"menu_order":0,"comment_status":"closed","ping_status":"closed","template":"","meta":{"footnotes":""},"class_list":["post-5655","page","type-page","status-publish","has-post-thumbnail","hentry"],"yoast_head":"<!-- This site is optimized with the Yoast SEO plugin v27.1.1 - https:\/\/yoast.com\/product\/yoast-seo-wordpress\/ -->\n<title>Patentbevakning f\u00f6rs\u00e4krar att du ej g\u00f6r intr\u00e5ng p\u00e5 marknaden - Patentest<\/title>\n<meta name=\"description\" content=\"Innan du registrerar patent \u00e4r det smartast att genomg\u00e5 en patentbevakning f\u00f6r att granska ditt s\u00e4rskilda teknikomr\u00e5de.\" \/>\n<meta name=\"robots\" content=\"index, follow, max-snippet:-1, max-image-preview:large, max-video-preview:-1\" \/>\n<link rel=\"canonical\" href=\"https:\/\/patentest.com\/sv\/patentbevakning\/\" \/>\n<meta property=\"og:locale\" content=\"sv_SE\" \/>\n<meta property=\"og:type\" content=\"article\" \/>\n<meta property=\"og:title\" content=\"Patentbevakning f\u00f6rs\u00e4krar att du ej g\u00f6r intr\u00e5ng p\u00e5 marknaden - Patentest\" \/>\n<meta property=\"og:description\" content=\"Innan du registrerar patent \u00e4r det smartast att genomg\u00e5 en patentbevakning f\u00f6r att granska ditt s\u00e4rskilda teknikomr\u00e5de.\" \/>\n<meta property=\"og:url\" content=\"https:\/\/patentest.com\/sv\/patentbevakning\/\" \/>\n<meta property=\"og:site_name\" content=\"Patentest\" \/>\n<meta property=\"article:publisher\" content=\"https:\/\/www.facebook.com\/newtone.patent.search\/\" \/>\n<meta property=\"article:modified_time\" content=\"2021-07-13T08:19:13+00:00\" \/>\n<meta property=\"og:image\" content=\"https:\/\/patentest.com\/wp-content\/uploads\/2020\/12\/Patentbevakning-marknadsanalys.jpeg\" \/>\n\t<meta property=\"og:image:width\" content=\"1234\" \/>\n\t<meta property=\"og:image:height\" content=\"1851\" \/>\n\t<meta property=\"og:image:type\" content=\"image\/jpeg\" \/>\n<meta name=\"twitter:card\" content=\"summary_large_image\" \/>\n<meta name=\"twitter:label1\" content=\"Ber\u00e4knad l\u00e4stid\" \/>\n\t<meta name=\"twitter:data1\" content=\"2 minuter\" \/>\n<script type=\"application\/ld+json\" class=\"yoast-schema-graph\">{\"@context\":\"https:\/\/schema.org\",\"@graph\":[{\"@type\":\"WebPage\",\"@id\":\"https:\/\/patentest.com\/sv\/patentbevakning\/\",\"url\":\"https:\/\/patentest.com\/sv\/patentbevakning\/\",\"name\":\"Patentbevakning f\u00f6rs\u00e4krar att du ej g\u00f6r intr\u00e5ng p\u00e5 marknaden - Patentest\",\"isPartOf\":{\"@id\":\"https:\/\/patentest.com\/sv\/#website\"},\"primaryImageOfPage\":{\"@id\":\"https:\/\/patentest.com\/sv\/patentbevakning\/#primaryimage\"},\"image\":{\"@id\":\"https:\/\/patentest.com\/sv\/patentbevakning\/#primaryimage\"},\"thumbnailUrl\":\"https:\/\/patentest.com\/wp-content\/uploads\/2020\/12\/Patentbevakning-marknadsanalys.jpeg\",\"datePublished\":\"2020-01-27T12:34:01+00:00\",\"dateModified\":\"2021-07-13T08:19:13+00:00\",\"description\":\"Innan du registrerar patent \u00e4r det smartast att genomg\u00e5 en patentbevakning f\u00f6r att granska ditt s\u00e4rskilda teknikomr\u00e5de.\",\"breadcrumb\":{\"@id\":\"https:\/\/patentest.com\/sv\/patentbevakning\/#breadcrumb\"},\"inLanguage\":\"sv-SE\",\"potentialAction\":[{\"@type\":\"ReadAction\",\"target\":[\"https:\/\/patentest.com\/sv\/patentbevakning\/\"]}]},{\"@type\":\"ImageObject\",\"inLanguage\":\"sv-SE\",\"@id\":\"https:\/\/patentest.com\/sv\/patentbevakning\/#primaryimage\",\"url\":\"https:\/\/patentest.com\/wp-content\/uploads\/2020\/12\/Patentbevakning-marknadsanalys.jpeg\",\"contentUrl\":\"https:\/\/patentest.com\/wp-content\/uploads\/2020\/12\/Patentbevakning-marknadsanalys.jpeg\",\"width\":1234,\"height\":1851,\"caption\":\"Patentbevakning\"},{\"@type\":\"BreadcrumbList\",\"@id\":\"https:\/\/patentest.com\/sv\/patentbevakning\/#breadcrumb\",\"itemListElement\":[{\"@type\":\"ListItem\",\"position\":1,\"name\":\"Home page\",\"item\":\"https:\/\/patentest.com\/sv\/\"},{\"@type\":\"ListItem\",\"position\":2,\"name\":\"Patentbevakning\"}]},{\"@type\":\"WebSite\",\"@id\":\"https:\/\/patentest.com\/sv\/#website\",\"url\":\"https:\/\/patentest.com\/sv\/\",\"name\":\"Patentest\",\"description\":\"Your first step towards a registered patent\",\"potentialAction\":[{\"@type\":\"SearchAction\",\"target\":{\"@type\":\"EntryPoint\",\"urlTemplate\":\"https:\/\/patentest.com\/sv\/?s={search_term_string}\"},\"query-input\":{\"@type\":\"PropertyValueSpecification\",\"valueRequired\":true,\"valueName\":\"search_term_string\"}}],\"inLanguage\":\"sv-SE\"}]}<\/script>\n<!-- \/ Yoast SEO plugin. -->","yoast_head_json":{"title":"Patentbevakning f\u00f6rs\u00e4krar att du ej g\u00f6r intr\u00e5ng p\u00e5 marknaden - Patentest","description":"Innan du registrerar patent \u00e4r det smartast att genomg\u00e5 en patentbevakning f\u00f6r att granska ditt s\u00e4rskilda teknikomr\u00e5de.","robots":{"index":"index","follow":"follow","max-snippet":"max-snippet:-1","max-image-preview":"max-image-preview:large","max-video-preview":"max-video-preview:-1"},"canonical":"https:\/\/patentest.com\/sv\/patentbevakning\/","og_locale":"sv_SE","og_type":"article","og_title":"Patentbevakning f\u00f6rs\u00e4krar att du ej g\u00f6r intr\u00e5ng p\u00e5 marknaden - Patentest","og_description":"Innan du registrerar patent \u00e4r det smartast att genomg\u00e5 en patentbevakning f\u00f6r att granska ditt s\u00e4rskilda teknikomr\u00e5de.","og_url":"https:\/\/patentest.com\/sv\/patentbevakning\/","og_site_name":"Patentest","article_publisher":"https:\/\/www.facebook.com\/newtone.patent.search\/","article_modified_time":"2021-07-13T08:19:13+00:00","og_image":[{"width":1234,"height":1851,"url":"https:\/\/patentest.com\/wp-content\/uploads\/2020\/12\/Patentbevakning-marknadsanalys.jpeg","type":"image\/jpeg"}],"twitter_card":"summary_large_image","twitter_misc":{"Ber\u00e4knad l\u00e4stid":"2 minuter"},"schema":{"@context":"https:\/\/schema.org","@graph":[{"@type":"WebPage","@id":"https:\/\/patentest.com\/sv\/patentbevakning\/","url":"https:\/\/patentest.com\/sv\/patentbevakning\/","name":"Patentbevakning f\u00f6rs\u00e4krar att du ej g\u00f6r intr\u00e5ng p\u00e5 marknaden - Patentest","isPartOf":{"@id":"https:\/\/patentest.com\/sv\/#website"},"primaryImageOfPage":{"@id":"https:\/\/patentest.com\/sv\/patentbevakning\/#primaryimage"},"image":{"@id":"https:\/\/patentest.com\/sv\/patentbevakning\/#primaryimage"},"thumbnailUrl":"https:\/\/patentest.com\/wp-content\/uploads\/2020\/12\/Patentbevakning-marknadsanalys.jpeg","datePublished":"2020-01-27T12:34:01+00:00","dateModified":"2021-07-13T08:19:13+00:00","description":"Innan du registrerar patent \u00e4r det smartast att genomg\u00e5 en patentbevakning f\u00f6r att granska ditt s\u00e4rskilda teknikomr\u00e5de.","breadcrumb":{"@id":"https:\/\/patentest.com\/sv\/patentbevakning\/#breadcrumb"},"inLanguage":"sv-SE","potentialAction":[{"@type":"ReadAction","target":["https:\/\/patentest.com\/sv\/patentbevakning\/"]}]},{"@type":"ImageObject","inLanguage":"sv-SE","@id":"https:\/\/patentest.com\/sv\/patentbevakning\/#primaryimage","url":"https:\/\/patentest.com\/wp-content\/uploads\/2020\/12\/Patentbevakning-marknadsanalys.jpeg","contentUrl":"https:\/\/patentest.com\/wp-content\/uploads\/2020\/12\/Patentbevakning-marknadsanalys.jpeg","width":1234,"height":1851,"caption":"Patentbevakning"},{"@type":"BreadcrumbList","@id":"https:\/\/patentest.com\/sv\/patentbevakning\/#breadcrumb","itemListElement":[{"@type":"ListItem","position":1,"name":"Home page","item":"https:\/\/patentest.com\/sv\/"},{"@type":"ListItem","position":2,"name":"Patentbevakning"}]},{"@type":"WebSite","@id":"https:\/\/patentest.com\/sv\/#website","url":"https:\/\/patentest.com\/sv\/","name":"Patentest","description":"Your first step towards a registered patent","potentialAction":[{"@type":"SearchAction","target":{"@type":"EntryPoint","urlTemplate":"https:\/\/patentest.com\/sv\/?s={search_term_string}"},"query-input":{"@type":"PropertyValueSpecification","valueRequired":true,"valueName":"search_term_string"}}],"inLanguage":"sv-SE"}]}},"_links":{"self":[{"href":"https:\/\/patentest.com\/sv\/wp-json\/wp\/v2\/pages\/5655","targetHints":{"allow":["GET"]}}],"collection":[{"href":"https:\/\/patentest.com\/sv\/wp-json\/wp\/v2\/pages"}],"about":[{"href":"https:\/\/patentest.com\/sv\/wp-json\/wp\/v2\/types\/page"}],"author":[{"embeddable":true,"href":"https:\/\/patentest.com\/sv\/wp-json\/wp\/v2\/users\/3"}],"replies":[{"embeddable":true,"href":"https:\/\/patentest.com\/sv\/wp-json\/wp\/v2\/comments?post=5655"}],"version-history":[{"count":26,"href":"https:\/\/patentest.com\/sv\/wp-json\/wp\/v2\/pages\/5655\/revisions"}],"predecessor-version":[{"id":7265,"href":"https:\/\/patentest.com\/sv\/wp-json\/wp\/v2\/pages\/5655\/revisions\/7265"}],"wp:featuredmedia":[{"embeddable":true,"href":"https:\/\/patentest.com\/sv\/wp-json\/wp\/v2\/media\/6517"}],"wp:attachment":[{"href":"https:\/\/patentest.com\/sv\/wp-json\/wp\/v2\/media?parent=5655"}],"curies":[{"name":"wp","href":"https:\/\/api.w.org\/{rel}","templated":true}]}}