{"id":5648,"date":"2020-01-27T14:33:43","date_gmt":"2020-01-27T12:33:43","guid":{"rendered":"https:\/\/patentest.com\/patent-watch-monitoring\/"},"modified":"2021-07-08T11:46:44","modified_gmt":"2021-07-08T08:46:44","slug":"patent-alert-bevakning","status":"publish","type":"page","link":"https:\/\/patentest.com\/sv\/patent-alert-bevakning\/","title":{"rendered":"Patent Alert"},"content":{"rendered":"\t\t<div data-elementor-type=\"wp-post\" data-elementor-id=\"5648\" class=\"elementor elementor-5648 elementor-3239\" data-elementor-post-type=\"page\">\n\t\t\t\t\t\t<section class=\"elementor-section elementor-top-section elementor-element elementor-element-64a1318 elementor-section-boxed elementor-section-height-default elementor-section-height-default\" data-id=\"64a1318\" data-element_type=\"section\" data-e-type=\"section\">\n\t\t\t\t\t\t<div class=\"elementor-container elementor-column-gap-default\">\n\t\t\t\t\t<div class=\"elementor-column elementor-col-100 elementor-top-column elementor-element elementor-element-4aa4e91\" data-id=\"4aa4e91\" data-element_type=\"column\" data-e-type=\"column\">\n\t\t\t<div class=\"elementor-widget-wrap elementor-element-populated\">\n\t\t\t\t\t\t<div class=\"elementor-element elementor-element-ee7e778 elementor-widget elementor-widget-text-editor\" data-id=\"ee7e778\" data-element_type=\"widget\" data-e-type=\"widget\" data-widget_type=\"text-editor.default\">\n\t\t\t\t<div class=\"elementor-widget-container\">\n\t\t\t\t\t\t\t\t\t<h3><span style=\"font-weight: 400;\">Vad \u00e4r en Patent alert?\u00a0<\/span><\/h3><p><span style=\"font-weight: 400;\">En patent alert \u00e4r en bevakning av f\u00f6r\u00e4ndringar i en patentfamilj.\u00a0<\/span><span style=\"font-weight: 400;\">Det ger dig uppdaterad information kring f\u00f6r\u00e4ndringar i ett patents\u00a0<\/span><a href=\"https:\/\/www.valea.eu\/sv\/tjanster\/juridiska-tjanster-som-skapar-nya-affarsmojligheter\"><span style=\"font-weight: 400;\">legala status\u00a0<\/span><\/a><span style=\"font-weight: 400;\">och dess granskningsfiler. Detta betyder att alla \u00e4ndringar som \u00e4r genomf\u00f6rda f\u00f6r ett <a href=\"https:\/\/patentest.com\/sv\/allman-information\/vad-ar-ett-patent\/\">patent<\/a> p\u00e5 patentverk kommer att rapporteras direkt till dig. Det kan exempelvis r\u00f6ra sig om ett nyregistrerat land, svar p\u00e5 f\u00f6rel\u00e4gganden fr\u00e5n patentombud eller annan information som kan vara viktig f\u00f6r dig att ta del av.<\/span><\/p><h3><span style=\"font-weight: 400;\">Varf\u00f6r genomf\u00f6ra en Patent alert?<\/span><\/h3><p><span style=\"font-weight: 400;\">Som en f\u00f6ljd av en\u00a0<\/span><a href=\"https:\/\/patentest.com\/sv\/freedom-to-operate-fto\/\"><span style=\"font-weight: 400;\">FTO<\/span><\/a><span style=\"font-weight: 400;\">, State Of The Art eller Patentbevakning kan ett viktigt patentdokument ha hittats som kan vara av vikt f\u00f6r vidare utv\u00e4rdering.\u00a0Att l\u00e4gga upp en\u00a0<\/span><a href=\"https:\/\/patentest.com\/sv\/patentbevakning\/\"><span style=\"font-weight: 400;\">bevakning p\u00e5 ett patent\u00a0<\/span><\/a><span style=\"font-weight: 400;\">g\u00f6r det m\u00f6jligt f\u00f6r dig att h\u00e5lla dig uppdaterad kring alla m\u00f6jliga \u00e4ndringar som r\u00f6r patentets legala status och granskningsfiler, s\u00e5 att du och ditt patentombud exempelvis kan inv\u00e4nda mot eller samla in information med syfte att ogiltigf\u00f6rklara patentet. \u00a0 \u00a0\u00a0<\/span><\/p>\t\t\t\t\t\t\t\t<\/div>\n\t\t\t\t<\/div>\n\t\t\t\t\t<\/div>\n\t\t<\/div>\n\t\t\t\t\t<\/div>\n\t\t<\/section>\n\t\t\t\t<section class=\"elementor-section elementor-top-section elementor-element elementor-element-6941fe7 elementor-section-boxed elementor-section-height-default elementor-section-height-default\" data-id=\"6941fe7\" data-element_type=\"section\" data-e-type=\"section\">\n\t\t\t\t\t\t<div class=\"elementor-container elementor-column-gap-default\">\n\t\t\t\t\t<div class=\"elementor-column elementor-col-100 elementor-top-column elementor-element elementor-element-83bca4f\" data-id=\"83bca4f\" data-element_type=\"column\" data-e-type=\"column\">\n\t\t\t<div class=\"elementor-widget-wrap elementor-element-populated\">\n\t\t\t\t\t\t<div class=\"elementor-element elementor-element-56e6c98 elementor-widget elementor-widget-image\" data-id=\"56e6c98\" data-element_type=\"widget\" data-e-type=\"widget\" data-widget_type=\"image.default\">\n\t\t\t\t<div class=\"elementor-widget-container\">\n\t\t\t\t\t\t\t\t\t\t\t\t\t\t\t<img fetchpriority=\"high\" decoding=\"async\" width=\"800\" height=\"600\" src=\"https:\/\/patentest.com\/wp-content\/uploads\/2021\/07\/nick-morrison-FHnnjk1Yj7Y-unsplash-1024x768.jpg\" class=\"attachment-large size-large wp-image-7173\" alt=\"Patent Alert\" srcset=\"https:\/\/patentest.com\/wp-content\/uploads\/2021\/07\/nick-morrison-FHnnjk1Yj7Y-unsplash-1024x768.jpg 1024w, https:\/\/patentest.com\/wp-content\/uploads\/2021\/07\/nick-morrison-FHnnjk1Yj7Y-unsplash-300x225.jpg 300w, https:\/\/patentest.com\/wp-content\/uploads\/2021\/07\/nick-morrison-FHnnjk1Yj7Y-unsplash-768x576.jpg 768w, https:\/\/patentest.com\/wp-content\/uploads\/2021\/07\/nick-morrison-FHnnjk1Yj7Y-unsplash-1536x1152.jpg 1536w, https:\/\/patentest.com\/wp-content\/uploads\/2021\/07\/nick-morrison-FHnnjk1Yj7Y-unsplash-2048x1536.jpg 2048w\" sizes=\"(max-width: 800px) 100vw, 800px\" \/>\t\t\t\t\t\t\t\t\t\t\t\t\t\t\t<\/div>\n\t\t\t\t<\/div>\n\t\t\t\t\t<\/div>\n\t\t<\/div>\n\t\t\t\t\t<\/div>\n\t\t<\/section>\n\t\t\t\t<section class=\"elementor-section elementor-top-section elementor-element elementor-element-2ce669f elementor-section-boxed elementor-section-height-default elementor-section-height-default\" data-id=\"2ce669f\" data-element_type=\"section\" data-e-type=\"section\">\n\t\t\t\t\t\t<div class=\"elementor-container elementor-column-gap-default\">\n\t\t\t\t\t<div class=\"elementor-column elementor-col-100 elementor-top-column elementor-element elementor-element-1e5a183\" data-id=\"1e5a183\" data-element_type=\"column\" data-e-type=\"column\">\n\t\t\t<div class=\"elementor-widget-wrap elementor-element-populated\">\n\t\t\t\t\t\t<div class=\"elementor-element elementor-element-6a3317e elementor-widget elementor-widget-text-editor\" data-id=\"6a3317e\" data-element_type=\"widget\" data-e-type=\"widget\" data-widget_type=\"text-editor.default\">\n\t\t\t\t<div class=\"elementor-widget-container\">\n\t\t\t\t\t\t\t\t\t<h3>N\u00e4r b\u00f6r jag genomf\u00f6ra en bevakning?<\/h3><p>Som en uppf\u00f6ljning av en\u00a0<a href=\"https:\/\/patentest.com\/sv\/state-of-the-art-sokning\/\">State Of The Art<\/a>\u00a0eller\u00a0FTO search, under utvecklingsperioden och\/eller en under en produkts livscykel. Denna bevakning kan anpassas f\u00f6r att genomf\u00f6ras enligt kundens \u00f6nskem\u00e5l. Hur ofta vi rapporterar beror p\u00e5 kunden i fr\u00e5ga, deras \u00f6nskem\u00e5l samt hur aktivt \u00e4ndringar genomf\u00f6rs i patentets legala status och granskningsfiler.<\/p><p><a href=\"https:\/\/patentest.com\/sv\/\">Kontakta oss<\/a>\u00a0eller\u00a0<a href=\"https:\/\/patentest.com\/sv\/bestall-fran-oss\">ladda upp din information<\/a>\u00a0f\u00f6r att f\u00e5 ett prisf\u00f6rslag.\u00a0<\/p><p>L\u00e4s g\u00e4rna mer om v\u00e5ra andra tj\u00e4nster s\u00e5som\u00a0<a href=\"https:\/\/patentest.com\/sv\/patentest-nyhetsundersokning\/\" target=\"_blank\" rel=\"noopener\">nyhetsgranskning<\/a>\u00a0och <a href=\"https:\/\/patentest.com\/sv\/strategi-immaterialratt\/\">IP strategi<\/a><\/p>\t\t\t\t\t\t\t\t<\/div>\n\t\t\t\t<\/div>\n\t\t\t\t\t<\/div>\n\t\t<\/div>\n\t\t\t\t\t<\/div>\n\t\t<\/section>\n\t\t\t\t<\/div>\n\t\t","protected":false},"excerpt":{"rendered":"<p>Vad \u00e4r en Patent alert?&nbsp; En patent alert ger dig uppdaterad information kring f\u00f6r\u00e4ndringar i ett patents&nbsp;legala status&nbsp;och dess granskningsfiler. Detta betyder att alla \u00e4ndringar som \u00e4r genomf\u00f6rda f\u00f6r ett patent p\u00e5 patentverk kommer att rapporteras direkt till dig. Det kan exempelvis r\u00f6ra sig om ett nyregistrerat land, svar p\u00e5 f\u00f6rel\u00e4gganden fr\u00e5n patentombud eller annan [&hellip;]<\/p>\n","protected":false},"author":3,"featured_media":6531,"parent":0,"menu_order":0,"comment_status":"closed","ping_status":"closed","template":"","meta":{"footnotes":""},"class_list":["post-5648","page","type-page","status-publish","has-post-thumbnail","hentry"],"yoast_head":"<!-- This site is optimized with the Yoast SEO plugin v27.1.1 - https:\/\/yoast.com\/product\/yoast-seo-wordpress\/ -->\n<title>Patent Alert Bevakning | Patentest<\/title>\n<meta name=\"description\" content=\"Med en patent alert blir du f\u00f6rsedd med patent dokument och dylikt som beskriver f\u00f6r\u00e4ndringar i en patentfamilj och dess legala status.\" \/>\n<meta name=\"robots\" content=\"index, follow, max-snippet:-1, max-image-preview:large, max-video-preview:-1\" \/>\n<link rel=\"canonical\" href=\"https:\/\/patentest.com\/sv\/patent-alert-bevakning\/\" \/>\n<meta property=\"og:locale\" content=\"sv_SE\" \/>\n<meta property=\"og:type\" content=\"article\" \/>\n<meta property=\"og:title\" content=\"Patent Alert Bevakning | Patentest\" \/>\n<meta property=\"og:description\" content=\"Med en patent alert blir du f\u00f6rsedd med patent dokument och dylikt som beskriver f\u00f6r\u00e4ndringar i en patentfamilj och dess legala status.\" \/>\n<meta property=\"og:url\" content=\"https:\/\/patentest.com\/sv\/patent-alert-bevakning\/\" \/>\n<meta property=\"og:site_name\" content=\"Patentest\" \/>\n<meta property=\"article:publisher\" content=\"https:\/\/www.facebook.com\/newtone.patent.search\/\" \/>\n<meta property=\"article:modified_time\" content=\"2021-07-08T08:46:44+00:00\" \/>\n<meta property=\"og:image\" content=\"https:\/\/patentest.com\/wp-content\/uploads\/2020\/12\/patent-alert-Patentdokument.jpeg\" \/>\n\t<meta property=\"og:image:width\" content=\"2550\" \/>\n\t<meta property=\"og:image:height\" content=\"1700\" \/>\n\t<meta property=\"og:image:type\" content=\"image\/jpeg\" \/>\n<meta name=\"twitter:card\" content=\"summary_large_image\" \/>\n<meta name=\"twitter:label1\" content=\"Ber\u00e4knad l\u00e4stid\" \/>\n\t<meta name=\"twitter:data1\" content=\"2 minuter\" \/>\n<script type=\"application\/ld+json\" class=\"yoast-schema-graph\">{\"@context\":\"https:\/\/schema.org\",\"@graph\":[{\"@type\":\"WebPage\",\"@id\":\"https:\/\/patentest.com\/sv\/patent-alert-bevakning\/\",\"url\":\"https:\/\/patentest.com\/sv\/patent-alert-bevakning\/\",\"name\":\"Patent Alert Bevakning | Patentest\",\"isPartOf\":{\"@id\":\"https:\/\/patentest.com\/sv\/#website\"},\"primaryImageOfPage\":{\"@id\":\"https:\/\/patentest.com\/sv\/patent-alert-bevakning\/#primaryimage\"},\"image\":{\"@id\":\"https:\/\/patentest.com\/sv\/patent-alert-bevakning\/#primaryimage\"},\"thumbnailUrl\":\"https:\/\/patentest.com\/wp-content\/uploads\/2020\/12\/patent-alert-Patentdokument.jpeg\",\"datePublished\":\"2020-01-27T12:33:43+00:00\",\"dateModified\":\"2021-07-08T08:46:44+00:00\",\"description\":\"Med en patent alert blir du f\u00f6rsedd med patent dokument och dylikt som beskriver f\u00f6r\u00e4ndringar i en patentfamilj och dess legala status.\",\"breadcrumb\":{\"@id\":\"https:\/\/patentest.com\/sv\/patent-alert-bevakning\/#breadcrumb\"},\"inLanguage\":\"sv-SE\",\"potentialAction\":[{\"@type\":\"ReadAction\",\"target\":[\"https:\/\/patentest.com\/sv\/patent-alert-bevakning\/\"]}]},{\"@type\":\"ImageObject\",\"inLanguage\":\"sv-SE\",\"@id\":\"https:\/\/patentest.com\/sv\/patent-alert-bevakning\/#primaryimage\",\"url\":\"https:\/\/patentest.com\/wp-content\/uploads\/2020\/12\/patent-alert-Patentdokument.jpeg\",\"contentUrl\":\"https:\/\/patentest.com\/wp-content\/uploads\/2020\/12\/patent-alert-Patentdokument.jpeg\",\"width\":2550,\"height\":1700,\"caption\":\"Patent Alert\"},{\"@type\":\"BreadcrumbList\",\"@id\":\"https:\/\/patentest.com\/sv\/patent-alert-bevakning\/#breadcrumb\",\"itemListElement\":[{\"@type\":\"ListItem\",\"position\":1,\"name\":\"Home page\",\"item\":\"https:\/\/patentest.com\/sv\/\"},{\"@type\":\"ListItem\",\"position\":2,\"name\":\"Patent Alert\"}]},{\"@type\":\"WebSite\",\"@id\":\"https:\/\/patentest.com\/sv\/#website\",\"url\":\"https:\/\/patentest.com\/sv\/\",\"name\":\"Patentest\",\"description\":\"Your first step towards a registered patent\",\"potentialAction\":[{\"@type\":\"SearchAction\",\"target\":{\"@type\":\"EntryPoint\",\"urlTemplate\":\"https:\/\/patentest.com\/sv\/?s={search_term_string}\"},\"query-input\":{\"@type\":\"PropertyValueSpecification\",\"valueRequired\":true,\"valueName\":\"search_term_string\"}}],\"inLanguage\":\"sv-SE\"}]}<\/script>\n<!-- \/ Yoast SEO plugin. -->","yoast_head_json":{"title":"Patent Alert Bevakning | Patentest","description":"Med en patent alert blir du f\u00f6rsedd med patent dokument och dylikt som beskriver f\u00f6r\u00e4ndringar i en patentfamilj och dess legala status.","robots":{"index":"index","follow":"follow","max-snippet":"max-snippet:-1","max-image-preview":"max-image-preview:large","max-video-preview":"max-video-preview:-1"},"canonical":"https:\/\/patentest.com\/sv\/patent-alert-bevakning\/","og_locale":"sv_SE","og_type":"article","og_title":"Patent Alert Bevakning | Patentest","og_description":"Med en patent alert blir du f\u00f6rsedd med patent dokument och dylikt som beskriver f\u00f6r\u00e4ndringar i en patentfamilj och dess legala status.","og_url":"https:\/\/patentest.com\/sv\/patent-alert-bevakning\/","og_site_name":"Patentest","article_publisher":"https:\/\/www.facebook.com\/newtone.patent.search\/","article_modified_time":"2021-07-08T08:46:44+00:00","og_image":[{"width":2550,"height":1700,"url":"https:\/\/patentest.com\/wp-content\/uploads\/2020\/12\/patent-alert-Patentdokument.jpeg","type":"image\/jpeg"}],"twitter_card":"summary_large_image","twitter_misc":{"Ber\u00e4knad l\u00e4stid":"2 minuter"},"schema":{"@context":"https:\/\/schema.org","@graph":[{"@type":"WebPage","@id":"https:\/\/patentest.com\/sv\/patent-alert-bevakning\/","url":"https:\/\/patentest.com\/sv\/patent-alert-bevakning\/","name":"Patent Alert Bevakning | Patentest","isPartOf":{"@id":"https:\/\/patentest.com\/sv\/#website"},"primaryImageOfPage":{"@id":"https:\/\/patentest.com\/sv\/patent-alert-bevakning\/#primaryimage"},"image":{"@id":"https:\/\/patentest.com\/sv\/patent-alert-bevakning\/#primaryimage"},"thumbnailUrl":"https:\/\/patentest.com\/wp-content\/uploads\/2020\/12\/patent-alert-Patentdokument.jpeg","datePublished":"2020-01-27T12:33:43+00:00","dateModified":"2021-07-08T08:46:44+00:00","description":"Med en patent alert blir du f\u00f6rsedd med patent dokument och dylikt som beskriver f\u00f6r\u00e4ndringar i en patentfamilj och dess legala status.","breadcrumb":{"@id":"https:\/\/patentest.com\/sv\/patent-alert-bevakning\/#breadcrumb"},"inLanguage":"sv-SE","potentialAction":[{"@type":"ReadAction","target":["https:\/\/patentest.com\/sv\/patent-alert-bevakning\/"]}]},{"@type":"ImageObject","inLanguage":"sv-SE","@id":"https:\/\/patentest.com\/sv\/patent-alert-bevakning\/#primaryimage","url":"https:\/\/patentest.com\/wp-content\/uploads\/2020\/12\/patent-alert-Patentdokument.jpeg","contentUrl":"https:\/\/patentest.com\/wp-content\/uploads\/2020\/12\/patent-alert-Patentdokument.jpeg","width":2550,"height":1700,"caption":"Patent Alert"},{"@type":"BreadcrumbList","@id":"https:\/\/patentest.com\/sv\/patent-alert-bevakning\/#breadcrumb","itemListElement":[{"@type":"ListItem","position":1,"name":"Home page","item":"https:\/\/patentest.com\/sv\/"},{"@type":"ListItem","position":2,"name":"Patent Alert"}]},{"@type":"WebSite","@id":"https:\/\/patentest.com\/sv\/#website","url":"https:\/\/patentest.com\/sv\/","name":"Patentest","description":"Your first step towards a registered patent","potentialAction":[{"@type":"SearchAction","target":{"@type":"EntryPoint","urlTemplate":"https:\/\/patentest.com\/sv\/?s={search_term_string}"},"query-input":{"@type":"PropertyValueSpecification","valueRequired":true,"valueName":"search_term_string"}}],"inLanguage":"sv-SE"}]}},"_links":{"self":[{"href":"https:\/\/patentest.com\/sv\/wp-json\/wp\/v2\/pages\/5648","targetHints":{"allow":["GET"]}}],"collection":[{"href":"https:\/\/patentest.com\/sv\/wp-json\/wp\/v2\/pages"}],"about":[{"href":"https:\/\/patentest.com\/sv\/wp-json\/wp\/v2\/types\/page"}],"author":[{"embeddable":true,"href":"https:\/\/patentest.com\/sv\/wp-json\/wp\/v2\/users\/3"}],"replies":[{"embeddable":true,"href":"https:\/\/patentest.com\/sv\/wp-json\/wp\/v2\/comments?post=5648"}],"version-history":[{"count":33,"href":"https:\/\/patentest.com\/sv\/wp-json\/wp\/v2\/pages\/5648\/revisions"}],"predecessor-version":[{"id":7187,"href":"https:\/\/patentest.com\/sv\/wp-json\/wp\/v2\/pages\/5648\/revisions\/7187"}],"wp:featuredmedia":[{"embeddable":true,"href":"https:\/\/patentest.com\/sv\/wp-json\/wp\/v2\/media\/6531"}],"wp:attachment":[{"href":"https:\/\/patentest.com\/sv\/wp-json\/wp\/v2\/media?parent=5648"}],"curies":[{"name":"wp","href":"https:\/\/api.w.org\/{rel}","templated":true}]}}