{"id":5645,"date":"2020-01-27T14:32:44","date_gmt":"2020-01-27T12:32:44","guid":{"rendered":"https:\/\/patentest.com\/intellectual-property-ip-due-diligence\/"},"modified":"2021-08-05T11:50:43","modified_gmt":"2021-08-05T08:50:43","slug":"ip-due-diligence","status":"publish","type":"page","link":"https:\/\/patentest.com\/sv\/ip-due-diligence\/","title":{"rendered":"IP Due Diligence"},"content":{"rendered":"\t\t<div data-elementor-type=\"wp-post\" data-elementor-id=\"5645\" class=\"elementor elementor-5645 elementor-3235\" data-elementor-post-type=\"page\">\n\t\t\t\t\t\t<section class=\"elementor-section elementor-top-section elementor-element elementor-element-60b163c elementor-section-boxed elementor-section-height-default elementor-section-height-default\" data-id=\"60b163c\" data-element_type=\"section\" data-e-type=\"section\">\n\t\t\t\t\t\t<div class=\"elementor-container elementor-column-gap-default\">\n\t\t\t\t\t<div class=\"elementor-column elementor-col-100 elementor-top-column elementor-element elementor-element-ab65e12\" data-id=\"ab65e12\" data-element_type=\"column\" data-e-type=\"column\">\n\t\t\t<div class=\"elementor-widget-wrap elementor-element-populated\">\n\t\t\t\t\t\t<div class=\"elementor-element elementor-element-d3bf183 elementor-widget elementor-widget-text-editor\" data-id=\"d3bf183\" data-element_type=\"widget\" data-e-type=\"widget\" data-widget_type=\"text-editor.default\">\n\t\t\t\t<div class=\"elementor-widget-container\">\n\t\t\t\t\t\t\t\t\t<h2><span style=\"font-weight: 400;\">IP Due Diligence \u00e4r en utv\u00e4rdering av Immaterialr\u00e4tter och teknologier i ett f\u00f6retag<\/span><\/h2><h3><span style=\"font-weight: 400;\">Vad \u00e4r en IP Due Diligence?<\/span><\/h3><p><span style=\"font-weight: 400;\">En IP Due Diligence \u00e4r en utv\u00e4rdering av ett f\u00f6retags <a href=\"https:\/\/patentest.com\/sv\/strategi-immaterialratt\/\">immaterialr\u00e4tt<\/a> och teknologier. Denna typ av utv\u00e4rdering brukar ofta g\u00f6ras innan en investering, M&amp;A eller annan aff\u00e4rstransaktion skall \u00e4ga rum.<\/span><span style=\"font-weight: 400;\"><br \/><\/span><span style=\"font-weight: 400;\"><br \/><\/span><span style=\"font-weight: 400;\">En IP Due Diligence \u00e4r framtagen f\u00f6r att verifiera och utv\u00e4rdera f\u00f6retagets potential och risker genom att bekr\u00e4fta relevansen av dess teknologier och immateriella r\u00e4ttigheter.<\/span><\/p><h3><span style=\"font-weight: 400;\">Varf\u00f6r genomf\u00f6ra en IP Due Diligence<\/span><\/h3><p><span style=\"font-weight: 400;\">Att validera och utv\u00e4rdera ett f\u00f6retag \u00e4r en komplicerad process i en Due Diligence. De flesta f\u00f6retag utv\u00e4rderar fr\u00e4mst finansiella uppgifter.\u00a0N\u00e4r ett f\u00f6retag med en<\/span><a href=\"https:\/\/www.rolls-royce.com\/contact-us\/inventors-and-technology-licensing.aspx\"><span style=\"font-weight: 400;\">\u00a0teknikrelaterad patentportf\u00f6lj<\/span><\/a><span style=\"font-weight: 400;\">\u00a0och dess produkter utv\u00e4rderas, \u00e4r en IP Due Diligence ett viktigt verktyg f\u00f6r att utv\u00e4rdera och verifiera f\u00f6retagets tekniska grund.<\/span><\/p><p><span style=\"font-weight: 400;\">En IP Due Diligence hj\u00e4lper till att etablera och reda ut f\u00f6ljande fr\u00e5gor:<\/span><\/p><ul><li style=\"font-weight: 400;\" aria-level=\"1\"><span style=\"font-weight: 400;\">Vem \u00e4ger de immateriella r\u00e4ttigheterna och \u00e4gs dessa av f\u00f6retaget?<\/span><\/li><li style=\"font-weight: 400;\" aria-level=\"1\"><span style=\"font-weight: 400;\">Vilka l\u00e4nder t\u00e4cks av de immateriella r\u00e4ttigheterna? Och till n\u00e4r?<\/span><\/li><li style=\"font-weight: 400;\" aria-level=\"1\"><span style=\"font-weight: 400;\">Skyddar de f\u00f6retagets produkter?<\/span><\/li><li style=\"font-weight: 400;\" aria-level=\"1\"><span style=\"font-weight: 400;\">\u00c4r<\/span><a href=\"https:\/\/patentest.com\/sv\/state-of-the-art-sokning\/\"><span style=\"font-weight: 400;\">\u00a0teknologin<\/span><\/a><span style=\"font-weight: 400;\">\u00a0unik?<\/span><\/li><li style=\"font-weight: 400;\" aria-level=\"1\"><span style=\"font-weight: 400;\">Finns andra l\u00f6sningar?<\/span><\/li><li style=\"font-weight: 400;\" aria-level=\"1\"><span style=\"font-weight: 400;\">\u00c4r f\u00f6retagets teknologier b\u00e4ttre \u00e4n andras l\u00f6sningar?<\/span><\/li><li style=\"font-weight: 400;\" aria-level=\"1\"><span style=\"font-weight: 400;\">Finns det n\u00e5gra intr\u00e5ngsrisker?<\/span><\/li><\/ul><p>\u00a0<\/p><h2><span style=\"font-weight: 400;\">N\u00e4r b\u00f6r i tiden b\u00f6r man g\u00f6r en s\u00e5dan utv\u00e4rdering?<\/span><\/h2><p><span style=\"font-weight: 400;\">Det finns flera tillf\u00e4llen n\u00e4r man b\u00f6r g\u00f6ra sj\u00e4lva utv\u00e4rderingen. Vanliga fall \u00e4r exempelvis innan en enskild investerare eller ett bolag vill g\u00f6ra en investering i f\u00f6retaget. Det kan ocks\u00e5 ske innan M&amp;A eller andra typer av aff\u00e4rstransaktioner som involverar ett f\u00f6retag och dess produkter och teknologier. Om ett f\u00f6retag skall f\u00f6rv\u00e4rvas eller om flera f\u00f6retag skall sl\u00e5s ihop kan en s\u00e5dan h\u00e4r utv\u00e4rdering vara mycket avg\u00f6rande att genomf\u00f6ra. Det ger ocks\u00e5 en stark fingervisning p\u00e5 vilka tillg\u00e5ngar f\u00f6retaget har i nul\u00e4get samt vad v\u00e4rdet p\u00e5 dessa \u00e4r.<\/span><\/p><p><a href=\"https:\/\/patentest.com\/sv\/kontakta-oss\/\"><span style=\"font-weight: 400;\">Kontakta oss\u00a0<\/span><\/a>redan idag <span style=\"font-weight: 400;\">eller\u00a0<\/span><a href=\"https:\/\/patentest.com\/sv\/bestall-fran-oss\/\"><span style=\"font-weight: 400;\">ladda upp din information\u00a0<\/span><\/a><span style=\"font-weight: 400;\">f\u00f6r att f\u00e5 ett prisf\u00f6rslag. Vi s\u00e4kerst\u00e4ller att du f\u00e5r ut s\u00e5 mycket som m\u00f6jligt av din IP Due diligence.<\/span><\/p><p>Vill du veta mer om vilka tj\u00e4nster vi erbjuder? L\u00e4s d\u00e5 \u00e4ven g\u00e4rna mer om n\u00e5gra av v\u00e5ra andra tj\u00e4nster s\u00e5som exempelvis <a href=\"https:\/\/patentest.com\/sv\/fto-freedom-to-operate\/\">Freedom to operate<\/a> och <a href=\"https:\/\/patentest.com\/sv\/state-of-the-art-sokning\/\">State of the art<\/a>.<\/p>\t\t\t\t\t\t\t\t<\/div>\n\t\t\t\t<\/div>\n\t\t\t\t\t<\/div>\n\t\t<\/div>\n\t\t\t\t\t<\/div>\n\t\t<\/section>\n\t\t\t\t<section class=\"elementor-section elementor-top-section elementor-element elementor-element-a6794e0 elementor-section-boxed elementor-section-height-default elementor-section-height-default\" data-id=\"a6794e0\" data-element_type=\"section\" data-e-type=\"section\">\n\t\t\t\t\t\t<div class=\"elementor-container elementor-column-gap-default\">\n\t\t\t\t\t<div class=\"elementor-column elementor-col-100 elementor-top-column elementor-element elementor-element-4e178bf\" data-id=\"4e178bf\" data-element_type=\"column\" data-e-type=\"column\">\n\t\t\t<div class=\"elementor-widget-wrap elementor-element-populated\">\n\t\t\t\t\t\t<div class=\"elementor-element elementor-element-a7f6cd6 elementor-widget elementor-widget-image\" data-id=\"a7f6cd6\" data-element_type=\"widget\" data-e-type=\"widget\" data-widget_type=\"image.default\">\n\t\t\t\t<div class=\"elementor-widget-container\">\n\t\t\t\t\t\t\t\t\t\t\t\t\t\t\t<img fetchpriority=\"high\" decoding=\"async\" width=\"800\" height=\"534\" src=\"https:\/\/patentest.com\/wp-content\/uploads\/2020\/12\/ip-due-diligence-immateriella-tillgangar-2.jpeg\" class=\"attachment-large size-large wp-image-6551\" alt=\"Due Diligence\" srcset=\"https:\/\/patentest.com\/wp-content\/uploads\/2020\/12\/ip-due-diligence-immateriella-tillgangar-2.jpeg 900w, https:\/\/patentest.com\/wp-content\/uploads\/2020\/12\/ip-due-diligence-immateriella-tillgangar-2-300x200.jpeg 300w, https:\/\/patentest.com\/wp-content\/uploads\/2020\/12\/ip-due-diligence-immateriella-tillgangar-2-768x513.jpeg 768w\" sizes=\"(max-width: 800px) 100vw, 800px\" \/>\t\t\t\t\t\t\t\t\t\t\t\t\t\t\t<\/div>\n\t\t\t\t<\/div>\n\t\t\t\t\t<\/div>\n\t\t<\/div>\n\t\t\t\t\t<\/div>\n\t\t<\/section>\n\t\t\t\t<\/div>\n\t\t","protected":false},"excerpt":{"rendered":"<p>IP Due Diligence \u00e4r en utv\u00e4rdering av Immaterialr\u00e4tter och teknologier i ett f\u00f6retag Vad \u00e4r en IP Due Diligence? En IP Due Diligence \u00e4r en utv\u00e4rdering av ett f\u00f6retags immaterialr\u00e4tt och teknologier. Denna typ av utv\u00e4rdering brukar ofta g\u00f6ras innan en investering, M&amp;A eller annan aff\u00e4rstransaktion skall \u00e4ga rum. En IP Due Diligence \u00e4r framtagen [&hellip;]<\/p>\n","protected":false},"author":3,"featured_media":6551,"parent":0,"menu_order":0,"comment_status":"closed","ping_status":"closed","template":"","meta":{"footnotes":""},"class_list":["post-5645","page","type-page","status-publish","has-post-thumbnail","hentry"],"yoast_head":"<!-- This site is optimized with the Yoast SEO plugin v27.1.1 - https:\/\/yoast.com\/product\/yoast-seo-wordpress\/ -->\n<title>Utv\u00e4rdera ditt f\u00f6retags eller produkts immaterialr\u00e4tt med IP Due Diligence<\/title>\n<meta name=\"description\" content=\"IP Due Diligence \u00e4r en utv\u00e4rdering av immaterialr\u00e4tt och teknologier i ett f\u00f6retag. Ta reda p\u00e5 mer hur vi p\u00e5 Patentest kan hj\u00e4lpa dig.\" \/>\n<meta name=\"robots\" content=\"index, follow, max-snippet:-1, max-image-preview:large, max-video-preview:-1\" \/>\n<link rel=\"canonical\" href=\"https:\/\/patentest.com\/sv\/ip-due-diligence\/\" \/>\n<meta property=\"og:locale\" content=\"sv_SE\" \/>\n<meta property=\"og:type\" content=\"article\" \/>\n<meta property=\"og:title\" content=\"Utv\u00e4rdera ditt f\u00f6retags eller produkts immaterialr\u00e4tt med IP Due Diligence\" \/>\n<meta property=\"og:description\" content=\"IP Due Diligence \u00e4r en utv\u00e4rdering av immaterialr\u00e4tt och teknologier i ett f\u00f6retag. Ta reda p\u00e5 mer hur vi p\u00e5 Patentest kan hj\u00e4lpa dig.\" \/>\n<meta property=\"og:url\" content=\"https:\/\/patentest.com\/sv\/ip-due-diligence\/\" \/>\n<meta property=\"og:site_name\" content=\"Patentest\" \/>\n<meta property=\"article:publisher\" content=\"https:\/\/www.facebook.com\/newtone.patent.search\/\" \/>\n<meta property=\"article:modified_time\" content=\"2021-08-05T08:50:43+00:00\" \/>\n<meta property=\"og:image\" content=\"https:\/\/patentest.com\/wp-content\/uploads\/2020\/12\/ip-due-diligence-immateriella-tillgangar-2.jpeg\" \/>\n\t<meta property=\"og:image:width\" content=\"900\" \/>\n\t<meta property=\"og:image:height\" content=\"601\" \/>\n\t<meta property=\"og:image:type\" content=\"image\/jpeg\" \/>\n<meta name=\"twitter:card\" content=\"summary_large_image\" \/>\n<meta name=\"twitter:label1\" content=\"Ber\u00e4knad l\u00e4stid\" \/>\n\t<meta name=\"twitter:data1\" content=\"2 minuter\" \/>\n<script type=\"application\/ld+json\" class=\"yoast-schema-graph\">{\"@context\":\"https:\/\/schema.org\",\"@graph\":[{\"@type\":\"WebPage\",\"@id\":\"https:\/\/patentest.com\/sv\/ip-due-diligence\/\",\"url\":\"https:\/\/patentest.com\/sv\/ip-due-diligence\/\",\"name\":\"Utv\u00e4rdera ditt f\u00f6retags eller produkts immaterialr\u00e4tt med IP Due Diligence\",\"isPartOf\":{\"@id\":\"https:\/\/patentest.com\/sv\/#website\"},\"primaryImageOfPage\":{\"@id\":\"https:\/\/patentest.com\/sv\/ip-due-diligence\/#primaryimage\"},\"image\":{\"@id\":\"https:\/\/patentest.com\/sv\/ip-due-diligence\/#primaryimage\"},\"thumbnailUrl\":\"https:\/\/patentest.com\/wp-content\/uploads\/2020\/12\/ip-due-diligence-immateriella-tillgangar-2.jpeg\",\"datePublished\":\"2020-01-27T12:32:44+00:00\",\"dateModified\":\"2021-08-05T08:50:43+00:00\",\"description\":\"IP Due Diligence \u00e4r en utv\u00e4rdering av immaterialr\u00e4tt och teknologier i ett f\u00f6retag. Ta reda p\u00e5 mer hur vi p\u00e5 Patentest kan hj\u00e4lpa dig.\",\"breadcrumb\":{\"@id\":\"https:\/\/patentest.com\/sv\/ip-due-diligence\/#breadcrumb\"},\"inLanguage\":\"sv-SE\",\"potentialAction\":[{\"@type\":\"ReadAction\",\"target\":[\"https:\/\/patentest.com\/sv\/ip-due-diligence\/\"]}]},{\"@type\":\"ImageObject\",\"inLanguage\":\"sv-SE\",\"@id\":\"https:\/\/patentest.com\/sv\/ip-due-diligence\/#primaryimage\",\"url\":\"https:\/\/patentest.com\/wp-content\/uploads\/2020\/12\/ip-due-diligence-immateriella-tillgangar-2.jpeg\",\"contentUrl\":\"https:\/\/patentest.com\/wp-content\/uploads\/2020\/12\/ip-due-diligence-immateriella-tillgangar-2.jpeg\",\"width\":900,\"height\":601,\"caption\":\"Due Diligence\"},{\"@type\":\"BreadcrumbList\",\"@id\":\"https:\/\/patentest.com\/sv\/ip-due-diligence\/#breadcrumb\",\"itemListElement\":[{\"@type\":\"ListItem\",\"position\":1,\"name\":\"Home page\",\"item\":\"https:\/\/patentest.com\/sv\/\"},{\"@type\":\"ListItem\",\"position\":2,\"name\":\"IP Due Diligence\"}]},{\"@type\":\"WebSite\",\"@id\":\"https:\/\/patentest.com\/sv\/#website\",\"url\":\"https:\/\/patentest.com\/sv\/\",\"name\":\"Patentest\",\"description\":\"Your first step towards a registered patent\",\"potentialAction\":[{\"@type\":\"SearchAction\",\"target\":{\"@type\":\"EntryPoint\",\"urlTemplate\":\"https:\/\/patentest.com\/sv\/?s={search_term_string}\"},\"query-input\":{\"@type\":\"PropertyValueSpecification\",\"valueRequired\":true,\"valueName\":\"search_term_string\"}}],\"inLanguage\":\"sv-SE\"}]}<\/script>\n<!-- \/ Yoast SEO plugin. -->","yoast_head_json":{"title":"Utv\u00e4rdera ditt f\u00f6retags eller produkts immaterialr\u00e4tt med IP Due Diligence","description":"IP Due Diligence \u00e4r en utv\u00e4rdering av immaterialr\u00e4tt och teknologier i ett f\u00f6retag. Ta reda p\u00e5 mer hur vi p\u00e5 Patentest kan hj\u00e4lpa dig.","robots":{"index":"index","follow":"follow","max-snippet":"max-snippet:-1","max-image-preview":"max-image-preview:large","max-video-preview":"max-video-preview:-1"},"canonical":"https:\/\/patentest.com\/sv\/ip-due-diligence\/","og_locale":"sv_SE","og_type":"article","og_title":"Utv\u00e4rdera ditt f\u00f6retags eller produkts immaterialr\u00e4tt med IP Due Diligence","og_description":"IP Due Diligence \u00e4r en utv\u00e4rdering av immaterialr\u00e4tt och teknologier i ett f\u00f6retag. Ta reda p\u00e5 mer hur vi p\u00e5 Patentest kan hj\u00e4lpa dig.","og_url":"https:\/\/patentest.com\/sv\/ip-due-diligence\/","og_site_name":"Patentest","article_publisher":"https:\/\/www.facebook.com\/newtone.patent.search\/","article_modified_time":"2021-08-05T08:50:43+00:00","og_image":[{"width":900,"height":601,"url":"https:\/\/patentest.com\/wp-content\/uploads\/2020\/12\/ip-due-diligence-immateriella-tillgangar-2.jpeg","type":"image\/jpeg"}],"twitter_card":"summary_large_image","twitter_misc":{"Ber\u00e4knad l\u00e4stid":"2 minuter"},"schema":{"@context":"https:\/\/schema.org","@graph":[{"@type":"WebPage","@id":"https:\/\/patentest.com\/sv\/ip-due-diligence\/","url":"https:\/\/patentest.com\/sv\/ip-due-diligence\/","name":"Utv\u00e4rdera ditt f\u00f6retags eller produkts immaterialr\u00e4tt med IP Due Diligence","isPartOf":{"@id":"https:\/\/patentest.com\/sv\/#website"},"primaryImageOfPage":{"@id":"https:\/\/patentest.com\/sv\/ip-due-diligence\/#primaryimage"},"image":{"@id":"https:\/\/patentest.com\/sv\/ip-due-diligence\/#primaryimage"},"thumbnailUrl":"https:\/\/patentest.com\/wp-content\/uploads\/2020\/12\/ip-due-diligence-immateriella-tillgangar-2.jpeg","datePublished":"2020-01-27T12:32:44+00:00","dateModified":"2021-08-05T08:50:43+00:00","description":"IP Due Diligence \u00e4r en utv\u00e4rdering av immaterialr\u00e4tt och teknologier i ett f\u00f6retag. Ta reda p\u00e5 mer hur vi p\u00e5 Patentest kan hj\u00e4lpa dig.","breadcrumb":{"@id":"https:\/\/patentest.com\/sv\/ip-due-diligence\/#breadcrumb"},"inLanguage":"sv-SE","potentialAction":[{"@type":"ReadAction","target":["https:\/\/patentest.com\/sv\/ip-due-diligence\/"]}]},{"@type":"ImageObject","inLanguage":"sv-SE","@id":"https:\/\/patentest.com\/sv\/ip-due-diligence\/#primaryimage","url":"https:\/\/patentest.com\/wp-content\/uploads\/2020\/12\/ip-due-diligence-immateriella-tillgangar-2.jpeg","contentUrl":"https:\/\/patentest.com\/wp-content\/uploads\/2020\/12\/ip-due-diligence-immateriella-tillgangar-2.jpeg","width":900,"height":601,"caption":"Due Diligence"},{"@type":"BreadcrumbList","@id":"https:\/\/patentest.com\/sv\/ip-due-diligence\/#breadcrumb","itemListElement":[{"@type":"ListItem","position":1,"name":"Home page","item":"https:\/\/patentest.com\/sv\/"},{"@type":"ListItem","position":2,"name":"IP Due Diligence"}]},{"@type":"WebSite","@id":"https:\/\/patentest.com\/sv\/#website","url":"https:\/\/patentest.com\/sv\/","name":"Patentest","description":"Your first step towards a registered patent","potentialAction":[{"@type":"SearchAction","target":{"@type":"EntryPoint","urlTemplate":"https:\/\/patentest.com\/sv\/?s={search_term_string}"},"query-input":{"@type":"PropertyValueSpecification","valueRequired":true,"valueName":"search_term_string"}}],"inLanguage":"sv-SE"}]}},"_links":{"self":[{"href":"https:\/\/patentest.com\/sv\/wp-json\/wp\/v2\/pages\/5645","targetHints":{"allow":["GET"]}}],"collection":[{"href":"https:\/\/patentest.com\/sv\/wp-json\/wp\/v2\/pages"}],"about":[{"href":"https:\/\/patentest.com\/sv\/wp-json\/wp\/v2\/types\/page"}],"author":[{"embeddable":true,"href":"https:\/\/patentest.com\/sv\/wp-json\/wp\/v2\/users\/3"}],"replies":[{"embeddable":true,"href":"https:\/\/patentest.com\/sv\/wp-json\/wp\/v2\/comments?post=5645"}],"version-history":[{"count":21,"href":"https:\/\/patentest.com\/sv\/wp-json\/wp\/v2\/pages\/5645\/revisions"}],"predecessor-version":[{"id":7400,"href":"https:\/\/patentest.com\/sv\/wp-json\/wp\/v2\/pages\/5645\/revisions\/7400"}],"wp:featuredmedia":[{"embeddable":true,"href":"https:\/\/patentest.com\/sv\/wp-json\/wp\/v2\/media\/6551"}],"wp:attachment":[{"href":"https:\/\/patentest.com\/sv\/wp-json\/wp\/v2\/media?parent=5645"}],"curies":[{"name":"wp","href":"https:\/\/api.w.org\/{rel}","templated":true}]}}