{"id":5641,"date":"2020-01-27T14:33:24","date_gmt":"2020-01-27T12:33:24","guid":{"rendered":"https:\/\/patentest.com\/intellectual-property-ip-strategy\/"},"modified":"2021-08-05T12:10:21","modified_gmt":"2021-08-05T09:10:21","slug":"strategi-immaterialratt","status":"publish","type":"page","link":"https:\/\/patentest.com\/sv\/strategi-immaterialratt\/","title":{"rendered":"Intellectual Property (IP) Strategi &#8211; Immaterialr\u00e4tt"},"content":{"rendered":"\t\t<div data-elementor-type=\"wp-post\" data-elementor-id=\"5641\" class=\"elementor elementor-5641 elementor-3237\" data-elementor-post-type=\"page\">\n\t\t\t\t\t\t<section class=\"elementor-section elementor-top-section elementor-element elementor-element-a7b97ea elementor-section-boxed elementor-section-height-default elementor-section-height-default\" data-id=\"a7b97ea\" data-element_type=\"section\" data-e-type=\"section\">\n\t\t\t\t\t\t<div class=\"elementor-container elementor-column-gap-default\">\n\t\t\t\t\t<div class=\"elementor-column elementor-col-100 elementor-top-column elementor-element elementor-element-9a3ce40\" data-id=\"9a3ce40\" data-element_type=\"column\" data-e-type=\"column\">\n\t\t\t<div class=\"elementor-widget-wrap elementor-element-populated\">\n\t\t\t\t\t\t<div class=\"elementor-element elementor-element-ab83b52 elementor-widget elementor-widget-text-editor\" data-id=\"ab83b52\" data-element_type=\"widget\" data-e-type=\"widget\" data-widget_type=\"text-editor.default\">\n\t\t\t\t<div class=\"elementor-widget-container\">\n\t\t\t\t\t\t\t\t\t<h2><span style=\"font-weight: 400;\">Planera f\u00f6r framg\u00e5ng genom IP(Intellectual Property)<\/span><\/h2><h3><span style=\"font-weight: 400;\">Vad \u00e4r IP Strategi och immaterialr\u00e4tt?<\/span><\/h3><p><span style=\"font-weight: 400;\">Som f\u00f6retagare arbetar du varje dag med varum\u00e4rken, patent, design, <a href=\"https:\/\/www.prv.se\/sv\/kunskap-och-stod\/vanliga-ord-och-begrepp\/copyright\/\">copyright<\/a> och avtal. En strategi f\u00f6r IP och immaterialr\u00e4tt \u00e4r utformad f\u00f6r att samordna nyttan av dessa r\u00e4ttigheter f\u00f6r att ditt f\u00f6retag ska kunna verka maximalt l\u00f6nsamt inom ditt omr\u00e5de. En IP-strategi ska st\u00f6dja din aff\u00e4rsplan och aff\u00e4rsmodell.<\/span><\/p><h3><span style=\"font-weight: 400;\">Varf\u00f6r \u00e4r det viktigt att ha en IP Strategi?<\/span><\/h3><p><span style=\"font-weight: 400;\">Om ditt f\u00f6retag skapar n\u00e5got som kan ha v\u00e4rde och kan \u00e4gas kan det vara klokt att \u00f6verv\u00e4ga en strategi f\u00f6r hur och n\u00e4r man ska skydda det. Att skapa en IP-strategi hj\u00e4lper dig att se till att du tar vara p\u00e5 alla m\u00f6jligheter, maximerar din potential eller inte uts\u00e4tter dig f\u00f6r on\u00f6diga risker.<\/span><\/p><h3><span style=\"font-weight: 400;\">N\u00e4r \u00e4r det dags att skaffa en IP Strategi?<\/span><\/h3><p><span style=\"font-weight: 400;\">Det \u00e4r aldrig f\u00f6r sent att skaffa en IP-strategi, men ju tidigare du g\u00f6r det desto b\u00e4ttre. Genom att analysera och skapa en tydlig IP-strategi under de tidigare faserna i ett f\u00f6retag kan du \u00f6verv\u00e4ga de b\u00e4sta alternativen f\u00f6r ditt f\u00f6retag.<\/span><\/p><h3><span style=\"font-weight: 400;\">En strategi f\u00f6r immaterialr\u00e4tt (IP) b\u00f6r diskuteras n\u00e4r:<\/span><\/h3><ol><li><span style=\"font-weight: 400;\">N\u00e4r du startar ditt f\u00f6retag<\/span><\/li><li><span style=\"font-weight: 400;\">N\u00e4r du utvecklar din aff\u00e4rsplan\/modell<\/span><\/li><li><span style=\"font-weight: 400;\">Innan du importerar eller exporterar dina produkter<\/span><\/li><li><span style=\"font-weight: 400;\">N\u00e4r du v\u00e4xer och anst\u00e4ller \u00f6kar du risken f\u00f6r att avsl\u00f6ja din IP<\/span><\/li><li><span style=\"font-weight: 400;\">N\u00e4r du funderar p\u00e5 en f\u00f6r\u00e4ndring i din f\u00f6retagsstruktur.<\/span><\/li><\/ol><p><a href=\"https:\/\/patentest.com\/sv\/kontakta-oss\"><span style=\"font-weight: 400;\">Kontakta oss<\/span><\/a><span style=\"font-weight: 400;\">\u00a0f\u00f6r mer information kring hur vi kan hj\u00e4lpa dig samt f\u00f6r prisf\u00f6rslag.\u00a0\u00a0<\/span><\/p><p>Ta \u00e4ven en titt p\u00e5 v\u00e5ra andra tj\u00e4nster vi erbjuder, s\u00e5som\u00a0<a href=\"https:\/\/patentest.com\/sv\/ip-due-diligence\/\" target=\"_blank\" rel=\"noopener\">IP Due Diligence\u00a0<\/a>och\u00a0<a href=\"https:\/\/patentest.com\/sv\/patentlandskap-2\/\" target=\"_blank\" rel=\"noopener\">Patentlandskap.<\/a>\u00a0<\/p>\t\t\t\t\t\t\t\t<\/div>\n\t\t\t\t<\/div>\n\t\t\t\t\t<\/div>\n\t\t<\/div>\n\t\t\t\t\t<\/div>\n\t\t<\/section>\n\t\t\t\t<section class=\"elementor-section elementor-top-section elementor-element elementor-element-c22e2f0 elementor-section-boxed elementor-section-height-default elementor-section-height-default\" data-id=\"c22e2f0\" data-element_type=\"section\" data-e-type=\"section\">\n\t\t\t\t\t\t<div class=\"elementor-container elementor-column-gap-default\">\n\t\t\t\t\t<div class=\"elementor-column elementor-col-100 elementor-top-column elementor-element elementor-element-5a46674\" data-id=\"5a46674\" data-element_type=\"column\" data-e-type=\"column\">\n\t\t\t<div class=\"elementor-widget-wrap elementor-element-populated\">\n\t\t\t\t\t\t<div class=\"elementor-element elementor-element-3000822 elementor-widget elementor-widget-image\" data-id=\"3000822\" data-element_type=\"widget\" data-e-type=\"widget\" data-widget_type=\"image.default\">\n\t\t\t\t<div class=\"elementor-widget-container\">\n\t\t\t\t\t\t\t\t\t\t\t\t\t\t\t<img fetchpriority=\"high\" decoding=\"async\" width=\"800\" height=\"533\" src=\"https:\/\/patentest.com\/wp-content\/uploads\/2020\/12\/Immaterialratt-Innovation-1-1024x682.jpeg\" class=\"attachment-large size-large wp-image-6558\" alt=\"Immaterialr\u00e4tt Innovation\" srcset=\"https:\/\/patentest.com\/wp-content\/uploads\/2020\/12\/Immaterialratt-Innovation-1-1024x682.jpeg 1024w, https:\/\/patentest.com\/wp-content\/uploads\/2020\/12\/Immaterialratt-Innovation-1-300x200.jpeg 300w, https:\/\/patentest.com\/wp-content\/uploads\/2020\/12\/Immaterialratt-Innovation-1-768x512.jpeg 768w, https:\/\/patentest.com\/wp-content\/uploads\/2020\/12\/Immaterialratt-Innovation-1-1536x1024.jpeg 1536w, https:\/\/patentest.com\/wp-content\/uploads\/2020\/12\/Immaterialratt-Innovation-1-2048x1365.jpeg 2048w, https:\/\/patentest.com\/wp-content\/uploads\/2020\/12\/Immaterialratt-Innovation-1-scaled-e1628152597489.jpeg 1400w\" sizes=\"(max-width: 800px) 100vw, 800px\" \/>\t\t\t\t\t\t\t\t\t\t\t\t\t\t\t<\/div>\n\t\t\t\t<\/div>\n\t\t\t\t\t<\/div>\n\t\t<\/div>\n\t\t\t\t\t<\/div>\n\t\t<\/section>\n\t\t\t\t<\/div>\n\t\t","protected":false},"excerpt":{"rendered":"<p>Planera f\u00f6r framg\u00e5ng genom IP(Intellectual Property) Vad \u00e4r IP Strategi och immaterialr\u00e4tt? Som f\u00f6retagare arbetar du varje dag med varum\u00e4rken, patent, design, copyright och avtal. En strategi f\u00f6r IP och immaterialr\u00e4tt \u00e4r utformad f\u00f6r att samordna nyttan av dessa r\u00e4ttigheter f\u00f6r att ditt f\u00f6retag ska kunna verka maximalt l\u00f6nsamt inom ditt omr\u00e5de. En IP-strategi ska [&hellip;]<\/p>\n","protected":false},"author":3,"featured_media":6556,"parent":0,"menu_order":0,"comment_status":"closed","ping_status":"closed","template":"","meta":{"footnotes":""},"class_list":["post-5641","page","type-page","status-publish","has-post-thumbnail","hentry"],"yoast_head":"<!-- This site is optimized with the Yoast SEO plugin v27.1.1 - https:\/\/yoast.com\/product\/yoast-seo-wordpress\/ -->\n<title>F\u00e5 hj\u00e4lp med strategi &amp; licensavtal f\u00f6r immaterialr\u00e4tt och din innovation<\/title>\n<meta name=\"description\" content=\"Om din id\u00e9 eller innovation \u00e4r redo f\u00f6r kommersialisering kan vi p\u00e5 Patentest hj\u00e4lpa dig med licensavtal f\u00f6r immaterialr\u00e4tt &amp; kommersiell strategi\" \/>\n<meta name=\"robots\" content=\"index, follow, max-snippet:-1, max-image-preview:large, max-video-preview:-1\" \/>\n<link rel=\"canonical\" href=\"https:\/\/patentest.com\/sv\/strategi-immaterialratt\/\" \/>\n<meta property=\"og:locale\" content=\"sv_SE\" \/>\n<meta property=\"og:type\" content=\"article\" \/>\n<meta property=\"og:title\" content=\"F\u00e5 hj\u00e4lp med strategi &amp; licensavtal f\u00f6r immaterialr\u00e4tt och din innovation\" \/>\n<meta property=\"og:description\" content=\"Om din id\u00e9 eller innovation \u00e4r redo f\u00f6r kommersialisering kan vi p\u00e5 Patentest hj\u00e4lpa dig med licensavtal f\u00f6r immaterialr\u00e4tt &amp; kommersiell strategi\" \/>\n<meta property=\"og:url\" content=\"https:\/\/patentest.com\/sv\/strategi-immaterialratt\/\" \/>\n<meta property=\"og:site_name\" content=\"Patentest\" \/>\n<meta property=\"article:publisher\" content=\"https:\/\/www.facebook.com\/newtone.patent.search\/\" \/>\n<meta property=\"article:modified_time\" content=\"2021-08-05T09:10:21+00:00\" \/>\n<meta property=\"og:image\" content=\"https:\/\/patentest.com\/wp-content\/uploads\/2020\/12\/Immaterialratt-Innovation-scaled.jpeg\" \/>\n\t<meta property=\"og:image:width\" content=\"2560\" \/>\n\t<meta property=\"og:image:height\" content=\"1706\" \/>\n\t<meta property=\"og:image:type\" content=\"image\/jpeg\" \/>\n<meta name=\"twitter:card\" content=\"summary_large_image\" \/>\n<meta name=\"twitter:label1\" content=\"Ber\u00e4knad l\u00e4stid\" \/>\n\t<meta name=\"twitter:data1\" content=\"2 minuter\" \/>\n<script type=\"application\/ld+json\" class=\"yoast-schema-graph\">{\"@context\":\"https:\/\/schema.org\",\"@graph\":[{\"@type\":\"WebPage\",\"@id\":\"https:\/\/patentest.com\/sv\/strategi-immaterialratt\/\",\"url\":\"https:\/\/patentest.com\/sv\/strategi-immaterialratt\/\",\"name\":\"F\u00e5 hj\u00e4lp med strategi & licensavtal f\u00f6r immaterialr\u00e4tt och din innovation\",\"isPartOf\":{\"@id\":\"https:\/\/patentest.com\/sv\/#website\"},\"primaryImageOfPage\":{\"@id\":\"https:\/\/patentest.com\/sv\/strategi-immaterialratt\/#primaryimage\"},\"image\":{\"@id\":\"https:\/\/patentest.com\/sv\/strategi-immaterialratt\/#primaryimage\"},\"thumbnailUrl\":\"https:\/\/patentest.com\/wp-content\/uploads\/2020\/12\/Immaterialratt-Innovation-scaled.jpeg\",\"datePublished\":\"2020-01-27T12:33:24+00:00\",\"dateModified\":\"2021-08-05T09:10:21+00:00\",\"description\":\"Om din id\u00e9 eller innovation \u00e4r redo f\u00f6r kommersialisering kan vi p\u00e5 Patentest hj\u00e4lpa dig med licensavtal f\u00f6r immaterialr\u00e4tt & kommersiell strategi\",\"breadcrumb\":{\"@id\":\"https:\/\/patentest.com\/sv\/strategi-immaterialratt\/#breadcrumb\"},\"inLanguage\":\"sv-SE\",\"potentialAction\":[{\"@type\":\"ReadAction\",\"target\":[\"https:\/\/patentest.com\/sv\/strategi-immaterialratt\/\"]}]},{\"@type\":\"ImageObject\",\"inLanguage\":\"sv-SE\",\"@id\":\"https:\/\/patentest.com\/sv\/strategi-immaterialratt\/#primaryimage\",\"url\":\"https:\/\/patentest.com\/wp-content\/uploads\/2020\/12\/Immaterialratt-Innovation-scaled.jpeg\",\"contentUrl\":\"https:\/\/patentest.com\/wp-content\/uploads\/2020\/12\/Immaterialratt-Innovation-scaled.jpeg\",\"width\":2560,\"height\":1706,\"caption\":\"Immaterialr\u00e4tt Innovation\"},{\"@type\":\"BreadcrumbList\",\"@id\":\"https:\/\/patentest.com\/sv\/strategi-immaterialratt\/#breadcrumb\",\"itemListElement\":[{\"@type\":\"ListItem\",\"position\":1,\"name\":\"Home page\",\"item\":\"https:\/\/patentest.com\/sv\/\"},{\"@type\":\"ListItem\",\"position\":2,\"name\":\"Intellectual Property (IP) Strategi &#8211; Immaterialr\u00e4tt\"}]},{\"@type\":\"WebSite\",\"@id\":\"https:\/\/patentest.com\/sv\/#website\",\"url\":\"https:\/\/patentest.com\/sv\/\",\"name\":\"Patentest\",\"description\":\"Your first step towards a registered patent\",\"potentialAction\":[{\"@type\":\"SearchAction\",\"target\":{\"@type\":\"EntryPoint\",\"urlTemplate\":\"https:\/\/patentest.com\/sv\/?s={search_term_string}\"},\"query-input\":{\"@type\":\"PropertyValueSpecification\",\"valueRequired\":true,\"valueName\":\"search_term_string\"}}],\"inLanguage\":\"sv-SE\"}]}<\/script>\n<!-- \/ Yoast SEO plugin. -->","yoast_head_json":{"title":"F\u00e5 hj\u00e4lp med strategi & licensavtal f\u00f6r immaterialr\u00e4tt och din innovation","description":"Om din id\u00e9 eller innovation \u00e4r redo f\u00f6r kommersialisering kan vi p\u00e5 Patentest hj\u00e4lpa dig med licensavtal f\u00f6r immaterialr\u00e4tt & kommersiell strategi","robots":{"index":"index","follow":"follow","max-snippet":"max-snippet:-1","max-image-preview":"max-image-preview:large","max-video-preview":"max-video-preview:-1"},"canonical":"https:\/\/patentest.com\/sv\/strategi-immaterialratt\/","og_locale":"sv_SE","og_type":"article","og_title":"F\u00e5 hj\u00e4lp med strategi & licensavtal f\u00f6r immaterialr\u00e4tt och din innovation","og_description":"Om din id\u00e9 eller innovation \u00e4r redo f\u00f6r kommersialisering kan vi p\u00e5 Patentest hj\u00e4lpa dig med licensavtal f\u00f6r immaterialr\u00e4tt & kommersiell strategi","og_url":"https:\/\/patentest.com\/sv\/strategi-immaterialratt\/","og_site_name":"Patentest","article_publisher":"https:\/\/www.facebook.com\/newtone.patent.search\/","article_modified_time":"2021-08-05T09:10:21+00:00","og_image":[{"width":2560,"height":1706,"url":"https:\/\/patentest.com\/wp-content\/uploads\/2020\/12\/Immaterialratt-Innovation-scaled.jpeg","type":"image\/jpeg"}],"twitter_card":"summary_large_image","twitter_misc":{"Ber\u00e4knad l\u00e4stid":"2 minuter"},"schema":{"@context":"https:\/\/schema.org","@graph":[{"@type":"WebPage","@id":"https:\/\/patentest.com\/sv\/strategi-immaterialratt\/","url":"https:\/\/patentest.com\/sv\/strategi-immaterialratt\/","name":"F\u00e5 hj\u00e4lp med strategi & licensavtal f\u00f6r immaterialr\u00e4tt och din innovation","isPartOf":{"@id":"https:\/\/patentest.com\/sv\/#website"},"primaryImageOfPage":{"@id":"https:\/\/patentest.com\/sv\/strategi-immaterialratt\/#primaryimage"},"image":{"@id":"https:\/\/patentest.com\/sv\/strategi-immaterialratt\/#primaryimage"},"thumbnailUrl":"https:\/\/patentest.com\/wp-content\/uploads\/2020\/12\/Immaterialratt-Innovation-scaled.jpeg","datePublished":"2020-01-27T12:33:24+00:00","dateModified":"2021-08-05T09:10:21+00:00","description":"Om din id\u00e9 eller innovation \u00e4r redo f\u00f6r kommersialisering kan vi p\u00e5 Patentest hj\u00e4lpa dig med licensavtal f\u00f6r immaterialr\u00e4tt & kommersiell strategi","breadcrumb":{"@id":"https:\/\/patentest.com\/sv\/strategi-immaterialratt\/#breadcrumb"},"inLanguage":"sv-SE","potentialAction":[{"@type":"ReadAction","target":["https:\/\/patentest.com\/sv\/strategi-immaterialratt\/"]}]},{"@type":"ImageObject","inLanguage":"sv-SE","@id":"https:\/\/patentest.com\/sv\/strategi-immaterialratt\/#primaryimage","url":"https:\/\/patentest.com\/wp-content\/uploads\/2020\/12\/Immaterialratt-Innovation-scaled.jpeg","contentUrl":"https:\/\/patentest.com\/wp-content\/uploads\/2020\/12\/Immaterialratt-Innovation-scaled.jpeg","width":2560,"height":1706,"caption":"Immaterialr\u00e4tt Innovation"},{"@type":"BreadcrumbList","@id":"https:\/\/patentest.com\/sv\/strategi-immaterialratt\/#breadcrumb","itemListElement":[{"@type":"ListItem","position":1,"name":"Home page","item":"https:\/\/patentest.com\/sv\/"},{"@type":"ListItem","position":2,"name":"Intellectual Property (IP) Strategi &#8211; Immaterialr\u00e4tt"}]},{"@type":"WebSite","@id":"https:\/\/patentest.com\/sv\/#website","url":"https:\/\/patentest.com\/sv\/","name":"Patentest","description":"Your first step towards a registered patent","potentialAction":[{"@type":"SearchAction","target":{"@type":"EntryPoint","urlTemplate":"https:\/\/patentest.com\/sv\/?s={search_term_string}"},"query-input":{"@type":"PropertyValueSpecification","valueRequired":true,"valueName":"search_term_string"}}],"inLanguage":"sv-SE"}]}},"_links":{"self":[{"href":"https:\/\/patentest.com\/sv\/wp-json\/wp\/v2\/pages\/5641","targetHints":{"allow":["GET"]}}],"collection":[{"href":"https:\/\/patentest.com\/sv\/wp-json\/wp\/v2\/pages"}],"about":[{"href":"https:\/\/patentest.com\/sv\/wp-json\/wp\/v2\/types\/page"}],"author":[{"embeddable":true,"href":"https:\/\/patentest.com\/sv\/wp-json\/wp\/v2\/users\/3"}],"replies":[{"embeddable":true,"href":"https:\/\/patentest.com\/sv\/wp-json\/wp\/v2\/comments?post=5641"}],"version-history":[{"count":25,"href":"https:\/\/patentest.com\/sv\/wp-json\/wp\/v2\/pages\/5641\/revisions"}],"predecessor-version":[{"id":7415,"href":"https:\/\/patentest.com\/sv\/wp-json\/wp\/v2\/pages\/5641\/revisions\/7415"}],"wp:featuredmedia":[{"embeddable":true,"href":"https:\/\/patentest.com\/sv\/wp-json\/wp\/v2\/media\/6556"}],"wp:attachment":[{"href":"https:\/\/patentest.com\/sv\/wp-json\/wp\/v2\/media?parent=5641"}],"curies":[{"name":"wp","href":"https:\/\/api.w.org\/{rel}","templated":true}]}}