{"id":5637,"date":"2020-01-27T13:48:23","date_gmt":"2020-01-27T11:48:23","guid":{"rendered":"https:\/\/patentest.com\/patent-landscape-report-plr\/"},"modified":"2021-11-16T13:05:09","modified_gmt":"2021-11-16T11:05:09","slug":"patentlandskap-2","status":"publish","type":"page","link":"https:\/\/patentest.com\/sv\/patentlandskap-2\/","title":{"rendered":"Patentlandskapsrapport (PLR)"},"content":{"rendered":"\t\t<div data-elementor-type=\"wp-post\" data-elementor-id=\"5637\" class=\"elementor elementor-5637 elementor-3172\" data-elementor-post-type=\"page\">\n\t\t\t\t\t\t<section class=\"elementor-section elementor-top-section elementor-element elementor-element-8bf4384 elementor-section-boxed elementor-section-height-default elementor-section-height-default\" data-id=\"8bf4384\" data-element_type=\"section\" data-e-type=\"section\">\n\t\t\t\t\t\t<div class=\"elementor-container elementor-column-gap-default\">\n\t\t\t\t\t<div class=\"elementor-column elementor-col-100 elementor-top-column elementor-element elementor-element-5fb643d\" data-id=\"5fb643d\" data-element_type=\"column\" data-e-type=\"column\">\n\t\t\t<div class=\"elementor-widget-wrap elementor-element-populated\">\n\t\t\t\t\t\t<div class=\"elementor-element elementor-element-a57e74e elementor-widget elementor-widget-text-editor\" data-id=\"a57e74e\" data-element_type=\"widget\" data-e-type=\"widget\" data-widget_type=\"text-editor.default\">\n\t\t\t\t<div class=\"elementor-widget-container\">\n\t\t\t\t\t\t\t\t\t<h5><b>Patentlandskap \u00e4r en kartl\u00e4ggning av trender, m\u00f6jligheter och risker kring till exempel en produktlivscykel<\/b><\/h5><h2><span style=\"font-weight: 400;\">Vad \u00e4r ett patentlandskap och vad \u00e4r det viktigt att ta h\u00e4nsyn till i en produktlivscykel?<\/span><\/h2><p><span style=\"font-weight: 400;\">Ett patentlandskap eller <a href=\"https:\/\/www.prv.se\/sv\/kunskap-och-stod\/prv-konsulttjanster\/konsulttjanster-patent\/patentlandskap\/\">patentkartl\u00e4ggning<\/a> \u00e4r en analys som ger ett helikopterperspektiv \u00f6ver hur situationen ser ut f\u00f6r ett <a href=\"https:\/\/patentest.com\/sv\/allman-information\/vad-ar-ett-patent\/\">patent<\/a> kopplat till en specifik teknologi. Rapporten kan hj\u00e4lpa dig och din f\u00f6retagsledning med diskussioner kring policyer, strategisk <a href=\"https:\/\/www.wipo.int\/patent-law\/en\/developments\/research.html\">R&amp;D<\/a>,\u00a0planering eller f\u00f6r\u00e4ndringar av vilken teknologi ni b\u00f6r fokusera p\u00e5 och vilka teknologitrender som sker i ert s\u00e4rskilda omr\u00e5de.<\/span><\/p><p><span style=\"font-weight: 400;\">S\u00f6kresultaten analyseras i syfte att besvara olika fr\u00e5gest\u00e4llningar som patenttrender\u00a0r\u00f6rande patent och innovationer men ocks\u00e5 att utv\u00e4rdera styrkor och risker. Resultatet presenteras visuellt f\u00f6r att underl\u00e4tta vidare analys, slutsatser eller rekommendationer.\u00a0\u00a0<\/span><\/p><h2><span style=\"font-weight: 400;\">Varf\u00f6r utf\u00f6ra ett patentlandskap?<\/span><\/h2><p><span style=\"font-weight: 400;\">Patentlandskap f\u00f6rser en f\u00f6retagsledning med anv\u00e4ndbara verktyg f\u00f6r att utv\u00e4rdera och st\u00f6dja deras strategiska beslut r\u00f6rande en organisation. Den kan anv\u00e4ndas som en plattform f\u00f6r diskussion inom olika avdelningar och omr\u00e5den som:<\/span><\/p><ol><li style=\"font-weight: 400;\" aria-level=\"1\"><span style=\"font-weight: 400;\">R&amp;D, med syfte att f\u00e5 en b\u00e4ttre \u00f6versikt kring the\u00a0<\/span><a href=\"https:\/\/patentest.com\/sv\/state-of-the-art-sokning\/\"><span style=\"font-weight: 400;\">State Of The Art<\/span><\/a><span style=\"font-weight: 400;\">, teknologi trender, potentiella f\u00f6rb\u00e4ttringsm\u00f6jligheter, m\u00f6jligheter att modifiera och hitta nya l\u00f6sningar.<\/span><\/li><li style=\"font-weight: 400;\" aria-level=\"1\"><a href=\"https:\/\/www.almi.se\/vara-tjanster\/tjanster\/affarsutveckling-1\/utveckla\/innovation\/skydda-iden\/\"><span style=\"font-weight: 400;\">Aff\u00e4rsutveckling<\/span><\/a><span style=\"font-weight: 400;\">, f\u00f6r att studera dina konkurrenter, marknaden, potentiella aff\u00e4rstransaktioner som expansion, M&amp;A, licensiering med mera.<\/span><\/li><li style=\"font-weight: 400;\" aria-level=\"1\"><span style=\"font-weight: 400;\">Juristavdelningen, f\u00f6r att analysera risker och styrkor.<\/span><\/li><li style=\"font-weight: 400;\" aria-level=\"1\"><span style=\"font-weight: 400;\">F\u00f6retagsledningen, i syfte att utv\u00e4rdera strategier, budgetering av projekt, m\u00f6jligheter, risker och att st\u00f6dja beslut som leder r\u00e4tt tillv\u00e4xtstrategi.<\/span><\/li><\/ol>\t\t\t\t\t\t\t\t<\/div>\n\t\t\t\t<\/div>\n\t\t\t\t\t<\/div>\n\t\t<\/div>\n\t\t\t\t\t<\/div>\n\t\t<\/section>\n\t\t\t\t<section class=\"elementor-section elementor-top-section elementor-element elementor-element-861facc elementor-section-boxed elementor-section-height-default elementor-section-height-default\" data-id=\"861facc\" data-element_type=\"section\" data-e-type=\"section\">\n\t\t\t\t\t\t<div class=\"elementor-container elementor-column-gap-default\">\n\t\t\t\t\t<div class=\"elementor-column elementor-col-100 elementor-top-column elementor-element elementor-element-a668027\" data-id=\"a668027\" data-element_type=\"column\" data-e-type=\"column\">\n\t\t\t<div class=\"elementor-widget-wrap elementor-element-populated\">\n\t\t\t\t\t\t<div class=\"elementor-element elementor-element-dd1c7c8 elementor-widget elementor-widget-image\" data-id=\"dd1c7c8\" data-element_type=\"widget\" data-e-type=\"widget\" data-widget_type=\"image.default\">\n\t\t\t\t<div class=\"elementor-widget-container\">\n\t\t\t\t\t\t\t\t\t\t\t\t\t\t\t<img fetchpriority=\"high\" decoding=\"async\" width=\"800\" height=\"579\" src=\"https:\/\/patentest.com\/wp-content\/uploads\/2020\/12\/Produktlivscykel-Teknologi-trender-1024x741.jpeg\" class=\"attachment-large size-large wp-image-6535\" alt=\"Patentlandskap\" srcset=\"https:\/\/patentest.com\/wp-content\/uploads\/2020\/12\/Produktlivscykel-Teknologi-trender-1024x741.jpeg 1024w, https:\/\/patentest.com\/wp-content\/uploads\/2020\/12\/Produktlivscykel-Teknologi-trender-300x217.jpeg 300w, https:\/\/patentest.com\/wp-content\/uploads\/2020\/12\/Produktlivscykel-Teknologi-trender-768x556.jpeg 768w, https:\/\/patentest.com\/wp-content\/uploads\/2020\/12\/Produktlivscykel-Teknologi-trender-1536x1112.jpeg 1536w, https:\/\/patentest.com\/wp-content\/uploads\/2020\/12\/Produktlivscykel-Teknologi-trender-2048x1482.jpeg 2048w\" sizes=\"(max-width: 800px) 100vw, 800px\" \/>\t\t\t\t\t\t\t\t\t\t\t\t\t\t\t<\/div>\n\t\t\t\t<\/div>\n\t\t\t\t\t<\/div>\n\t\t<\/div>\n\t\t\t\t\t<\/div>\n\t\t<\/section>\n\t\t\t\t<section class=\"elementor-section elementor-top-section elementor-element elementor-element-e0b8cce elementor-section-boxed elementor-section-height-default elementor-section-height-default\" data-id=\"e0b8cce\" data-element_type=\"section\" data-e-type=\"section\">\n\t\t\t\t\t\t<div class=\"elementor-container elementor-column-gap-default\">\n\t\t\t\t\t<div class=\"elementor-column elementor-col-100 elementor-top-column elementor-element elementor-element-c916ca8\" data-id=\"c916ca8\" data-element_type=\"column\" data-e-type=\"column\">\n\t\t\t<div class=\"elementor-widget-wrap elementor-element-populated\">\n\t\t\t\t\t\t<div class=\"elementor-element elementor-element-dc7582e elementor-widget elementor-widget-text-editor\" data-id=\"dc7582e\" data-element_type=\"widget\" data-e-type=\"widget\" data-widget_type=\"text-editor.default\">\n\t\t\t\t<div class=\"elementor-widget-container\">\n\t\t\t\t\t\t\t\t\t<h2><span style=\"font-weight: 400;\">N\u00e4r b\u00f6r man genomf\u00f6ra ett patentlandskap eller patent-kartl\u00e4ggning?<\/span><\/h2><p><span style=\"color: var( --e-global-color-text ); font-family: var( --e-global-typography-text-font-family ), Open sans;\">Ett patentlandskap genomf\u00f6rs i ett tidigt stadium eller kontinuerligt under produktens livscykel. Kartl\u00e4ggningen kan hj\u00e4lpa f\u00f6retaget att spara tid och pengar. Den till\u00e5ter f\u00f6retagsledningen att identifiera f\u00f6r\u00e4ndringar i trender \u00f6ver tid, lokalisera nya utvecklingsm\u00f6jligheter, skapa f\u00f6r\u00e4ndringar och att skriva licensavtal f\u00f6r att undvika intr\u00e5ngsrisker. Vi brukar s\u00e4ga att man genomf\u00f6r ett patentlandskap i<\/span><span style=\"font-weight: 400;\">nnan man g\u00f6r viktiga strategiska beslut som r\u00f6r <a href=\"https:\/\/patentest.com\/sv\/investerare-patentanalys\/\">investeringar<\/a> eller teknologier. Samt periodvis under produktens livscykel.<\/span><\/p><p><a href=\"https:\/\/patentest.com\/sv\/kontakta-oss\/\"><span style=\"font-weight: 400;\">Kontakta oss<\/span><\/a><span style=\"font-weight: 400;\">\u00a0eller\u00a0<\/span><a href=\"https:\/\/patentest.com\/sv\/bestall-fran-oss\/\"><span style=\"font-weight: 400;\">ladda upp din information<\/span><\/a><span style=\"font-weight: 400;\">\u00a0f\u00f6r att f\u00e5 ett prisf\u00f6rslag.\u00a0\u00a0<\/span><\/p><p>L\u00e4s \u00e4ven g\u00e4rna om andra tj\u00e4nster vi erbjuder, s\u00e5som\u00a0<a href=\"https:\/\/patentest.com\/sv\/state-of-the-art-sokning\/\" target=\"_blank\" rel=\"noopener\">tekniks\u00f6kning<\/a>\u00a0och\u00a0<a href=\"https:\/\/patentest.com\/sv\/validitetsundersokning-patent\/\" target=\"_blank\" rel=\"noopener\">validitetsunders\u00f6kning<\/a>.\u00a0<span style=\"font-weight: 400;\"><br \/><\/span><\/p>\t\t\t\t\t\t\t\t<\/div>\n\t\t\t\t<\/div>\n\t\t\t\t\t<\/div>\n\t\t<\/div>\n\t\t\t\t\t<\/div>\n\t\t<\/section>\n\t\t\t\t<\/div>\n\t\t","protected":false},"excerpt":{"rendered":"<p>Patentlandskap \u00e4r en kartl\u00e4ggning av trender, m\u00f6jligheter och risker kring till exempel en produktlivscykel Vad \u00e4r ett patentlandskap och vad \u00e4r det viktigt att ta h\u00e4nsyn till i en produktlivscykel? Ett patentlandskap eller patentkartl\u00e4ggning \u00e4r en analys som ger ett helikopterperspektiv \u00f6ver hur situationen ser ut f\u00f6r ett patent kopplat till en specifik teknologi. Rapporten [&hellip;]<\/p>\n","protected":false},"author":3,"featured_media":6535,"parent":0,"menu_order":0,"comment_status":"closed","ping_status":"closed","template":"","meta":{"footnotes":""},"class_list":["post-5637","page","type-page","status-publish","has-post-thumbnail","hentry"],"yoast_head":"<!-- This site is optimized with the Yoast SEO plugin v27.1.1 - https:\/\/yoast.com\/product\/yoast-seo-wordpress\/ -->\n<title>Kartl\u00e4gg trender, m\u00f6jligheter och risker med ett patentlandskap.<\/title>\n<meta name=\"description\" content=\"Genom att se \u00f6ver ett patentlandskap f\u00e5r du en kartl\u00e4ggning av patent och teknologi trender och undviker p\u00e5 s\u00e5 s\u00e4tt risker.\" \/>\n<meta name=\"robots\" content=\"index, follow, max-snippet:-1, max-image-preview:large, max-video-preview:-1\" \/>\n<link rel=\"canonical\" href=\"https:\/\/patentest.com\/sv\/patentlandskap-2\/\" \/>\n<meta property=\"og:locale\" content=\"sv_SE\" \/>\n<meta property=\"og:type\" content=\"article\" \/>\n<meta property=\"og:title\" content=\"Kartl\u00e4gg trender, m\u00f6jligheter och risker med ett patentlandskap.\" \/>\n<meta property=\"og:description\" content=\"Genom att se \u00f6ver ett patentlandskap f\u00e5r du en kartl\u00e4ggning av patent och teknologi trender och undviker p\u00e5 s\u00e5 s\u00e4tt risker.\" \/>\n<meta property=\"og:url\" content=\"https:\/\/patentest.com\/sv\/patentlandskap-2\/\" \/>\n<meta property=\"og:site_name\" content=\"Patentest\" \/>\n<meta property=\"article:publisher\" content=\"https:\/\/www.facebook.com\/newtone.patent.search\/\" \/>\n<meta property=\"article:modified_time\" content=\"2021-11-16T11:05:09+00:00\" \/>\n<meta property=\"og:image\" content=\"https:\/\/patentest.com\/wp-content\/uploads\/2020\/12\/Produktlivscykel-Teknologi-trender.jpeg\" \/>\n\t<meta property=\"og:image:width\" content=\"2191\" \/>\n\t<meta property=\"og:image:height\" content=\"1586\" \/>\n\t<meta property=\"og:image:type\" content=\"image\/jpeg\" \/>\n<meta name=\"twitter:card\" content=\"summary_large_image\" \/>\n<meta name=\"twitter:label1\" content=\"Ber\u00e4knad l\u00e4stid\" \/>\n\t<meta name=\"twitter:data1\" content=\"2 minuter\" \/>\n<script type=\"application\/ld+json\" class=\"yoast-schema-graph\">{\"@context\":\"https:\/\/schema.org\",\"@graph\":[{\"@type\":\"WebPage\",\"@id\":\"https:\/\/patentest.com\/sv\/patentlandskap-2\/\",\"url\":\"https:\/\/patentest.com\/sv\/patentlandskap-2\/\",\"name\":\"Kartl\u00e4gg trender, m\u00f6jligheter och risker med ett patentlandskap.\",\"isPartOf\":{\"@id\":\"https:\/\/patentest.com\/sv\/#website\"},\"primaryImageOfPage\":{\"@id\":\"https:\/\/patentest.com\/sv\/patentlandskap-2\/#primaryimage\"},\"image\":{\"@id\":\"https:\/\/patentest.com\/sv\/patentlandskap-2\/#primaryimage\"},\"thumbnailUrl\":\"https:\/\/patentest.com\/wp-content\/uploads\/2020\/12\/Produktlivscykel-Teknologi-trender.jpeg\",\"datePublished\":\"2020-01-27T11:48:23+00:00\",\"dateModified\":\"2021-11-16T11:05:09+00:00\",\"description\":\"Genom att se \u00f6ver ett patentlandskap f\u00e5r du en kartl\u00e4ggning av patent och teknologi trender och undviker p\u00e5 s\u00e5 s\u00e4tt risker.\",\"breadcrumb\":{\"@id\":\"https:\/\/patentest.com\/sv\/patentlandskap-2\/#breadcrumb\"},\"inLanguage\":\"sv-SE\",\"potentialAction\":[{\"@type\":\"ReadAction\",\"target\":[\"https:\/\/patentest.com\/sv\/patentlandskap-2\/\"]}]},{\"@type\":\"ImageObject\",\"inLanguage\":\"sv-SE\",\"@id\":\"https:\/\/patentest.com\/sv\/patentlandskap-2\/#primaryimage\",\"url\":\"https:\/\/patentest.com\/wp-content\/uploads\/2020\/12\/Produktlivscykel-Teknologi-trender.jpeg\",\"contentUrl\":\"https:\/\/patentest.com\/wp-content\/uploads\/2020\/12\/Produktlivscykel-Teknologi-trender.jpeg\",\"width\":2191,\"height\":1586,\"caption\":\"Patentlandskap\"},{\"@type\":\"BreadcrumbList\",\"@id\":\"https:\/\/patentest.com\/sv\/patentlandskap-2\/#breadcrumb\",\"itemListElement\":[{\"@type\":\"ListItem\",\"position\":1,\"name\":\"Home page\",\"item\":\"https:\/\/patentest.com\/sv\/\"},{\"@type\":\"ListItem\",\"position\":2,\"name\":\"Patentlandskapsrapport (PLR)\"}]},{\"@type\":\"WebSite\",\"@id\":\"https:\/\/patentest.com\/sv\/#website\",\"url\":\"https:\/\/patentest.com\/sv\/\",\"name\":\"Patentest\",\"description\":\"Your first step towards a registered patent\",\"potentialAction\":[{\"@type\":\"SearchAction\",\"target\":{\"@type\":\"EntryPoint\",\"urlTemplate\":\"https:\/\/patentest.com\/sv\/?s={search_term_string}\"},\"query-input\":{\"@type\":\"PropertyValueSpecification\",\"valueRequired\":true,\"valueName\":\"search_term_string\"}}],\"inLanguage\":\"sv-SE\"}]}<\/script>\n<!-- \/ Yoast SEO plugin. -->","yoast_head_json":{"title":"Kartl\u00e4gg trender, m\u00f6jligheter och risker med ett patentlandskap.","description":"Genom att se \u00f6ver ett patentlandskap f\u00e5r du en kartl\u00e4ggning av patent och teknologi trender och undviker p\u00e5 s\u00e5 s\u00e4tt risker.","robots":{"index":"index","follow":"follow","max-snippet":"max-snippet:-1","max-image-preview":"max-image-preview:large","max-video-preview":"max-video-preview:-1"},"canonical":"https:\/\/patentest.com\/sv\/patentlandskap-2\/","og_locale":"sv_SE","og_type":"article","og_title":"Kartl\u00e4gg trender, m\u00f6jligheter och risker med ett patentlandskap.","og_description":"Genom att se \u00f6ver ett patentlandskap f\u00e5r du en kartl\u00e4ggning av patent och teknologi trender och undviker p\u00e5 s\u00e5 s\u00e4tt risker.","og_url":"https:\/\/patentest.com\/sv\/patentlandskap-2\/","og_site_name":"Patentest","article_publisher":"https:\/\/www.facebook.com\/newtone.patent.search\/","article_modified_time":"2021-11-16T11:05:09+00:00","og_image":[{"width":2191,"height":1586,"url":"https:\/\/patentest.com\/wp-content\/uploads\/2020\/12\/Produktlivscykel-Teknologi-trender.jpeg","type":"image\/jpeg"}],"twitter_card":"summary_large_image","twitter_misc":{"Ber\u00e4knad l\u00e4stid":"2 minuter"},"schema":{"@context":"https:\/\/schema.org","@graph":[{"@type":"WebPage","@id":"https:\/\/patentest.com\/sv\/patentlandskap-2\/","url":"https:\/\/patentest.com\/sv\/patentlandskap-2\/","name":"Kartl\u00e4gg trender, m\u00f6jligheter och risker med ett patentlandskap.","isPartOf":{"@id":"https:\/\/patentest.com\/sv\/#website"},"primaryImageOfPage":{"@id":"https:\/\/patentest.com\/sv\/patentlandskap-2\/#primaryimage"},"image":{"@id":"https:\/\/patentest.com\/sv\/patentlandskap-2\/#primaryimage"},"thumbnailUrl":"https:\/\/patentest.com\/wp-content\/uploads\/2020\/12\/Produktlivscykel-Teknologi-trender.jpeg","datePublished":"2020-01-27T11:48:23+00:00","dateModified":"2021-11-16T11:05:09+00:00","description":"Genom att se \u00f6ver ett patentlandskap f\u00e5r du en kartl\u00e4ggning av patent och teknologi trender och undviker p\u00e5 s\u00e5 s\u00e4tt risker.","breadcrumb":{"@id":"https:\/\/patentest.com\/sv\/patentlandskap-2\/#breadcrumb"},"inLanguage":"sv-SE","potentialAction":[{"@type":"ReadAction","target":["https:\/\/patentest.com\/sv\/patentlandskap-2\/"]}]},{"@type":"ImageObject","inLanguage":"sv-SE","@id":"https:\/\/patentest.com\/sv\/patentlandskap-2\/#primaryimage","url":"https:\/\/patentest.com\/wp-content\/uploads\/2020\/12\/Produktlivscykel-Teknologi-trender.jpeg","contentUrl":"https:\/\/patentest.com\/wp-content\/uploads\/2020\/12\/Produktlivscykel-Teknologi-trender.jpeg","width":2191,"height":1586,"caption":"Patentlandskap"},{"@type":"BreadcrumbList","@id":"https:\/\/patentest.com\/sv\/patentlandskap-2\/#breadcrumb","itemListElement":[{"@type":"ListItem","position":1,"name":"Home page","item":"https:\/\/patentest.com\/sv\/"},{"@type":"ListItem","position":2,"name":"Patentlandskapsrapport (PLR)"}]},{"@type":"WebSite","@id":"https:\/\/patentest.com\/sv\/#website","url":"https:\/\/patentest.com\/sv\/","name":"Patentest","description":"Your first step towards a registered patent","potentialAction":[{"@type":"SearchAction","target":{"@type":"EntryPoint","urlTemplate":"https:\/\/patentest.com\/sv\/?s={search_term_string}"},"query-input":{"@type":"PropertyValueSpecification","valueRequired":true,"valueName":"search_term_string"}}],"inLanguage":"sv-SE"}]}},"_links":{"self":[{"href":"https:\/\/patentest.com\/sv\/wp-json\/wp\/v2\/pages\/5637","targetHints":{"allow":["GET"]}}],"collection":[{"href":"https:\/\/patentest.com\/sv\/wp-json\/wp\/v2\/pages"}],"about":[{"href":"https:\/\/patentest.com\/sv\/wp-json\/wp\/v2\/types\/page"}],"author":[{"embeddable":true,"href":"https:\/\/patentest.com\/sv\/wp-json\/wp\/v2\/users\/3"}],"replies":[{"embeddable":true,"href":"https:\/\/patentest.com\/sv\/wp-json\/wp\/v2\/comments?post=5637"}],"version-history":[{"count":29,"href":"https:\/\/patentest.com\/sv\/wp-json\/wp\/v2\/pages\/5637\/revisions"}],"predecessor-version":[{"id":8150,"href":"https:\/\/patentest.com\/sv\/wp-json\/wp\/v2\/pages\/5637\/revisions\/8150"}],"wp:featuredmedia":[{"embeddable":true,"href":"https:\/\/patentest.com\/sv\/wp-json\/wp\/v2\/media\/6535"}],"wp:attachment":[{"href":"https:\/\/patentest.com\/sv\/wp-json\/wp\/v2\/media?parent=5637"}],"curies":[{"name":"wp","href":"https:\/\/api.w.org\/{rel}","templated":true}]}}