{"id":5634,"date":"2020-07-26T17:20:16","date_gmt":"2020-07-26T14:20:16","guid":{"rendered":"https:\/\/patentest.com\/contact\/"},"modified":"2025-07-03T10:32:59","modified_gmt":"2025-07-03T07:32:59","slug":"kontakta-oss","status":"publish","type":"page","link":"https:\/\/patentest.com\/sv\/kontakta-oss\/","title":{"rendered":"Kontakta oss p\u00e5 Patentest"},"content":{"rendered":"\t\t<div data-elementor-type=\"wp-post\" data-elementor-id=\"5634\" class=\"elementor elementor-5634 elementor-5343\" data-elementor-post-type=\"page\">\n\t\t\t\t\t\t<section class=\"elementor-section elementor-top-section elementor-element elementor-element-92357a7 elementor-section-height-min-height elementor-section-boxed elementor-section-height-default elementor-section-items-middle\" data-id=\"92357a7\" data-element_type=\"section\" data-e-type=\"section\" data-settings=\"{&quot;background_background&quot;:&quot;classic&quot;}\">\n\t\t\t\t\t\t<div class=\"elementor-container elementor-column-gap-default\">\n\t\t\t\t\t<div class=\"elementor-column elementor-col-50 elementor-top-column elementor-element elementor-element-6635844\" data-id=\"6635844\" data-element_type=\"column\" data-e-type=\"column\">\n\t\t\t<div class=\"elementor-widget-wrap elementor-element-populated\">\n\t\t\t\t\t\t<div class=\"elementor-element elementor-element-869c421 elementor-widget elementor-widget-heading\" data-id=\"869c421\" data-element_type=\"widget\" data-e-type=\"widget\" data-widget_type=\"heading.default\">\n\t\t\t\t<div class=\"elementor-widget-container\">\n\t\t\t\t\t<h2 class=\"elementor-heading-title elementor-size-default\">Kontakta oss<\/h2>\t\t\t\t<\/div>\n\t\t\t\t<\/div>\n\t\t\t\t\t<\/div>\n\t\t<\/div>\n\t\t\t\t<div class=\"elementor-column elementor-col-50 elementor-top-column elementor-element elementor-element-8327542\" data-id=\"8327542\" data-element_type=\"column\" data-e-type=\"column\">\n\t\t\t<div class=\"elementor-widget-wrap\">\n\t\t\t\t\t\t\t<\/div>\n\t\t<\/div>\n\t\t\t\t\t<\/div>\n\t\t<\/section>\n\t\t\t\t<section class=\"elementor-section elementor-top-section elementor-element elementor-element-wlc1d4t elementor-section-boxed elementor-section-height-default elementor-section-height-default\" data-id=\"wlc1d4t\" data-element_type=\"section\" data-e-type=\"section\">\n\t\t\t\t\t\t<div class=\"elementor-container elementor-column-gap-default\">\n\t\t\t\t\t<div class=\"elementor-column elementor-col-50 elementor-top-column elementor-element elementor-element-2r8socp\" data-id=\"2r8socp\" data-element_type=\"column\" data-e-type=\"column\">\n\t\t\t<div class=\"elementor-widget-wrap elementor-element-populated\">\n\t\t\t\t\t\t<div class=\"elementor-element elementor-element-cbd5ulx elementor-widget elementor-widget-text-editor\" data-id=\"cbd5ulx\" data-element_type=\"widget\" data-e-type=\"widget\" data-widget_type=\"text-editor.default\">\n\t\t\t\t<div class=\"elementor-widget-container\">\n\t\t\t\t\t\t\t\t\t<p><span style=\"font-weight: 400;\">F\u00f6r konsultation, information eller m\u00f6tesbokning, kontakta oss.<\/span><\/p><p><span style=\"font-weight: 400;\">V\u00e5r Email: <\/span><a href=\"mailto:info@patentest.com\"><span style=\"font-weight: 400;\">info@patentest.com<\/span><\/a><\/p><p><span style=\"font-weight: 400;\">Du \u00e4r ocks\u00e5 v\u00e4lkommen att l\u00e4mna din kontaktuppgifter s\u00e5 kontaktar vi dig inom ett par timmar.<\/span><\/p>\t\t\t\t\t\t\t\t<\/div>\n\t\t\t\t<\/div>\n\t\t\t\t<div class=\"elementor-element elementor-element-2740b3d elementor-button-align-end elementor-widget elementor-widget-form\" data-id=\"2740b3d\" data-element_type=\"widget\" data-e-type=\"widget\" data-settings=\"{&quot;step_next_label&quot;:&quot;Next&quot;,&quot;step_previous_label&quot;:&quot;Previous&quot;,&quot;button_width&quot;:&quot;100&quot;,&quot;step_type&quot;:&quot;number_text&quot;,&quot;step_icon_shape&quot;:&quot;circle&quot;}\" data-widget_type=\"form.default\">\n\t\t\t\t<div class=\"elementor-widget-container\">\n\t\t\t\t\t\t\t<form class=\"elementor-form\" method=\"post\" name=\"New Form\" aria-label=\"New Form\">\n\t\t\t<input type=\"hidden\" name=\"post_id\" value=\"5634\"\/>\n\t\t\t<input type=\"hidden\" name=\"form_id\" value=\"2740b3d\"\/>\n\t\t\t<input type=\"hidden\" name=\"referer_title\" value=\"Kontakta oss g\u00e4llande fr\u00e5gor kring patents\u00f6kning | Patentest\" \/>\n\n\t\t\t\t\t\t\t<input type=\"hidden\" name=\"queried_id\" value=\"5634\"\/>\n\t\t\t\n\t\t\t<div class=\"elementor-form-fields-wrapper elementor-labels-\">\n\t\t\t\t\t\t\t\t<div class=\"elementor-field-type-text elementor-field-group elementor-column elementor-field-group-name elementor-col-100\">\n\t\t\t\t\t\t\t\t\t\t\t\t<label for=\"form-field-name\" class=\"elementor-field-label elementor-screen-only\">\n\t\t\t\t\t\t\t\tNamn\t\t\t\t\t\t\t<\/label>\n\t\t\t\t\t\t\t\t\t\t\t\t\t\t<input size=\"1\" type=\"text\" name=\"form_fields[name]\" id=\"form-field-name\" class=\"elementor-field elementor-size-sm  elementor-field-textual\" placeholder=\"Namn\">\n\t\t\t\t\t\t\t\t\t\t\t<\/div>\n\t\t\t\t\t\t\t\t<div class=\"elementor-field-type-email elementor-field-group elementor-column elementor-field-group-email elementor-col-100 elementor-field-required\">\n\t\t\t\t\t\t\t\t\t\t\t\t<label for=\"form-field-email\" class=\"elementor-field-label elementor-screen-only\">\n\t\t\t\t\t\t\t\tEmail\t\t\t\t\t\t\t<\/label>\n\t\t\t\t\t\t\t\t\t\t\t\t\t\t<input size=\"1\" type=\"email\" name=\"form_fields[email]\" id=\"form-field-email\" class=\"elementor-field elementor-size-sm  elementor-field-textual\" placeholder=\"Email\" required=\"required\">\n\t\t\t\t\t\t\t\t\t\t\t<\/div>\n\t\t\t\t\t\t\t\t<div class=\"elementor-field-type-tel elementor-field-group elementor-column elementor-field-group-field_5163d5c elementor-col-100 elementor-field-required\">\n\t\t\t\t\t\t\t\t\t\t\t\t<label for=\"form-field-field_5163d5c\" class=\"elementor-field-label elementor-screen-only\">\n\t\t\t\t\t\t\t\tTelefon\t\t\t\t\t\t\t<\/label>\n\t\t\t\t\t\t\t\t<input size=\"1\" type=\"tel\" name=\"form_fields[field_5163d5c]\" id=\"form-field-field_5163d5c\" class=\"elementor-field elementor-size-sm  elementor-field-textual\" placeholder=\"Telefon\" required=\"required\" pattern=\"[0-9()#&amp;+*-=.]+\" title=\"Endast siffror och telefontecken (#, -, *, etc) accepteras.\">\n\n\t\t\t\t\t\t<\/div>\n\t\t\t\t\t\t\t\t<div class=\"elementor-field-type-select elementor-field-group elementor-column elementor-field-group-field_ddf225a elementor-col-100\">\n\t\t\t\t\t\t\t\t\t\t\t\t<label for=\"form-field-field_ddf225a\" class=\"elementor-field-label elementor-screen-only\">\n\t\t\t\t\t\t\t\t\u00c4mne\t\t\t\t\t\t\t<\/label>\n\t\t\t\t\t\t\t\t<div class=\"elementor-field elementor-select-wrapper remove-before \">\n\t\t\t<div class=\"select-caret-down-wrapper\">\n\t\t\t\t<i aria-hidden=\"true\" class=\"eicon-caret-down\"><\/i>\t\t\t<\/div>\n\t\t\t<select name=\"form_fields[field_ddf225a]\" id=\"form-field-field_ddf225a\" class=\"elementor-field-textual elementor-size-sm\">\n\t\t\t\t\t\t\t\t\t<option value=\"\u00c4mne\">\u00c4mne<\/option>\n\t\t\t\t\t\t\t\t\t<option value=\"Konsultation - Patent s\u00f6knings f\u00f6rfr\u00e5gningar\">Konsultation - Patent s\u00f6knings f\u00f6rfr\u00e5gningar<\/option>\n\t\t\t\t\t\t\t\t\t<option value=\"Konsultation - S\u00f6krapport \">Konsultation - S\u00f6krapport <\/option>\n\t\t\t\t\t\t\t\t\t<option value=\"Teknisk support\">Teknisk support<\/option>\n\t\t\t\t\t\t\t\t\t<option value=\"M\u00f6tesf\u00f6rfr\u00e5gan\">M\u00f6tesf\u00f6rfr\u00e5gan<\/option>\n\t\t\t\t\t\t\t\t\t<option value=\"Annat\">Annat<\/option>\n\t\t\t\t\t\t\t\t\t<option value=\"\"><\/option>\n\t\t\t\t\t\t\t<\/select>\n\t\t<\/div>\n\t\t\t\t\t\t<\/div>\n\t\t\t\t\t\t\t\t<div class=\"elementor-field-type-textarea elementor-field-group elementor-column elementor-field-group-message elementor-col-100\">\n\t\t\t\t\t\t\t\t\t\t\t\t<label for=\"form-field-message\" class=\"elementor-field-label elementor-screen-only\">\n\t\t\t\t\t\t\t\tMeddelande\t\t\t\t\t\t\t<\/label>\n\t\t\t\t\t\t<textarea class=\"elementor-field-textual elementor-field  elementor-size-sm\" name=\"form_fields[message]\" id=\"form-field-message\" rows=\"4\" placeholder=\"Meddelande\"><\/textarea>\t\t\t\t<\/div>\n\t\t\t\t\t\t\t\t<div class=\"elementor-field-type-recaptcha_v3 elementor-field-group elementor-column elementor-field-group-field_1809648 elementor-col-100 recaptcha_v3-bottomright\">\n\t\t\t\t\t<div class=\"elementor-field\" id=\"form-field-field_1809648\"><div class=\"elementor-g-recaptcha\" data-sitekey=\"6LcaAdkbAAAAAGZFRQa7uJ7bTU6Qb3Q-Mk41mbFO\" data-type=\"v3\" data-action=\"Form\" data-badge=\"bottomright\" data-size=\"invisible\"><\/div><\/div>\t\t\t\t<\/div>\n\t\t\t\t\t\t\t\t<div class=\"elementor-field-group elementor-column elementor-field-type-submit elementor-col-100 e-form__buttons\">\n\t\t\t\t\t<button class=\"elementor-button elementor-size-sm\" type=\"submit\">\n\t\t\t\t\t\t<span class=\"elementor-button-content-wrapper\">\n\t\t\t\t\t\t\t\t\t\t\t\t\t\t\t<span class=\"elementor-button-icon\">\n\t\t\t\t\t\t\t\t\t<i aria-hidden=\"true\" class=\"far fa-paper-plane\"><\/i>\t\t\t\t\t\t\t\t\t\t\t\t\t\t\t\t\t<\/span>\n\t\t\t\t\t\t\t\t\t\t\t\t\t\t\t\t\t\t\t\t\t\t<span class=\"elementor-button-text\">Skicka meddelande<\/span>\n\t\t\t\t\t\t\t\t\t\t\t\t\t<\/span>\n\t\t\t\t\t<\/button>\n\t\t\t\t<\/div>\n\t\t\t<\/div>\n\t\t<\/form>\n\t\t\t\t\t\t<\/div>\n\t\t\t\t<\/div>\n\t\t\t\t\t<\/div>\n\t\t<\/div>\n\t\t\t\t<div class=\"elementor-column elementor-col-50 elementor-top-column elementor-element elementor-element-tlt2ga9\" data-id=\"tlt2ga9\" data-element_type=\"column\" data-e-type=\"column\">\n\t\t\t<div class=\"elementor-widget-wrap elementor-element-populated\">\n\t\t\t\t\t\t<div class=\"elementor-element elementor-element-vx6cyzq elementor-widget elementor-widget-text-editor\" data-id=\"vx6cyzq\" data-element_type=\"widget\" data-e-type=\"widget\" data-widget_type=\"text-editor.default\">\n\t\t\t\t<div class=\"elementor-widget-container\">\n\t\t\t\t\t\t\t\t\t<h3>Storbritannien<\/h3><p><strong>Kontor:<\/strong> +44 20 8089 5216<br \/><strong>Address:<\/strong> Riverside House, 14 Prospect Place, Welwyn, Herts, AL6 9EN, UK<\/p><h3>USA<\/h3><p><strong>Kontor:<\/strong> +1 (678) 399-1985<br \/><strong>Address:<\/strong> 165 Halite Dr, Alpharetta, GA. 30022, USA<\/p><h3>Sverige<\/h3><p><strong>Kontor:<\/strong> +46 8323035<br \/><strong>Telefon:<\/strong> +46 708736255<br \/><strong>Address:<\/strong> H\u00f6rn\u00e5kersv\u00e4gen 14, 183 65 T\u00e4by, Sverige<\/p><h3>Israel<\/h3><p><strong>Telefon:<\/strong> +972 9 740 1930<br \/><strong>Address:<\/strong> 14b HaBanim st. Hod Hasharon, 4526821 Israel<\/p>\t\t\t\t\t\t\t\t<\/div>\n\t\t\t\t<\/div>\n\t\t\t\t\t<\/div>\n\t\t<\/div>\n\t\t\t\t\t<\/div>\n\t\t<\/section>\n\t\t\t\t<\/div>\n\t\t","protected":false},"excerpt":{"rendered":"<p>Kontakta oss F\u00f6r konsultation, information eller m\u00f6tesbokning, kontakta oss. V\u00e5r Email: info@patentest.com Du \u00e4r ocks\u00e5 v\u00e4lkommen att l\u00e4mna din kontaktuppgifter s\u00e5 kontaktar vi dig inom ett par timmar. Storbritannien Kontor: +44 20 8089 5216Address: Riverside House, 14 Prospect Place, Welwyn, Herts, AL6 9EN, UK USA Kontor: +1 (678) 399-1985Address: 165 Halite Dr, Alpharetta, GA. 30022, [&hellip;]<\/p>\n","protected":false},"author":1,"featured_media":0,"parent":0,"menu_order":0,"comment_status":"closed","ping_status":"closed","template":"","meta":{"footnotes":""},"class_list":["post-5634","page","type-page","status-publish","hentry"],"yoast_head":"<!-- This site is optimized with the Yoast SEO plugin v27.1.1 - https:\/\/yoast.com\/product\/yoast-seo-wordpress\/ -->\n<title>Kontakta oss g\u00e4llande fr\u00e5gor kring patents\u00f6kning | Patentest<\/title>\n<meta name=\"description\" content=\"Har du n\u00e5gra fr\u00e5gor g\u00e4llande patent och patents\u00f6kningar? D\u00e5 \u00e4r du v\u00e4lkommen att kontakta oss p\u00e5 Patentest idag: info@patentest.com\" \/>\n<meta name=\"robots\" content=\"index, follow, max-snippet:-1, max-image-preview:large, max-video-preview:-1\" \/>\n<link rel=\"canonical\" href=\"https:\/\/patentest.com\/sv\/kontakta-oss\/\" \/>\n<meta property=\"og:locale\" content=\"sv_SE\" \/>\n<meta property=\"og:type\" content=\"article\" \/>\n<meta property=\"og:title\" content=\"Kontakta oss g\u00e4llande fr\u00e5gor kring patents\u00f6kning | Patentest\" \/>\n<meta property=\"og:description\" content=\"Har du n\u00e5gra fr\u00e5gor g\u00e4llande patent och patents\u00f6kningar? D\u00e5 \u00e4r du v\u00e4lkommen att kontakta oss p\u00e5 Patentest idag: info@patentest.com\" \/>\n<meta property=\"og:url\" content=\"https:\/\/patentest.com\/sv\/kontakta-oss\/\" \/>\n<meta property=\"og:site_name\" content=\"Patentest\" \/>\n<meta property=\"article:publisher\" content=\"https:\/\/www.facebook.com\/newtone.patent.search\/\" \/>\n<meta property=\"article:modified_time\" content=\"2025-07-03T07:32:59+00:00\" \/>\n<meta property=\"og:image\" content=\"https:\/\/patentest.com\/wp-content\/uploads\/2016\/11\/HeaderLogo.png\" \/>\n\t<meta property=\"og:image:width\" content=\"187\" \/>\n\t<meta property=\"og:image:height\" content=\"49\" \/>\n\t<meta property=\"og:image:type\" content=\"image\/png\" \/>\n<meta name=\"twitter:card\" content=\"summary_large_image\" \/>\n<meta name=\"twitter:label1\" content=\"Ber\u00e4knad l\u00e4stid\" \/>\n\t<meta name=\"twitter:data1\" content=\"1 minut\" \/>\n<script type=\"application\/ld+json\" class=\"yoast-schema-graph\">{\"@context\":\"https:\/\/schema.org\",\"@graph\":[{\"@type\":\"WebPage\",\"@id\":\"https:\/\/patentest.com\/sv\/kontakta-oss\/\",\"url\":\"https:\/\/patentest.com\/sv\/kontakta-oss\/\",\"name\":\"Kontakta oss g\u00e4llande fr\u00e5gor kring patents\u00f6kning | Patentest\",\"isPartOf\":{\"@id\":\"https:\/\/patentest.com\/sv\/#website\"},\"datePublished\":\"2020-07-26T14:20:16+00:00\",\"dateModified\":\"2025-07-03T07:32:59+00:00\",\"description\":\"Har du n\u00e5gra fr\u00e5gor g\u00e4llande patent och patents\u00f6kningar? D\u00e5 \u00e4r du v\u00e4lkommen att kontakta oss p\u00e5 Patentest idag: info@patentest.com\",\"breadcrumb\":{\"@id\":\"https:\/\/patentest.com\/sv\/kontakta-oss\/#breadcrumb\"},\"inLanguage\":\"sv-SE\",\"potentialAction\":[{\"@type\":\"ReadAction\",\"target\":[\"https:\/\/patentest.com\/sv\/kontakta-oss\/\"]}]},{\"@type\":\"BreadcrumbList\",\"@id\":\"https:\/\/patentest.com\/sv\/kontakta-oss\/#breadcrumb\",\"itemListElement\":[{\"@type\":\"ListItem\",\"position\":1,\"name\":\"Home page\",\"item\":\"https:\/\/patentest.com\/sv\/\"},{\"@type\":\"ListItem\",\"position\":2,\"name\":\"Kontakta oss p\u00e5 Patentest\"}]},{\"@type\":\"WebSite\",\"@id\":\"https:\/\/patentest.com\/sv\/#website\",\"url\":\"https:\/\/patentest.com\/sv\/\",\"name\":\"Patentest\",\"description\":\"Your first step towards a registered patent\",\"potentialAction\":[{\"@type\":\"SearchAction\",\"target\":{\"@type\":\"EntryPoint\",\"urlTemplate\":\"https:\/\/patentest.com\/sv\/?s={search_term_string}\"},\"query-input\":{\"@type\":\"PropertyValueSpecification\",\"valueRequired\":true,\"valueName\":\"search_term_string\"}}],\"inLanguage\":\"sv-SE\"}]}<\/script>\n<!-- \/ Yoast SEO plugin. -->","yoast_head_json":{"title":"Kontakta oss g\u00e4llande fr\u00e5gor kring patents\u00f6kning | Patentest","description":"Har du n\u00e5gra fr\u00e5gor g\u00e4llande patent och patents\u00f6kningar? D\u00e5 \u00e4r du v\u00e4lkommen att kontakta oss p\u00e5 Patentest idag: info@patentest.com","robots":{"index":"index","follow":"follow","max-snippet":"max-snippet:-1","max-image-preview":"max-image-preview:large","max-video-preview":"max-video-preview:-1"},"canonical":"https:\/\/patentest.com\/sv\/kontakta-oss\/","og_locale":"sv_SE","og_type":"article","og_title":"Kontakta oss g\u00e4llande fr\u00e5gor kring patents\u00f6kning | Patentest","og_description":"Har du n\u00e5gra fr\u00e5gor g\u00e4llande patent och patents\u00f6kningar? D\u00e5 \u00e4r du v\u00e4lkommen att kontakta oss p\u00e5 Patentest idag: info@patentest.com","og_url":"https:\/\/patentest.com\/sv\/kontakta-oss\/","og_site_name":"Patentest","article_publisher":"https:\/\/www.facebook.com\/newtone.patent.search\/","article_modified_time":"2025-07-03T07:32:59+00:00","og_image":[{"width":187,"height":49,"url":"https:\/\/patentest.com\/wp-content\/uploads\/2016\/11\/HeaderLogo.png","type":"image\/png"}],"twitter_card":"summary_large_image","twitter_misc":{"Ber\u00e4knad l\u00e4stid":"1 minut"},"schema":{"@context":"https:\/\/schema.org","@graph":[{"@type":"WebPage","@id":"https:\/\/patentest.com\/sv\/kontakta-oss\/","url":"https:\/\/patentest.com\/sv\/kontakta-oss\/","name":"Kontakta oss g\u00e4llande fr\u00e5gor kring patents\u00f6kning | Patentest","isPartOf":{"@id":"https:\/\/patentest.com\/sv\/#website"},"datePublished":"2020-07-26T14:20:16+00:00","dateModified":"2025-07-03T07:32:59+00:00","description":"Har du n\u00e5gra fr\u00e5gor g\u00e4llande patent och patents\u00f6kningar? D\u00e5 \u00e4r du v\u00e4lkommen att kontakta oss p\u00e5 Patentest idag: info@patentest.com","breadcrumb":{"@id":"https:\/\/patentest.com\/sv\/kontakta-oss\/#breadcrumb"},"inLanguage":"sv-SE","potentialAction":[{"@type":"ReadAction","target":["https:\/\/patentest.com\/sv\/kontakta-oss\/"]}]},{"@type":"BreadcrumbList","@id":"https:\/\/patentest.com\/sv\/kontakta-oss\/#breadcrumb","itemListElement":[{"@type":"ListItem","position":1,"name":"Home page","item":"https:\/\/patentest.com\/sv\/"},{"@type":"ListItem","position":2,"name":"Kontakta oss p\u00e5 Patentest"}]},{"@type":"WebSite","@id":"https:\/\/patentest.com\/sv\/#website","url":"https:\/\/patentest.com\/sv\/","name":"Patentest","description":"Your first step towards a registered patent","potentialAction":[{"@type":"SearchAction","target":{"@type":"EntryPoint","urlTemplate":"https:\/\/patentest.com\/sv\/?s={search_term_string}"},"query-input":{"@type":"PropertyValueSpecification","valueRequired":true,"valueName":"search_term_string"}}],"inLanguage":"sv-SE"}]}},"_links":{"self":[{"href":"https:\/\/patentest.com\/sv\/wp-json\/wp\/v2\/pages\/5634","targetHints":{"allow":["GET"]}}],"collection":[{"href":"https:\/\/patentest.com\/sv\/wp-json\/wp\/v2\/pages"}],"about":[{"href":"https:\/\/patentest.com\/sv\/wp-json\/wp\/v2\/types\/page"}],"author":[{"embeddable":true,"href":"https:\/\/patentest.com\/sv\/wp-json\/wp\/v2\/users\/1"}],"replies":[{"embeddable":true,"href":"https:\/\/patentest.com\/sv\/wp-json\/wp\/v2\/comments?post=5634"}],"version-history":[{"count":62,"href":"https:\/\/patentest.com\/sv\/wp-json\/wp\/v2\/pages\/5634\/revisions"}],"predecessor-version":[{"id":10257,"href":"https:\/\/patentest.com\/sv\/wp-json\/wp\/v2\/pages\/5634\/revisions\/10257"}],"wp:attachment":[{"href":"https:\/\/patentest.com\/sv\/wp-json\/wp\/v2\/media?parent=5634"}],"curies":[{"name":"wp","href":"https:\/\/api.w.org\/{rel}","templated":true}]}}