{"id":5631,"date":"2019-11-08T10:11:54","date_gmt":"2019-11-08T08:11:54","guid":{"rendered":"https:\/\/patentest.com\/patent-analysis-for-investors\/"},"modified":"2020-12-17T13:06:14","modified_gmt":"2020-12-17T11:06:14","slug":"investerare-patentanalys","status":"publish","type":"page","link":"https:\/\/patentest.com\/sv\/investerare-patentanalys\/","title":{"rendered":"Patentanalys f\u00f6r investerare"},"content":{"rendered":"\t\t<div data-elementor-type=\"wp-page\" data-elementor-id=\"5631\" class=\"elementor elementor-5631\" data-elementor-post-type=\"page\">\n\t\t\t\t\t\t<section class=\"elementor-section elementor-top-section elementor-element elementor-element-1b0b2ab1 elementor-section-boxed elementor-section-height-default elementor-section-height-default\" data-id=\"1b0b2ab1\" data-element_type=\"section\" data-e-type=\"section\">\n\t\t\t\t\t\t<div class=\"elementor-container elementor-column-gap-default\">\n\t\t\t\t\t<div class=\"elementor-column elementor-col-100 elementor-top-column elementor-element elementor-element-25a8322e\" data-id=\"25a8322e\" data-element_type=\"column\" data-e-type=\"column\">\n\t\t\t<div class=\"elementor-widget-wrap elementor-element-populated\">\n\t\t\t\t\t\t<div class=\"elementor-element elementor-element-7ea88a50 elementor-widget elementor-widget-text-editor\" data-id=\"7ea88a50\" data-element_type=\"widget\" data-e-type=\"widget\" data-widget_type=\"text-editor.default\">\n\t\t\t\t<div class=\"elementor-widget-container\">\n\t\t\t\t\t\t\t\t\t<h2>IP-Due Diligence innan du tar in investerare<\/h2><p><span style=\"font-weight: 400;\">Skall du ta in n\u00e5gon som vill investera i din <\/span><a href=\"https:\/\/patentest.com\/sv\/foretag-och-startups\/\"><span style=\"font-weight: 400;\">startup, ditt f\u00f6retag<\/span><\/a><span style=\"font-weight: 400;\"> eller i din produkt? D\u00e5 kan Patentest\u2019s team, best\u00e5endes av patentexperter, seniora patentkonsulter och aff\u00e4rskonsulter erbjuda dig en analys aktuella immaterialr\u00e4tter innan investeringen sker. <\/span><\/p><p><span style=\"font-weight: 400;\">Oavsett om investeraren i fr\u00e5ga \u00e4r en privat investerare, kommer ifr\u00e5n ett riskkapitalbolag eller \u00e4r en aff\u00e4rsinkubator kan vi hj\u00e4lpa dig under din <\/span><a href=\"https:\/\/patentest.com\/sv\/intellectual-property-ip-due-diligence\/\"><span style=\"font-weight: 400;\">IP Due-Diligence <\/span><\/a><span style=\"font-weight: 400;\">process.<\/span><\/p><p><span style=\"font-weight: 400;\"><a href=\"https:\/\/www.prv.se\/sv\/foretagare\/immateriella-tillgangar-exempel\/\">Immateriella tillg\u00e5ngar<\/a> \u00e4r en viktig del n\u00e4r det kommer till att v\u00e4rdera ett bolag. Dessa tillg\u00e5ngar \u00e4r \u00e4ven n\u00f6dv\u00e4ndiga f\u00f6r att s\u00e4kerst\u00e4lla hur ett f\u00f6retag n\u00e5r framg\u00e5ng p\u00e5 sin marknad. Genom att f\u00f6rst kontrollera f\u00f6retagets immateriella r\u00e4ttigheter kan du f\u00e5r all information du beh\u00f6ver f\u00f6r att fatta ett bra aff\u00e4rsbeslut och f\u00f6r att kunna s\u00e4kra din investering.\u00a0\u00a0<\/span><\/p><p><span style=\"font-weight: 400;\">En <\/span><a href=\"http:\/\/a57522-tmp.s45.upress.link\/gb\/intellectual-property-ip-due-diligence\/\"><span style=\"font-weight: 400;\">IP Due diligence<\/span><\/a><span style=\"font-weight: 400;\"> kan genomf\u00f6ras p\u00e5 ett antal olika s\u00e4tt, fr\u00e4mst beroende p\u00e5 vilket f\u00f6retag det r\u00f6r sig om, hur immateriella r\u00e4ttigheterna ser ut i f\u00f6retaget och hur stor investering det r\u00f6r sig om. Vi hj\u00e4lper dig att verifiera f\u00f6retagets \u00e4gande till de immateriella r\u00e4ttigheter som f\u00f6rtaget som f\u00f6retaget har och var de \u00e4r giltiga.\u00a0<\/span><\/p><p><span style=\"font-weight: 400;\">Vi kan ocks\u00e5 validera deras styrka och relevans mot f\u00f6retagets aff\u00e4rsplan och identifiera potentiella risker f\u00f6r intr\u00e5ng.<\/span><\/p><h3>F\u00f6ljande fr\u00e5gor brukar normalt ses \u00f6ver under en IP due diligence:<\/h3><ul><li style=\"font-weight: 400;\"><span style=\"font-weight: 400;\">Vilka \u00e4r \u00e4garen eller \u00e4garna av immaterialr\u00e4tterna?<\/span><\/li><li style=\"font-weight: 400;\"><span style=\"font-weight: 400;\">\u00c4r de giltiga, i vilka l\u00e4nder och hur l\u00e4nge?<\/span><\/li><li style=\"font-weight: 400;\"><span style=\"font-weight: 400;\">Skyddar de ett f\u00f6retags teknologier och aktiviteter?<\/span><\/li><li style=\"font-weight: 400;\"><span style=\"font-weight: 400;\">Vad \u00e4ger konkurrenterna och finns n\u00e5gra risker f\u00f6r intr\u00e5ng?<\/span><\/li><\/ul><p>\u00a0<\/p><p><span style=\"font-weight: 400;\">En IP Due diligence och analys kombinerar normalt sett flera olika typer av s\u00f6kningar. Det innefattar kontroll av patentfamilj och legal status, <\/span><a href=\"https:\/\/patentest.com\/sv\/validitetsgranskning-patent\/\"><span style=\"font-weight: 400;\">validitetsunders\u00f6kning<\/span><\/a><span style=\"font-weight: 400;\">, <\/span><a href=\"https:\/\/patentest.com\/sv\/freedom-to-operate-fto\/\"><span style=\"font-weight: 400;\">FTO<\/span><\/a><span style=\"font-weight: 400;\"> (Freedom To Operate) och <\/span><a href=\"https:\/\/patentest.com\/sv\/nyhetsundersokning\/\"><span style=\"font-weight: 400;\">nyhetsunders\u00f6kning<\/span><\/a><span style=\"font-weight: 400;\">. Allt f\u00f6r att hj\u00e4lpa dig med underlag f\u00f6r att du ska kunna g\u00f6ra en bra aff\u00e4r.<\/span><\/p><p><a href=\"https:\/\/patentest.com\/sv\/kontakta-oss\/\"><span style=\"font-weight: 400;\">Kontakta oss<\/span><\/a><span style=\"font-weight: 400;\"> eller <\/span><a href=\"https:\/\/patentest.com\/sv\/bestall-fran-oss\"><span style=\"font-weight: 400;\">ladda upp din information<\/span><\/a><span style=\"font-weight: 400;\"> f\u00f6r att f\u00e5 ett prisf\u00f6rslag.\u00a0 <\/span><\/p>\t\t\t\t\t\t\t\t<\/div>\n\t\t\t\t<\/div>\n\t\t\t\t\t<\/div>\n\t\t<\/div>\n\t\t\t\t\t<\/div>\n\t\t<\/section>\n\t\t\t\t<section class=\"elementor-section elementor-top-section elementor-element elementor-element-0831989 elementor-section-boxed elementor-section-height-default elementor-section-height-default\" data-id=\"0831989\" data-element_type=\"section\" data-e-type=\"section\">\n\t\t\t\t\t\t<div class=\"elementor-container elementor-column-gap-default\">\n\t\t\t\t\t<div class=\"elementor-column elementor-col-100 elementor-top-column elementor-element elementor-element-fc2f344\" data-id=\"fc2f344\" data-element_type=\"column\" data-e-type=\"column\">\n\t\t\t<div class=\"elementor-widget-wrap elementor-element-populated\">\n\t\t\t\t\t\t<div class=\"elementor-element elementor-element-c094685 elementor-widget elementor-widget-image\" data-id=\"c094685\" data-element_type=\"widget\" data-e-type=\"widget\" data-widget_type=\"image.default\">\n\t\t\t\t<div class=\"elementor-widget-container\">\n\t\t\t\t\t\t\t\t\t\t\t\t\t\t\t<img fetchpriority=\"high\" decoding=\"async\" width=\"800\" height=\"534\" src=\"https:\/\/patentest.com\/wp-content\/uploads\/2020\/12\/austin-distel-goFBjlQiZFU-unsplash-1024x683.jpg\" class=\"attachment-large size-large wp-image-6566\" alt=\"Investerare-patentanalys\" srcset=\"https:\/\/patentest.com\/wp-content\/uploads\/2020\/12\/austin-distel-goFBjlQiZFU-unsplash-1024x683.jpg 1024w, https:\/\/patentest.com\/wp-content\/uploads\/2020\/12\/austin-distel-goFBjlQiZFU-unsplash-300x200.jpg 300w, https:\/\/patentest.com\/wp-content\/uploads\/2020\/12\/austin-distel-goFBjlQiZFU-unsplash-768x512.jpg 768w, https:\/\/patentest.com\/wp-content\/uploads\/2020\/12\/austin-distel-goFBjlQiZFU-unsplash-1536x1024.jpg 1536w, https:\/\/patentest.com\/wp-content\/uploads\/2020\/12\/austin-distel-goFBjlQiZFU-unsplash-2048x1365.jpg 2048w\" sizes=\"(max-width: 800px) 100vw, 800px\" \/>\t\t\t\t\t\t\t\t\t\t\t\t\t\t\t<\/div>\n\t\t\t\t<\/div>\n\t\t\t\t\t<\/div>\n\t\t<\/div>\n\t\t\t\t\t<\/div>\n\t\t<\/section>\n\t\t\t\t<\/div>\n\t\t","protected":false},"excerpt":{"rendered":"<p>IP-Due Diligence innan du tar in investerare Skall du ta in n\u00e5gon som vill investera i din startup, ditt f\u00f6retag eller i din produkt? D\u00e5 kan Patentest\u2019s team, best\u00e5endes av patentexperter, seniora patentkonsulter och aff\u00e4rskonsulter erbjuda dig en analys aktuella immaterialr\u00e4tter innan investeringen sker. Oavsett om investeraren i fr\u00e5ga \u00e4r en privat investerare, kommer ifr\u00e5n [&hellip;]<\/p>\n","protected":false},"author":3,"featured_media":6566,"parent":0,"menu_order":0,"comment_status":"closed","ping_status":"closed","template":"","meta":{"footnotes":""},"class_list":["post-5631","page","type-page","status-publish","has-post-thumbnail","hentry"],"yoast_head":"<!-- This site is optimized with the Yoast SEO plugin v27.1.1 - https:\/\/yoast.com\/product\/yoast-seo-wordpress\/ -->\n<title>Patentanalys f\u00f6r investerare som vill investera i din start-up | Patentest<\/title>\n<meta name=\"description\" content=\"Patentest erbjuder dig en patentanalys f\u00f6r investerare av immaterialr\u00e4tt innan investeringen sker.\" \/>\n<meta name=\"robots\" content=\"index, follow, max-snippet:-1, max-image-preview:large, max-video-preview:-1\" \/>\n<link rel=\"canonical\" href=\"https:\/\/patentest.com\/sv\/investerare-patentanalys\/\" \/>\n<meta property=\"og:locale\" content=\"sv_SE\" \/>\n<meta property=\"og:type\" content=\"article\" \/>\n<meta property=\"og:title\" content=\"Patentanalys f\u00f6r investerare som vill investera i din start-up | Patentest\" \/>\n<meta property=\"og:description\" content=\"Patentest erbjuder dig en patentanalys f\u00f6r investerare av immaterialr\u00e4tt innan investeringen sker.\" \/>\n<meta property=\"og:url\" content=\"https:\/\/patentest.com\/sv\/investerare-patentanalys\/\" \/>\n<meta property=\"og:site_name\" content=\"Patentest\" \/>\n<meta property=\"article:publisher\" content=\"https:\/\/www.facebook.com\/newtone.patent.search\/\" \/>\n<meta property=\"article:modified_time\" content=\"2020-12-17T11:06:14+00:00\" \/>\n<meta property=\"og:image\" content=\"https:\/\/patentest.com\/wp-content\/uploads\/2020\/12\/austin-distel-goFBjlQiZFU-unsplash.jpg\" \/>\n\t<meta property=\"og:image:width\" content=\"2400\" \/>\n\t<meta property=\"og:image:height\" content=\"1600\" \/>\n\t<meta property=\"og:image:type\" content=\"image\/jpeg\" \/>\n<meta name=\"twitter:card\" content=\"summary_large_image\" \/>\n<meta name=\"twitter:label1\" content=\"Ber\u00e4knad l\u00e4stid\" \/>\n\t<meta name=\"twitter:data1\" content=\"2 minuter\" \/>\n<script type=\"application\/ld+json\" class=\"yoast-schema-graph\">{\"@context\":\"https:\/\/schema.org\",\"@graph\":[{\"@type\":\"WebPage\",\"@id\":\"https:\/\/patentest.com\/sv\/investerare-patentanalys\/\",\"url\":\"https:\/\/patentest.com\/sv\/investerare-patentanalys\/\",\"name\":\"Patentanalys f\u00f6r investerare som vill investera i din start-up | Patentest\",\"isPartOf\":{\"@id\":\"https:\/\/patentest.com\/sv\/#website\"},\"primaryImageOfPage\":{\"@id\":\"https:\/\/patentest.com\/sv\/investerare-patentanalys\/#primaryimage\"},\"image\":{\"@id\":\"https:\/\/patentest.com\/sv\/investerare-patentanalys\/#primaryimage\"},\"thumbnailUrl\":\"https:\/\/patentest.com\/wp-content\/uploads\/2020\/12\/austin-distel-goFBjlQiZFU-unsplash.jpg\",\"datePublished\":\"2019-11-08T08:11:54+00:00\",\"dateModified\":\"2020-12-17T11:06:14+00:00\",\"description\":\"Patentest erbjuder dig en patentanalys f\u00f6r investerare av immaterialr\u00e4tt innan investeringen sker.\",\"breadcrumb\":{\"@id\":\"https:\/\/patentest.com\/sv\/investerare-patentanalys\/#breadcrumb\"},\"inLanguage\":\"sv-SE\",\"potentialAction\":[{\"@type\":\"ReadAction\",\"target\":[\"https:\/\/patentest.com\/sv\/investerare-patentanalys\/\"]}]},{\"@type\":\"ImageObject\",\"inLanguage\":\"sv-SE\",\"@id\":\"https:\/\/patentest.com\/sv\/investerare-patentanalys\/#primaryimage\",\"url\":\"https:\/\/patentest.com\/wp-content\/uploads\/2020\/12\/austin-distel-goFBjlQiZFU-unsplash.jpg\",\"contentUrl\":\"https:\/\/patentest.com\/wp-content\/uploads\/2020\/12\/austin-distel-goFBjlQiZFU-unsplash.jpg\",\"width\":2400,\"height\":1600,\"caption\":\"Investerare-patentanalys\"},{\"@type\":\"BreadcrumbList\",\"@id\":\"https:\/\/patentest.com\/sv\/investerare-patentanalys\/#breadcrumb\",\"itemListElement\":[{\"@type\":\"ListItem\",\"position\":1,\"name\":\"Home page\",\"item\":\"https:\/\/patentest.com\/sv\/\"},{\"@type\":\"ListItem\",\"position\":2,\"name\":\"Patentanalys f\u00f6r investerare\"}]},{\"@type\":\"WebSite\",\"@id\":\"https:\/\/patentest.com\/sv\/#website\",\"url\":\"https:\/\/patentest.com\/sv\/\",\"name\":\"Patentest\",\"description\":\"Your first step towards a registered patent\",\"potentialAction\":[{\"@type\":\"SearchAction\",\"target\":{\"@type\":\"EntryPoint\",\"urlTemplate\":\"https:\/\/patentest.com\/sv\/?s={search_term_string}\"},\"query-input\":{\"@type\":\"PropertyValueSpecification\",\"valueRequired\":true,\"valueName\":\"search_term_string\"}}],\"inLanguage\":\"sv-SE\"}]}<\/script>\n<!-- \/ Yoast SEO plugin. -->","yoast_head_json":{"title":"Patentanalys f\u00f6r investerare som vill investera i din start-up | Patentest","description":"Patentest erbjuder dig en patentanalys f\u00f6r investerare av immaterialr\u00e4tt innan investeringen sker.","robots":{"index":"index","follow":"follow","max-snippet":"max-snippet:-1","max-image-preview":"max-image-preview:large","max-video-preview":"max-video-preview:-1"},"canonical":"https:\/\/patentest.com\/sv\/investerare-patentanalys\/","og_locale":"sv_SE","og_type":"article","og_title":"Patentanalys f\u00f6r investerare som vill investera i din start-up | Patentest","og_description":"Patentest erbjuder dig en patentanalys f\u00f6r investerare av immaterialr\u00e4tt innan investeringen sker.","og_url":"https:\/\/patentest.com\/sv\/investerare-patentanalys\/","og_site_name":"Patentest","article_publisher":"https:\/\/www.facebook.com\/newtone.patent.search\/","article_modified_time":"2020-12-17T11:06:14+00:00","og_image":[{"width":2400,"height":1600,"url":"https:\/\/patentest.com\/wp-content\/uploads\/2020\/12\/austin-distel-goFBjlQiZFU-unsplash.jpg","type":"image\/jpeg"}],"twitter_card":"summary_large_image","twitter_misc":{"Ber\u00e4knad l\u00e4stid":"2 minuter"},"schema":{"@context":"https:\/\/schema.org","@graph":[{"@type":"WebPage","@id":"https:\/\/patentest.com\/sv\/investerare-patentanalys\/","url":"https:\/\/patentest.com\/sv\/investerare-patentanalys\/","name":"Patentanalys f\u00f6r investerare som vill investera i din start-up | Patentest","isPartOf":{"@id":"https:\/\/patentest.com\/sv\/#website"},"primaryImageOfPage":{"@id":"https:\/\/patentest.com\/sv\/investerare-patentanalys\/#primaryimage"},"image":{"@id":"https:\/\/patentest.com\/sv\/investerare-patentanalys\/#primaryimage"},"thumbnailUrl":"https:\/\/patentest.com\/wp-content\/uploads\/2020\/12\/austin-distel-goFBjlQiZFU-unsplash.jpg","datePublished":"2019-11-08T08:11:54+00:00","dateModified":"2020-12-17T11:06:14+00:00","description":"Patentest erbjuder dig en patentanalys f\u00f6r investerare av immaterialr\u00e4tt innan investeringen sker.","breadcrumb":{"@id":"https:\/\/patentest.com\/sv\/investerare-patentanalys\/#breadcrumb"},"inLanguage":"sv-SE","potentialAction":[{"@type":"ReadAction","target":["https:\/\/patentest.com\/sv\/investerare-patentanalys\/"]}]},{"@type":"ImageObject","inLanguage":"sv-SE","@id":"https:\/\/patentest.com\/sv\/investerare-patentanalys\/#primaryimage","url":"https:\/\/patentest.com\/wp-content\/uploads\/2020\/12\/austin-distel-goFBjlQiZFU-unsplash.jpg","contentUrl":"https:\/\/patentest.com\/wp-content\/uploads\/2020\/12\/austin-distel-goFBjlQiZFU-unsplash.jpg","width":2400,"height":1600,"caption":"Investerare-patentanalys"},{"@type":"BreadcrumbList","@id":"https:\/\/patentest.com\/sv\/investerare-patentanalys\/#breadcrumb","itemListElement":[{"@type":"ListItem","position":1,"name":"Home page","item":"https:\/\/patentest.com\/sv\/"},{"@type":"ListItem","position":2,"name":"Patentanalys f\u00f6r investerare"}]},{"@type":"WebSite","@id":"https:\/\/patentest.com\/sv\/#website","url":"https:\/\/patentest.com\/sv\/","name":"Patentest","description":"Your first step towards a registered patent","potentialAction":[{"@type":"SearchAction","target":{"@type":"EntryPoint","urlTemplate":"https:\/\/patentest.com\/sv\/?s={search_term_string}"},"query-input":{"@type":"PropertyValueSpecification","valueRequired":true,"valueName":"search_term_string"}}],"inLanguage":"sv-SE"}]}},"_links":{"self":[{"href":"https:\/\/patentest.com\/sv\/wp-json\/wp\/v2\/pages\/5631","targetHints":{"allow":["GET"]}}],"collection":[{"href":"https:\/\/patentest.com\/sv\/wp-json\/wp\/v2\/pages"}],"about":[{"href":"https:\/\/patentest.com\/sv\/wp-json\/wp\/v2\/types\/page"}],"author":[{"embeddable":true,"href":"https:\/\/patentest.com\/sv\/wp-json\/wp\/v2\/users\/3"}],"replies":[{"embeddable":true,"href":"https:\/\/patentest.com\/sv\/wp-json\/wp\/v2\/comments?post=5631"}],"version-history":[{"count":8,"href":"https:\/\/patentest.com\/sv\/wp-json\/wp\/v2\/pages\/5631\/revisions"}],"predecessor-version":[{"id":6569,"href":"https:\/\/patentest.com\/sv\/wp-json\/wp\/v2\/pages\/5631\/revisions\/6569"}],"wp:featuredmedia":[{"embeddable":true,"href":"https:\/\/patentest.com\/sv\/wp-json\/wp\/v2\/media\/6566"}],"wp:attachment":[{"href":"https:\/\/patentest.com\/sv\/wp-json\/wp\/v2\/media?parent=5631"}],"curies":[{"name":"wp","href":"https:\/\/api.w.org\/{rel}","templated":true}]}}