{"id":5628,"date":"2020-01-20T14:44:57","date_gmt":"2020-01-20T12:44:57","guid":{"rendered":"https:\/\/patentest.com\/patent-search-for-patent-and-law-firms\/"},"modified":"2021-07-13T11:22:11","modified_gmt":"2021-07-13T08:22:11","slug":"patentombud-och-advokatbyraer","status":"publish","type":"page","link":"https:\/\/patentest.com\/sv\/patentombud-och-advokatbyraer\/","title":{"rendered":"Patentombud &#038; Advokatbyr\u00e5er"},"content":{"rendered":"\t\t<div data-elementor-type=\"wp-page\" data-elementor-id=\"5628\" class=\"elementor elementor-5628\" data-elementor-post-type=\"page\">\n\t\t\t\t\t\t<section class=\"elementor-section elementor-top-section elementor-element elementor-element-6be4a6ee elementor-section-boxed elementor-section-height-default elementor-section-height-default\" data-id=\"6be4a6ee\" data-element_type=\"section\" data-e-type=\"section\">\n\t\t\t\t\t\t<div class=\"elementor-container elementor-column-gap-default\">\n\t\t\t\t\t<div class=\"elementor-column elementor-col-100 elementor-top-column elementor-element elementor-element-44d638cc\" data-id=\"44d638cc\" data-element_type=\"column\" data-e-type=\"column\">\n\t\t\t<div class=\"elementor-widget-wrap elementor-element-populated\">\n\t\t\t\t\t\t<div class=\"elementor-element elementor-element-9d6f280 elementor-widget elementor-widget-text-editor\" data-id=\"9d6f280\" data-element_type=\"widget\" data-e-type=\"widget\" data-widget_type=\"text-editor.default\">\n\t\t\t\t<div class=\"elementor-widget-container\">\n\t\t\t\t\t\t\t\t\t<h2><span style=\"font-weight: 400;\">Patent och IP-analys f\u00f6r patentombud och advokatbyr\u00e5er inom immaterialr\u00e4tt<\/span><\/h2><p><span style=\"font-weight: 400;\">Patentombud och advokatbyr\u00e5er v\u00e4ljer Patentest som prioriterad leverant\u00f6r av Patentinformation sedan 2004. Oavsett om du \u00e4r baserad i USA, Kina, Storbritannien, Tyskland, Sverige, Israel eller n\u00e5got annat land, s\u00e5 finns vi h\u00e4r f\u00f6r att f\u00f6rse dig med h\u00f6gkvalitativa tj\u00e4nster. Vi f\u00f6rser dig dessutom med den mest tr\u00e4ffs\u00e4kra typen av analyser och patentinformation. Oavsett vilken teknologi det g\u00e4ller eller hur enkelt eller komplicerat uppdraget \u00e4r, kan du vara s\u00e4ker p\u00e5 att v\u00e5rt erfarna team kan leverera precis r\u00e4tt patentinformation till dig. <\/span><span style=\"font-weight: 400;\"><br \/><\/span><span style=\"font-weight: 400;\"><br \/><\/span><span style=\"font-weight: 400;\">V\u00e5rt team p\u00e5 Patentest best\u00e5r av ingenj\u00f6rer med olika teknisk bakgrund s\u00e5 att vi har m\u00f6jlighet att genomf\u00f6ra s\u00f6kningar och analyser inom alla typer av teknik- eller utvecklingsomr\u00e5den.\u00a0<\/span><\/p><p><span style=\"font-weight: 400;\">Samtliga av v\u00e5ra ingenj\u00f6rer genomg\u00e5r ocks\u00e5 ett intensivt tr\u00e4ningsprogram f\u00f6r att l\u00e4ra sig bem\u00e4stra konsten att genomf\u00f6ra h\u00f6gkvalitativa s\u00f6kningar och olika s\u00f6kverktyg.\u00a0<\/span><\/p><p><span style=\"font-weight: 400;\">Vi \u00e4r mycket stolta \u00f6ver att v\u00e5rt team funnits med oss under m\u00e5nga \u00e5r. Detta g\u00f6r att vi kan erbjuda garanterad expertis och kompetens inom relevanta teknikomr\u00e5den, samt f\u00f6rse v\u00e5ra kunder med v\u00e4rdeskapande information och de absolut b\u00e4sta rapporterna.\u00a0<\/span><\/p><p><span style=\"font-weight: 400;\">Att leverera kvalitet och precision \u00e4r det allra viktigaste f\u00f6r oss. D\u00e4rf\u00f6r s\u00e4kerst\u00e4ller vi att v\u00e5ra s\u00f6kmetoder, verktyg och tr\u00e4ningsprogram alltid \u00e4r uppdaterade.\u00a0<\/span><\/p><p><span style=\"font-weight: 400;\">Alla best\u00e4llningar vi f\u00e5r matchas med en ingenj\u00f6r med den r\u00e4tta tekniska bakgrunden och erfarenheten. Alla v\u00e5ra s\u00f6kningar och rapporter kontrolleras dessutom alltid av minst en ytterligare ingenj\u00f6r innan den skickas till dig. Vidare st\u00e5r v\u00e5r d\u00f6rr naturligtvis alltid \u00f6ppen f\u00f6r \u00e5terkopplingar fr\u00e5n dig, och vi ser till att besvara samtliga av dina fr\u00e5gor.<\/span><span style=\"font-weight: 400;\"><br \/><\/span><span style=\"font-weight: 400;\"><br \/><\/span><span style=\"font-weight: 400;\">Som patentombud \u00e4r du mycket viktigt f\u00f6r oss. Du och dina kunders n\u00f6jdhet \u00e4r det b\u00e4sta s\u00e4ttet f\u00f6r oss att s\u00e4kra v\u00e5r n\u00e4sta order.<\/span><\/p><h3><span style=\"font-weight: 400;\"><br \/><\/span>S\u00e4kerhet och sekretess<\/h3><p><span style=\"font-weight: 400;\"><br \/><\/span><span style=\"font-weight: 400;\">S\u00e4kerhet och sekretess placerar vi i fr\u00e4msta rummet. D\u00e4rf\u00f6r ser vi till att v\u00e5r best\u00e4llningsprocess online \u00e4r av h\u00f6gsta kvalitet n\u00e4r det kommer till s\u00e4kerhet och anv\u00e4nda s\u00e4kerhetsl\u00f6sningar.\u00a0<\/span><\/p><p><span style=\"font-weight: 400;\">Ingen information sparas lokalt p\u00e5 v\u00e5ra datorer och servrar och alla v\u00e5ra kunders information \u00e4r alltid s\u00e4krad genom att vi anv\u00e4nder marknadens b\u00e4sta plattform.<\/span><\/p><h3><span style=\"font-weight: 400;\"><br \/><\/span>Registrering<\/h3><p><b><\/b><span style=\"font-weight: 400;\">Du kan med enkelhet registrera dig och f\u00e5 tillg\u00e5ng till v\u00e5r best\u00e4llningsprocess. Vidare kan du ocks\u00e5 registrera och hantera flera anv\u00e4ndare under ditt namn, om s\u00e5 \u00f6nskas. P\u00e5 Patentest \u00e4r vi st\u00e4ndigt h\u00e4ngivna att f\u00f6rse dig med de i s\u00e4rklass b\u00e4sta tj\u00e4nsterna och priserna som marknaden har att erbjuda. V\u00e5rt system g\u00f6r det m\u00f6jligt f\u00f6r dig att:<\/span><\/p><ul><li style=\"font-weight: 400;\"><p><span style=\"font-weight: 400;\">Hantera dina best\u00e4llningar och rapporter b\u00e5de tryggt och s\u00e4kert<\/span><\/p><\/li><li style=\"font-weight: 400;\"><p><span style=\"font-weight: 400;\">Hantera ditt team\u00a0<\/span><\/p><\/li><li style=\"font-weight: 400;\"><p><span style=\"font-weight: 400;\">Hantera flertalet best\u00e4llningar samtidigt samt utv\u00e4rdera b\u00e5de befintliga och tidigare best\u00e4llningar samt rapporter<\/span><\/p><\/li><li style=\"font-weight: 400;\"><p><span style=\"font-weight: 400;\">Ladda ner och ta del av viktig analysinformation g\u00e4llande rapporten eller ett specifikt dokument i rapporten<\/span><\/p><\/li><\/ul><p><span style=\"font-weight: 400;\">F\u00f6r mer information, se f\u00f6ljande l\u00e4nkar nedan:<\/span><\/p><p><a href=\"https:\/\/patentest.com\/sv\/bestall-fran-oss-soka-patent\/\"><span style=\"font-weight: 400;\">Best\u00e4ll en s\u00f6kning<\/span><\/a><span style=\"font-weight: 400;\"> | <\/span><a href=\"http:\/\/a57522-tmp.s45.upress.link\/gb\/our-clients\/\"><span style=\"font-weight: 400;\">V\u00e5ra kunder<\/span><\/a><span style=\"font-weight: 400;\"> | <a href=\"https:\/\/patentest.com\/sv\/allman-information\/framgangssagor\/\">Framg\u00e5ngssagor<\/a><\/span><\/p>\t\t\t\t\t\t\t\t<\/div>\n\t\t\t\t<\/div>\n\t\t\t\t\t<\/div>\n\t\t<\/div>\n\t\t\t\t\t<\/div>\n\t\t<\/section>\n\t\t\t\t<section class=\"elementor-section elementor-top-section elementor-element elementor-element-e05da79 elementor-section-boxed elementor-section-height-default elementor-section-height-default\" data-id=\"e05da79\" data-element_type=\"section\" data-e-type=\"section\">\n\t\t\t\t\t\t<div class=\"elementor-container elementor-column-gap-default\">\n\t\t\t\t\t<div class=\"elementor-column elementor-col-100 elementor-top-column elementor-element elementor-element-587d5ec\" data-id=\"587d5ec\" data-element_type=\"column\" data-e-type=\"column\">\n\t\t\t<div class=\"elementor-widget-wrap elementor-element-populated\">\n\t\t\t\t\t\t<div class=\"elementor-element elementor-element-b04d3af elementor-widget elementor-widget-image\" data-id=\"b04d3af\" data-element_type=\"widget\" data-e-type=\"widget\" data-widget_type=\"image.default\">\n\t\t\t\t<div class=\"elementor-widget-container\">\n\t\t\t\t\t\t\t\t\t\t\t\t\t\t\t<img fetchpriority=\"high\" decoding=\"async\" width=\"800\" height=\"533\" src=\"https:\/\/patentest.com\/wp-content\/uploads\/2020\/12\/patentombud-Ip-analys-patentansokan.jpeg\" class=\"attachment-large size-large wp-image-6570\" alt=\"patentombud Ip-analys patentans\u00f6kan\" srcset=\"https:\/\/patentest.com\/wp-content\/uploads\/2020\/12\/patentombud-Ip-analys-patentansokan.jpeg 900w, https:\/\/patentest.com\/wp-content\/uploads\/2020\/12\/patentombud-Ip-analys-patentansokan-300x200.jpeg 300w, https:\/\/patentest.com\/wp-content\/uploads\/2020\/12\/patentombud-Ip-analys-patentansokan-768x512.jpeg 768w\" sizes=\"(max-width: 800px) 100vw, 800px\" \/>\t\t\t\t\t\t\t\t\t\t\t\t\t\t\t<\/div>\n\t\t\t\t<\/div>\n\t\t\t\t\t<\/div>\n\t\t<\/div>\n\t\t\t\t\t<\/div>\n\t\t<\/section>\n\t\t\t\t<\/div>\n\t\t","protected":false},"excerpt":{"rendered":"<p>Patent och IP-analys f\u00f6r patentombud och advokatbyr\u00e5er inom immaterialr\u00e4tt Patentombud och advokatbyr\u00e5er v\u00e4ljer Patentest som prioriterad leverant\u00f6r av Patentinformation sedan 2004. Oavsett om du \u00e4r baserad i USA, Kina, Storbritannien, Tyskland, Sverige, Israel eller n\u00e5got annat land, s\u00e5 finns vi h\u00e4r f\u00f6r att f\u00f6rse dig med h\u00f6gkvalitativa tj\u00e4nster. Vi f\u00f6rser dig dessutom med den mest [&hellip;]<\/p>\n","protected":false},"author":3,"featured_media":6570,"parent":0,"menu_order":0,"comment_status":"closed","ping_status":"closed","template":"","meta":{"footnotes":""},"class_list":["post-5628","page","type-page","status-publish","has-post-thumbnail","hentry"],"yoast_head":"<!-- This site is optimized with the Yoast SEO plugin v27.1.1 - https:\/\/yoast.com\/product\/yoast-seo-wordpress\/ -->\n<title>Patent och IP-analys f\u00f6r patentombud och advokatbyr\u00e5er inom immaterialr\u00e4tt<\/title>\n<meta name=\"description\" content=\"Patentombud och advokatbyr\u00e5er v\u00e4ljer Patentest som prioriterad leverant\u00f6r av Patentinformation sedan 2004.\" \/>\n<meta name=\"robots\" content=\"index, follow, max-snippet:-1, max-image-preview:large, max-video-preview:-1\" \/>\n<link rel=\"canonical\" href=\"https:\/\/patentest.com\/sv\/patentombud-och-advokatbyraer\/\" \/>\n<meta property=\"og:locale\" content=\"sv_SE\" \/>\n<meta property=\"og:type\" content=\"article\" \/>\n<meta property=\"og:title\" content=\"Patent och IP-analys f\u00f6r patentombud och advokatbyr\u00e5er inom immaterialr\u00e4tt\" \/>\n<meta property=\"og:description\" content=\"Patentombud och advokatbyr\u00e5er v\u00e4ljer Patentest som prioriterad leverant\u00f6r av Patentinformation sedan 2004.\" \/>\n<meta property=\"og:url\" content=\"https:\/\/patentest.com\/sv\/patentombud-och-advokatbyraer\/\" \/>\n<meta property=\"og:site_name\" content=\"Patentest\" \/>\n<meta property=\"article:publisher\" content=\"https:\/\/www.facebook.com\/newtone.patent.search\/\" \/>\n<meta property=\"article:modified_time\" content=\"2021-07-13T08:22:11+00:00\" \/>\n<meta property=\"og:image\" content=\"https:\/\/patentest.com\/wp-content\/uploads\/2020\/12\/patentombud-Ip-analys-patentansokan.jpeg\" \/>\n\t<meta property=\"og:image:width\" content=\"900\" \/>\n\t<meta property=\"og:image:height\" content=\"600\" \/>\n\t<meta property=\"og:image:type\" content=\"image\/jpeg\" \/>\n<meta name=\"twitter:card\" content=\"summary_large_image\" \/>\n<meta name=\"twitter:label1\" content=\"Ber\u00e4knad l\u00e4stid\" \/>\n\t<meta name=\"twitter:data1\" content=\"3 minuter\" \/>\n<script type=\"application\/ld+json\" class=\"yoast-schema-graph\">{\"@context\":\"https:\/\/schema.org\",\"@graph\":[{\"@type\":\"WebPage\",\"@id\":\"https:\/\/patentest.com\/sv\/patentombud-och-advokatbyraer\/\",\"url\":\"https:\/\/patentest.com\/sv\/patentombud-och-advokatbyraer\/\",\"name\":\"Patent och IP-analys f\u00f6r patentombud och advokatbyr\u00e5er inom immaterialr\u00e4tt\",\"isPartOf\":{\"@id\":\"https:\/\/patentest.com\/sv\/#website\"},\"primaryImageOfPage\":{\"@id\":\"https:\/\/patentest.com\/sv\/patentombud-och-advokatbyraer\/#primaryimage\"},\"image\":{\"@id\":\"https:\/\/patentest.com\/sv\/patentombud-och-advokatbyraer\/#primaryimage\"},\"thumbnailUrl\":\"https:\/\/patentest.com\/wp-content\/uploads\/2020\/12\/patentombud-Ip-analys-patentansokan.jpeg\",\"datePublished\":\"2020-01-20T12:44:57+00:00\",\"dateModified\":\"2021-07-13T08:22:11+00:00\",\"description\":\"Patentombud och advokatbyr\u00e5er v\u00e4ljer Patentest som prioriterad leverant\u00f6r av Patentinformation sedan 2004.\",\"breadcrumb\":{\"@id\":\"https:\/\/patentest.com\/sv\/patentombud-och-advokatbyraer\/#breadcrumb\"},\"inLanguage\":\"sv-SE\",\"potentialAction\":[{\"@type\":\"ReadAction\",\"target\":[\"https:\/\/patentest.com\/sv\/patentombud-och-advokatbyraer\/\"]}]},{\"@type\":\"ImageObject\",\"inLanguage\":\"sv-SE\",\"@id\":\"https:\/\/patentest.com\/sv\/patentombud-och-advokatbyraer\/#primaryimage\",\"url\":\"https:\/\/patentest.com\/wp-content\/uploads\/2020\/12\/patentombud-Ip-analys-patentansokan.jpeg\",\"contentUrl\":\"https:\/\/patentest.com\/wp-content\/uploads\/2020\/12\/patentombud-Ip-analys-patentansokan.jpeg\",\"width\":900,\"height\":600,\"caption\":\"patentombud Ip-analys patentans\u00f6kan\"},{\"@type\":\"BreadcrumbList\",\"@id\":\"https:\/\/patentest.com\/sv\/patentombud-och-advokatbyraer\/#breadcrumb\",\"itemListElement\":[{\"@type\":\"ListItem\",\"position\":1,\"name\":\"Home page\",\"item\":\"https:\/\/patentest.com\/sv\/\"},{\"@type\":\"ListItem\",\"position\":2,\"name\":\"Patentombud &#038; Advokatbyr\u00e5er\"}]},{\"@type\":\"WebSite\",\"@id\":\"https:\/\/patentest.com\/sv\/#website\",\"url\":\"https:\/\/patentest.com\/sv\/\",\"name\":\"Patentest\",\"description\":\"Your first step towards a registered patent\",\"potentialAction\":[{\"@type\":\"SearchAction\",\"target\":{\"@type\":\"EntryPoint\",\"urlTemplate\":\"https:\/\/patentest.com\/sv\/?s={search_term_string}\"},\"query-input\":{\"@type\":\"PropertyValueSpecification\",\"valueRequired\":true,\"valueName\":\"search_term_string\"}}],\"inLanguage\":\"sv-SE\"}]}<\/script>\n<!-- \/ Yoast SEO plugin. -->","yoast_head_json":{"title":"Patent och IP-analys f\u00f6r patentombud och advokatbyr\u00e5er inom immaterialr\u00e4tt","description":"Patentombud och advokatbyr\u00e5er v\u00e4ljer Patentest som prioriterad leverant\u00f6r av Patentinformation sedan 2004.","robots":{"index":"index","follow":"follow","max-snippet":"max-snippet:-1","max-image-preview":"max-image-preview:large","max-video-preview":"max-video-preview:-1"},"canonical":"https:\/\/patentest.com\/sv\/patentombud-och-advokatbyraer\/","og_locale":"sv_SE","og_type":"article","og_title":"Patent och IP-analys f\u00f6r patentombud och advokatbyr\u00e5er inom immaterialr\u00e4tt","og_description":"Patentombud och advokatbyr\u00e5er v\u00e4ljer Patentest som prioriterad leverant\u00f6r av Patentinformation sedan 2004.","og_url":"https:\/\/patentest.com\/sv\/patentombud-och-advokatbyraer\/","og_site_name":"Patentest","article_publisher":"https:\/\/www.facebook.com\/newtone.patent.search\/","article_modified_time":"2021-07-13T08:22:11+00:00","og_image":[{"width":900,"height":600,"url":"https:\/\/patentest.com\/wp-content\/uploads\/2020\/12\/patentombud-Ip-analys-patentansokan.jpeg","type":"image\/jpeg"}],"twitter_card":"summary_large_image","twitter_misc":{"Ber\u00e4knad l\u00e4stid":"3 minuter"},"schema":{"@context":"https:\/\/schema.org","@graph":[{"@type":"WebPage","@id":"https:\/\/patentest.com\/sv\/patentombud-och-advokatbyraer\/","url":"https:\/\/patentest.com\/sv\/patentombud-och-advokatbyraer\/","name":"Patent och IP-analys f\u00f6r patentombud och advokatbyr\u00e5er inom immaterialr\u00e4tt","isPartOf":{"@id":"https:\/\/patentest.com\/sv\/#website"},"primaryImageOfPage":{"@id":"https:\/\/patentest.com\/sv\/patentombud-och-advokatbyraer\/#primaryimage"},"image":{"@id":"https:\/\/patentest.com\/sv\/patentombud-och-advokatbyraer\/#primaryimage"},"thumbnailUrl":"https:\/\/patentest.com\/wp-content\/uploads\/2020\/12\/patentombud-Ip-analys-patentansokan.jpeg","datePublished":"2020-01-20T12:44:57+00:00","dateModified":"2021-07-13T08:22:11+00:00","description":"Patentombud och advokatbyr\u00e5er v\u00e4ljer Patentest som prioriterad leverant\u00f6r av Patentinformation sedan 2004.","breadcrumb":{"@id":"https:\/\/patentest.com\/sv\/patentombud-och-advokatbyraer\/#breadcrumb"},"inLanguage":"sv-SE","potentialAction":[{"@type":"ReadAction","target":["https:\/\/patentest.com\/sv\/patentombud-och-advokatbyraer\/"]}]},{"@type":"ImageObject","inLanguage":"sv-SE","@id":"https:\/\/patentest.com\/sv\/patentombud-och-advokatbyraer\/#primaryimage","url":"https:\/\/patentest.com\/wp-content\/uploads\/2020\/12\/patentombud-Ip-analys-patentansokan.jpeg","contentUrl":"https:\/\/patentest.com\/wp-content\/uploads\/2020\/12\/patentombud-Ip-analys-patentansokan.jpeg","width":900,"height":600,"caption":"patentombud Ip-analys patentans\u00f6kan"},{"@type":"BreadcrumbList","@id":"https:\/\/patentest.com\/sv\/patentombud-och-advokatbyraer\/#breadcrumb","itemListElement":[{"@type":"ListItem","position":1,"name":"Home page","item":"https:\/\/patentest.com\/sv\/"},{"@type":"ListItem","position":2,"name":"Patentombud &#038; Advokatbyr\u00e5er"}]},{"@type":"WebSite","@id":"https:\/\/patentest.com\/sv\/#website","url":"https:\/\/patentest.com\/sv\/","name":"Patentest","description":"Your first step towards a registered patent","potentialAction":[{"@type":"SearchAction","target":{"@type":"EntryPoint","urlTemplate":"https:\/\/patentest.com\/sv\/?s={search_term_string}"},"query-input":{"@type":"PropertyValueSpecification","valueRequired":true,"valueName":"search_term_string"}}],"inLanguage":"sv-SE"}]}},"_links":{"self":[{"href":"https:\/\/patentest.com\/sv\/wp-json\/wp\/v2\/pages\/5628","targetHints":{"allow":["GET"]}}],"collection":[{"href":"https:\/\/patentest.com\/sv\/wp-json\/wp\/v2\/pages"}],"about":[{"href":"https:\/\/patentest.com\/sv\/wp-json\/wp\/v2\/types\/page"}],"author":[{"embeddable":true,"href":"https:\/\/patentest.com\/sv\/wp-json\/wp\/v2\/users\/3"}],"replies":[{"embeddable":true,"href":"https:\/\/patentest.com\/sv\/wp-json\/wp\/v2\/comments?post=5628"}],"version-history":[{"count":21,"href":"https:\/\/patentest.com\/sv\/wp-json\/wp\/v2\/pages\/5628\/revisions"}],"predecessor-version":[{"id":7269,"href":"https:\/\/patentest.com\/sv\/wp-json\/wp\/v2\/pages\/5628\/revisions\/7269"}],"wp:featuredmedia":[{"embeddable":true,"href":"https:\/\/patentest.com\/sv\/wp-json\/wp\/v2\/media\/6570"}],"wp:attachment":[{"href":"https:\/\/patentest.com\/sv\/wp-json\/wp\/v2\/media?parent=5628"}],"curies":[{"name":"wp","href":"https:\/\/api.w.org\/{rel}","templated":true}]}}