{"id":5621,"date":"2020-02-11T18:58:18","date_gmt":"2020-02-11T16:58:18","guid":{"rendered":"https:\/\/patentest.com\/why-conduct-a-patent-search\/"},"modified":"2021-09-22T22:01:01","modified_gmt":"2021-09-22T19:01:01","slug":"patentsokning","status":"publish","type":"page","link":"https:\/\/patentest.com\/sv\/allman-information\/patentsokning\/","title":{"rendered":"Varf\u00f6r ska du genomf\u00f6ra en patents\u00f6kning?"},"content":{"rendered":"\t\t<div data-elementor-type=\"wp-post\" data-elementor-id=\"5621\" class=\"elementor elementor-5621 elementor-79 elementor-bc-flex-widget\" data-elementor-post-type=\"page\">\n\t\t\t\t\t\t<section class=\"elementor-section elementor-top-section elementor-element elementor-element-0wl6zc6 elementor-section-boxed elementor-section-height-default elementor-section-height-default\" data-id=\"0wl6zc6\" data-element_type=\"section\" data-e-type=\"section\">\n\t\t\t\t\t\t<div class=\"elementor-container elementor-column-gap-default\">\n\t\t\t\t\t<div class=\"elementor-column elementor-col-100 elementor-top-column elementor-element elementor-element-s4l0yxb\" data-id=\"s4l0yxb\" data-element_type=\"column\" data-e-type=\"column\">\n\t\t\t<div class=\"elementor-widget-wrap elementor-element-populated\">\n\t\t\t\t\t\t<div class=\"elementor-element elementor-element-0mcb750 elementor-widget elementor-widget-text-editor\" data-id=\"0mcb750\" data-element_type=\"widget\" data-e-type=\"widget\" data-widget_type=\"text-editor.default\">\n\t\t\t\t<div class=\"elementor-widget-container\">\n\t\t\t\t\t\t\t\t\t<p><span style=\"font-weight: 400;\">Det finns flertal anledningar till varf\u00f6r det \u00e4r en bra ide att genomf\u00f6ra att <a href=\"https:\/\/worldwide.espacenet.com\/\">s\u00f6ka efter befintliga patent<\/a>. Bland annat s\u00e5 kommer du bespara m\u00e5nga on\u00f6diga kostnader om du v\u00e4ljer att b\u00f6rja med en professionell patents\u00f6kning.<\/span><\/p><p><span style=\"color: var( --e-global-color-text ); font-family: var( --e-global-typography-text-font-family ), Open sans;\">Innan du spenderar en massa tid p\u00e5 din id\u00e9 och mer pengar p\u00e5 dyra <\/span><a style=\"font-family: var( --e-global-typography-text-font-family ), Open sans;\" href=\"https:\/\/patentest.com\/sv\/patentombud-och-advokatbyraer\/\">patentombud<\/a><span style=\"color: var( --e-global-color-text ); font-family: var( --e-global-typography-text-font-family ), Open sans;\"> \u00e4r det en bra ide att s\u00e4kerst\u00e4lla att din uppfinning faktiskt \u00e4r nyskapande och att det finns en m\u00f6jlighet att patentera. En patenteringsprocess \u00e4r traditionellt s\u00e4tt en b\u00e5de l\u00e5ng och dyr process.\u00a0<\/span><\/p><p><span style=\"font-weight: 400;\">Allm\u00e4n statistik visar att de flesta innovationer varken \u00e4r nyskapande eller m\u00f6jliga att ta patent p\u00e5. D\u00e4rf\u00f6r finns vi alltid n\u00e4ra till hands! L\u00e5t oss hj\u00e4lpa dig att genomf\u00f6ra en professionell patents\u00f6kning, s\u00e5 att du kan spara b\u00e5de v\u00e4rdefull tid och pengar.<\/span><span style=\"font-weight: 400;\"><br \/><\/span><span style=\"font-weight: 400;\"><br \/><\/span><\/p>\t\t\t\t\t\t\t\t<\/div>\n\t\t\t\t<\/div>\n\t\t\t\t<div class=\"elementor-element elementor-element-b5d431f elementor-widget elementor-widget-image\" data-id=\"b5d431f\" data-element_type=\"widget\" data-e-type=\"widget\" data-widget_type=\"image.default\">\n\t\t\t\t<div class=\"elementor-widget-container\">\n\t\t\t\t\t\t\t\t\t\t\t\t\t\t\t<img fetchpriority=\"high\" decoding=\"async\" width=\"640\" height=\"427\" src=\"https:\/\/patentest.com\/wp-content\/uploads\/2021\/07\/patentsokning.jpg\" class=\"attachment-medium_large size-medium_large wp-image-7100\" alt=\"patents\u00f6kning\" srcset=\"https:\/\/patentest.com\/wp-content\/uploads\/2021\/07\/patentsokning.jpg 640w, https:\/\/patentest.com\/wp-content\/uploads\/2021\/07\/patentsokning-300x200.jpg 300w\" sizes=\"(max-width: 640px) 100vw, 640px\" \/>\t\t\t\t\t\t\t\t\t\t\t\t\t\t\t<\/div>\n\t\t\t\t<\/div>\n\t\t\t\t<div class=\"elementor-element elementor-element-0e34598 elementor-widget elementor-widget-text-editor\" data-id=\"0e34598\" data-element_type=\"widget\" data-e-type=\"widget\" data-widget_type=\"text-editor.default\">\n\t\t\t\t<div class=\"elementor-widget-container\">\n\t\t\t\t\t\t\t\t\t<p><span style=\"font-weight: 400;\">Att s\u00f6ka efter patent med din produkt, via en <a href=\"https:\/\/patentest.com\/sv\/freedom-to-operate-fto\/\">FTO<\/a>, kan f\u00f6rhindra potentiella juridiska konflikter. <\/span><span style=\"font-weight: 400;\">Det kan \u00e4ven vara till nytta att hitta <a href=\"https:\/\/patentest.com\/sv\/allman-information\/vad-ar-ett-patent\/\">patent<\/a> som kan skydda delar av din produkt och p\u00e5 s\u00e5 s\u00e4tt undvika \u00f6vertr\u00e4delser av andra <a href=\"https:\/\/patentest.com\/sv\/patentsokning-for-uppfinnare\/\">uppfinnares<\/a> patent.<\/span><\/p><p><span style=\"font-weight: 400;\">Genom att genomf\u00f6ra en patents\u00f6kning i ett tidigt stadium kan du dessutom attrahera fler investerare.\u00a0<\/span><span style=\"font-weight: 400;\">M\u00e5nga innovat\u00f6rer s\u00f6ker partners eller investerare i ett tidigt skede som ett s\u00e4tt att finansiera deras patent och utvecklingskostnader. <\/span><\/p><p><span style=\"font-weight: 400;\">En professionell patents\u00f6kning \u00e4r d\u00e4rf\u00f6r den absolut b\u00e4sta v\u00e4gen att \u00f6vertyga din investerare att just din id\u00e9 \u00e4r b\u00e5de unik och nyskapande.\u00a0<\/span><\/p>\t\t\t\t\t\t\t\t<\/div>\n\t\t\t\t<\/div>\n\t\t\t\t\t<\/div>\n\t\t<\/div>\n\t\t\t\t\t<\/div>\n\t\t<\/section>\n\t\t\t\t<section class=\"elementor-section elementor-top-section elementor-element elementor-element-f796da1 elementor-section-boxed elementor-section-height-default elementor-section-height-default\" data-id=\"f796da1\" data-element_type=\"section\" data-e-type=\"section\">\n\t\t\t\t\t\t<div class=\"elementor-container elementor-column-gap-default\">\n\t\t\t\t\t<div class=\"elementor-column elementor-col-100 elementor-top-column elementor-element elementor-element-8725e48\" data-id=\"8725e48\" data-element_type=\"column\" data-e-type=\"column\">\n\t\t\t<div class=\"elementor-widget-wrap elementor-element-populated\">\n\t\t\t\t\t\t<div class=\"elementor-element elementor-element-a22e25c elementor-widget elementor-widget-heading\" data-id=\"a22e25c\" data-element_type=\"widget\" data-e-type=\"widget\" data-widget_type=\"heading.default\">\n\t\t\t\t<div class=\"elementor-widget-container\">\n\t\t\t\t\t<h3 class=\"elementor-heading-title elementor-size-default\">Vad \u00e4r en patents\u00f6kning egentligen?<\/h3>\t\t\t\t<\/div>\n\t\t\t\t<\/div>\n\t\t\t\t\t<\/div>\n\t\t<\/div>\n\t\t\t\t\t<\/div>\n\t\t<\/section>\n\t\t\t\t<section class=\"elementor-section elementor-top-section elementor-element elementor-element-5f3a069 elementor-section-boxed elementor-section-height-default elementor-section-height-default\" data-id=\"5f3a069\" data-element_type=\"section\" data-e-type=\"section\">\n\t\t\t\t\t\t<div class=\"elementor-container elementor-column-gap-default\">\n\t\t\t\t\t<div class=\"elementor-column elementor-col-100 elementor-top-column elementor-element elementor-element-da0a433\" data-id=\"da0a433\" data-element_type=\"column\" data-e-type=\"column\">\n\t\t\t<div class=\"elementor-widget-wrap elementor-element-populated\">\n\t\t\t\t\t\t<div class=\"elementor-element elementor-element-8abdabd elementor-widget elementor-widget-text-editor\" data-id=\"8abdabd\" data-element_type=\"widget\" data-e-type=\"widget\" data-widget_type=\"text-editor.default\">\n\t\t\t\t<div class=\"elementor-widget-container\">\n\t\t\t\t\t\t\t\t\t<p>N\u00e4r du har en id\u00e9 och vet <a href=\"https:\/\/patentest.com\/sv\/allman-information\/vad-ar-ett-patent\/\">vad ett patent \u00e4r<\/a> f\u00f6r n\u00e5got kan det vara klokt att genomf\u00f6ra en patents\u00f6kning. Som vi tidigare n\u00e4mnt \u00e4r de flesta innovationer och id\u00e9er inte nya eller nyskapande och kommer d\u00e4rf\u00f6r inte vara kvalificerade f\u00f6r att f\u00e5 ett starkt patent beviljat. Just d\u00e4rf\u00f6r rekommenderar vi att du best\u00e4ller en <a href=\"https:\/\/patentest.com\/sv\/patentest-nyhetsundersokning\/#\">nyhetsunders\u00f6kning<\/a> fr\u00e5n v\u00e5rt team av experter f\u00f6r att se om din id\u00e9 \u00e4r patentbar.\u00a0<\/p><p>Konsten att genomf\u00f6ra en patents\u00f6kning \u00e4r en tuff uppgift som kr\u00e4ver b\u00e5de r\u00e4tt ingenj\u00f6rsbakgrund, konsten att bem\u00e4stra flertalet databaser och standardiserade metoder, samt processer som bara en <a href=\"https:\/\/patentest.com\/sv\/foretagsledning-expert-inom-patent\/\">professionell s\u00f6korganisation<\/a> kan erbjuda dig.<\/p><p>Ett starkt patent \u00e4r viktigt och det handlar ju faktiskt till stor del om att tj\u00e4na pengar ocks\u00e5, inte sant?\u00a0\u00a0Ett patent \u00e4r i slut\u00e4ndan inte n\u00e5got vi bara har f\u00f6r att h\u00e4nga p\u00e5 v\u00e4ggen.\u00a0<\/p><p>Just d\u00e4rf\u00f6r beh\u00f6ver du ta kontakt med en <a href=\"https:\/\/patentest.com\/sv\/om-oss-patentradgivare\/\">professionell och frist\u00e5ende akt\u00f6r inom patents\u00f6kning och patentinformation<\/a>. Vi \u00e4r ett professionellt s\u00f6kteam som varje dag b\u00e5de s\u00f6ker och finner information om patent.<\/p><p>L\u00e4s g\u00e4rna mer om v\u00e5ra andra tj\u00e4nster s\u00e5som\u00a0<a href=\"https:\/\/patentest.com\/sv\/patentbevakning\/\" target=\"_blank\" rel=\"noopener\">patentbevakning<\/a>\u00a0samt\u00a0<a href=\"https:\/\/patentest.com\/sv\/patent-licens-strategi-avtal\/\" target=\"_blank\" rel=\"noopener\">strategi och avtal f\u00f6r patent licensiering<\/a>. \u00a0<\/p>\t\t\t\t\t\t\t\t<\/div>\n\t\t\t\t<\/div>\n\t\t\t\t\t<\/div>\n\t\t<\/div>\n\t\t\t\t\t<\/div>\n\t\t<\/section>\n\t\t\t\t<\/div>\n\t\t","protected":false},"excerpt":{"rendered":"<p>Det finns flertal anledningar till varf\u00f6r det \u00e4r en bra ide att genomf\u00f6ra att s\u00f6ka efter befintliga patent. Bland annat s\u00e5 kommer du bespara m\u00e5nga on\u00f6diga kostnader om du v\u00e4ljer att b\u00f6rja med en professionell patents\u00f6kning. Innan du spenderar en massa tid p\u00e5 din id\u00e9 och mer pengar p\u00e5 dyra patentombud \u00e4r det en bra [&hellip;]<\/p>\n","protected":false},"author":1,"featured_media":7100,"parent":5879,"menu_order":0,"comment_status":"closed","ping_status":"closed","template":"","meta":{"footnotes":""},"class_list":["post-5621","page","type-page","status-publish","has-post-thumbnail","hentry"],"yoast_head":"<!-- This site is optimized with the Yoast SEO plugin v27.1.1 - https:\/\/yoast.com\/product\/yoast-seo-wordpress\/ -->\n<title>Varf\u00f6r ska du genomf\u00f6ra en patents\u00f6kning? | Patentest<\/title>\n<meta name=\"description\" content=\"Det finns flertal anledningar till varf\u00f6r det \u00e4r en bra ide att genomf\u00f6ra en patents\u00f6kning. L\u00e5t oss hj\u00e4lpa dig med jakten p\u00e5 ditt patent!\" \/>\n<meta name=\"robots\" content=\"index, follow, max-snippet:-1, max-image-preview:large, max-video-preview:-1\" \/>\n<link rel=\"canonical\" href=\"https:\/\/patentest.com\/sv\/allman-information\/patentsokning\/\" \/>\n<meta property=\"og:locale\" content=\"sv_SE\" \/>\n<meta property=\"og:type\" content=\"article\" \/>\n<meta property=\"og:title\" content=\"Varf\u00f6r ska du genomf\u00f6ra en patents\u00f6kning? | Patentest\" \/>\n<meta property=\"og:description\" content=\"Det finns flertal anledningar till varf\u00f6r det \u00e4r en bra ide att genomf\u00f6ra en patents\u00f6kning. L\u00e5t oss hj\u00e4lpa dig med jakten p\u00e5 ditt patent!\" \/>\n<meta property=\"og:url\" content=\"https:\/\/patentest.com\/sv\/allman-information\/patentsokning\/\" \/>\n<meta property=\"og:site_name\" content=\"Patentest\" \/>\n<meta property=\"article:publisher\" content=\"https:\/\/www.facebook.com\/newtone.patent.search\/\" \/>\n<meta property=\"article:modified_time\" content=\"2021-09-22T19:01:01+00:00\" \/>\n<meta property=\"og:image\" content=\"https:\/\/patentest.com\/wp-content\/uploads\/2021\/07\/patentsokning.jpg\" \/>\n\t<meta property=\"og:image:width\" content=\"640\" \/>\n\t<meta property=\"og:image:height\" content=\"427\" \/>\n\t<meta property=\"og:image:type\" content=\"image\/jpeg\" \/>\n<meta name=\"twitter:card\" content=\"summary_large_image\" \/>\n<meta name=\"twitter:label1\" content=\"Ber\u00e4knad l\u00e4stid\" \/>\n\t<meta name=\"twitter:data1\" content=\"3 minuter\" \/>\n<script type=\"application\/ld+json\" class=\"yoast-schema-graph\">{\"@context\":\"https:\/\/schema.org\",\"@graph\":[{\"@type\":\"WebPage\",\"@id\":\"https:\/\/patentest.com\/sv\/allman-information\/patentsokning\/\",\"url\":\"https:\/\/patentest.com\/sv\/allman-information\/patentsokning\/\",\"name\":\"Varf\u00f6r ska du genomf\u00f6ra en patents\u00f6kning? | Patentest\",\"isPartOf\":{\"@id\":\"https:\/\/patentest.com\/sv\/#website\"},\"primaryImageOfPage\":{\"@id\":\"https:\/\/patentest.com\/sv\/allman-information\/patentsokning\/#primaryimage\"},\"image\":{\"@id\":\"https:\/\/patentest.com\/sv\/allman-information\/patentsokning\/#primaryimage\"},\"thumbnailUrl\":\"https:\/\/patentest.com\/wp-content\/uploads\/2021\/07\/patentsokning.jpg\",\"datePublished\":\"2020-02-11T16:58:18+00:00\",\"dateModified\":\"2021-09-22T19:01:01+00:00\",\"description\":\"Det finns flertal anledningar till varf\u00f6r det \u00e4r en bra ide att genomf\u00f6ra en patents\u00f6kning. L\u00e5t oss hj\u00e4lpa dig med jakten p\u00e5 ditt patent!\",\"breadcrumb\":{\"@id\":\"https:\/\/patentest.com\/sv\/allman-information\/patentsokning\/#breadcrumb\"},\"inLanguage\":\"sv-SE\",\"potentialAction\":[{\"@type\":\"ReadAction\",\"target\":[\"https:\/\/patentest.com\/sv\/allman-information\/patentsokning\/\"]}]},{\"@type\":\"ImageObject\",\"inLanguage\":\"sv-SE\",\"@id\":\"https:\/\/patentest.com\/sv\/allman-information\/patentsokning\/#primaryimage\",\"url\":\"https:\/\/patentest.com\/wp-content\/uploads\/2021\/07\/patentsokning.jpg\",\"contentUrl\":\"https:\/\/patentest.com\/wp-content\/uploads\/2021\/07\/patentsokning.jpg\",\"width\":640,\"height\":427,\"caption\":\"patents\u00f6kning\"},{\"@type\":\"BreadcrumbList\",\"@id\":\"https:\/\/patentest.com\/sv\/allman-information\/patentsokning\/#breadcrumb\",\"itemListElement\":[{\"@type\":\"ListItem\",\"position\":1,\"name\":\"Home page\",\"item\":\"https:\/\/patentest.com\/sv\/\"},{\"@type\":\"ListItem\",\"position\":2,\"name\":\"Allm\u00e4n information\",\"item\":\"https:\/\/patentest.com\/sv\/allman-information\/\"},{\"@type\":\"ListItem\",\"position\":3,\"name\":\"Varf\u00f6r ska du genomf\u00f6ra en patents\u00f6kning?\"}]},{\"@type\":\"WebSite\",\"@id\":\"https:\/\/patentest.com\/sv\/#website\",\"url\":\"https:\/\/patentest.com\/sv\/\",\"name\":\"Patentest\",\"description\":\"Your first step towards a registered patent\",\"potentialAction\":[{\"@type\":\"SearchAction\",\"target\":{\"@type\":\"EntryPoint\",\"urlTemplate\":\"https:\/\/patentest.com\/sv\/?s={search_term_string}\"},\"query-input\":{\"@type\":\"PropertyValueSpecification\",\"valueRequired\":true,\"valueName\":\"search_term_string\"}}],\"inLanguage\":\"sv-SE\"}]}<\/script>\n<!-- \/ Yoast SEO plugin. -->","yoast_head_json":{"title":"Varf\u00f6r ska du genomf\u00f6ra en patents\u00f6kning? | Patentest","description":"Det finns flertal anledningar till varf\u00f6r det \u00e4r en bra ide att genomf\u00f6ra en patents\u00f6kning. L\u00e5t oss hj\u00e4lpa dig med jakten p\u00e5 ditt patent!","robots":{"index":"index","follow":"follow","max-snippet":"max-snippet:-1","max-image-preview":"max-image-preview:large","max-video-preview":"max-video-preview:-1"},"canonical":"https:\/\/patentest.com\/sv\/allman-information\/patentsokning\/","og_locale":"sv_SE","og_type":"article","og_title":"Varf\u00f6r ska du genomf\u00f6ra en patents\u00f6kning? | Patentest","og_description":"Det finns flertal anledningar till varf\u00f6r det \u00e4r en bra ide att genomf\u00f6ra en patents\u00f6kning. L\u00e5t oss hj\u00e4lpa dig med jakten p\u00e5 ditt patent!","og_url":"https:\/\/patentest.com\/sv\/allman-information\/patentsokning\/","og_site_name":"Patentest","article_publisher":"https:\/\/www.facebook.com\/newtone.patent.search\/","article_modified_time":"2021-09-22T19:01:01+00:00","og_image":[{"width":640,"height":427,"url":"https:\/\/patentest.com\/wp-content\/uploads\/2021\/07\/patentsokning.jpg","type":"image\/jpeg"}],"twitter_card":"summary_large_image","twitter_misc":{"Ber\u00e4knad l\u00e4stid":"3 minuter"},"schema":{"@context":"https:\/\/schema.org","@graph":[{"@type":"WebPage","@id":"https:\/\/patentest.com\/sv\/allman-information\/patentsokning\/","url":"https:\/\/patentest.com\/sv\/allman-information\/patentsokning\/","name":"Varf\u00f6r ska du genomf\u00f6ra en patents\u00f6kning? | Patentest","isPartOf":{"@id":"https:\/\/patentest.com\/sv\/#website"},"primaryImageOfPage":{"@id":"https:\/\/patentest.com\/sv\/allman-information\/patentsokning\/#primaryimage"},"image":{"@id":"https:\/\/patentest.com\/sv\/allman-information\/patentsokning\/#primaryimage"},"thumbnailUrl":"https:\/\/patentest.com\/wp-content\/uploads\/2021\/07\/patentsokning.jpg","datePublished":"2020-02-11T16:58:18+00:00","dateModified":"2021-09-22T19:01:01+00:00","description":"Det finns flertal anledningar till varf\u00f6r det \u00e4r en bra ide att genomf\u00f6ra en patents\u00f6kning. L\u00e5t oss hj\u00e4lpa dig med jakten p\u00e5 ditt patent!","breadcrumb":{"@id":"https:\/\/patentest.com\/sv\/allman-information\/patentsokning\/#breadcrumb"},"inLanguage":"sv-SE","potentialAction":[{"@type":"ReadAction","target":["https:\/\/patentest.com\/sv\/allman-information\/patentsokning\/"]}]},{"@type":"ImageObject","inLanguage":"sv-SE","@id":"https:\/\/patentest.com\/sv\/allman-information\/patentsokning\/#primaryimage","url":"https:\/\/patentest.com\/wp-content\/uploads\/2021\/07\/patentsokning.jpg","contentUrl":"https:\/\/patentest.com\/wp-content\/uploads\/2021\/07\/patentsokning.jpg","width":640,"height":427,"caption":"patents\u00f6kning"},{"@type":"BreadcrumbList","@id":"https:\/\/patentest.com\/sv\/allman-information\/patentsokning\/#breadcrumb","itemListElement":[{"@type":"ListItem","position":1,"name":"Home page","item":"https:\/\/patentest.com\/sv\/"},{"@type":"ListItem","position":2,"name":"Allm\u00e4n information","item":"https:\/\/patentest.com\/sv\/allman-information\/"},{"@type":"ListItem","position":3,"name":"Varf\u00f6r ska du genomf\u00f6ra en patents\u00f6kning?"}]},{"@type":"WebSite","@id":"https:\/\/patentest.com\/sv\/#website","url":"https:\/\/patentest.com\/sv\/","name":"Patentest","description":"Your first step towards a registered patent","potentialAction":[{"@type":"SearchAction","target":{"@type":"EntryPoint","urlTemplate":"https:\/\/patentest.com\/sv\/?s={search_term_string}"},"query-input":{"@type":"PropertyValueSpecification","valueRequired":true,"valueName":"search_term_string"}}],"inLanguage":"sv-SE"}]}},"_links":{"self":[{"href":"https:\/\/patentest.com\/sv\/wp-json\/wp\/v2\/pages\/5621","targetHints":{"allow":["GET"]}}],"collection":[{"href":"https:\/\/patentest.com\/sv\/wp-json\/wp\/v2\/pages"}],"about":[{"href":"https:\/\/patentest.com\/sv\/wp-json\/wp\/v2\/types\/page"}],"author":[{"embeddable":true,"href":"https:\/\/patentest.com\/sv\/wp-json\/wp\/v2\/users\/1"}],"replies":[{"embeddable":true,"href":"https:\/\/patentest.com\/sv\/wp-json\/wp\/v2\/comments?post=5621"}],"version-history":[{"count":39,"href":"https:\/\/patentest.com\/sv\/wp-json\/wp\/v2\/pages\/5621\/revisions"}],"predecessor-version":[{"id":7710,"href":"https:\/\/patentest.com\/sv\/wp-json\/wp\/v2\/pages\/5621\/revisions\/7710"}],"up":[{"embeddable":true,"href":"https:\/\/patentest.com\/sv\/wp-json\/wp\/v2\/pages\/5879"}],"wp:featuredmedia":[{"embeddable":true,"href":"https:\/\/patentest.com\/sv\/wp-json\/wp\/v2\/media\/7100"}],"wp:attachment":[{"href":"https:\/\/patentest.com\/sv\/wp-json\/wp\/v2\/media?parent=5621"}],"curies":[{"name":"wp","href":"https:\/\/api.w.org\/{rel}","templated":true}]}}