{"id":5617,"date":"2020-01-15T18:57:50","date_gmt":"2020-01-15T16:57:50","guid":{"rendered":"https:\/\/patentest.com\/patent-invalidity-search\/"},"modified":"2021-08-05T13:28:34","modified_gmt":"2021-08-05T10:28:34","slug":"validitetsundersokning-patent","status":"publish","type":"page","link":"https:\/\/patentest.com\/sv\/validitetsundersokning-patent\/","title":{"rendered":"Validitetsunders\u00f6kning f\u00f6r patent"},"content":{"rendered":"\t\t<div data-elementor-type=\"wp-post\" data-elementor-id=\"5617\" class=\"elementor elementor-5617 elementor-28 elementor-bc-flex-widget\" data-elementor-post-type=\"page\">\n\t\t\t\t\t\t<section class=\"elementor-section elementor-top-section elementor-element elementor-element-jmcxkib elementor-section-boxed elementor-section-height-default elementor-section-height-default\" data-id=\"jmcxkib\" data-element_type=\"section\" data-e-type=\"section\">\n\t\t\t\t\t\t<div class=\"elementor-container elementor-column-gap-default\">\n\t\t\t\t\t<div class=\"elementor-column elementor-col-100 elementor-top-column elementor-element elementor-element-dhnz9xh\" data-id=\"dhnz9xh\" data-element_type=\"column\" data-e-type=\"column\">\n\t\t\t<div class=\"elementor-widget-wrap elementor-element-populated\">\n\t\t\t\t\t\t<div class=\"elementor-element elementor-element-0xo30z7 elementor-widget elementor-widget-text-editor\" data-id=\"0xo30z7\" data-element_type=\"widget\" data-e-type=\"widget\" data-widget_type=\"text-editor.default\">\n\t\t\t\t<div class=\"elementor-widget-container\">\n\t\t\t\t\t\t\t\t\t<h2><span style=\"font-weight: 400;\">En validitetsunders\u00f6kning f\u00f6r ett publicerat\/beviljat patent<\/span><\/h2><p><span style=\"font-weight: 400;\">En validitetsunders\u00f6kning f\u00f6r ett patent\u00a0\u00e4r en s\u00f6kning efter information som kan hj\u00e4lpa till att ogiltigf\u00f6rklara ett patent eller att se om ett patent begr\u00e4nsas av kraven i en\u00a0<\/span><a href=\"https:\/\/patentest.com\/sv\/allman-information\/varfor-genomfora-patentsokning\/\"><span style=\"font-weight: 400;\">patentans\u00f6kan<\/span><\/a><span style=\"font-weight: 400;\">\u00a0under dess gransknings- eller inv\u00e4ndningsperiod. Detta i syfte att f\u00f6rs\u00e4kra att produkten eller id\u00e9en inte kommer att ses som ett patentintr\u00e5ng.<\/span><\/p><h3><span style=\"font-weight: 400;\">Rapport<\/span><\/h3><p><span style=\"font-weight: 400;\">V\u00e5rt m\u00e5l \u00e4r att hj\u00e4lpa f\u00f6retag eller deras patentombud att hitta publicerade dokument som kan anv\u00e4ndas som argument mot giltigheten hos ett\u00a0<\/span><a href=\"https:\/\/www.prv.se\/sv\/kunskap-och-stod\/databaser\/\"><span style=\"font-weight: 400;\">existerande patent<\/span><\/a><span style=\"font-weight: 400;\">\u00a0eller en publicerad patentans\u00f6kan.<\/span><span style=\"font-weight: 400;\"><br \/><\/span><span style=\"font-weight: 400;\"><br \/><\/span><span style=\"font-weight: 400;\">F\u00f6r att genomf\u00f6ra en Validitetsunders\u00f6kning kommer du att beh\u00f6va ge oss patentnumret du vill invalidera. Om m\u00f6jligt vill vi ocks\u00e5 att du beskriver de specifika patentkrav som du skulle vilja ogiltigf\u00f6rklara. M\u00e5nga kunder har redan f\u00f6rs\u00f6kt s\u00f6ka efter information och all information som du kan f\u00f6rse oss med hj\u00e4lper oss under s\u00f6kningen.<\/span><span style=\"font-weight: 400;\"><br \/><\/span><span style=\"font-weight: 400;\"><br \/><\/span><span style=\"font-weight: 400;\">Vi kommer att f\u00f6rs\u00f6ka hitta dokument som publicerats innan patentets eller patent-ans\u00f6kans prioritetsdatum.<\/span><\/p><h3><span style=\"font-weight: 400;\">Hur man kan ogiltigf\u00f6rklara ett patent?<\/span><\/h3><p><span style=\"font-weight: 400;\">Att ogiltigf\u00f6rklara ett patent \u00e4r en komplicerad uppgift d\u00e4r man beh\u00f6ver f\u00e5 en f\u00f6rst\u00e5else f\u00f6r hur granskningen ser ut och de argument som framf\u00f6rts av granskaren p\u00e5 patentverket. Andra akt\u00f6rer kan ocks\u00e5 ha varit involverade i processen, och v\u00e5ra\u00a0<\/span><a href=\"https:\/\/patentest.com\/sv\/foretagsledning\/\"><span style=\"font-weight: 400;\">kompetenta patentingenj\u00f6rer<\/span><\/a><span style=\"font-weight: 400;\">\u00a0analyserar all information som finns tillg\u00e4nglig i granskningsfilerna. Utifr\u00e5n det bygger de sedan en s\u00f6kstrategi som har potentialen att hitta dokument som inte hittades av andra f\u00f6re eller under processen i fr\u00e5ga.\u00a0<\/span><\/p><h3><span style=\"font-weight: 400;\">Varf\u00f6r genomf\u00f6ra en Validitetsunders\u00f6kning?<\/span><\/h3><p><span style=\"font-weight: 400;\">Det kan finnas m\u00e5nga anledningar att genomf\u00f6ra en Validitetsunders\u00f6kning. Ett f\u00f6retag kan vara varse om ett potentiellt intr\u00e5ng i ett patent som hittats under en\u00a0<\/span><a href=\"https:\/\/patentest.com\/sv\/freedom-to-operate-fto\/\"><span style=\"font-weight: 400;\">Freedom To Operate<\/span><\/a><span style=\"font-weight: 400;\">\u00a0s\u00f6kning (FTO), en\u00a0<\/span><a href=\"https:\/\/patentest.com\/sv\/patentbevakning\/\"><span style=\"font-weight: 400;\">patentbevakning<\/span><\/a><span style=\"font-weight: 400;\">\u00a0eller kan vara hotat av en konkurrent med legala \u00e5tg\u00e4rder\/handlingar.\u00a0<\/span><\/p><p><span style=\"font-weight: 400;\">Kanske befinner du dig i processen kring att k\u00f6pa en patentportf\u00f6lj eller i ett f\u00f6retagsf\u00f6rv\u00e4rv. I det fallet \u00e4r det viktigt att genomf\u00f6ra en\u00a0<\/span><a href=\"https:\/\/patentest.com\/sv\/intellectual-property-ip-due-diligence\/\"><span style=\"font-weight: 400;\">IP Due Diligence<\/span><\/a><span style=\"font-weight: 400;\">. Att genomf\u00f6ra en Validitetsunders\u00f6kning under denna process hj\u00e4lper till att utv\u00e4rdera ett patent eller styrkan och v\u00e4rden i f\u00f6retagets patentportf\u00f6lj. Kanske vill du \u00e4ven kontrollera styrkan hos ditt eget patent innan en potentiell aff\u00e4rstransaktion eller legal \u00e5tg\u00e4rd.<\/span><\/p><h3><span style=\"font-weight: 400;\">Best\u00e4llning av en\u00a0Validitetsunders\u00f6kning<\/span><\/h3><p><span style=\"font-weight: 400;\">D\u00e5 detta \u00e4r en komplicerad och tidskr\u00e4vande process beh\u00f6ver vi normalt sett 10 arbetsdagar f\u00f6r att kunna skicka en rapport till dig. En snabbare s\u00f6kning kan vara m\u00f6jlig f\u00f6r att m\u00f6ta din deadline, men d\u00e5 m\u00e5ste du kontakta oss f\u00f6r att bekr\u00e4fta \u00f6nskat leveransdatum.<\/span><span style=\"font-weight: 400;\"><br \/><\/span><span style=\"font-weight: 400;\"><br \/><\/span><a href=\"https:\/\/patentest.com\/sv\/kontakta-oss\/\"><span style=\"font-weight: 400;\">Kontakta oss<\/span><\/a><span style=\"font-weight: 400;\">\u00a0eller\u00a0<\/span><a href=\"https:\/\/patentest.com\/sv\/bestall-fran-oss\/\"><span style=\"font-weight: 400;\">ladda upp din information<\/span><\/a><span style=\"font-weight: 400;\">\u00a0f\u00f6r att f\u00e5 ett kostnadsf\u00f6rslag.<\/span><\/p>\t\t\t\t\t\t\t\t<\/div>\n\t\t\t\t<\/div>\n\t\t\t\t\t<\/div>\n\t\t<\/div>\n\t\t\t\t\t<\/div>\n\t\t<\/section>\n\t\t\t\t<section class=\"elementor-section elementor-top-section elementor-element elementor-element-6d71fb6 elementor-section-boxed elementor-section-height-default elementor-section-height-default\" data-id=\"6d71fb6\" data-element_type=\"section\" data-e-type=\"section\">\n\t\t\t\t\t\t<div class=\"elementor-container elementor-column-gap-default\">\n\t\t\t\t\t<div class=\"elementor-column elementor-col-100 elementor-top-column elementor-element elementor-element-894f082\" data-id=\"894f082\" data-element_type=\"column\" data-e-type=\"column\">\n\t\t\t<div class=\"elementor-widget-wrap elementor-element-populated\">\n\t\t\t\t\t\t<div class=\"elementor-element elementor-element-579c567 elementor-widget elementor-widget-image\" data-id=\"579c567\" data-element_type=\"widget\" data-e-type=\"widget\" data-widget_type=\"image.default\">\n\t\t\t\t<div class=\"elementor-widget-container\">\n\t\t\t\t\t\t\t\t\t\t\t\t\t\t\t<img fetchpriority=\"high\" decoding=\"async\" width=\"800\" height=\"533\" src=\"https:\/\/patentest.com\/wp-content\/uploads\/2020\/12\/Validitetsundersokning-Patentintrang.jpeg\" class=\"attachment-large size-large wp-image-6540\" alt=\"Validitetsunders\u00f6kning\" srcset=\"https:\/\/patentest.com\/wp-content\/uploads\/2020\/12\/Validitetsundersokning-Patentintrang.jpeg 900w, https:\/\/patentest.com\/wp-content\/uploads\/2020\/12\/Validitetsundersokning-Patentintrang-300x200.jpeg 300w, https:\/\/patentest.com\/wp-content\/uploads\/2020\/12\/Validitetsundersokning-Patentintrang-768x512.jpeg 768w\" sizes=\"(max-width: 800px) 100vw, 800px\" \/>\t\t\t\t\t\t\t\t\t\t\t\t\t\t\t<\/div>\n\t\t\t\t<\/div>\n\t\t\t\t\t<\/div>\n\t\t<\/div>\n\t\t\t\t\t<\/div>\n\t\t<\/section>\n\t\t\t\t<\/div>\n\t\t","protected":false},"excerpt":{"rendered":"<p>En validitetsunders\u00f6kning f\u00f6r ett publicerat\/beviljat patent En validitetsunders\u00f6kning f\u00f6r ett patent\u00a0\u00e4r en s\u00f6kning efter information som kan hj\u00e4lpa till att ogiltigf\u00f6rklara ett patent eller att se om ett patent begr\u00e4nsas av kraven i en\u00a0patentans\u00f6kan\u00a0under dess gransknings- eller inv\u00e4ndningsperiod. Detta i syfte att f\u00f6rs\u00e4kra att produkten eller id\u00e9en inte kommer att ses som ett patentintr\u00e5ng. Rapport [&hellip;]<\/p>\n","protected":false},"author":1,"featured_media":6540,"parent":0,"menu_order":0,"comment_status":"closed","ping_status":"closed","template":"","meta":{"footnotes":""},"class_list":["post-5617","page","type-page","status-publish","has-post-thumbnail","hentry"],"yoast_head":"<!-- This site is optimized with the Yoast SEO plugin v27.1.1 - https:\/\/yoast.com\/product\/yoast-seo-wordpress\/ -->\n<title>En validitetsunders\u00f6kning kan ogiltigf\u00f6rklara ett patent | Patentest<\/title>\n<meta name=\"description\" content=\"Patentest hj\u00e4lper dig genom en validitetsunders\u00f6kning att s\u00f6ka efter information som kan hj\u00e4lpa till att ogiltigf\u00f6rklara ett patent.\" \/>\n<meta name=\"robots\" content=\"index, follow, max-snippet:-1, max-image-preview:large, max-video-preview:-1\" \/>\n<link rel=\"canonical\" href=\"https:\/\/patentest.com\/sv\/validitetsundersokning-patent\/\" \/>\n<meta property=\"og:locale\" content=\"sv_SE\" \/>\n<meta property=\"og:type\" content=\"article\" \/>\n<meta property=\"og:title\" content=\"En validitetsunders\u00f6kning kan ogiltigf\u00f6rklara ett patent | Patentest\" \/>\n<meta property=\"og:description\" content=\"Patentest hj\u00e4lper dig genom en validitetsunders\u00f6kning att s\u00f6ka efter information som kan hj\u00e4lpa till att ogiltigf\u00f6rklara ett patent.\" \/>\n<meta property=\"og:url\" content=\"https:\/\/patentest.com\/sv\/validitetsundersokning-patent\/\" \/>\n<meta property=\"og:site_name\" content=\"Patentest\" \/>\n<meta property=\"article:publisher\" content=\"https:\/\/www.facebook.com\/newtone.patent.search\/\" \/>\n<meta property=\"article:modified_time\" content=\"2021-08-05T10:28:34+00:00\" \/>\n<meta property=\"og:image\" content=\"https:\/\/patentest.com\/wp-content\/uploads\/2020\/12\/Validitetsundersokning-Patentintrang.jpeg\" \/>\n\t<meta property=\"og:image:width\" content=\"900\" \/>\n\t<meta property=\"og:image:height\" content=\"600\" \/>\n\t<meta property=\"og:image:type\" content=\"image\/jpeg\" \/>\n<meta name=\"twitter:card\" content=\"summary_large_image\" \/>\n<meta name=\"twitter:label1\" content=\"Ber\u00e4knad l\u00e4stid\" \/>\n\t<meta name=\"twitter:data1\" content=\"2 minuter\" \/>\n<script type=\"application\/ld+json\" class=\"yoast-schema-graph\">{\"@context\":\"https:\/\/schema.org\",\"@graph\":[{\"@type\":\"WebPage\",\"@id\":\"https:\/\/patentest.com\/sv\/validitetsundersokning-patent\/\",\"url\":\"https:\/\/patentest.com\/sv\/validitetsundersokning-patent\/\",\"name\":\"En validitetsunders\u00f6kning kan ogiltigf\u00f6rklara ett patent | Patentest\",\"isPartOf\":{\"@id\":\"https:\/\/patentest.com\/sv\/#website\"},\"primaryImageOfPage\":{\"@id\":\"https:\/\/patentest.com\/sv\/validitetsundersokning-patent\/#primaryimage\"},\"image\":{\"@id\":\"https:\/\/patentest.com\/sv\/validitetsundersokning-patent\/#primaryimage\"},\"thumbnailUrl\":\"https:\/\/patentest.com\/wp-content\/uploads\/2020\/12\/Validitetsundersokning-Patentintrang.jpeg\",\"datePublished\":\"2020-01-15T16:57:50+00:00\",\"dateModified\":\"2021-08-05T10:28:34+00:00\",\"description\":\"Patentest hj\u00e4lper dig genom en validitetsunders\u00f6kning att s\u00f6ka efter information som kan hj\u00e4lpa till att ogiltigf\u00f6rklara ett patent.\",\"breadcrumb\":{\"@id\":\"https:\/\/patentest.com\/sv\/validitetsundersokning-patent\/#breadcrumb\"},\"inLanguage\":\"sv-SE\",\"potentialAction\":[{\"@type\":\"ReadAction\",\"target\":[\"https:\/\/patentest.com\/sv\/validitetsundersokning-patent\/\"]}]},{\"@type\":\"ImageObject\",\"inLanguage\":\"sv-SE\",\"@id\":\"https:\/\/patentest.com\/sv\/validitetsundersokning-patent\/#primaryimage\",\"url\":\"https:\/\/patentest.com\/wp-content\/uploads\/2020\/12\/Validitetsundersokning-Patentintrang.jpeg\",\"contentUrl\":\"https:\/\/patentest.com\/wp-content\/uploads\/2020\/12\/Validitetsundersokning-Patentintrang.jpeg\",\"width\":900,\"height\":600,\"caption\":\"Validitetsunders\u00f6kning\"},{\"@type\":\"BreadcrumbList\",\"@id\":\"https:\/\/patentest.com\/sv\/validitetsundersokning-patent\/#breadcrumb\",\"itemListElement\":[{\"@type\":\"ListItem\",\"position\":1,\"name\":\"Home page\",\"item\":\"https:\/\/patentest.com\/sv\/\"},{\"@type\":\"ListItem\",\"position\":2,\"name\":\"Validitetsunders\u00f6kning f\u00f6r patent\"}]},{\"@type\":\"WebSite\",\"@id\":\"https:\/\/patentest.com\/sv\/#website\",\"url\":\"https:\/\/patentest.com\/sv\/\",\"name\":\"Patentest\",\"description\":\"Your first step towards a registered patent\",\"potentialAction\":[{\"@type\":\"SearchAction\",\"target\":{\"@type\":\"EntryPoint\",\"urlTemplate\":\"https:\/\/patentest.com\/sv\/?s={search_term_string}\"},\"query-input\":{\"@type\":\"PropertyValueSpecification\",\"valueRequired\":true,\"valueName\":\"search_term_string\"}}],\"inLanguage\":\"sv-SE\"}]}<\/script>\n<!-- \/ Yoast SEO plugin. -->","yoast_head_json":{"title":"En validitetsunders\u00f6kning kan ogiltigf\u00f6rklara ett patent | Patentest","description":"Patentest hj\u00e4lper dig genom en validitetsunders\u00f6kning att s\u00f6ka efter information som kan hj\u00e4lpa till att ogiltigf\u00f6rklara ett patent.","robots":{"index":"index","follow":"follow","max-snippet":"max-snippet:-1","max-image-preview":"max-image-preview:large","max-video-preview":"max-video-preview:-1"},"canonical":"https:\/\/patentest.com\/sv\/validitetsundersokning-patent\/","og_locale":"sv_SE","og_type":"article","og_title":"En validitetsunders\u00f6kning kan ogiltigf\u00f6rklara ett patent | Patentest","og_description":"Patentest hj\u00e4lper dig genom en validitetsunders\u00f6kning att s\u00f6ka efter information som kan hj\u00e4lpa till att ogiltigf\u00f6rklara ett patent.","og_url":"https:\/\/patentest.com\/sv\/validitetsundersokning-patent\/","og_site_name":"Patentest","article_publisher":"https:\/\/www.facebook.com\/newtone.patent.search\/","article_modified_time":"2021-08-05T10:28:34+00:00","og_image":[{"width":900,"height":600,"url":"https:\/\/patentest.com\/wp-content\/uploads\/2020\/12\/Validitetsundersokning-Patentintrang.jpeg","type":"image\/jpeg"}],"twitter_card":"summary_large_image","twitter_misc":{"Ber\u00e4knad l\u00e4stid":"2 minuter"},"schema":{"@context":"https:\/\/schema.org","@graph":[{"@type":"WebPage","@id":"https:\/\/patentest.com\/sv\/validitetsundersokning-patent\/","url":"https:\/\/patentest.com\/sv\/validitetsundersokning-patent\/","name":"En validitetsunders\u00f6kning kan ogiltigf\u00f6rklara ett patent | Patentest","isPartOf":{"@id":"https:\/\/patentest.com\/sv\/#website"},"primaryImageOfPage":{"@id":"https:\/\/patentest.com\/sv\/validitetsundersokning-patent\/#primaryimage"},"image":{"@id":"https:\/\/patentest.com\/sv\/validitetsundersokning-patent\/#primaryimage"},"thumbnailUrl":"https:\/\/patentest.com\/wp-content\/uploads\/2020\/12\/Validitetsundersokning-Patentintrang.jpeg","datePublished":"2020-01-15T16:57:50+00:00","dateModified":"2021-08-05T10:28:34+00:00","description":"Patentest hj\u00e4lper dig genom en validitetsunders\u00f6kning att s\u00f6ka efter information som kan hj\u00e4lpa till att ogiltigf\u00f6rklara ett patent.","breadcrumb":{"@id":"https:\/\/patentest.com\/sv\/validitetsundersokning-patent\/#breadcrumb"},"inLanguage":"sv-SE","potentialAction":[{"@type":"ReadAction","target":["https:\/\/patentest.com\/sv\/validitetsundersokning-patent\/"]}]},{"@type":"ImageObject","inLanguage":"sv-SE","@id":"https:\/\/patentest.com\/sv\/validitetsundersokning-patent\/#primaryimage","url":"https:\/\/patentest.com\/wp-content\/uploads\/2020\/12\/Validitetsundersokning-Patentintrang.jpeg","contentUrl":"https:\/\/patentest.com\/wp-content\/uploads\/2020\/12\/Validitetsundersokning-Patentintrang.jpeg","width":900,"height":600,"caption":"Validitetsunders\u00f6kning"},{"@type":"BreadcrumbList","@id":"https:\/\/patentest.com\/sv\/validitetsundersokning-patent\/#breadcrumb","itemListElement":[{"@type":"ListItem","position":1,"name":"Home page","item":"https:\/\/patentest.com\/sv\/"},{"@type":"ListItem","position":2,"name":"Validitetsunders\u00f6kning f\u00f6r patent"}]},{"@type":"WebSite","@id":"https:\/\/patentest.com\/sv\/#website","url":"https:\/\/patentest.com\/sv\/","name":"Patentest","description":"Your first step towards a registered patent","potentialAction":[{"@type":"SearchAction","target":{"@type":"EntryPoint","urlTemplate":"https:\/\/patentest.com\/sv\/?s={search_term_string}"},"query-input":{"@type":"PropertyValueSpecification","valueRequired":true,"valueName":"search_term_string"}}],"inLanguage":"sv-SE"}]}},"_links":{"self":[{"href":"https:\/\/patentest.com\/sv\/wp-json\/wp\/v2\/pages\/5617","targetHints":{"allow":["GET"]}}],"collection":[{"href":"https:\/\/patentest.com\/sv\/wp-json\/wp\/v2\/pages"}],"about":[{"href":"https:\/\/patentest.com\/sv\/wp-json\/wp\/v2\/types\/page"}],"author":[{"embeddable":true,"href":"https:\/\/patentest.com\/sv\/wp-json\/wp\/v2\/users\/1"}],"replies":[{"embeddable":true,"href":"https:\/\/patentest.com\/sv\/wp-json\/wp\/v2\/comments?post=5617"}],"version-history":[{"count":32,"href":"https:\/\/patentest.com\/sv\/wp-json\/wp\/v2\/pages\/5617\/revisions"}],"predecessor-version":[{"id":7481,"href":"https:\/\/patentest.com\/sv\/wp-json\/wp\/v2\/pages\/5617\/revisions\/7481"}],"wp:featuredmedia":[{"embeddable":true,"href":"https:\/\/patentest.com\/sv\/wp-json\/wp\/v2\/media\/6540"}],"wp:attachment":[{"href":"https:\/\/patentest.com\/sv\/wp-json\/wp\/v2\/media?parent=5617"}],"curies":[{"name":"wp","href":"https:\/\/api.w.org\/{rel}","templated":true}]}}