{"id":5614,"date":"2020-06-30T11:59:21","date_gmt":"2020-06-30T08:59:21","guid":{"rendered":"https:\/\/patentest.com\/patent-search-for-inventors\/"},"modified":"2025-06-15T22:25:11","modified_gmt":"2025-06-15T19:25:11","slug":"patentsokning-for-uppfinnare","status":"publish","type":"page","link":"https:\/\/patentest.com\/sv\/patentsokning-for-uppfinnare\/","title":{"rendered":"Patents\u00f6kning f\u00f6r uppfinnare"},"content":{"rendered":"\t\t<div data-elementor-type=\"wp-page\" data-elementor-id=\"5614\" class=\"elementor elementor-5614\" data-elementor-post-type=\"page\">\n\t\t\t\t\t\t<section class=\"elementor-section elementor-top-section elementor-element elementor-element-7348db0c elementor-section-boxed elementor-section-height-default elementor-section-height-default\" data-id=\"7348db0c\" data-element_type=\"section\" data-e-type=\"section\">\n\t\t\t\t\t\t<div class=\"elementor-container elementor-column-gap-default\">\n\t\t\t\t\t<div class=\"elementor-column elementor-col-100 elementor-top-column elementor-element elementor-element-73160cf9\" data-id=\"73160cf9\" data-element_type=\"column\" data-e-type=\"column\">\n\t\t\t<div class=\"elementor-widget-wrap elementor-element-populated\">\n\t\t\t\t\t\t<div class=\"elementor-element elementor-element-51678988 elementor-widget elementor-widget-text-editor\" data-id=\"51678988\" data-element_type=\"widget\" data-e-type=\"widget\" data-widget_type=\"text-editor.default\">\n\t\t\t\t<div class=\"elementor-widget-container\">\n\t\t\t\t\t\t\t\t\t<h2>V\u00e5r patents\u00f6kning \u00e4r ett naturligt f\u00f6rsta steg f\u00f6r alla Uppfinnare.<\/h2><p><strong><b>Sitter du p\u00e5 en uppfinning? \u00d6verv\u00e4ger du att patentera din id\u00e9? V\u00e4gen till ett beviljat patent b\u00f6rjar med oss.<\/b><\/strong><span style=\"font-weight: 400;\"><br \/><\/span><\/p><p><span style=\"font-weight: 400;\">Ett patent \u00e4r en exklusiv r\u00e4ttighet till en innovation eller id\u00e9. Ett patent ger dig som uppfinnare full \u00e4gander\u00e4tt till din id\u00e9 under 20 \u00e5rs tid. Ett patent skyddar dig \u00e4ven p\u00e5 s\u00e5 s\u00e4tt att det hindrar andra personer fr\u00e5n att utnyttja din innovation genom produktion, f\u00f6rs\u00e4ljning eller import utan din till\u00e5telse.<\/span><\/p><p><span style=\"font-weight: 400;\"><br \/><\/span><span style=\"font-weight: 400;\">Att f\u00e5 ditt patent beviljat \u00e4r normalt sett en l\u00e5ng och dyr process om man v\u00e4ljer att g\u00e5 den traditionella v\u00e4gen. Du kommer att beh\u00f6va kontakta ett patentombud som hj\u00e4lper dig skriva en patentans\u00f6kan och l\u00e4mna in den till ett patentverk. Det kostar omkring SEK 30 000 \u2013 50\u00a0000 beroende p\u00e5 vilken typ av uppfinning och teknologi det r\u00f6r sig om. Ytterligare kostnader med SEK 40\u00a0000 \u2013 50\u00a0000 tillkommer efter 12 m\u00e5nader f\u00f6r en internationell ans\u00f6kan (PCT) och \u00e4nnu mer pengar vid validering av patentet i de l\u00e4nder du vill ha patentet giltigt i.<\/span><\/p><p><span style=\"font-weight: 400;\"><br \/><\/span><span style=\"font-weight: 400;\">Din ans\u00f6kan kommer att granskas av en professionell patentingenj\u00f6r\/granskare p\u00e5 ditt lokala patentverk under ca 6-7m\u00e5nader fr\u00e5n och med att din ans\u00f6kan skickats in. Granskaren p\u00e5 patentverket anv\u00e4nder avancerade s\u00f6kverktyg f\u00f6r att hitta dokument som styrker att din innovation eller id\u00e9 inte \u00e4r ny eller nyskapande.\u00a0 kommer \u00e4ven att g\u00f6ra allt i sin makt f\u00f6r att ifr\u00e5gas\u00e4tta din ans\u00f6kan. Du kan bara f\u00e5 ett patent beviljat om din innovation eller id\u00e9 \u00e4r nyskapande eller p\u00e5visar uppfinningsh\u00f6jd. Alla typer av offentliga dokument som publicerats, var som helst i v\u00e4rlden, kan minska dina chanser till att f\u00e5 ett patent beviljat. Endast omkring 50% av alla ans\u00f6kningar som l\u00e4mnas in g\u00e5r vidare till ett patent beviljat.\u00a0\u00a0<\/span><\/p><p><b>Detta \u00e4r anledningen till varf\u00f6r Patentest\u00ae \u00e4r ett naturligt f\u00f6rsta steg f\u00f6r alla uppfinnare innan de spenderar stora summor pengar och sl\u00f6sar m\u00e5nader av h\u00e5rt arbete p\u00e5 sin innovation.\u00a0<\/b><\/p><p><span style=\"font-weight: 400;\">V\u00e5rt professionella och h\u00e4ngivna team inom patents\u00f6kning genomf\u00f6r s\u00f6kningar som \u00e4r relaterade till din innovation samt ser till att du inte upplever o\u00f6nskade \u00f6verraskningar. Vi anv\u00e4nder oss av de mest h\u00f6gteknologiska verktygen som finns tillg\u00e4ngliga f\u00f6r att s\u00f6ka igenom de globala patent- och teknologi-databaserna. N\u00e4r det kommer till s\u00f6kning s\u00e5 \u00e4r v\u00e5ra patentingenj\u00f6rer experterna i rummet. De kommer s\u00e4kerst\u00e4lla att du f\u00e5r all den information som du beh\u00f6ver f\u00f6r att fatta r\u00e4tt beslut.<\/span><span style=\"font-weight: 400;\"><br \/><\/span><span style=\"font-weight: 400;\"><br \/><\/span><span style=\"font-weight: 400;\">Vi kan hj\u00e4lpa dig att spara b\u00e5de tid och pengar. V\u00e5r rapport hj\u00e4lper \u00e4ven ditt patentombud att f\u00e5 din patentans\u00f6kan beviljad.<\/span><span style=\"font-weight: 400;\"><br \/><\/span><span style=\"font-weight: 400;\"><br \/><\/span><span style=\"font-weight: 400;\">F\u00f6r mer information, v\u00e4nligen bes\u00f6k f\u00f6ljande sidor:\u00a0 \u00a0<\/span><\/p><p><a href=\"https:\/\/patentest.my.site.com\/s\/login\/?language=en_US\"><span style=\"font-weight: 400;\">Logga in och best\u00e4ll s\u00f6kning<\/span><\/a><span style=\"font-weight: 400;\"> | <\/span><a href=\"https:\/\/patentest.com\/sv\/allman-information\/vad-ar-ett-patent\/\"><span style=\"font-weight: 400;\">Vad \u00e4r ett patent<\/span><\/a><span style=\"font-weight: 400;\"> | <\/span><a href=\"https:\/\/patentest.com\/sv\/vara-kunder-patentbyraer\/\"><span style=\"font-weight: 400;\">V\u00e5ra kunder<\/span><\/a><\/p>\t\t\t\t\t\t\t\t<\/div>\n\t\t\t\t<\/div>\n\t\t\t\t\t<\/div>\n\t\t<\/div>\n\t\t\t\t\t<\/div>\n\t\t<\/section>\n\t\t\t\t<section class=\"elementor-section elementor-top-section elementor-element elementor-element-434bab3 elementor-section-boxed elementor-section-height-default elementor-section-height-default\" data-id=\"434bab3\" data-element_type=\"section\" data-e-type=\"section\">\n\t\t\t\t\t\t<div class=\"elementor-container elementor-column-gap-default\">\n\t\t\t\t\t<div class=\"elementor-column elementor-col-100 elementor-top-column elementor-element elementor-element-d2b5a6c\" data-id=\"d2b5a6c\" data-element_type=\"column\" data-e-type=\"column\">\n\t\t\t<div class=\"elementor-widget-wrap elementor-element-populated\">\n\t\t\t\t\t\t<div class=\"elementor-element elementor-element-e8618f2 elementor-widget elementor-widget-image\" data-id=\"e8618f2\" data-element_type=\"widget\" data-e-type=\"widget\" data-widget_type=\"image.default\">\n\t\t\t\t<div class=\"elementor-widget-container\">\n\t\t\t\t\t\t\t\t\t\t\t\t\t\t\t<img fetchpriority=\"high\" decoding=\"async\" width=\"800\" height=\"541\" src=\"https:\/\/patentest.com\/wp-content\/uploads\/2020\/12\/En-uppfinning-patentverk-1024x693.jpeg\" class=\"attachment-large size-large wp-image-6575\" alt=\"En uppfinning patentverk\" srcset=\"https:\/\/patentest.com\/wp-content\/uploads\/2020\/12\/En-uppfinning-patentverk-1024x693.jpeg 1024w, https:\/\/patentest.com\/wp-content\/uploads\/2020\/12\/En-uppfinning-patentverk-300x203.jpeg 300w, https:\/\/patentest.com\/wp-content\/uploads\/2020\/12\/En-uppfinning-patentverk-768x520.jpeg 768w, https:\/\/patentest.com\/wp-content\/uploads\/2020\/12\/En-uppfinning-patentverk-1536x1040.jpeg 1536w, https:\/\/patentest.com\/wp-content\/uploads\/2020\/12\/En-uppfinning-patentverk-2048x1387.jpeg 2048w\" sizes=\"(max-width: 800px) 100vw, 800px\" \/>\t\t\t\t\t\t\t\t\t\t\t\t\t\t\t<\/div>\n\t\t\t\t<\/div>\n\t\t\t\t\t<\/div>\n\t\t<\/div>\n\t\t\t\t\t<\/div>\n\t\t<\/section>\n\t\t\t\t<\/div>\n\t\t","protected":false},"excerpt":{"rendered":"<p>V\u00e5r patents\u00f6kning \u00e4r ett naturligt f\u00f6rsta steg f\u00f6r alla Uppfinnare. Sitter du p\u00e5 en uppfinning? \u00d6verv\u00e4ger du att patentera din id\u00e9? V\u00e4gen till ett beviljat patent b\u00f6rjar med oss. Ett patent \u00e4r en exklusiv r\u00e4ttighet till en innovation eller id\u00e9. Ett patent ger dig som uppfinnare full \u00e4gander\u00e4tt till din id\u00e9 under 20 \u00e5rs tid. [&hellip;]<\/p>\n","protected":false},"author":3,"featured_media":6575,"parent":0,"menu_order":0,"comment_status":"closed","ping_status":"closed","template":"","meta":{"footnotes":""},"class_list":["post-5614","page","type-page","status-publish","has-post-thumbnail","hentry"],"yoast_head":"<!-- This site is optimized with the Yoast SEO plugin v27.1.1 - https:\/\/yoast.com\/product\/yoast-seo-wordpress\/ -->\n<title>Patents\u00f6kning f\u00f6r uppfinnare - Patentest<\/title>\n<meta name=\"description\" content=\"V\u00e5r patents\u00f6kning \u00e4r ett naturligt f\u00f6rsta steg f\u00f6r alla Uppfinnare. \u00d6verv\u00e4ger du att patentera din id\u00e9? V\u00e4gen till ett beviljat patent b\u00f6rjar med oss\" \/>\n<meta name=\"robots\" content=\"index, follow, max-snippet:-1, max-image-preview:large, max-video-preview:-1\" \/>\n<link rel=\"canonical\" href=\"https:\/\/patentest.com\/sv\/patentsokning-for-uppfinnare\/\" \/>\n<meta property=\"og:locale\" content=\"sv_SE\" \/>\n<meta property=\"og:type\" content=\"article\" \/>\n<meta property=\"og:title\" content=\"Patents\u00f6kning f\u00f6r uppfinnare - Patentest\" \/>\n<meta property=\"og:description\" content=\"V\u00e5r patents\u00f6kning \u00e4r ett naturligt f\u00f6rsta steg f\u00f6r alla Uppfinnare. \u00d6verv\u00e4ger du att patentera din id\u00e9? V\u00e4gen till ett beviljat patent b\u00f6rjar med oss\" \/>\n<meta property=\"og:url\" content=\"https:\/\/patentest.com\/sv\/patentsokning-for-uppfinnare\/\" \/>\n<meta property=\"og:site_name\" content=\"Patentest\" \/>\n<meta property=\"article:publisher\" content=\"https:\/\/www.facebook.com\/newtone.patent.search\/\" \/>\n<meta property=\"article:modified_time\" content=\"2025-06-15T19:25:11+00:00\" \/>\n<meta property=\"og:image\" content=\"https:\/\/patentest.com\/wp-content\/uploads\/2020\/12\/En-uppfinning-patentverk.jpeg\" \/>\n\t<meta property=\"og:image:width\" content=\"2239\" \/>\n\t<meta property=\"og:image:height\" content=\"1516\" \/>\n\t<meta property=\"og:image:type\" content=\"image\/jpeg\" \/>\n<meta name=\"twitter:card\" content=\"summary_large_image\" \/>\n<meta name=\"twitter:label1\" content=\"Ber\u00e4knad l\u00e4stid\" \/>\n\t<meta name=\"twitter:data1\" content=\"3 minuter\" \/>\n<script type=\"application\/ld+json\" class=\"yoast-schema-graph\">{\"@context\":\"https:\/\/schema.org\",\"@graph\":[{\"@type\":\"WebPage\",\"@id\":\"https:\/\/patentest.com\/sv\/patentsokning-for-uppfinnare\/\",\"url\":\"https:\/\/patentest.com\/sv\/patentsokning-for-uppfinnare\/\",\"name\":\"Patents\u00f6kning f\u00f6r uppfinnare - Patentest\",\"isPartOf\":{\"@id\":\"https:\/\/patentest.com\/sv\/#website\"},\"primaryImageOfPage\":{\"@id\":\"https:\/\/patentest.com\/sv\/patentsokning-for-uppfinnare\/#primaryimage\"},\"image\":{\"@id\":\"https:\/\/patentest.com\/sv\/patentsokning-for-uppfinnare\/#primaryimage\"},\"thumbnailUrl\":\"https:\/\/patentest.com\/wp-content\/uploads\/2020\/12\/En-uppfinning-patentverk.jpeg\",\"datePublished\":\"2020-06-30T08:59:21+00:00\",\"dateModified\":\"2025-06-15T19:25:11+00:00\",\"description\":\"V\u00e5r patents\u00f6kning \u00e4r ett naturligt f\u00f6rsta steg f\u00f6r alla Uppfinnare. \u00d6verv\u00e4ger du att patentera din id\u00e9? V\u00e4gen till ett beviljat patent b\u00f6rjar med oss\",\"breadcrumb\":{\"@id\":\"https:\/\/patentest.com\/sv\/patentsokning-for-uppfinnare\/#breadcrumb\"},\"inLanguage\":\"sv-SE\",\"potentialAction\":[{\"@type\":\"ReadAction\",\"target\":[\"https:\/\/patentest.com\/sv\/patentsokning-for-uppfinnare\/\"]}]},{\"@type\":\"ImageObject\",\"inLanguage\":\"sv-SE\",\"@id\":\"https:\/\/patentest.com\/sv\/patentsokning-for-uppfinnare\/#primaryimage\",\"url\":\"https:\/\/patentest.com\/wp-content\/uploads\/2020\/12\/En-uppfinning-patentverk.jpeg\",\"contentUrl\":\"https:\/\/patentest.com\/wp-content\/uploads\/2020\/12\/En-uppfinning-patentverk.jpeg\",\"width\":2239,\"height\":1516,\"caption\":\"En uppfinning patentverk\"},{\"@type\":\"BreadcrumbList\",\"@id\":\"https:\/\/patentest.com\/sv\/patentsokning-for-uppfinnare\/#breadcrumb\",\"itemListElement\":[{\"@type\":\"ListItem\",\"position\":1,\"name\":\"Home page\",\"item\":\"https:\/\/patentest.com\/sv\/\"},{\"@type\":\"ListItem\",\"position\":2,\"name\":\"Patents\u00f6kning f\u00f6r uppfinnare\"}]},{\"@type\":\"WebSite\",\"@id\":\"https:\/\/patentest.com\/sv\/#website\",\"url\":\"https:\/\/patentest.com\/sv\/\",\"name\":\"Patentest\",\"description\":\"Your first step towards a registered patent\",\"potentialAction\":[{\"@type\":\"SearchAction\",\"target\":{\"@type\":\"EntryPoint\",\"urlTemplate\":\"https:\/\/patentest.com\/sv\/?s={search_term_string}\"},\"query-input\":{\"@type\":\"PropertyValueSpecification\",\"valueRequired\":true,\"valueName\":\"search_term_string\"}}],\"inLanguage\":\"sv-SE\"}]}<\/script>\n<!-- \/ Yoast SEO plugin. -->","yoast_head_json":{"title":"Patents\u00f6kning f\u00f6r uppfinnare - Patentest","description":"V\u00e5r patents\u00f6kning \u00e4r ett naturligt f\u00f6rsta steg f\u00f6r alla Uppfinnare. \u00d6verv\u00e4ger du att patentera din id\u00e9? V\u00e4gen till ett beviljat patent b\u00f6rjar med oss","robots":{"index":"index","follow":"follow","max-snippet":"max-snippet:-1","max-image-preview":"max-image-preview:large","max-video-preview":"max-video-preview:-1"},"canonical":"https:\/\/patentest.com\/sv\/patentsokning-for-uppfinnare\/","og_locale":"sv_SE","og_type":"article","og_title":"Patents\u00f6kning f\u00f6r uppfinnare - Patentest","og_description":"V\u00e5r patents\u00f6kning \u00e4r ett naturligt f\u00f6rsta steg f\u00f6r alla Uppfinnare. \u00d6verv\u00e4ger du att patentera din id\u00e9? V\u00e4gen till ett beviljat patent b\u00f6rjar med oss","og_url":"https:\/\/patentest.com\/sv\/patentsokning-for-uppfinnare\/","og_site_name":"Patentest","article_publisher":"https:\/\/www.facebook.com\/newtone.patent.search\/","article_modified_time":"2025-06-15T19:25:11+00:00","og_image":[{"width":2239,"height":1516,"url":"https:\/\/patentest.com\/wp-content\/uploads\/2020\/12\/En-uppfinning-patentverk.jpeg","type":"image\/jpeg"}],"twitter_card":"summary_large_image","twitter_misc":{"Ber\u00e4knad l\u00e4stid":"3 minuter"},"schema":{"@context":"https:\/\/schema.org","@graph":[{"@type":"WebPage","@id":"https:\/\/patentest.com\/sv\/patentsokning-for-uppfinnare\/","url":"https:\/\/patentest.com\/sv\/patentsokning-for-uppfinnare\/","name":"Patents\u00f6kning f\u00f6r uppfinnare - Patentest","isPartOf":{"@id":"https:\/\/patentest.com\/sv\/#website"},"primaryImageOfPage":{"@id":"https:\/\/patentest.com\/sv\/patentsokning-for-uppfinnare\/#primaryimage"},"image":{"@id":"https:\/\/patentest.com\/sv\/patentsokning-for-uppfinnare\/#primaryimage"},"thumbnailUrl":"https:\/\/patentest.com\/wp-content\/uploads\/2020\/12\/En-uppfinning-patentverk.jpeg","datePublished":"2020-06-30T08:59:21+00:00","dateModified":"2025-06-15T19:25:11+00:00","description":"V\u00e5r patents\u00f6kning \u00e4r ett naturligt f\u00f6rsta steg f\u00f6r alla Uppfinnare. \u00d6verv\u00e4ger du att patentera din id\u00e9? V\u00e4gen till ett beviljat patent b\u00f6rjar med oss","breadcrumb":{"@id":"https:\/\/patentest.com\/sv\/patentsokning-for-uppfinnare\/#breadcrumb"},"inLanguage":"sv-SE","potentialAction":[{"@type":"ReadAction","target":["https:\/\/patentest.com\/sv\/patentsokning-for-uppfinnare\/"]}]},{"@type":"ImageObject","inLanguage":"sv-SE","@id":"https:\/\/patentest.com\/sv\/patentsokning-for-uppfinnare\/#primaryimage","url":"https:\/\/patentest.com\/wp-content\/uploads\/2020\/12\/En-uppfinning-patentverk.jpeg","contentUrl":"https:\/\/patentest.com\/wp-content\/uploads\/2020\/12\/En-uppfinning-patentverk.jpeg","width":2239,"height":1516,"caption":"En uppfinning patentverk"},{"@type":"BreadcrumbList","@id":"https:\/\/patentest.com\/sv\/patentsokning-for-uppfinnare\/#breadcrumb","itemListElement":[{"@type":"ListItem","position":1,"name":"Home page","item":"https:\/\/patentest.com\/sv\/"},{"@type":"ListItem","position":2,"name":"Patents\u00f6kning f\u00f6r uppfinnare"}]},{"@type":"WebSite","@id":"https:\/\/patentest.com\/sv\/#website","url":"https:\/\/patentest.com\/sv\/","name":"Patentest","description":"Your first step towards a registered patent","potentialAction":[{"@type":"SearchAction","target":{"@type":"EntryPoint","urlTemplate":"https:\/\/patentest.com\/sv\/?s={search_term_string}"},"query-input":{"@type":"PropertyValueSpecification","valueRequired":true,"valueName":"search_term_string"}}],"inLanguage":"sv-SE"}]}},"_links":{"self":[{"href":"https:\/\/patentest.com\/sv\/wp-json\/wp\/v2\/pages\/5614","targetHints":{"allow":["GET"]}}],"collection":[{"href":"https:\/\/patentest.com\/sv\/wp-json\/wp\/v2\/pages"}],"about":[{"href":"https:\/\/patentest.com\/sv\/wp-json\/wp\/v2\/types\/page"}],"author":[{"embeddable":true,"href":"https:\/\/patentest.com\/sv\/wp-json\/wp\/v2\/users\/3"}],"replies":[{"embeddable":true,"href":"https:\/\/patentest.com\/sv\/wp-json\/wp\/v2\/comments?post=5614"}],"version-history":[{"count":24,"href":"https:\/\/patentest.com\/sv\/wp-json\/wp\/v2\/pages\/5614\/revisions"}],"predecessor-version":[{"id":10074,"href":"https:\/\/patentest.com\/sv\/wp-json\/wp\/v2\/pages\/5614\/revisions\/10074"}],"wp:featuredmedia":[{"embeddable":true,"href":"https:\/\/patentest.com\/sv\/wp-json\/wp\/v2\/media\/6575"}],"wp:attachment":[{"href":"https:\/\/patentest.com\/sv\/wp-json\/wp\/v2\/media?parent=5614"}],"curies":[{"name":"wp","href":"https:\/\/api.w.org\/{rel}","templated":true}]}}