{"id":5607,"date":"2019-12-31T14:27:45","date_gmt":"2019-12-31T12:27:45","guid":{"rendered":"https:\/\/patentest.com\/patentability-search\/"},"modified":"2025-06-16T10:07:09","modified_gmt":"2025-06-16T07:07:09","slug":"nyhetsundersokning","status":"publish","type":"page","link":"https:\/\/patentest.com\/sv\/nyhetsundersokning\/","title":{"rendered":"Nyhetsunders\u00f6kning"},"content":{"rendered":"\t\t<div data-elementor-type=\"wp-post\" data-elementor-id=\"5607\" class=\"elementor elementor-5607 elementor-261\" data-elementor-post-type=\"page\">\n\t\t\t\t\t\t<section class=\"elementor-section elementor-top-section elementor-element elementor-element-b8a393e elementor-section-boxed elementor-section-height-default elementor-section-height-default\" data-id=\"b8a393e\" data-element_type=\"section\" data-e-type=\"section\">\n\t\t\t\t\t\t<div class=\"elementor-container elementor-column-gap-default\">\n\t\t\t\t\t<div class=\"elementor-column elementor-col-100 elementor-top-column elementor-element elementor-element-bcd4ae0\" data-id=\"bcd4ae0\" data-element_type=\"column\" data-e-type=\"column\">\n\t\t\t<div class=\"elementor-widget-wrap elementor-element-populated\">\n\t\t\t\t\t\t<div class=\"elementor-element elementor-element-694216d elementor-widget elementor-widget-text-editor\" data-id=\"694216d\" data-element_type=\"widget\" data-e-type=\"widget\" data-widget_type=\"text-editor.default\">\n\t\t\t\t<div class=\"elementor-widget-container\">\n\t\t\t\t\t\t\t\t\t<h2><span style=\"font-weight: 400;\">Vi g\u00f6r en nyhetsunders\u00f6kning(Nyhetsgranskning) f\u00f6r att se om din uppfinning kan patenteras<\/span><\/h2><p><span style=\"font-weight: 400;\">Har du en id\u00e9 till en innovation? Har du kl\u00e4ckt en genialisk id\u00e9? Funderar du p\u00e5 att utveckla den och skydda den med ett patent? D\u00e5 beh\u00f6ver du utf\u00f6ra en nyhetsgranskning f\u00f6r att se om din ide \u00e4r patentbar. H\u00e4r har du tv\u00e5 alternativ:<\/span><span style=\"font-weight: 400;\"><br \/><\/span><span style=\"font-weight: 400;\"><br \/><\/span><span style=\"font-weight: 400;\">1. S\u00e4tt ig\u00e5ng! L\u00e4gg ner tid, pengar och energi i presentationer, utveckling, finansiering, patentans\u00f6kan och marknadsunders\u00f6kning. Du kommer att beh\u00f6va arbeta n\u00e4ra industridesigners, ingenj\u00f6rer, patentombud, r\u00e5dgivare, riskkapitalister och investerare. Och listan p\u00e5 specialister som du beh\u00f6ver prata med kommer bara att bli l\u00e4ngre\u2026<\/span><\/p><p><span style=\"font-weight: 400;\"><br \/><\/span><span style=\"font-weight: 400;\">Eller:<\/span><span style=\"font-weight: 400;\"><br \/><\/span><span style=\"font-weight: 400;\"><br \/><\/span><span style=\"font-weight: 400;\">2. V\u00e4nta en stund och fundera! Kanske har n\u00e5gon redan haft samma id\u00e9 innan? Kanske finns id\u00e9n d\u00e4r ute p\u00e5 marknaden redan? Kanske \u00e4r id\u00e9n inte ens patenterbar eftersom det redan finns publikationer som visar delar av den eller hela id\u00e9n? Kanske finns produkten inte p\u00e5 marknaden, men det betyder inte att andra inte redan skyddat den och i s\u00e5dana fall kommer du g\u00f6ra intr\u00e5ng i andras r\u00e4ttigheter. Allt detta kan du ta reda p\u00e5 n\u00e4r du g\u00f6r patents\u00f6kning med hj\u00e4lp av Patentest&#8217;s <\/span><a href=\"https:\/\/patentest.com\/sv\/freedom-to-operate-fto\/\"><span style=\"font-weight: 400;\">Freedom To Operate<\/span><\/a><span style=\"font-weight: 400;\"> unders\u00f6kning (FTO) eller <a href=\"https:\/\/patentest.com\/sv\/allman-information\/patentsokning\/\">Nyhetsgranskning<\/a>.<\/span><\/p>\t\t\t\t\t\t\t\t<\/div>\n\t\t\t\t<\/div>\n\t\t\t\t\t<\/div>\n\t\t<\/div>\n\t\t\t\t\t<\/div>\n\t\t<\/section>\n\t\t\t\t<section class=\"elementor-section elementor-top-section elementor-element elementor-element-4f08418 elementor-section-boxed elementor-section-height-default elementor-section-height-default\" data-id=\"4f08418\" data-element_type=\"section\" data-e-type=\"section\">\n\t\t\t\t\t\t<div class=\"elementor-container elementor-column-gap-default\">\n\t\t\t\t\t<div class=\"elementor-column elementor-col-100 elementor-top-column elementor-element elementor-element-b53f2c5\" data-id=\"b53f2c5\" data-element_type=\"column\" data-e-type=\"column\">\n\t\t\t<div class=\"elementor-widget-wrap elementor-element-populated\">\n\t\t\t\t\t\t<div class=\"elementor-element elementor-element-4ad315d elementor-widget elementor-widget-video\" data-id=\"4ad315d\" data-element_type=\"widget\" data-e-type=\"widget\" data-settings=\"{&quot;youtube_url&quot;:&quot;https:\\\/\\\/youtu.be\\\/43NbTO09toA&quot;,&quot;video_type&quot;:&quot;youtube&quot;,&quot;controls&quot;:&quot;yes&quot;}\" data-widget_type=\"video.default\">\n\t\t\t\t<div class=\"elementor-widget-container\">\n\t\t\t\t\t\t\t<div class=\"elementor-wrapper elementor-open-inline\">\n\t\t\t<div class=\"elementor-video\"><\/div>\t\t<\/div>\n\t\t\t\t\t\t<\/div>\n\t\t\t\t<\/div>\n\t\t\t\t\t<\/div>\n\t\t<\/div>\n\t\t\t\t\t<\/div>\n\t\t<\/section>\n\t\t\t\t<section class=\"elementor-section elementor-top-section elementor-element elementor-element-icsi9rz elementor-section-full_width elementor-section-height-default elementor-section-height-default\" data-id=\"icsi9rz\" data-element_type=\"section\" data-e-type=\"section\">\n\t\t\t\t\t\t<div class=\"elementor-container elementor-column-gap-default\">\n\t\t\t\t\t<div class=\"elementor-column elementor-col-100 elementor-top-column elementor-element elementor-element-d46ntxj\" data-id=\"d46ntxj\" data-element_type=\"column\" data-e-type=\"column\">\n\t\t\t<div class=\"elementor-widget-wrap elementor-element-populated\">\n\t\t\t\t\t\t<div class=\"elementor-element elementor-element-khppthl elementor-widget elementor-widget-text-editor\" data-id=\"khppthl\" data-element_type=\"widget\" data-e-type=\"widget\" data-widget_type=\"text-editor.default\">\n\t\t\t\t<div class=\"elementor-widget-container\">\n\t\t\t\t\t\t\t\t\t<h3><span style=\"font-weight: 400;\">Egen eller professionell patents\u00f6kning<\/span><\/h3><p><span style=\"font-weight: 400;\">Du som \u00e4r klok v\u00e4ljer alternativ tv\u00e5, och stannar till f\u00f6r att <a href=\"https:\/\/patentest.com\/general-information\/why-conduct-search-for-patent\/\">s\u00f6ka patent<\/a> och s\u00e4kerst\u00e4lla att du har all information du beh\u00f6ver f\u00f6r att fatta r\u00e4tt beslut. Du kommer d\u00e5 att beh\u00f6va v\u00e4lja mellan tv\u00e5 alternativ: 1) S\u00f6ka patent p\u00e5 egen hand eller 2) l\u00e5ta ett professionellt <\/span><a href=\"https:\/\/patentest.com\/sv\/bestall-fran-oss\/\"><span style=\"font-weight: 400;\">patents\u00f6knings- och analysf\u00f6retag<\/span><\/a><span style=\"font-weight: 400;\"> s\u00f6ka patent och g\u00f6ra Nyhetsgranskning \u00e5t dig.<\/span><span style=\"font-weight: 400;\"><br \/><\/span><span style=\"font-weight: 400;\"><br \/><\/span><span style=\"font-weight: 400;\">P\u00e5 Patentest anser vi att det inte r\u00e5der n\u00e5gon tvekan om vilket val som \u00e4r klokast. Det \u00e4r uppenbart att du m\u00e5ste b\u00f6rja med att genomf\u00f6ra din egen research. Anv\u00e4nd Google eller n\u00e5gon annan s\u00f6kmotor och ta hj\u00e4lp av kostnadsfria patents\u00f6kning s\u00e5som <\/span><a href=\"https:\/\/patents.google.com\/\"><span style=\"font-weight: 400;\">Google Patents<\/span><\/a><span style=\"font-weight: 400;\">\u00a0eller den europeiska patentdatabasen\u00a0<\/span><a href=\"https:\/\/worldwide.espacenet.com\/\"><span style=\"font-weight: 400;\">Especenet<\/span><\/a><span style=\"font-weight: 400;\">.<\/span><\/p><p><span style=\"font-weight: 400;\">Du kan sj\u00e4lv komma att uppt\u00e4cka att din innovation inte \u00e4r ny, och d\u00e5 sparar du b\u00e5de tid och pengar. Eller s\u00e5 hj\u00e4lper din research dig att specificera din innovation b\u00e4ttre och hitta ett tydligare fokus f\u00f6r den.<\/span><\/p><h3><span style=\"font-weight: 400;\">Professionell nyhetsunders\u00f6kning<\/span><\/h3><p><span style=\"font-weight: 400;\">Efter ditt researcharbete \u00e4r det dags f\u00f6r att s\u00f6ka patent och genomf\u00f6ra en <a href=\"https:\/\/patentest.com\/sv\/allman-information\/patentsokning\/\">professionell patents\u00f6kning<\/a>. Det \u00e4r h\u00e4r vi p\u00e5 Patentest kommer in i bilden.\u00a0\u00a0I detta skede rekommenderar vi att du\u00a0<\/span><a href=\"https:\/\/patentest.com\/sv\/bestall-fran-oss\/\"><span style=\"font-weight: 400;\">best\u00e4ller<\/span><\/a><span style=\"font-weight: 400;\"> en Nyhetsgranskning och patenterbarhetsbed\u00f6mning fr\u00e5n v\u00e5rt team av experter. De flesta <\/span><a href=\"https:\/\/patentest.com\/sv\/patentsokning-for-innovatorer\/\"><span style=\"font-weight: 400;\">innovationer och id\u00e9er<\/span><\/a><span style=\"font-weight: 400;\">\u00a0\u00e4r inte nya eller nyskapande och kommer d\u00e4rf\u00f6r inte vara kvalificerade f\u00f6r att f\u00e5 ett starkt patent beviljat och det bevisas av b\u00e5de global och regional statistik.<\/span><\/p><p><span style=\"font-weight: 400;\">I detta skede rekommenderar vi att du best\u00e4ller en patenterbarhetsbed\u00f6mning fr\u00e5n v\u00e5rt team av experter.\u00a0<\/span><\/p><p><img fetchpriority=\"high\" decoding=\"async\" class=\"alignnone wp-image-7466 size-large\" src=\"https:\/\/patentest.com\/wp-content\/uploads\/2021\/08\/nyhetsundersokning-patent-1024x682.jpg\" alt=\"nyhetsunders\u00f6kning patent\" width=\"800\" height=\"533\" srcset=\"https:\/\/patentest.com\/wp-content\/uploads\/2021\/08\/nyhetsundersokning-patent-1024x682.jpg 1024w, https:\/\/patentest.com\/wp-content\/uploads\/2021\/08\/nyhetsundersokning-patent-300x200.jpg 300w, https:\/\/patentest.com\/wp-content\/uploads\/2021\/08\/nyhetsundersokning-patent-768x512.jpg 768w, https:\/\/patentest.com\/wp-content\/uploads\/2021\/08\/nyhetsundersokning-patent.jpg 1280w\" sizes=\"(max-width: 800px) 100vw, 800px\" \/><\/p><p><span style=\"font-weight: 400;\">Innovat\u00f6rer som bara lutar sig mot sin egen research eller en begr\u00e4nsad utv\u00e4rdering genomf\u00f6rd av deras patentombud, kommer sannolikt inte att f\u00e5 ett starkt patent beviljat, alternativt bli indragna i en dyr patenteringsprocess som till slut kommer utmynna i ett patent som helt saknar kommersiellt v\u00e4rde. Att leva i f\u00f6rnekelse och v\u00e4gra se fakta kommer endast leda till bortkastad tid och f\u00f6rlorade pengar.\u00a0\u00a0Ett\u00a0starkt patent \u00e4r viktigt\u00a0och det handlar ju faktiskt till stor del om att tj\u00e4na pengar ocks\u00e5, inte sant?\u00a0\u00a0Ett patent \u00e4r i slut\u00e4ndan inte n\u00e5got vi bara har f\u00f6r att h\u00e4nga p\u00e5 v\u00e4ggen. <\/span><\/p><h3>Ta hj\u00e4lp av en professionell s\u00f6kexpert<\/h3><p><span style=\"font-weight: 400;\">Just d\u00e4rf\u00f6r beh\u00f6ver du ta kontakt med en professionell och frist\u00e5ende akt\u00f6r inom patents\u00f6kning och patentinformation. Ett f\u00f6retag som \u00e4r h\u00e4ngivet konsten att genomf\u00f6ra en patents\u00f6kning och som s\u00e4kerst\u00e4ller att du erh\u00e5ller den informationen som just du beh\u00f6ver. Vi \u00e4r ett professionellt s\u00f6kteam som varje dag b\u00e5de s\u00f6ker och finner information om patent.<\/span><\/p><p><span style=\"font-weight: 400;\">Konsten att genomf\u00f6ra en patents\u00f6kning eller nyhetsunders\u00f6kning \u00e4r en uppgift som kr\u00e4ver b\u00e5de r\u00e4tt ingenj\u00f6rsbakgrund, konsten att bem\u00e4stra flertalet databaser och standardiserade metoder och processer som bara en professionell s\u00f6korganisation kan erbjuda dig.<\/span><span style=\"font-weight: 400;\"><br \/><\/span><span style=\"font-weight: 400;\"><br \/><\/span><span style=\"font-weight: 400;\">Som ett frist\u00e5ende s\u00f6kteam \u00e4r vi h\u00e4ngivna till att f\u00f6rse dig med r\u00e4tt fakta, oavsett om du sedan v\u00e4ljer att patentera din id\u00e9 eller ej. V\u00e5rt erfarna patents\u00f6kningsteam genomf\u00f6r s\u00f6kningar dagligen f\u00f6r patentombud, patentavdelningar, universitet och innovat\u00f6rer. Detta f\u00f6r att s\u00e4kerst\u00e4lla att korrekt fakta och information finns tillg\u00e4ngligt f\u00f6r dig, s\u00e5 att du kan fatta riktigt bra aff\u00e4rsbeslut.\u00a0\u00a0\u00a0<\/span><\/p><p><b>Pris<\/b><\/p><p><a href=\"https:\/\/patentest.my.site.com\/s\/login\/SelfRegister?language=en_US\"><span style=\"font-weight: 400;\">Registrera dig h\u00e4r<\/span><\/a><span style=\"font-weight: 400;\">\u00a0f\u00f6r att se v\u00e5ra priser.<\/span><\/p><p><b>Snabb leverans<\/b><\/p><p><span style=\"font-weight: 400;\">Vi levererar v\u00e5ra patents\u00f6kningar inom 7 arbetsdagar. Du kan ocks\u00e5 best\u00e4lla en expressleverans om du beh\u00f6ver f\u00e5 din s\u00f6kning p\u00e5 kortare tid.\u00a0<\/span><\/p><p><b>Exempels\u00f6krapport<\/b><\/p><p><span style=\"font-weight: 400;\">V\u00e5r rapport \u00e4r designad att f\u00f6rse dig med all den information du beh\u00f6ver. F\u00f6r oss \u00e4r det viktigt att v\u00e5ra rapporter \u00e4r b\u00e5de professionella och kostnadseffektiva. Din tid \u00e4r pengar (!) och d\u00e4rf\u00f6r \u00e4r vi h\u00e4ngivna till att genomf\u00f6ra ditt arbete b\u00e5de snabbt och med h\u00f6gsta kvalitet.\u00a0\u00a0<\/span><a href=\"https:\/\/patentest.com\/wp-content\/uploads\/2020\/06\/Patentability-Example-Report-1.pdf\"><span style=\"font-weight: 400;\">Exempel-rapport<\/span><\/a><\/p><p><b>Tillg\u00e4nglighet<\/b><\/p><p><span style=\"font-weight: 400;\">Vi finns alltid h\u00e4r f\u00f6r dig oavsett var eller n\u00e4r, via telefon eller via mail. Att\u00a0<\/span><a href=\"https:\/\/patentest.com\/sv\/kontakta-oss\/\"><span style=\"font-weight: 400;\">Kontakta oss<\/span><\/a><span style=\"font-weight: 400;\"> \u00e4r kostnadsfritt och vi ser alltid till att f\u00f6rbereda dig inf\u00f6r s\u00f6kningen eller ge en st\u00f6rre f\u00f6rst\u00e5else f\u00f6r s\u00f6kresultaten. Har du precis kommit ig\u00e5ng med din patent process? D\u00e5 rekommenderar vi att du ta reda p\u00e5 <a href=\"https:\/\/patentest.com\/sv\/vad-kravs-for-att-fa-ett-patent\/\">vad som kr\u00e4vs f\u00f6r att f\u00e5 ett patent beviljat<\/a>.<\/span><\/p>\t\t\t\t\t\t\t\t<\/div>\n\t\t\t\t<\/div>\n\t\t\t\t\t<\/div>\n\t\t<\/div>\n\t\t\t\t\t<\/div>\n\t\t<\/section>\n\t\t\t\t<\/div>\n\t\t","protected":false},"excerpt":{"rendered":"<p>Vi g\u00f6r en nyhetsunders\u00f6kning(Nyhetsgranskning) f\u00f6r att se om din uppfinning kan patenteras Har du en id\u00e9 till en innovation? Har du kl\u00e4ckt en genialisk id\u00e9? Funderar du p\u00e5 att utveckla den och skydda den med ett patent? D\u00e5 beh\u00f6ver du utf\u00f6ra en nyhetsgranskning f\u00f6r att se om din ide \u00e4r patentbar. H\u00e4r har du tv\u00e5 [&hellip;]<\/p>\n","protected":false},"author":1,"featured_media":6511,"parent":0,"menu_order":0,"comment_status":"closed","ping_status":"closed","template":"","meta":{"footnotes":""},"class_list":["post-5607","page","type-page","status-publish","has-post-thumbnail","hentry"],"yoast_head":"<!-- This site is optimized with the Yoast SEO plugin v27.1.1 - https:\/\/yoast.com\/product\/yoast-seo-wordpress\/ -->\n<title>Vill du g\u00f6ra en nyhetsunders\u00f6kning? - se om den \u00e4r patentbar | Patentest<\/title>\n<meta name=\"description\" content=\"Innan du best\u00e4ller en patents\u00f6kning, g\u00f6r en nyhetsunders\u00f6kning hos Patentest. V\u00e4lkommen att kontakta oss idag.\" \/>\n<meta name=\"robots\" content=\"index, follow, max-snippet:-1, max-image-preview:large, max-video-preview:-1\" \/>\n<link rel=\"canonical\" href=\"https:\/\/patentest.com\/sv\/nyhetsundersokning\/\" \/>\n<meta property=\"og:locale\" content=\"sv_SE\" \/>\n<meta property=\"og:type\" content=\"article\" \/>\n<meta property=\"og:title\" content=\"Vill du g\u00f6ra en nyhetsunders\u00f6kning? - se om den \u00e4r patentbar | Patentest\" \/>\n<meta property=\"og:description\" content=\"Innan du best\u00e4ller en patents\u00f6kning, g\u00f6r en nyhetsunders\u00f6kning hos Patentest. V\u00e4lkommen att kontakta oss idag.\" \/>\n<meta property=\"og:url\" content=\"https:\/\/patentest.com\/sv\/nyhetsundersokning\/\" \/>\n<meta property=\"og:site_name\" content=\"Patentest\" \/>\n<meta property=\"article:publisher\" content=\"https:\/\/www.facebook.com\/newtone.patent.search\/\" \/>\n<meta property=\"article:modified_time\" content=\"2025-06-16T07:07:09+00:00\" \/>\n<meta property=\"og:image\" content=\"https:\/\/patentest.com\/wp-content\/uploads\/2020\/12\/Patentsokning-soka-patent.jpg\" \/>\n\t<meta property=\"og:image:width\" content=\"1280\" \/>\n\t<meta property=\"og:image:height\" content=\"853\" \/>\n\t<meta property=\"og:image:type\" content=\"image\/jpeg\" \/>\n<meta name=\"twitter:card\" content=\"summary_large_image\" \/>\n<meta name=\"twitter:label1\" content=\"Ber\u00e4knad l\u00e4stid\" \/>\n\t<meta name=\"twitter:data1\" content=\"5 minuter\" \/>\n<script type=\"application\/ld+json\" class=\"yoast-schema-graph\">{\"@context\":\"https:\/\/schema.org\",\"@graph\":[{\"@type\":\"WebPage\",\"@id\":\"https:\/\/patentest.com\/sv\/nyhetsundersokning\/\",\"url\":\"https:\/\/patentest.com\/sv\/nyhetsundersokning\/\",\"name\":\"Vill du g\u00f6ra en nyhetsunders\u00f6kning? - se om den \u00e4r patentbar | Patentest\",\"isPartOf\":{\"@id\":\"https:\/\/patentest.com\/sv\/#website\"},\"primaryImageOfPage\":{\"@id\":\"https:\/\/patentest.com\/sv\/nyhetsundersokning\/#primaryimage\"},\"image\":{\"@id\":\"https:\/\/patentest.com\/sv\/nyhetsundersokning\/#primaryimage\"},\"thumbnailUrl\":\"https:\/\/patentest.com\/wp-content\/uploads\/2020\/12\/Patentsokning-soka-patent.jpg\",\"datePublished\":\"2019-12-31T12:27:45+00:00\",\"dateModified\":\"2025-06-16T07:07:09+00:00\",\"description\":\"Innan du best\u00e4ller en patents\u00f6kning, g\u00f6r en nyhetsunders\u00f6kning hos Patentest. V\u00e4lkommen att kontakta oss idag.\",\"breadcrumb\":{\"@id\":\"https:\/\/patentest.com\/sv\/nyhetsundersokning\/#breadcrumb\"},\"inLanguage\":\"sv-SE\",\"potentialAction\":[{\"@type\":\"ReadAction\",\"target\":[\"https:\/\/patentest.com\/sv\/nyhetsundersokning\/\"]}]},{\"@type\":\"ImageObject\",\"inLanguage\":\"sv-SE\",\"@id\":\"https:\/\/patentest.com\/sv\/nyhetsundersokning\/#primaryimage\",\"url\":\"https:\/\/patentest.com\/wp-content\/uploads\/2020\/12\/Patentsokning-soka-patent.jpg\",\"contentUrl\":\"https:\/\/patentest.com\/wp-content\/uploads\/2020\/12\/Patentsokning-soka-patent.jpg\",\"width\":1280,\"height\":853,\"caption\":\"Patents\u00f6kning s\u00f6ka patent\"},{\"@type\":\"BreadcrumbList\",\"@id\":\"https:\/\/patentest.com\/sv\/nyhetsundersokning\/#breadcrumb\",\"itemListElement\":[{\"@type\":\"ListItem\",\"position\":1,\"name\":\"Home page\",\"item\":\"https:\/\/patentest.com\/sv\/\"},{\"@type\":\"ListItem\",\"position\":2,\"name\":\"Nyhetsunders\u00f6kning\"}]},{\"@type\":\"WebSite\",\"@id\":\"https:\/\/patentest.com\/sv\/#website\",\"url\":\"https:\/\/patentest.com\/sv\/\",\"name\":\"Patentest\",\"description\":\"Your first step towards a registered patent\",\"potentialAction\":[{\"@type\":\"SearchAction\",\"target\":{\"@type\":\"EntryPoint\",\"urlTemplate\":\"https:\/\/patentest.com\/sv\/?s={search_term_string}\"},\"query-input\":{\"@type\":\"PropertyValueSpecification\",\"valueRequired\":true,\"valueName\":\"search_term_string\"}}],\"inLanguage\":\"sv-SE\"}]}<\/script>\n<!-- \/ Yoast SEO plugin. -->","yoast_head_json":{"title":"Vill du g\u00f6ra en nyhetsunders\u00f6kning? - se om den \u00e4r patentbar | Patentest","description":"Innan du best\u00e4ller en patents\u00f6kning, g\u00f6r en nyhetsunders\u00f6kning hos Patentest. V\u00e4lkommen att kontakta oss idag.","robots":{"index":"index","follow":"follow","max-snippet":"max-snippet:-1","max-image-preview":"max-image-preview:large","max-video-preview":"max-video-preview:-1"},"canonical":"https:\/\/patentest.com\/sv\/nyhetsundersokning\/","og_locale":"sv_SE","og_type":"article","og_title":"Vill du g\u00f6ra en nyhetsunders\u00f6kning? - se om den \u00e4r patentbar | Patentest","og_description":"Innan du best\u00e4ller en patents\u00f6kning, g\u00f6r en nyhetsunders\u00f6kning hos Patentest. V\u00e4lkommen att kontakta oss idag.","og_url":"https:\/\/patentest.com\/sv\/nyhetsundersokning\/","og_site_name":"Patentest","article_publisher":"https:\/\/www.facebook.com\/newtone.patent.search\/","article_modified_time":"2025-06-16T07:07:09+00:00","og_image":[{"width":1280,"height":853,"url":"https:\/\/patentest.com\/wp-content\/uploads\/2020\/12\/Patentsokning-soka-patent.jpg","type":"image\/jpeg"}],"twitter_card":"summary_large_image","twitter_misc":{"Ber\u00e4knad l\u00e4stid":"5 minuter"},"schema":{"@context":"https:\/\/schema.org","@graph":[{"@type":"WebPage","@id":"https:\/\/patentest.com\/sv\/nyhetsundersokning\/","url":"https:\/\/patentest.com\/sv\/nyhetsundersokning\/","name":"Vill du g\u00f6ra en nyhetsunders\u00f6kning? - se om den \u00e4r patentbar | Patentest","isPartOf":{"@id":"https:\/\/patentest.com\/sv\/#website"},"primaryImageOfPage":{"@id":"https:\/\/patentest.com\/sv\/nyhetsundersokning\/#primaryimage"},"image":{"@id":"https:\/\/patentest.com\/sv\/nyhetsundersokning\/#primaryimage"},"thumbnailUrl":"https:\/\/patentest.com\/wp-content\/uploads\/2020\/12\/Patentsokning-soka-patent.jpg","datePublished":"2019-12-31T12:27:45+00:00","dateModified":"2025-06-16T07:07:09+00:00","description":"Innan du best\u00e4ller en patents\u00f6kning, g\u00f6r en nyhetsunders\u00f6kning hos Patentest. V\u00e4lkommen att kontakta oss idag.","breadcrumb":{"@id":"https:\/\/patentest.com\/sv\/nyhetsundersokning\/#breadcrumb"},"inLanguage":"sv-SE","potentialAction":[{"@type":"ReadAction","target":["https:\/\/patentest.com\/sv\/nyhetsundersokning\/"]}]},{"@type":"ImageObject","inLanguage":"sv-SE","@id":"https:\/\/patentest.com\/sv\/nyhetsundersokning\/#primaryimage","url":"https:\/\/patentest.com\/wp-content\/uploads\/2020\/12\/Patentsokning-soka-patent.jpg","contentUrl":"https:\/\/patentest.com\/wp-content\/uploads\/2020\/12\/Patentsokning-soka-patent.jpg","width":1280,"height":853,"caption":"Patents\u00f6kning s\u00f6ka patent"},{"@type":"BreadcrumbList","@id":"https:\/\/patentest.com\/sv\/nyhetsundersokning\/#breadcrumb","itemListElement":[{"@type":"ListItem","position":1,"name":"Home page","item":"https:\/\/patentest.com\/sv\/"},{"@type":"ListItem","position":2,"name":"Nyhetsunders\u00f6kning"}]},{"@type":"WebSite","@id":"https:\/\/patentest.com\/sv\/#website","url":"https:\/\/patentest.com\/sv\/","name":"Patentest","description":"Your first step towards a registered patent","potentialAction":[{"@type":"SearchAction","target":{"@type":"EntryPoint","urlTemplate":"https:\/\/patentest.com\/sv\/?s={search_term_string}"},"query-input":{"@type":"PropertyValueSpecification","valueRequired":true,"valueName":"search_term_string"}}],"inLanguage":"sv-SE"}]}},"_links":{"self":[{"href":"https:\/\/patentest.com\/sv\/wp-json\/wp\/v2\/pages\/5607","targetHints":{"allow":["GET"]}}],"collection":[{"href":"https:\/\/patentest.com\/sv\/wp-json\/wp\/v2\/pages"}],"about":[{"href":"https:\/\/patentest.com\/sv\/wp-json\/wp\/v2\/types\/page"}],"author":[{"embeddable":true,"href":"https:\/\/patentest.com\/sv\/wp-json\/wp\/v2\/users\/1"}],"replies":[{"embeddable":true,"href":"https:\/\/patentest.com\/sv\/wp-json\/wp\/v2\/comments?post=5607"}],"version-history":[{"count":87,"href":"https:\/\/patentest.com\/sv\/wp-json\/wp\/v2\/pages\/5607\/revisions"}],"predecessor-version":[{"id":10096,"href":"https:\/\/patentest.com\/sv\/wp-json\/wp\/v2\/pages\/5607\/revisions\/10096"}],"wp:featuredmedia":[{"embeddable":true,"href":"https:\/\/patentest.com\/sv\/wp-json\/wp\/v2\/media\/6511"}],"wp:attachment":[{"href":"https:\/\/patentest.com\/sv\/wp-json\/wp\/v2\/media?parent=5607"}],"curies":[{"name":"wp","href":"https:\/\/api.w.org\/{rel}","templated":true}]}}