{"id":5604,"date":"2020-02-11T13:17:13","date_gmt":"2020-02-11T11:17:13","guid":{"rendered":"https:\/\/patentest.com\/what-is-a-patent\/"},"modified":"2021-08-09T12:36:23","modified_gmt":"2021-08-09T09:36:23","slug":"vad-ar-ett-patent","status":"publish","type":"page","link":"https:\/\/patentest.com\/sv\/allman-information\/vad-ar-ett-patent\/","title":{"rendered":"Vad \u00e4r ett patent?"},"content":{"rendered":"\t\t<div data-elementor-type=\"wp-post\" data-elementor-id=\"5604\" class=\"elementor elementor-5604 elementor-77 elementor-bc-flex-widget\" data-elementor-post-type=\"page\">\n\t\t\t\t\t\t<section class=\"elementor-section elementor-top-section elementor-element elementor-element-4i2sjv4 elementor-section-boxed elementor-section-height-default elementor-section-height-default\" data-id=\"4i2sjv4\" data-element_type=\"section\" data-e-type=\"section\">\n\t\t\t\t\t\t<div class=\"elementor-container elementor-column-gap-default\">\n\t\t\t\t\t<div class=\"elementor-column elementor-col-100 elementor-top-column elementor-element elementor-element-btcld5k\" data-id=\"btcld5k\" data-element_type=\"column\" data-e-type=\"column\">\n\t\t\t<div class=\"elementor-widget-wrap elementor-element-populated\">\n\t\t\t\t\t\t<div class=\"elementor-element elementor-element-6047a2n elementor-widget elementor-widget-text-editor\" data-id=\"6047a2n\" data-element_type=\"widget\" data-e-type=\"widget\" data-widget_type=\"text-editor.default\">\n\t\t\t\t<div class=\"elementor-widget-container\">\n\t\t\t\t\t\t\t\t\t<p><span style=\"font-weight: 400;\">Vad \u00e4r ett patent egentligen och hur l\u00e4r jag mig grunderna? Om du \u00e4r en uppfinnare eller \u00e4gare av ett f\u00f6retag som jobbar med nya id\u00e9er och teknologier \u00e4r det bra f\u00f6r dig att k\u00e4nna till grunderna kring patenteringsprocessen &amp; processens definitioner. Detta f\u00f6r att kunna besluta om du kan ans\u00f6ka om patentskydd och hur du kan nyttja patenteringsprocessen.<\/span><\/p><h2><span style=\"font-weight: 400;\"><br \/><\/span><span style=\"font-weight: 400;\">S\u00e5 vad \u00e4r ett patent egentligen?<\/span><\/h2><p><span style=\"font-weight: 400;\">Ett patent \u00e4r en exklusiv r\u00e4ttighet till att anv\u00e4nda en innovation, med en giltighet p\u00e5 20 \u00e5r. Ett patent hj\u00e4lper uppfinnaren att f\u00f6rhindra att andra anv\u00e4nder innovationen, exempelvis genom att producera eller s\u00e4lja den utan patent\u00e4garens samtycke. \u00a0 <\/span><\/p><h2><b><br \/><\/b><span style=\"font-weight: 400;\">Vilka \u00e4r villkoren f\u00f6r ett patent?<\/span><\/h2><p><span style=\"font-weight: 400;\">Hur f\u00e5r man patent och vad kr\u00e4vs egentligen? F\u00f6r att kunna f\u00e5 ett patent beviljat f\u00f6r din innovation beh\u00f6ver du uppfylla ett antal krav. Innovationen m\u00e5ste vara ny, innovativ och industriellt applicerbar. Om du har en id\u00e9 som du tror uppfyller dessa krav \u00e4r du varmt v\u00e4lkommen att h\u00f6ra av dig till oss p\u00e5 Patentest, s\u00e5 hj\u00e4lper vi dig att komma fram\u00e5t.<\/span><\/p><h2><span style=\"font-weight: 400;\"><br \/><\/span><span style=\"font-weight: 400;\">Nyskapande<\/span><\/h2><p><span style=\"font-weight: 400;\">Uppfinningen m\u00e5ste vara ny och f\u00e5r inte vara offentliggjord\/k\u00e4nd offentligt innan den registreras som ett patent. Den m\u00e5ste helt enkelt vara nyskapande oavsett hur eller var i v\u00e4rlden den offentliggjordes.\u00a0<\/span><\/p><p><span style=\"font-weight: 400;\">Innovationen kan heller ej klassas som ny \u00e4ven om det \u00e4r du sj\u00e4lv som anv\u00e4nt eller publicerat den.<\/span><\/p><h3><span style=\"font-weight: 400;\">Uppfinningsh\u00f6jd (Inventive step)<\/span><\/h3><p><span style=\"font-weight: 400;\">Innovationen m\u00e5ste vara signifikant annorlunda fr\u00e5n vad som redan \u00e4r v\u00e4lk\u00e4nt p\u00e5 marknaden. Innovationen som id\u00e9 f\u00e5r ej vara s\u00e5 kallat \u201duppenbar\u201d f\u00f6r en expert inom det givna teknikomr\u00e5det. Detta inneb\u00e4r att en kombination av redan k\u00e4nda metoder eller teknologier inte n\u00f6dv\u00e4ndigtvis \u00e4r patenterbara.\u00a0\u00a0\u00a0\u00a0\u00a0<\/span><\/p><h2><span style=\"font-weight: 400;\">Industriellt till\u00e4mplig<\/span><\/h2><p><span style=\"font-weight: 400;\">F\u00f6r att en innovation ska var patenterbar beh\u00f6ver den vara industriellt till\u00e4mplig. En innovation anses vara industriellt till\u00e4mpbar om den kan produceras eller nyttjas inom n\u00e5gon typ av industri eller bransch. \u201cIndustri\u201d ska i detta sammanhang f\u00f6rst\u00e5s fr\u00e5n ett bredare perspektiv och inkluderar allts\u00e5 inte enbart vad begreppet \u201cindustri\u201d \u00e5syftar, utan \u00e4ven andra aktiviteter s\u00e5som transport, agrikultur, jakt, samh\u00e4llsservice och medicinska tj\u00e4nster med mera. \u00a0 <\/span><span style=\"font-weight: 400;\"><br \/><\/span><span style=\"font-weight: 400;\"><br \/><\/span><span style=\"font-weight: 400;\">Kravet kring industriell till\u00e4mplighet inneb\u00e4r ocks\u00e5 att en innovation som tydligt saknar praktisk till\u00e4mpning g\u00e4llande v\u00e4letablerade naturlagar, s\u00e5som exempelvis en evighetsmaskin, ej \u00e4r <a href=\"https:\/\/www.sciencedirect.com\/topics\/engineering\/patentability\">patenterbar<\/a>.\u00a0\u00a0\u00a0<\/span><\/p><p><img fetchpriority=\"high\" decoding=\"async\" class=\"alignnone size-large wp-image-7423\" src=\"https:\/\/patentest.com\/wp-content\/uploads\/2021\/08\/vad-ar-ett-patent-och-hur-far-jag-ett-1024x723.jpg\" alt=\"vad \u00e4r ett patent\" width=\"800\" height=\"565\" \/><\/p><h2><span style=\"font-weight: 400;\">Vad \u00e4r ett patent och vad \u00e4r <\/span><i><span style=\"font-weight: 400;\">inte<\/span><\/i><span style=\"font-weight: 400;\"> patenterbart?<\/span><\/h2><p><span style=\"font-weight: 400;\"><a href=\"https:\/\/www.uspto.gov\/patents\/basics\/general-information-patents\">Vad som \u00e4r ett patent<\/a> \u00e4r s\u00e5klart en vanlig fr\u00e5ga bland uppfinnare och f\u00f6retags\u00e4gare, men det \u00e4r ocks\u00e5 viktigt att f\u00f6rst\u00e5 vad som inte kan beviljas ett patent. P\u00e5 det stora hela finns det v\u00e4ldigt mycket som inte kan patenteras. N\u00e5gra exempel p\u00e5 vad som inte kan skyddas av ett patent \u00e4r:<\/span><\/p><ul><li style=\"font-weight: 400;\"><span style=\"font-weight: 400;\">En uppt\u00e4ckt, vetenskaplig teori eller matematisk metod<\/span><\/li><li style=\"font-weight: 400;\"><span style=\"font-weight: 400;\">Estetisk skapelse<\/span><\/li><li style=\"font-weight: 400;\"><span style=\"font-weight: 400;\">System, regel\/lag eller metod kring att utf\u00f6ra en mental handling, spela ett spel, genomf\u00f6ra aff\u00e4rer eller ett datorprogram<\/span><\/li><li style=\"font-weight: 400;\"><span style=\"font-weight: 400;\">Presentation av information<\/span><\/li><li style=\"font-weight: 400;\"><span style=\"font-weight: 400;\">Procedur f\u00f6r kirurgisk eller terapeutisk behandling, eller diagnostisering, som ut\u00f6vas p\u00e5 m\u00e4nniskor eller djur.<\/span><\/li><li style=\"font-weight: 400;\"><span style=\"font-weight: 400;\"><a href=\"https:\/\/www.prv.se\/sv\/patent\/ansoka-om-patent\/innan-ansokan\/vad-kan-inte-patenteras\/\">Mjukvaror<\/a> och aff\u00e4rsmetoder kan inte patenteras<\/span><\/li><li style=\"font-weight: 400;\"><span style=\"font-weight: 400;\">Ett datorprogram eller ett system, en regel eller metod r\u00f6rande att driva f\u00f6retagande kan inte patenteras. D\u00e4remot kan innovationer av teknisk natur, som innefattar en aff\u00e4rsmetod, eller som kan exekveras med hj\u00e4lp av ett datorprogram, patenteras.<\/span><\/li><\/ul><h4><b>Bioteknik<\/b><\/h4><p><span style=\"font-weight: 400;\">Det \u00e4r m\u00f6jligt att patentera genmodifierade produkter men metoder kring m\u00e4nsklig kloning klassas som oetiska och \u00e4r d\u00e4rf\u00f6r ej patenterbara.<\/span><\/p><h4><strong>Medicinska metoder \u00e4r inte ett patent<\/strong><\/h4><p><span style=\"font-weight: 400;\">Anordningar och produkter f\u00f6r praktisering av medicinska metoder kan patenteras, men metoden i sig \u00e4r inte patenterbar. Detta delvis d\u00e5 ett patent inte f\u00e5r hindra l\u00e4kare fr\u00e5n att bota eller f\u00f6rhindra sjukdomar, och delvis d\u00e5 metoderna kan ha olika effekt beroende p\u00e5 patient. D\u00e4rf\u00f6r \u00e4r de inte heller reproducerbara.<\/span><\/p><h4><b>Moral kan inte patenteras<\/b><\/h4><p><span style=\"font-weight: 400;\">Det \u00e4r inte m\u00f6jligt att f\u00e5 patent beviljat f\u00f6r innovationer som g\u00e5r emot offentliga lagar eller s\u00e5dant som \u00e4r allm\u00e4nt etablerat som omoraliskt.<\/span><\/p><h3>\u00a0<\/h3><p><span style=\"font-weight: 400;\">Har du n\u00e5gon fr\u00e5ga om v\u00e5ra andra tj\u00e4nster som ber\u00f6r patent och <a href=\"https:\/\/patentest.com\/sv\/allman-information\/patentsokning\/\">patents\u00f6kning<\/a>? L\u00e4s g\u00e4rna mer om v\u00e5ra andra tj\u00e4nster s\u00e5som <\/span><a href=\"https:\/\/patentest.com\/sv\/patentest-nyhetsundersokning\/\" target=\"_blank\" rel=\"noopener\">nyhetsgranskning<\/a><span style=\"font-weight: 400;\">\u00a0och\u00a0<\/span><a style=\"font-family: var( --e-global-typography-text-font-family ), Open sans; font-weight: var( --e-global-typography-text-font-weight ); background-color: #ffffff;\" href=\"https:\/\/patentest.com\/sv\/freedom-to-operate-fto\/\" target=\"_blank\" rel=\"noopener\">FTO s\u00f6kning.\u00a0<\/a><\/p><p><span style=\"font-weight: 400;\">\u00a0<\/span><\/p>\t\t\t\t\t\t\t\t<\/div>\n\t\t\t\t<\/div>\n\t\t\t\t\t<\/div>\n\t\t<\/div>\n\t\t\t\t\t<\/div>\n\t\t<\/section>\n\t\t\t\t<\/div>\n\t\t","protected":false},"excerpt":{"rendered":"<p>Vad \u00e4r ett patent egentligen och hur l\u00e4r jag mig grunderna? Om du \u00e4r en uppfinnare eller \u00e4gare av ett f\u00f6retag som jobbar med nya id\u00e9er och teknologier \u00e4r det bra f\u00f6r dig att k\u00e4nna till grunderna kring patenteringsprocessen &amp; processens definitioner. Detta f\u00f6r att kunna besluta om du kan ans\u00f6ka om patentskydd och hur [&hellip;]<\/p>\n","protected":false},"author":1,"featured_media":7423,"parent":5879,"menu_order":0,"comment_status":"closed","ping_status":"closed","template":"","meta":{"footnotes":""},"class_list":["post-5604","page","type-page","status-publish","has-post-thumbnail","hentry"],"yoast_head":"<!-- This site is optimized with the Yoast SEO plugin v27.1.1 - https:\/\/yoast.com\/product\/yoast-seo-wordpress\/ -->\n<title>Before you your patent process, understand what is a patent and if your idea can be patented.<\/title>\n<meta name=\"description\" content=\"Any inventor\/engineer in its early stage of applying for a patent \/ before checking your new idea\/invention, you need to know what is a patent and if your new idea can be actually protected by a patent. It can save you a lot of time and money.\" \/>\n<meta name=\"robots\" content=\"index, follow, max-snippet:-1, max-image-preview:large, max-video-preview:-1\" \/>\n<link rel=\"canonical\" href=\"https:\/\/patentest.com\/sv\/allman-information\/vad-ar-ett-patent\/\" \/>\n<meta property=\"og:locale\" content=\"sv_SE\" \/>\n<meta property=\"og:type\" content=\"article\" \/>\n<meta property=\"og:title\" content=\"Before you your patent process, understand what is a patent and if your idea can be patented.\" \/>\n<meta property=\"og:description\" content=\"Any inventor\/engineer in its early stage of applying for a patent \/ before checking your new idea\/invention, you need to know what is a patent and if your new idea can be actually protected by a patent. It can save you a lot of time and money.\" \/>\n<meta property=\"og:url\" content=\"https:\/\/patentest.com\/sv\/allman-information\/vad-ar-ett-patent\/\" \/>\n<meta property=\"og:site_name\" content=\"Patentest\" \/>\n<meta property=\"article:publisher\" content=\"https:\/\/www.facebook.com\/newtone.patent.search\/\" \/>\n<meta property=\"article:modified_time\" content=\"2021-08-09T09:36:23+00:00\" \/>\n<meta property=\"og:image\" content=\"https:\/\/patentest.com\/wp-content\/uploads\/2021\/08\/vad-ar-ett-patent-och-hur-far-jag-ett-e1628155242451.jpg\" \/>\n\t<meta property=\"og:image:width\" content=\"950\" \/>\n\t<meta property=\"og:image:height\" content=\"671\" \/>\n\t<meta property=\"og:image:type\" content=\"image\/jpeg\" \/>\n<meta name=\"twitter:card\" content=\"summary_large_image\" \/>\n<meta name=\"twitter:label1\" content=\"Ber\u00e4knad l\u00e4stid\" \/>\n\t<meta name=\"twitter:data1\" content=\"3 minuter\" \/>\n<script type=\"application\/ld+json\" class=\"yoast-schema-graph\">{\"@context\":\"https:\/\/schema.org\",\"@graph\":[{\"@type\":\"WebPage\",\"@id\":\"https:\/\/patentest.com\/sv\/allman-information\/vad-ar-ett-patent\/\",\"url\":\"https:\/\/patentest.com\/sv\/allman-information\/vad-ar-ett-patent\/\",\"name\":\"Before you your patent process, understand what is a patent and if your idea can be patented.\",\"isPartOf\":{\"@id\":\"https:\/\/patentest.com\/sv\/#website\"},\"primaryImageOfPage\":{\"@id\":\"https:\/\/patentest.com\/sv\/allman-information\/vad-ar-ett-patent\/#primaryimage\"},\"image\":{\"@id\":\"https:\/\/patentest.com\/sv\/allman-information\/vad-ar-ett-patent\/#primaryimage\"},\"thumbnailUrl\":\"https:\/\/patentest.com\/wp-content\/uploads\/2021\/08\/vad-ar-ett-patent-och-hur-far-jag-ett-e1628155242451.jpg\",\"datePublished\":\"2020-02-11T11:17:13+00:00\",\"dateModified\":\"2021-08-09T09:36:23+00:00\",\"description\":\"Any inventor\/engineer in its early stage of applying for a patent \/ before checking your new idea\/invention, you need to know what is a patent and if your new idea can be actually protected by a patent. It can save you a lot of time and money.\",\"breadcrumb\":{\"@id\":\"https:\/\/patentest.com\/sv\/allman-information\/vad-ar-ett-patent\/#breadcrumb\"},\"inLanguage\":\"sv-SE\",\"potentialAction\":[{\"@type\":\"ReadAction\",\"target\":[\"https:\/\/patentest.com\/sv\/allman-information\/vad-ar-ett-patent\/\"]}]},{\"@type\":\"ImageObject\",\"inLanguage\":\"sv-SE\",\"@id\":\"https:\/\/patentest.com\/sv\/allman-information\/vad-ar-ett-patent\/#primaryimage\",\"url\":\"https:\/\/patentest.com\/wp-content\/uploads\/2021\/08\/vad-ar-ett-patent-och-hur-far-jag-ett-e1628155242451.jpg\",\"contentUrl\":\"https:\/\/patentest.com\/wp-content\/uploads\/2021\/08\/vad-ar-ett-patent-och-hur-far-jag-ett-e1628155242451.jpg\",\"width\":950,\"height\":671,\"caption\":\"vad \u00e4r ett patent\"},{\"@type\":\"BreadcrumbList\",\"@id\":\"https:\/\/patentest.com\/sv\/allman-information\/vad-ar-ett-patent\/#breadcrumb\",\"itemListElement\":[{\"@type\":\"ListItem\",\"position\":1,\"name\":\"Home page\",\"item\":\"https:\/\/patentest.com\/sv\/\"},{\"@type\":\"ListItem\",\"position\":2,\"name\":\"Allm\u00e4n information\",\"item\":\"https:\/\/patentest.com\/sv\/allman-information\/\"},{\"@type\":\"ListItem\",\"position\":3,\"name\":\"Vad \u00e4r ett patent?\"}]},{\"@type\":\"WebSite\",\"@id\":\"https:\/\/patentest.com\/sv\/#website\",\"url\":\"https:\/\/patentest.com\/sv\/\",\"name\":\"Patentest\",\"description\":\"Your first step towards a registered patent\",\"potentialAction\":[{\"@type\":\"SearchAction\",\"target\":{\"@type\":\"EntryPoint\",\"urlTemplate\":\"https:\/\/patentest.com\/sv\/?s={search_term_string}\"},\"query-input\":{\"@type\":\"PropertyValueSpecification\",\"valueRequired\":true,\"valueName\":\"search_term_string\"}}],\"inLanguage\":\"sv-SE\"}]}<\/script>\n<!-- \/ Yoast SEO plugin. -->","yoast_head_json":{"title":"Before you your patent process, understand what is a patent and if your idea can be patented.","description":"Any inventor\/engineer in its early stage of applying for a patent \/ before checking your new idea\/invention, you need to know what is a patent and if your new idea can be actually protected by a patent. It can save you a lot of time and money.","robots":{"index":"index","follow":"follow","max-snippet":"max-snippet:-1","max-image-preview":"max-image-preview:large","max-video-preview":"max-video-preview:-1"},"canonical":"https:\/\/patentest.com\/sv\/allman-information\/vad-ar-ett-patent\/","og_locale":"sv_SE","og_type":"article","og_title":"Before you your patent process, understand what is a patent and if your idea can be patented.","og_description":"Any inventor\/engineer in its early stage of applying for a patent \/ before checking your new idea\/invention, you need to know what is a patent and if your new idea can be actually protected by a patent. It can save you a lot of time and money.","og_url":"https:\/\/patentest.com\/sv\/allman-information\/vad-ar-ett-patent\/","og_site_name":"Patentest","article_publisher":"https:\/\/www.facebook.com\/newtone.patent.search\/","article_modified_time":"2021-08-09T09:36:23+00:00","og_image":[{"width":950,"height":671,"url":"https:\/\/patentest.com\/wp-content\/uploads\/2021\/08\/vad-ar-ett-patent-och-hur-far-jag-ett-e1628155242451.jpg","type":"image\/jpeg"}],"twitter_card":"summary_large_image","twitter_misc":{"Ber\u00e4knad l\u00e4stid":"3 minuter"},"schema":{"@context":"https:\/\/schema.org","@graph":[{"@type":"WebPage","@id":"https:\/\/patentest.com\/sv\/allman-information\/vad-ar-ett-patent\/","url":"https:\/\/patentest.com\/sv\/allman-information\/vad-ar-ett-patent\/","name":"Before you your patent process, understand what is a patent and if your idea can be patented.","isPartOf":{"@id":"https:\/\/patentest.com\/sv\/#website"},"primaryImageOfPage":{"@id":"https:\/\/patentest.com\/sv\/allman-information\/vad-ar-ett-patent\/#primaryimage"},"image":{"@id":"https:\/\/patentest.com\/sv\/allman-information\/vad-ar-ett-patent\/#primaryimage"},"thumbnailUrl":"https:\/\/patentest.com\/wp-content\/uploads\/2021\/08\/vad-ar-ett-patent-och-hur-far-jag-ett-e1628155242451.jpg","datePublished":"2020-02-11T11:17:13+00:00","dateModified":"2021-08-09T09:36:23+00:00","description":"Any inventor\/engineer in its early stage of applying for a patent \/ before checking your new idea\/invention, you need to know what is a patent and if your new idea can be actually protected by a patent. It can save you a lot of time and money.","breadcrumb":{"@id":"https:\/\/patentest.com\/sv\/allman-information\/vad-ar-ett-patent\/#breadcrumb"},"inLanguage":"sv-SE","potentialAction":[{"@type":"ReadAction","target":["https:\/\/patentest.com\/sv\/allman-information\/vad-ar-ett-patent\/"]}]},{"@type":"ImageObject","inLanguage":"sv-SE","@id":"https:\/\/patentest.com\/sv\/allman-information\/vad-ar-ett-patent\/#primaryimage","url":"https:\/\/patentest.com\/wp-content\/uploads\/2021\/08\/vad-ar-ett-patent-och-hur-far-jag-ett-e1628155242451.jpg","contentUrl":"https:\/\/patentest.com\/wp-content\/uploads\/2021\/08\/vad-ar-ett-patent-och-hur-far-jag-ett-e1628155242451.jpg","width":950,"height":671,"caption":"vad \u00e4r ett patent"},{"@type":"BreadcrumbList","@id":"https:\/\/patentest.com\/sv\/allman-information\/vad-ar-ett-patent\/#breadcrumb","itemListElement":[{"@type":"ListItem","position":1,"name":"Home page","item":"https:\/\/patentest.com\/sv\/"},{"@type":"ListItem","position":2,"name":"Allm\u00e4n information","item":"https:\/\/patentest.com\/sv\/allman-information\/"},{"@type":"ListItem","position":3,"name":"Vad \u00e4r ett patent?"}]},{"@type":"WebSite","@id":"https:\/\/patentest.com\/sv\/#website","url":"https:\/\/patentest.com\/sv\/","name":"Patentest","description":"Your first step towards a registered patent","potentialAction":[{"@type":"SearchAction","target":{"@type":"EntryPoint","urlTemplate":"https:\/\/patentest.com\/sv\/?s={search_term_string}"},"query-input":{"@type":"PropertyValueSpecification","valueRequired":true,"valueName":"search_term_string"}}],"inLanguage":"sv-SE"}]}},"_links":{"self":[{"href":"https:\/\/patentest.com\/sv\/wp-json\/wp\/v2\/pages\/5604","targetHints":{"allow":["GET"]}}],"collection":[{"href":"https:\/\/patentest.com\/sv\/wp-json\/wp\/v2\/pages"}],"about":[{"href":"https:\/\/patentest.com\/sv\/wp-json\/wp\/v2\/types\/page"}],"author":[{"embeddable":true,"href":"https:\/\/patentest.com\/sv\/wp-json\/wp\/v2\/users\/1"}],"replies":[{"embeddable":true,"href":"https:\/\/patentest.com\/sv\/wp-json\/wp\/v2\/comments?post=5604"}],"version-history":[{"count":41,"href":"https:\/\/patentest.com\/sv\/wp-json\/wp\/v2\/pages\/5604\/revisions"}],"predecessor-version":[{"id":7490,"href":"https:\/\/patentest.com\/sv\/wp-json\/wp\/v2\/pages\/5604\/revisions\/7490"}],"up":[{"embeddable":true,"href":"https:\/\/patentest.com\/sv\/wp-json\/wp\/v2\/pages\/5879"}],"wp:featuredmedia":[{"embeddable":true,"href":"https:\/\/patentest.com\/sv\/wp-json\/wp\/v2\/media\/7423"}],"wp:attachment":[{"href":"https:\/\/patentest.com\/sv\/wp-json\/wp\/v2\/media?parent=5604"}],"curies":[{"name":"wp","href":"https:\/\/api.w.org\/{rel}","templated":true}]}}