{"id":5600,"date":"2020-07-09T11:02:10","date_gmt":"2020-07-09T08:02:10","guid":{"rendered":"https:\/\/patentest.com\/order-from-us\/"},"modified":"2025-06-15T22:26:42","modified_gmt":"2025-06-15T19:26:42","slug":"bestall-fran-oss-soka-patent","status":"publish","type":"page","link":"https:\/\/patentest.com\/sv\/bestall-fran-oss-soka-patent\/","title":{"rendered":"Best\u00e4ll fr\u00e5n oss"},"content":{"rendered":"\t\t<div data-elementor-type=\"wp-page\" data-elementor-id=\"5600\" class=\"elementor elementor-5600\" data-elementor-post-type=\"page\">\n\t\t\t\t\t\t<section class=\"elementor-section elementor-top-section elementor-element elementor-element-6647f59 elementor-section-boxed elementor-section-height-default elementor-section-height-default\" data-id=\"6647f59\" data-element_type=\"section\" data-e-type=\"section\">\n\t\t\t\t\t\t<div class=\"elementor-container elementor-column-gap-default\">\n\t\t\t\t\t<div class=\"elementor-column elementor-col-100 elementor-top-column elementor-element elementor-element-4c80ddb\" data-id=\"4c80ddb\" data-element_type=\"column\" data-e-type=\"column\">\n\t\t\t<div class=\"elementor-widget-wrap elementor-element-populated\">\n\t\t\t\t\t\t<div class=\"elementor-element elementor-element-f998f42 elementor-widget elementor-widget-text-editor\" data-id=\"f998f42\" data-element_type=\"widget\" data-e-type=\"widget\" data-widget_type=\"text-editor.default\">\n\t\t\t\t<div class=\"elementor-widget-container\">\n\t\t\t\t\t\t\t\t\t<p><b>\u00c4r du i processen att s\u00f6ka patent? Hos oss kan du best\u00e4lla en s\u00f6kning eller beg\u00e4ra en offert. F\u00f6r att sedan se dina rapporter \u00e4r du v\u00e4lkommen att logga in i v\u00e5r kundportal.<\/b><\/p><ul><li><strong>Best\u00e4lla en s\u00f6kning<\/strong><\/li><li><strong>Beg\u00e4ra en offert<\/strong><\/li><li><strong>Se dina rapporter<\/strong><\/li><\/ul>\t\t\t\t\t\t\t\t<\/div>\n\t\t\t\t<\/div>\n\t\t\t\t\t<\/div>\n\t\t<\/div>\n\t\t\t\t\t<\/div>\n\t\t<\/section>\n\t\t\t\t<section class=\"elementor-section elementor-top-section elementor-element elementor-element-15c8462 elementor-section-boxed elementor-section-height-default elementor-section-height-default\" data-id=\"15c8462\" data-element_type=\"section\" data-e-type=\"section\">\n\t\t\t\t\t\t<div class=\"elementor-container elementor-column-gap-default\">\n\t\t\t\t\t<div class=\"elementor-column elementor-col-100 elementor-top-column elementor-element elementor-element-012e527\" data-id=\"012e527\" data-element_type=\"column\" data-e-type=\"column\">\n\t\t\t<div class=\"elementor-widget-wrap elementor-element-populated\">\n\t\t\t\t\t\t<section class=\"elementor-section elementor-inner-section elementor-element elementor-element-c0326ed elementor-section-boxed elementor-section-height-default elementor-section-height-default\" data-id=\"c0326ed\" data-element_type=\"section\" data-e-type=\"section\">\n\t\t\t\t\t\t<div class=\"elementor-container elementor-column-gap-default\">\n\t\t\t\t\t<div class=\"elementor-column elementor-col-50 elementor-inner-column elementor-element elementor-element-f23c953\" data-id=\"f23c953\" data-element_type=\"column\" data-e-type=\"column\">\n\t\t\t<div class=\"elementor-widget-wrap elementor-element-populated\">\n\t\t\t\t\t\t<div class=\"elementor-element elementor-element-5f5520d elementor-align-left cta-btn elementor-widget elementor-widget-button\" data-id=\"5f5520d\" data-element_type=\"widget\" data-e-type=\"widget\" data-widget_type=\"button.default\">\n\t\t\t\t<div class=\"elementor-widget-container\">\n\t\t\t\t\t\t\t\t\t<div class=\"elementor-button-wrapper\">\n\t\t\t\t\t<a class=\"elementor-button elementor-button-link elementor-size-xl\" href=\"https:\/\/patentest.my.site.com\/s\/login\/?language=en_US&#038;startURL=%2Fs%2F&#038;ec=302\">\n\t\t\t\t\t\t<span class=\"elementor-button-content-wrapper\">\n\t\t\t\t\t\t\t\t\t<span class=\"elementor-button-text\">Logga in<\/span>\n\t\t\t\t\t<\/span>\n\t\t\t\t\t<\/a>\n\t\t\t\t<\/div>\n\t\t\t\t\t\t\t\t<\/div>\n\t\t\t\t<\/div>\n\t\t\t\t\t<\/div>\n\t\t<\/div>\n\t\t\t\t<div class=\"elementor-column elementor-col-50 elementor-inner-column elementor-element elementor-element-ef09768\" data-id=\"ef09768\" data-element_type=\"column\" data-e-type=\"column\">\n\t\t\t<div class=\"elementor-widget-wrap elementor-element-populated\">\n\t\t\t\t\t\t<div class=\"elementor-element elementor-element-6d7da5b elementor-align-left cta-btn elementor-widget elementor-widget-button\" data-id=\"6d7da5b\" data-element_type=\"widget\" data-e-type=\"widget\" data-widget_type=\"button.default\">\n\t\t\t\t<div class=\"elementor-widget-container\">\n\t\t\t\t\t\t\t\t\t<div class=\"elementor-button-wrapper\">\n\t\t\t\t\t<a class=\"elementor-button elementor-button-link elementor-size-xl\" href=\"https:\/\/patentest.my.site.com\/s\/login\/SelfRegister?language=en_US\">\n\t\t\t\t\t\t<span class=\"elementor-button-content-wrapper\">\n\t\t\t\t\t\t\t\t\t<span class=\"elementor-button-text\">Registrera dig<\/span>\n\t\t\t\t\t<\/span>\n\t\t\t\t\t<\/a>\n\t\t\t\t<\/div>\n\t\t\t\t\t\t\t\t<\/div>\n\t\t\t\t<\/div>\n\t\t\t\t\t<\/div>\n\t\t<\/div>\n\t\t\t\t\t<\/div>\n\t\t<\/section>\n\t\t\t\t\t<\/div>\n\t\t<\/div>\n\t\t\t\t\t<\/div>\n\t\t<\/section>\n\t\t\t\t<section class=\"elementor-section elementor-top-section elementor-element elementor-element-6afe3476 elementor-section-boxed elementor-section-height-default elementor-section-height-default\" data-id=\"6afe3476\" data-element_type=\"section\" data-e-type=\"section\">\n\t\t\t\t\t\t<div class=\"elementor-container elementor-column-gap-default\">\n\t\t\t\t\t<div class=\"elementor-column elementor-col-100 elementor-top-column elementor-element elementor-element-447dc35c\" data-id=\"447dc35c\" data-element_type=\"column\" data-e-type=\"column\">\n\t\t\t<div class=\"elementor-widget-wrap elementor-element-populated\">\n\t\t\t\t\t\t<div class=\"elementor-element elementor-element-52d50a1b elementor-widget elementor-widget-text-editor\" data-id=\"52d50a1b\" data-element_type=\"widget\" data-e-type=\"widget\" data-widget_type=\"text-editor.default\">\n\t\t\t\t<div class=\"elementor-widget-container\">\n\t\t\t\t\t\t\t\t\t<p>\u00a0<\/p><h2>vilka av v\u00e5ra tj\u00e4nster beh\u00f6ver du inf\u00f6r att s\u00f6ka patent?<\/h2><p>Du kommer att snabbt flyttas till v\u00e5r nya och s\u00e4kra kundportal via l\u00e4nken nedan. V\u00e5r plattform g\u00f6r det m\u00f6jligt f\u00f6r dig att p\u00e5 ett tryggt, enkelt och s\u00e4kert s\u00e4tt best\u00e4lla r\u00e4tt tj\u00e4nster inom patents\u00f6kning. Du kan genomf\u00f6ra best\u00e4llningar, ta emot rapporter, se tidigare best\u00e4llningar och kommunicera med oss. F\u00f6r att du inte ska beh\u00f6va undra vilka av v\u00e5ra tj\u00e4nster du beh\u00f6ver inf\u00f6r att s\u00f6ka patent, finns vi tillg\u00e4ngliga f\u00f6r att svara p\u00e5 alla dina fr\u00e5gor dagligen. Vi hj\u00e4lper dig \u00e4ven att f\u00f6rst\u00e5 hur man ans\u00f6ker om patent och vikten av varf\u00f6r man b\u00f6r s\u00f6ka patent f\u00f6r att skydda sina immateriella tillg\u00e5ngar.<\/p><p><img fetchpriority=\"high\" decoding=\"async\" class=\"alignnone wp-image-6475 size-large\" src=\"https:\/\/patentest.com\/wp-content\/uploads\/2020\/12\/Soka-patent-Ansoka-om-patent-1024x680.jpeg\" alt=\"S\u00f6ka patent Ans\u00f6ka om patent\" width=\"800\" height=\"531\" srcset=\"https:\/\/patentest.com\/wp-content\/uploads\/2020\/12\/Soka-patent-Ansoka-om-patent-1024x680.jpeg 1024w, https:\/\/patentest.com\/wp-content\/uploads\/2020\/12\/Soka-patent-Ansoka-om-patent-300x199.jpeg 300w, https:\/\/patentest.com\/wp-content\/uploads\/2020\/12\/Soka-patent-Ansoka-om-patent-768x510.jpeg 768w, https:\/\/patentest.com\/wp-content\/uploads\/2020\/12\/Soka-patent-Ansoka-om-patent-1536x1020.jpeg 1536w, https:\/\/patentest.com\/wp-content\/uploads\/2020\/12\/Soka-patent-Ansoka-om-patent-2048x1361.jpeg 2048w\" sizes=\"(max-width: 800px) 100vw, 800px\" \/><\/p>\t\t\t\t\t\t\t\t<\/div>\n\t\t\t\t<\/div>\n\t\t\t\t\t<\/div>\n\t\t<\/div>\n\t\t\t\t\t<\/div>\n\t\t<\/section>\n\t\t\t\t<\/div>\n\t\t","protected":false},"excerpt":{"rendered":"<p>\u00c4r du i processen att s\u00f6ka patent? Hos oss kan du best\u00e4lla en s\u00f6kning eller beg\u00e4ra en offert. F\u00f6r att sedan se dina rapporter \u00e4r du v\u00e4lkommen att logga in i v\u00e5r kundportal. Best\u00e4lla en s\u00f6kning Beg\u00e4ra en offert Se dina rapporter Logga in Registrera dig \u00a0 vilka av v\u00e5ra tj\u00e4nster beh\u00f6ver du inf\u00f6r att [&hellip;]<\/p>\n","protected":false},"author":1,"featured_media":6475,"parent":0,"menu_order":0,"comment_status":"closed","ping_status":"closed","template":"","meta":{"footnotes":""},"class_list":["post-5600","page","type-page","status-publish","has-post-thumbnail","hentry"],"yoast_head":"<!-- This site is optimized with the Yoast SEO plugin v27.1.1 - https:\/\/yoast.com\/product\/yoast-seo-wordpress\/ -->\n<title>Best\u00e4ll fr\u00e5n oss - Patentest<\/title>\n<meta name=\"description\" content=\"F\u00f6r att ans\u00f6ka om patent kan du best\u00e4lla en s\u00f6kning eller beg\u00e4ra en offert. Patentest hj\u00e4lper dig med hela processen.\" \/>\n<meta name=\"robots\" content=\"index, follow, max-snippet:-1, max-image-preview:large, max-video-preview:-1\" \/>\n<link rel=\"canonical\" href=\"https:\/\/patentest.com\/sv\/bestall-fran-oss-soka-patent\/\" \/>\n<meta property=\"og:locale\" content=\"sv_SE\" \/>\n<meta property=\"og:type\" content=\"article\" \/>\n<meta property=\"og:title\" content=\"Best\u00e4ll fr\u00e5n oss - Patentest\" \/>\n<meta property=\"og:description\" content=\"F\u00f6r att ans\u00f6ka om patent kan du best\u00e4lla en s\u00f6kning eller beg\u00e4ra en offert. Patentest hj\u00e4lper dig med hela processen.\" \/>\n<meta property=\"og:url\" content=\"https:\/\/patentest.com\/sv\/bestall-fran-oss-soka-patent\/\" \/>\n<meta property=\"og:site_name\" content=\"Patentest\" \/>\n<meta property=\"article:publisher\" content=\"https:\/\/www.facebook.com\/newtone.patent.search\/\" \/>\n<meta property=\"article:modified_time\" content=\"2025-06-15T19:26:42+00:00\" \/>\n<meta property=\"og:image\" content=\"https:\/\/patentest.com\/wp-content\/uploads\/2020\/12\/Soka-patent-Ansoka-om-patent.jpeg\" \/>\n\t<meta property=\"og:image:width\" content=\"2553\" \/>\n\t<meta property=\"og:image:height\" content=\"1696\" \/>\n\t<meta property=\"og:image:type\" content=\"image\/jpeg\" \/>\n<meta name=\"twitter:card\" content=\"summary_large_image\" \/>\n<meta name=\"twitter:label1\" content=\"Ber\u00e4knad l\u00e4stid\" \/>\n\t<meta name=\"twitter:data1\" content=\"1 minut\" \/>\n<script type=\"application\/ld+json\" class=\"yoast-schema-graph\">{\"@context\":\"https:\/\/schema.org\",\"@graph\":[{\"@type\":\"WebPage\",\"@id\":\"https:\/\/patentest.com\/sv\/bestall-fran-oss-soka-patent\/\",\"url\":\"https:\/\/patentest.com\/sv\/bestall-fran-oss-soka-patent\/\",\"name\":\"Best\u00e4ll fr\u00e5n oss - Patentest\",\"isPartOf\":{\"@id\":\"https:\/\/patentest.com\/sv\/#website\"},\"primaryImageOfPage\":{\"@id\":\"https:\/\/patentest.com\/sv\/bestall-fran-oss-soka-patent\/#primaryimage\"},\"image\":{\"@id\":\"https:\/\/patentest.com\/sv\/bestall-fran-oss-soka-patent\/#primaryimage\"},\"thumbnailUrl\":\"https:\/\/patentest.com\/wp-content\/uploads\/2020\/12\/Soka-patent-Ansoka-om-patent.jpeg\",\"datePublished\":\"2020-07-09T08:02:10+00:00\",\"dateModified\":\"2025-06-15T19:26:42+00:00\",\"description\":\"F\u00f6r att ans\u00f6ka om patent kan du best\u00e4lla en s\u00f6kning eller beg\u00e4ra en offert. Patentest hj\u00e4lper dig med hela processen.\",\"breadcrumb\":{\"@id\":\"https:\/\/patentest.com\/sv\/bestall-fran-oss-soka-patent\/#breadcrumb\"},\"inLanguage\":\"sv-SE\",\"potentialAction\":[{\"@type\":\"ReadAction\",\"target\":[\"https:\/\/patentest.com\/sv\/bestall-fran-oss-soka-patent\/\"]}]},{\"@type\":\"ImageObject\",\"inLanguage\":\"sv-SE\",\"@id\":\"https:\/\/patentest.com\/sv\/bestall-fran-oss-soka-patent\/#primaryimage\",\"url\":\"https:\/\/patentest.com\/wp-content\/uploads\/2020\/12\/Soka-patent-Ansoka-om-patent.jpeg\",\"contentUrl\":\"https:\/\/patentest.com\/wp-content\/uploads\/2020\/12\/Soka-patent-Ansoka-om-patent.jpeg\",\"width\":2553,\"height\":1696,\"caption\":\"S\u00f6ka patent Ans\u00f6ka om patent\"},{\"@type\":\"BreadcrumbList\",\"@id\":\"https:\/\/patentest.com\/sv\/bestall-fran-oss-soka-patent\/#breadcrumb\",\"itemListElement\":[{\"@type\":\"ListItem\",\"position\":1,\"name\":\"Home page\",\"item\":\"https:\/\/patentest.com\/sv\/\"},{\"@type\":\"ListItem\",\"position\":2,\"name\":\"Best\u00e4ll fr\u00e5n oss\"}]},{\"@type\":\"WebSite\",\"@id\":\"https:\/\/patentest.com\/sv\/#website\",\"url\":\"https:\/\/patentest.com\/sv\/\",\"name\":\"Patentest\",\"description\":\"Your first step towards a registered patent\",\"potentialAction\":[{\"@type\":\"SearchAction\",\"target\":{\"@type\":\"EntryPoint\",\"urlTemplate\":\"https:\/\/patentest.com\/sv\/?s={search_term_string}\"},\"query-input\":{\"@type\":\"PropertyValueSpecification\",\"valueRequired\":true,\"valueName\":\"search_term_string\"}}],\"inLanguage\":\"sv-SE\"}]}<\/script>\n<!-- \/ Yoast SEO plugin. -->","yoast_head_json":{"title":"Best\u00e4ll fr\u00e5n oss - Patentest","description":"F\u00f6r att ans\u00f6ka om patent kan du best\u00e4lla en s\u00f6kning eller beg\u00e4ra en offert. Patentest hj\u00e4lper dig med hela processen.","robots":{"index":"index","follow":"follow","max-snippet":"max-snippet:-1","max-image-preview":"max-image-preview:large","max-video-preview":"max-video-preview:-1"},"canonical":"https:\/\/patentest.com\/sv\/bestall-fran-oss-soka-patent\/","og_locale":"sv_SE","og_type":"article","og_title":"Best\u00e4ll fr\u00e5n oss - Patentest","og_description":"F\u00f6r att ans\u00f6ka om patent kan du best\u00e4lla en s\u00f6kning eller beg\u00e4ra en offert. Patentest hj\u00e4lper dig med hela processen.","og_url":"https:\/\/patentest.com\/sv\/bestall-fran-oss-soka-patent\/","og_site_name":"Patentest","article_publisher":"https:\/\/www.facebook.com\/newtone.patent.search\/","article_modified_time":"2025-06-15T19:26:42+00:00","og_image":[{"width":2553,"height":1696,"url":"https:\/\/patentest.com\/wp-content\/uploads\/2020\/12\/Soka-patent-Ansoka-om-patent.jpeg","type":"image\/jpeg"}],"twitter_card":"summary_large_image","twitter_misc":{"Ber\u00e4knad l\u00e4stid":"1 minut"},"schema":{"@context":"https:\/\/schema.org","@graph":[{"@type":"WebPage","@id":"https:\/\/patentest.com\/sv\/bestall-fran-oss-soka-patent\/","url":"https:\/\/patentest.com\/sv\/bestall-fran-oss-soka-patent\/","name":"Best\u00e4ll fr\u00e5n oss - Patentest","isPartOf":{"@id":"https:\/\/patentest.com\/sv\/#website"},"primaryImageOfPage":{"@id":"https:\/\/patentest.com\/sv\/bestall-fran-oss-soka-patent\/#primaryimage"},"image":{"@id":"https:\/\/patentest.com\/sv\/bestall-fran-oss-soka-patent\/#primaryimage"},"thumbnailUrl":"https:\/\/patentest.com\/wp-content\/uploads\/2020\/12\/Soka-patent-Ansoka-om-patent.jpeg","datePublished":"2020-07-09T08:02:10+00:00","dateModified":"2025-06-15T19:26:42+00:00","description":"F\u00f6r att ans\u00f6ka om patent kan du best\u00e4lla en s\u00f6kning eller beg\u00e4ra en offert. Patentest hj\u00e4lper dig med hela processen.","breadcrumb":{"@id":"https:\/\/patentest.com\/sv\/bestall-fran-oss-soka-patent\/#breadcrumb"},"inLanguage":"sv-SE","potentialAction":[{"@type":"ReadAction","target":["https:\/\/patentest.com\/sv\/bestall-fran-oss-soka-patent\/"]}]},{"@type":"ImageObject","inLanguage":"sv-SE","@id":"https:\/\/patentest.com\/sv\/bestall-fran-oss-soka-patent\/#primaryimage","url":"https:\/\/patentest.com\/wp-content\/uploads\/2020\/12\/Soka-patent-Ansoka-om-patent.jpeg","contentUrl":"https:\/\/patentest.com\/wp-content\/uploads\/2020\/12\/Soka-patent-Ansoka-om-patent.jpeg","width":2553,"height":1696,"caption":"S\u00f6ka patent Ans\u00f6ka om patent"},{"@type":"BreadcrumbList","@id":"https:\/\/patentest.com\/sv\/bestall-fran-oss-soka-patent\/#breadcrumb","itemListElement":[{"@type":"ListItem","position":1,"name":"Home page","item":"https:\/\/patentest.com\/sv\/"},{"@type":"ListItem","position":2,"name":"Best\u00e4ll fr\u00e5n oss"}]},{"@type":"WebSite","@id":"https:\/\/patentest.com\/sv\/#website","url":"https:\/\/patentest.com\/sv\/","name":"Patentest","description":"Your first step towards a registered patent","potentialAction":[{"@type":"SearchAction","target":{"@type":"EntryPoint","urlTemplate":"https:\/\/patentest.com\/sv\/?s={search_term_string}"},"query-input":{"@type":"PropertyValueSpecification","valueRequired":true,"valueName":"search_term_string"}}],"inLanguage":"sv-SE"}]}},"_links":{"self":[{"href":"https:\/\/patentest.com\/sv\/wp-json\/wp\/v2\/pages\/5600","targetHints":{"allow":["GET"]}}],"collection":[{"href":"https:\/\/patentest.com\/sv\/wp-json\/wp\/v2\/pages"}],"about":[{"href":"https:\/\/patentest.com\/sv\/wp-json\/wp\/v2\/types\/page"}],"author":[{"embeddable":true,"href":"https:\/\/patentest.com\/sv\/wp-json\/wp\/v2\/users\/1"}],"replies":[{"embeddable":true,"href":"https:\/\/patentest.com\/sv\/wp-json\/wp\/v2\/comments?post=5600"}],"version-history":[{"count":30,"href":"https:\/\/patentest.com\/sv\/wp-json\/wp\/v2\/pages\/5600\/revisions"}],"predecessor-version":[{"id":10077,"href":"https:\/\/patentest.com\/sv\/wp-json\/wp\/v2\/pages\/5600\/revisions\/10077"}],"wp:featuredmedia":[{"embeddable":true,"href":"https:\/\/patentest.com\/sv\/wp-json\/wp\/v2\/media\/6475"}],"wp:attachment":[{"href":"https:\/\/patentest.com\/sv\/wp-json\/wp\/v2\/media?parent=5600"}],"curies":[{"name":"wp","href":"https:\/\/api.w.org\/{rel}","templated":true}]}}