{"id":5596,"date":"2020-01-20T14:28:10","date_gmt":"2020-01-20T12:28:10","guid":{"rendered":"https:\/\/patentest.com\/patent-search-for-companies-and-start-ups\/"},"modified":"2020-12-17T12:45:41","modified_gmt":"2020-12-17T10:45:41","slug":"nyforetagare-foretag-startups","status":"publish","type":"page","link":"https:\/\/patentest.com\/sv\/nyforetagare-foretag-startups\/","title":{"rendered":"Nyf\u00f6retagare, f\u00f6retag &#038; Startups"},"content":{"rendered":"\t\t<div data-elementor-type=\"wp-page\" data-elementor-id=\"5596\" class=\"elementor elementor-5596\" data-elementor-post-type=\"page\">\n\t\t\t\t\t\t<section class=\"elementor-section elementor-top-section elementor-element elementor-element-465ff1f6 elementor-section-boxed elementor-section-height-default elementor-section-height-default\" data-id=\"465ff1f6\" data-element_type=\"section\" data-e-type=\"section\">\n\t\t\t\t\t\t<div class=\"elementor-container elementor-column-gap-default\">\n\t\t\t\t\t<div class=\"elementor-column elementor-col-100 elementor-top-column elementor-element elementor-element-6d9455a\" data-id=\"6d9455a\" data-element_type=\"column\" data-e-type=\"column\">\n\t\t\t<div class=\"elementor-widget-wrap elementor-element-populated\">\n\t\t\t\t\t\t<div class=\"elementor-element elementor-element-3dbc4c83 elementor-widget elementor-widget-text-editor\" data-id=\"3dbc4c83\" data-element_type=\"widget\" data-e-type=\"widget\" data-widget_type=\"text-editor.default\">\n\t\t\t\t<div class=\"elementor-widget-container\">\n\t\t\t\t\t\t\t\t\t<h2><span style=\"font-weight: 400;\">Patentrelaterad information och analys f\u00f6r nyf\u00f6retagare och startups i Sverige<\/span><\/h2><p><span style=\"font-weight: 400;\">Vi p\u00e5 Patentest \u00e4r stolta leverant\u00f6rer av tj\u00e4nster inom djupg\u00e5ende patent-analyser till ett stort antal f\u00f6retag sedan 2004. Vi erbjuder ett brett spektrum av patent- och IP informationstj\u00e4nster r\u00f6rande alla teknikomr\u00e5den till b\u00e5de f\u00f6retag och startups. V\u00e5r s\u00e4kra onlineplattform \u00e4r designad f\u00f6r att s\u00e4kerst\u00e4lla best\u00e4llnings och <\/span><span style=\"font-weight: 400;\">leveransprocessen\u00a0<\/span><span style=\"font-weight: 400;\">och att f\u00f6rse dig med de b\u00e4sta verktygen f\u00f6r utv\u00e4rdering och analys av rapporter.<\/span><\/p><p><span style=\"font-weight: 400;\">Om du \u00e4r en Immaterialr\u00e4tts- eller patentchef, IP koordinator eller utvecklingschef, s\u00e5 \u00e4r v\u00e5ra tj\u00e4nster och verktyg viktiga f\u00f6r ditt dagliga arbete. Vi kan exempelvis hj\u00e4lpa dig med:<\/span><\/p><p><a href=\"https:\/\/patentest.com\/sv\/nyhetsundersokning\/\"><span style=\"font-weight: 400;\">Nyhets och patentbarhetss\u00f6kning<\/span><\/a><span style=\"font-weight: 400;\">\u00a0och bed\u00f6mning innan du skriver din patentans\u00f6kan.<\/span><\/p><p><a href=\"https:\/\/patentest.com\/sv\/patentbevakning\/\"><span style=\"font-weight: 400;\">Patentbevakning<\/span><\/a><span style=\"font-weight: 400;\"> och ett patents f\u00f6r\u00e4ndringar i legal status, till exempel \u00e4r en konkurrents patent releveant att veta f\u00f6r dig som nyf\u00f6retagare.<\/span><\/p><p><a href=\"https:\/\/patentest.com\/sv\/state-of-the-art-sokning\/\"><span style=\"font-weight: 400;\">State Of The Art S\u00f6kning<\/span><\/a><span style=\"font-weight: 400;\"> f\u00f6r att utv\u00e4rdera publikationer och patentskrifter inom ditt teknikomr\u00e5de innan eller under ett utvecklingsprojekt.\u00a0\u00a0<\/span><\/p><p><a href=\"https:\/\/patentest.com\/sv\/validitetsgranskning-patent\/\"><span style=\"font-weight: 400;\">Invalidering<\/span><\/a><span style=\"font-weight: 400;\">\u00a0av ett patent eller en patentans\u00f6kan som tillh\u00f6r en konkurrent och som kan begr\u00e4nsa ditt f\u00f6retags aktiviteter.\u00a0<\/span><\/p><p><span style=\"font-weight: 400;\"><a href=\"https:\/\/patentest.com\/sv\/patent-alert-monitoring\/\">Hitta ett patent<\/a> som tillh\u00f6r en konkurrent och som skyddar en teknisk l\u00f6sning som du har behov av.<br \/><br \/><\/span><\/p><p><span style=\"font-weight: 400;\">V\u00e5rt team p\u00e5 Patentest innefattar ingenj\u00f6rer med olika teknik bakgrund s\u00e5 att vi har m\u00f6jlighet att genomf\u00f6ra en patentanalys och grundliga s\u00f6kningar inom alla teknikomr\u00e5den b\u00e5de f\u00f6r dig som \u00e4r erfaren och dig som \u00e4r nyf\u00f6retagare och vill s\u00e4kerst\u00e4lla att ditt <\/span><a href=\"https:\/\/www.almi.se\/vara-tjanster\/tjanster\/affarsutveckling-1\/utveckla\/innovation\/skydda-iden\/\"><span style=\"font-weight: 400;\">startup n\u00e5r framg\u00e5ng<\/span><\/a><span style=\"font-weight: 400;\">.\u00a0<\/span><\/p><p><span style=\"font-weight: 400;\">Alla v\u00e5ra <\/span><a href=\"https:\/\/en.wikipedia.org\/wiki\/Engineer\"><span style=\"font-weight: 400;\">ingenj\u00f6rer <\/span><\/a><span style=\"font-weight: 400;\">genomg\u00e5r ett kontinuerligt tr\u00e4ningsprogram f\u00f6r att bem\u00e4stra konsten att genomf\u00f6ra s\u00f6kningar och olika verktyg. Vi \u00e4r mycket stolta \u00f6ver att v\u00e5rt team har funnits med oss under m\u00e5nga \u00e5r, s\u00e5 att vi kan med garanti kan erbjuda expertis och kompetens inom relevanta teknikomr\u00e5den, och f\u00f6rse v\u00e5ra kunder med v\u00e4rdeskapande information och de b\u00e4sta rapporterna.\u00a0<\/span><\/p><p><span style=\"font-weight: 400;\">Att leverera kvalitet och relevanta rapporter \u00e4r det viktigaste f\u00f6r oss. D\u00e4rf\u00f6r s\u00e4kerst\u00e4ller vi att v\u00e5ra s\u00f6kmetoder, verktyg och tr\u00e4ningsprogram alltid \u00e4r uppdaterade och aktuella. Alla best\u00e4llningar inom patents\u00f6kning matchas mot en ingenj\u00f6r med den r\u00e4tta teknik-bakgrunden och erfarenheten. Alla v\u00e5ra s\u00f6kningar och rapporter kontrolleras alltid av minst en ytterligare ingenj\u00f6r innan den skickas till dig. Vidare st\u00e5r v\u00e5r d\u00f6rr naturligtvis alltid \u00f6ppen f\u00f6r \u00e5terkopplingar fr\u00e5n dig. Vi ser till att besvara samtliga av dina fr\u00e5gor.<\/span><\/p><p><span style=\"font-weight: 400;\">Du kan enkelt registrera dig och f\u00e5 tillg\u00e5ng till v\u00e5r s\u00e4kra best\u00e4llningsprocess. Du kan ocks\u00e5 registrera och hantera ett flertal anv\u00e4ndare under ditt namn om du och din organisation har behov av att fler kan se era s\u00f6krapporter. Vi \u00e4r dedikerade till att f\u00f6rse dig med de b\u00e4sta tj\u00e4nsterna och priserna. V\u00e5rt system g\u00f6r det m\u00f6jligt f\u00f6r dig att:<\/span><\/p><ul><li style=\"font-weight: 400;\"><span style=\"font-weight: 400;\">Hantera dina best\u00e4llningar och rapporter tryggt och s\u00e4kert<\/span><\/li><li style=\"font-weight: 400;\"><span style=\"font-weight: 400;\">Hantera ditt team\u00a0<\/span><\/li><li style=\"font-weight: 400;\"><span style=\"font-weight: 400;\">Hantera flertalet best\u00e4llningar samtidigt samt utv\u00e4rdera b\u00e5de befintliga och tidigare best\u00e4llningar och rapporter<\/span><\/li><li style=\"font-weight: 400;\"><span style=\"font-weight: 400;\">Ladda ner och ta del av viktig analysinformation g\u00e4llande rapporten eller ett specifikt dokument i rapporten<\/span><\/li><\/ul><h3>H\u00e4r finner du l\u00e4nkar f\u00f6r mer information:<\/h3><p><a href=\"https:\/\/patentest.com\/sv\/bestall-fran-oss\/\"><span style=\"font-weight: 400;\">Best\u00e4ll en s\u00f6kning<\/span><\/a><span style=\"font-weight: 400;\"> | <\/span><a href=\"https:\/\/patentest.com\/sv\/vara-kunder\/\"><span style=\"font-weight: 400;\">V\u00e5ra kunder<\/span><\/a><span style=\"font-weight: 400;\"> | <\/span><a href=\"https:\/\/patentest.com\/sv\/allman-information\/varfor-genomfora-patentsokning\/\"><span style=\"font-weight: 400;\">Varf\u00f6r patent<\/span><\/a><\/p><p><br \/><br \/><\/p><p>\u00a0<\/p>\t\t\t\t\t\t\t\t<\/div>\n\t\t\t\t<\/div>\n\t\t\t\t\t<\/div>\n\t\t<\/div>\n\t\t\t\t\t<\/div>\n\t\t<\/section>\n\t\t\t\t<section class=\"elementor-section elementor-top-section elementor-element elementor-element-ebe252e elementor-section-boxed elementor-section-height-default elementor-section-height-default\" data-id=\"ebe252e\" data-element_type=\"section\" data-e-type=\"section\">\n\t\t\t\t\t\t<div class=\"elementor-container elementor-column-gap-default\">\n\t\t\t\t\t<div class=\"elementor-column elementor-col-100 elementor-top-column elementor-element elementor-element-7fed8c4\" data-id=\"7fed8c4\" data-element_type=\"column\" data-e-type=\"column\">\n\t\t\t<div class=\"elementor-widget-wrap elementor-element-populated\">\n\t\t\t\t\t\t<div class=\"elementor-element elementor-element-209ce95 elementor-widget elementor-widget-image\" data-id=\"209ce95\" data-element_type=\"widget\" data-e-type=\"widget\" data-widget_type=\"image.default\">\n\t\t\t\t<div class=\"elementor-widget-container\">\n\t\t\t\t\t\t\t\t\t\t\t\t\t\t\t<img fetchpriority=\"high\" decoding=\"async\" width=\"800\" height=\"534\" src=\"https:\/\/patentest.com\/wp-content\/uploads\/2020\/12\/Nyforetagare-Patentanalys-1024x683.jpeg\" class=\"attachment-large size-large wp-image-6562\" alt=\"Nyf\u00f6retagare Patentanalys\" srcset=\"https:\/\/patentest.com\/wp-content\/uploads\/2020\/12\/Nyforetagare-Patentanalys-1024x683.jpeg 1024w, https:\/\/patentest.com\/wp-content\/uploads\/2020\/12\/Nyforetagare-Patentanalys-300x200.jpeg 300w, https:\/\/patentest.com\/wp-content\/uploads\/2020\/12\/Nyforetagare-Patentanalys-768x512.jpeg 768w, https:\/\/patentest.com\/wp-content\/uploads\/2020\/12\/Nyforetagare-Patentanalys-1536x1024.jpeg 1536w, https:\/\/patentest.com\/wp-content\/uploads\/2020\/12\/Nyforetagare-Patentanalys-2048x1365.jpeg 2048w\" sizes=\"(max-width: 800px) 100vw, 800px\" \/>\t\t\t\t\t\t\t\t\t\t\t\t\t\t\t<\/div>\n\t\t\t\t<\/div>\n\t\t\t\t\t<\/div>\n\t\t<\/div>\n\t\t\t\t\t<\/div>\n\t\t<\/section>\n\t\t\t\t<\/div>\n\t\t","protected":false},"excerpt":{"rendered":"<p>Patentrelaterad information och analys f\u00f6r nyf\u00f6retagare och startups i Sverige Vi p\u00e5 Patentest \u00e4r stolta leverant\u00f6rer av tj\u00e4nster inom djupg\u00e5ende patent-analyser till ett stort antal f\u00f6retag sedan 2004. Vi erbjuder ett brett spektrum av patent- och IP informationstj\u00e4nster r\u00f6rande alla teknikomr\u00e5den till b\u00e5de f\u00f6retag och startups. V\u00e5r s\u00e4kra onlineplattform \u00e4r designad f\u00f6r att s\u00e4kerst\u00e4lla best\u00e4llnings [&hellip;]<\/p>\n","protected":false},"author":3,"featured_media":6562,"parent":0,"menu_order":0,"comment_status":"closed","ping_status":"closed","template":"","meta":{"footnotes":""},"class_list":["post-5596","page","type-page","status-publish","has-post-thumbnail","hentry"],"yoast_head":"<!-- This site is optimized with the Yoast SEO plugin v27.1.1 - https:\/\/yoast.com\/product\/yoast-seo-wordpress\/ -->\n<title>Patent information &amp; analys f\u00f6r nyf\u00f6retagare &amp; startups | Patentest<\/title>\n<meta name=\"description\" content=\"Patentest hj\u00e4lper f\u00f6retag och startups i Sverige med patentrelaterad information och f\u00f6rser nyf\u00f6retagare med tj\u00e4nster inom patents\u00f6kning.\" \/>\n<meta name=\"robots\" content=\"index, follow, max-snippet:-1, max-image-preview:large, max-video-preview:-1\" \/>\n<link rel=\"canonical\" href=\"https:\/\/patentest.com\/sv\/nyforetagare-foretag-startups\/\" \/>\n<meta property=\"og:locale\" content=\"sv_SE\" \/>\n<meta property=\"og:type\" content=\"article\" \/>\n<meta property=\"og:title\" content=\"Patent information &amp; analys f\u00f6r nyf\u00f6retagare &amp; startups | Patentest\" \/>\n<meta property=\"og:description\" content=\"Patentest hj\u00e4lper f\u00f6retag och startups i Sverige med patentrelaterad information och f\u00f6rser nyf\u00f6retagare med tj\u00e4nster inom patents\u00f6kning.\" \/>\n<meta property=\"og:url\" content=\"https:\/\/patentest.com\/sv\/nyforetagare-foretag-startups\/\" \/>\n<meta property=\"og:site_name\" content=\"Patentest\" \/>\n<meta property=\"article:publisher\" content=\"https:\/\/www.facebook.com\/newtone.patent.search\/\" \/>\n<meta property=\"article:modified_time\" content=\"2020-12-17T10:45:41+00:00\" \/>\n<meta property=\"og:image\" content=\"https:\/\/patentest.com\/wp-content\/uploads\/2020\/12\/Nyforetagare-Patentanalys.jpeg\" \/>\n\t<meta property=\"og:image:width\" content=\"2550\" \/>\n\t<meta property=\"og:image:height\" content=\"1700\" \/>\n\t<meta property=\"og:image:type\" content=\"image\/jpeg\" \/>\n<meta name=\"twitter:card\" content=\"summary_large_image\" \/>\n<meta name=\"twitter:label1\" content=\"Ber\u00e4knad l\u00e4stid\" \/>\n\t<meta name=\"twitter:data1\" content=\"3 minuter\" \/>\n<script type=\"application\/ld+json\" class=\"yoast-schema-graph\">{\"@context\":\"https:\/\/schema.org\",\"@graph\":[{\"@type\":\"WebPage\",\"@id\":\"https:\/\/patentest.com\/sv\/nyforetagare-foretag-startups\/\",\"url\":\"https:\/\/patentest.com\/sv\/nyforetagare-foretag-startups\/\",\"name\":\"Patent information & analys f\u00f6r nyf\u00f6retagare & startups | Patentest\",\"isPartOf\":{\"@id\":\"https:\/\/patentest.com\/sv\/#website\"},\"primaryImageOfPage\":{\"@id\":\"https:\/\/patentest.com\/sv\/nyforetagare-foretag-startups\/#primaryimage\"},\"image\":{\"@id\":\"https:\/\/patentest.com\/sv\/nyforetagare-foretag-startups\/#primaryimage\"},\"thumbnailUrl\":\"https:\/\/patentest.com\/wp-content\/uploads\/2020\/12\/Nyforetagare-Patentanalys.jpeg\",\"datePublished\":\"2020-01-20T12:28:10+00:00\",\"dateModified\":\"2020-12-17T10:45:41+00:00\",\"description\":\"Patentest hj\u00e4lper f\u00f6retag och startups i Sverige med patentrelaterad information och f\u00f6rser nyf\u00f6retagare med tj\u00e4nster inom patents\u00f6kning.\",\"breadcrumb\":{\"@id\":\"https:\/\/patentest.com\/sv\/nyforetagare-foretag-startups\/#breadcrumb\"},\"inLanguage\":\"sv-SE\",\"potentialAction\":[{\"@type\":\"ReadAction\",\"target\":[\"https:\/\/patentest.com\/sv\/nyforetagare-foretag-startups\/\"]}]},{\"@type\":\"ImageObject\",\"inLanguage\":\"sv-SE\",\"@id\":\"https:\/\/patentest.com\/sv\/nyforetagare-foretag-startups\/#primaryimage\",\"url\":\"https:\/\/patentest.com\/wp-content\/uploads\/2020\/12\/Nyforetagare-Patentanalys.jpeg\",\"contentUrl\":\"https:\/\/patentest.com\/wp-content\/uploads\/2020\/12\/Nyforetagare-Patentanalys.jpeg\",\"width\":2550,\"height\":1700,\"caption\":\"Nyf\u00f6retagare Patentanalys\"},{\"@type\":\"BreadcrumbList\",\"@id\":\"https:\/\/patentest.com\/sv\/nyforetagare-foretag-startups\/#breadcrumb\",\"itemListElement\":[{\"@type\":\"ListItem\",\"position\":1,\"name\":\"Home page\",\"item\":\"https:\/\/patentest.com\/sv\/\"},{\"@type\":\"ListItem\",\"position\":2,\"name\":\"Nyf\u00f6retagare, f\u00f6retag &#038; Startups\"}]},{\"@type\":\"WebSite\",\"@id\":\"https:\/\/patentest.com\/sv\/#website\",\"url\":\"https:\/\/patentest.com\/sv\/\",\"name\":\"Patentest\",\"description\":\"Your first step towards a registered patent\",\"potentialAction\":[{\"@type\":\"SearchAction\",\"target\":{\"@type\":\"EntryPoint\",\"urlTemplate\":\"https:\/\/patentest.com\/sv\/?s={search_term_string}\"},\"query-input\":{\"@type\":\"PropertyValueSpecification\",\"valueRequired\":true,\"valueName\":\"search_term_string\"}}],\"inLanguage\":\"sv-SE\"}]}<\/script>\n<!-- \/ Yoast SEO plugin. -->","yoast_head_json":{"title":"Patent information & analys f\u00f6r nyf\u00f6retagare & startups | Patentest","description":"Patentest hj\u00e4lper f\u00f6retag och startups i Sverige med patentrelaterad information och f\u00f6rser nyf\u00f6retagare med tj\u00e4nster inom patents\u00f6kning.","robots":{"index":"index","follow":"follow","max-snippet":"max-snippet:-1","max-image-preview":"max-image-preview:large","max-video-preview":"max-video-preview:-1"},"canonical":"https:\/\/patentest.com\/sv\/nyforetagare-foretag-startups\/","og_locale":"sv_SE","og_type":"article","og_title":"Patent information & analys f\u00f6r nyf\u00f6retagare & startups | Patentest","og_description":"Patentest hj\u00e4lper f\u00f6retag och startups i Sverige med patentrelaterad information och f\u00f6rser nyf\u00f6retagare med tj\u00e4nster inom patents\u00f6kning.","og_url":"https:\/\/patentest.com\/sv\/nyforetagare-foretag-startups\/","og_site_name":"Patentest","article_publisher":"https:\/\/www.facebook.com\/newtone.patent.search\/","article_modified_time":"2020-12-17T10:45:41+00:00","og_image":[{"width":2550,"height":1700,"url":"https:\/\/patentest.com\/wp-content\/uploads\/2020\/12\/Nyforetagare-Patentanalys.jpeg","type":"image\/jpeg"}],"twitter_card":"summary_large_image","twitter_misc":{"Ber\u00e4knad l\u00e4stid":"3 minuter"},"schema":{"@context":"https:\/\/schema.org","@graph":[{"@type":"WebPage","@id":"https:\/\/patentest.com\/sv\/nyforetagare-foretag-startups\/","url":"https:\/\/patentest.com\/sv\/nyforetagare-foretag-startups\/","name":"Patent information & analys f\u00f6r nyf\u00f6retagare & startups | Patentest","isPartOf":{"@id":"https:\/\/patentest.com\/sv\/#website"},"primaryImageOfPage":{"@id":"https:\/\/patentest.com\/sv\/nyforetagare-foretag-startups\/#primaryimage"},"image":{"@id":"https:\/\/patentest.com\/sv\/nyforetagare-foretag-startups\/#primaryimage"},"thumbnailUrl":"https:\/\/patentest.com\/wp-content\/uploads\/2020\/12\/Nyforetagare-Patentanalys.jpeg","datePublished":"2020-01-20T12:28:10+00:00","dateModified":"2020-12-17T10:45:41+00:00","description":"Patentest hj\u00e4lper f\u00f6retag och startups i Sverige med patentrelaterad information och f\u00f6rser nyf\u00f6retagare med tj\u00e4nster inom patents\u00f6kning.","breadcrumb":{"@id":"https:\/\/patentest.com\/sv\/nyforetagare-foretag-startups\/#breadcrumb"},"inLanguage":"sv-SE","potentialAction":[{"@type":"ReadAction","target":["https:\/\/patentest.com\/sv\/nyforetagare-foretag-startups\/"]}]},{"@type":"ImageObject","inLanguage":"sv-SE","@id":"https:\/\/patentest.com\/sv\/nyforetagare-foretag-startups\/#primaryimage","url":"https:\/\/patentest.com\/wp-content\/uploads\/2020\/12\/Nyforetagare-Patentanalys.jpeg","contentUrl":"https:\/\/patentest.com\/wp-content\/uploads\/2020\/12\/Nyforetagare-Patentanalys.jpeg","width":2550,"height":1700,"caption":"Nyf\u00f6retagare Patentanalys"},{"@type":"BreadcrumbList","@id":"https:\/\/patentest.com\/sv\/nyforetagare-foretag-startups\/#breadcrumb","itemListElement":[{"@type":"ListItem","position":1,"name":"Home page","item":"https:\/\/patentest.com\/sv\/"},{"@type":"ListItem","position":2,"name":"Nyf\u00f6retagare, f\u00f6retag &#038; Startups"}]},{"@type":"WebSite","@id":"https:\/\/patentest.com\/sv\/#website","url":"https:\/\/patentest.com\/sv\/","name":"Patentest","description":"Your first step towards a registered patent","potentialAction":[{"@type":"SearchAction","target":{"@type":"EntryPoint","urlTemplate":"https:\/\/patentest.com\/sv\/?s={search_term_string}"},"query-input":{"@type":"PropertyValueSpecification","valueRequired":true,"valueName":"search_term_string"}}],"inLanguage":"sv-SE"}]}},"_links":{"self":[{"href":"https:\/\/patentest.com\/sv\/wp-json\/wp\/v2\/pages\/5596","targetHints":{"allow":["GET"]}}],"collection":[{"href":"https:\/\/patentest.com\/sv\/wp-json\/wp\/v2\/pages"}],"about":[{"href":"https:\/\/patentest.com\/sv\/wp-json\/wp\/v2\/types\/page"}],"author":[{"embeddable":true,"href":"https:\/\/patentest.com\/sv\/wp-json\/wp\/v2\/users\/3"}],"replies":[{"embeddable":true,"href":"https:\/\/patentest.com\/sv\/wp-json\/wp\/v2\/comments?post=5596"}],"version-history":[{"count":18,"href":"https:\/\/patentest.com\/sv\/wp-json\/wp\/v2\/pages\/5596\/revisions"}],"predecessor-version":[{"id":6565,"href":"https:\/\/patentest.com\/sv\/wp-json\/wp\/v2\/pages\/5596\/revisions\/6565"}],"wp:featuredmedia":[{"embeddable":true,"href":"https:\/\/patentest.com\/sv\/wp-json\/wp\/v2\/media\/6562"}],"wp:attachment":[{"href":"https:\/\/patentest.com\/sv\/wp-json\/wp\/v2\/media?parent=5596"}],"curies":[{"name":"wp","href":"https:\/\/api.w.org\/{rel}","templated":true}]}}