{"id":5593,"date":"2020-03-03T15:15:26","date_gmt":"2020-03-03T13:15:26","guid":{"rendered":"https:\/\/patentest.com\/success-stories\/"},"modified":"2020-09-29T10:19:47","modified_gmt":"2020-09-29T07:19:47","slug":"framgangssagor","status":"publish","type":"page","link":"https:\/\/patentest.com\/sv\/allman-information\/framgangssagor\/","title":{"rendered":"Framg\u00e5ngssagor"},"content":{"rendered":"\t\t<div data-elementor-type=\"wp-post\" data-elementor-id=\"5593\" class=\"elementor elementor-5593 elementor-64 elementor-bc-flex-widget\" data-elementor-post-type=\"page\">\n\t\t\t\t\t\t<section class=\"elementor-section elementor-top-section elementor-element elementor-element-gj6idd8 elementor-section-boxed elementor-section-height-default elementor-section-height-default\" data-id=\"gj6idd8\" data-element_type=\"section\" data-e-type=\"section\">\n\t\t\t\t\t\t<div class=\"elementor-container elementor-column-gap-default\">\n\t\t\t\t\t<div class=\"elementor-column elementor-col-100 elementor-top-column elementor-element elementor-element-4zdkru1\" data-id=\"4zdkru1\" data-element_type=\"column\" data-e-type=\"column\">\n\t\t\t<div class=\"elementor-widget-wrap elementor-element-populated\">\n\t\t\t\t\t\t<div class=\"elementor-element elementor-element-l0g62kw elementor-widget elementor-widget-text-editor\" data-id=\"l0g62kw\" data-element_type=\"widget\" data-e-type=\"widget\" data-widget_type=\"text-editor.default\">\n\t\t\t\t<div class=\"elementor-widget-container\">\n\t\t\t\t\t\t\t\t\t<p><span style=\"font-weight: 400;\">M\u00e5nga \u00e5rs n\u00e4rvaro p\u00e5 marknaden har gjort att Patentest, tillsammans med v\u00e5ra filialer, g\u00e5tt fr\u00e5n att vara ett litet men revolutionerande patentinformationsf\u00f6retag till att bli marknadsledare. Ut\u00f6ver ett v\u00e4xande intresse f\u00f6r Patentest fr\u00e5n media st\u00e5r vi idag i centrum p\u00e5 marknaden och \u00e4r ett f\u00f6rstahandsval f\u00f6r m\u00e5nga innovat\u00f6rer i b\u00e5de Sverige, Israel, Storbritannien och Tyskland och i andra nordiska och europeiska l\u00e4nder. I och med detta hj\u00e4lper vi ocks\u00e5 m\u00e5nga professionella f\u00f6retag inom v\u00e5r sektor som patentombud, utvecklings- och ingenj\u00f6rsf\u00f6retag och finansiella institutioner som \u00f6nskar verifiera sina investeringar.\u00a0 <\/span><span style=\"font-weight: 400;\"><br \/><\/span><span style=\"font-weight: 400;\"><br \/><\/span><span style=\"font-weight: 400;\">F\u00f6r att inspirera uppfinnare och f\u00f6retag har vi valt att dela ett antal framg\u00e5ngssagor p\u00e5 v\u00e5r webbsida. Vi vill med detta inspirera uppfinnare till att skapa n\u00e4sta framg\u00e5ngssaga och n\u00e4sta nya aff\u00e4rsmodell. Vi hoppas att detta kan skapa nya m\u00f6jligheter f\u00f6r synnergier och samarbeten mellan uppfinnare och investerare. <\/span><span style=\"font-weight: 400;\"><br \/><\/span><span style=\"font-weight: 400;\"><br \/><\/span><span style=\"font-weight: 400;\">Om du har en framg\u00e5ngssaga du \u00f6nskar dela med oss och f\u00e5 publicerad h\u00e4r \u00e4r du varmt v\u00e4lkommen att kontakta oss s\u00e5 h\u00f6r vi g\u00e4rna mer!\u00a0\u00a0<\/span><\/p><h2><span style=\"font-weight: 400;\">Europeiska Innovat\u00f6rspriset 2019\u00a0<\/span><\/h2><p><span style=\"font-weight: 400;\">Det europeisk patentverket (EPO) bel\u00f6nade \u00e5r 2019 ett antal fantastiska innovat\u00f6rer fr\u00e5n Frankrike, Japan \u00d6sterrike, Spanien och Nederl\u00e4nderna.<\/span><span style=\"font-weight: 400;\"><br \/><\/span><span style=\"font-weight: 400;\"><br \/><\/span><span style=\"font-weight: 400;\">Dessa uppfinnare blev erk\u00e4nda f\u00f6r sina extraordin\u00e4ra prestationer inom omr\u00e5dena plast\u00e5tervinning, laddningsbara batterier, cancerdiagnostik, DNA testning och marint p\u00e5v\u00e4xtningsf\u00f6rhindrande.\u00a0\u00a0\u00a0\u00a0<\/span><\/p><h2><span style=\"font-weight: 400;\">Industri<\/span><\/h2><p><img fetchpriority=\"high\" decoding=\"async\" class=\"alignnone size-medium wp-image-6206\" src=\"https:\/\/patentest.com\/wp-content\/uploads\/2020\/09\/industri-patent-300x200.png\" alt=\"industri patent\" width=\"300\" height=\"200\" srcset=\"https:\/\/patentest.com\/wp-content\/uploads\/2020\/09\/industri-patent-300x200.png 300w, https:\/\/patentest.com\/wp-content\/uploads\/2020\/09\/industri-patent.png 469w\" sizes=\"(max-width: 300px) 100vw, 300px\" \/><\/p><p><span style=\"font-weight: 400;\">Klaus Feichtinger och Manfred Hackl (\u00d6sterrike)<\/span><\/p><p><b>H\u00f6gpresterande plast\u00e5tervinning<\/b><span style=\"font-weight: 400;\">\u00a0<\/span><\/p><p><span style=\"font-weight: 400;\">Genom att t\u00e4nka i nya banor, har dessa uppfinnare fr\u00e5n \u00d6sterrike onekligen f\u00f6r\u00e4ndrat hela plast\u00e5tervinningsbranschen. Med deras unika metod kan avfallsplast av m\u00e5nga olika typer f\u00f6rvandlas till h\u00f6gkvalitativa sm\u00e5kulor\/pellets som kan anv\u00e4ndas f\u00f6r nya produkter. Idag st\u00e5r \u00f6ver 6000 av deras maskiner i bruk runt om i v\u00e4rlden och producerar \u00f6ver 14.5 miljoner ton plastpellets \u00e5rligen.<\/span><\/p><p><a href=\"https:\/\/www.epo.org\/learning-events\/european-inventor\/finalists\/2019\/feichtinger.html\"><span style=\"font-weight: 400;\">L\u00e4s mer<\/span><\/a><\/p><h2><span style=\"font-weight: 400;\">Forskning<\/span><\/h2><p><img decoding=\"async\" class=\"alignnone size-medium wp-image-6208\" src=\"https:\/\/patentest.com\/wp-content\/uploads\/2020\/09\/forskning-patent--300x200.png\" alt=\"forskning patent\" width=\"300\" height=\"200\" srcset=\"https:\/\/patentest.com\/wp-content\/uploads\/2020\/09\/forskning-patent--300x200.png 300w, https:\/\/patentest.com\/wp-content\/uploads\/2020\/09\/forskning-patent-.png 469w\" sizes=\"(max-width: 300px) 100vw, 300px\" \/><\/p><p><span style=\"font-weight: 400;\">J\u00e9r\u00f4me Galon (Frankrike)<\/span><\/p><p><b>Immunoscore\u00ae, ett tydligare cancer-test<\/b><\/p><p><span style=\"font-weight: 400;\">Den franska immunologen\u00a0J\u00e9r\u00f4me Galons diagnostikverktyg bed\u00f6mer risken f\u00f6r \u00e5terfall hos cancerpatienter. Verktyget anv\u00e4nder digitala bilder av tum\u00f6rprover och avancerad mjukvara f\u00f6r att m\u00e4ta immunf\u00f6rsvarets respons. Galons innovation \u00e4r redan i bruk p\u00e5 m\u00e5nga kliniker v\u00e4rlden runt d\u00e4r den f\u00f6rb\u00e4ttrar precisionen i prognoser f\u00f6r patienter med kolorektal cancer.\u00a0<\/span><\/p><p><a href=\"https:\/\/www.epo.org\/learning-events\/european-inventor\/finalists\/2019\/galon.html\"><span style=\"font-weight: 400;\">L\u00e4s mer<\/span><\/a><\/p><h2><span style=\"font-weight: 400;\">L\u00e4nder utanf\u00f6r EPO (Europeiska patentverket)<\/span><\/h2><p><img decoding=\"async\" class=\"alignnone size-medium wp-image-6210\" src=\"https:\/\/patentest.com\/wp-content\/uploads\/2020\/09\/batteries-patent-300x200.png\" alt=\"batteri patent\" width=\"300\" height=\"200\" srcset=\"https:\/\/patentest.com\/wp-content\/uploads\/2020\/09\/batteries-patent-300x200.png 300w, https:\/\/patentest.com\/wp-content\/uploads\/2020\/09\/batteries-patent.png 469w\" sizes=\"(max-width: 300px) 100vw, 300px\" \/><\/p><p><span style=\"font-weight: 400;\">Akira Yoshino (Japan)<\/span><\/p><p><b>Lithiumjon batterier och dess evolution<\/b><\/p><p><span style=\"font-weight: 400;\">Denna Japanska forskare \u00e4r fadern till det idag v\u00e4rldsber\u00f6mda lithiumjon batteriet (LIB). Hans laddningsbara batterier ger idag str\u00f6m \u00e5t n\u00e4rmare fem miljarder mobiltelefoner, laptops och andra mobila enheter och ocks\u00e5 \u00e5t elektriska fordon. Han har i flera \u00e5rtionden\u00a0<\/span><span style=\"font-weight: 400;\"><br \/><\/span><span style=\"font-weight: 400;\">varit h\u00e4ngiven till att kontinuerligt f\u00f6rb\u00e4ttra LIBs.<\/span><\/p><p><a href=\"https:\/\/www.epo.org\/learning-events\/european-inventor\/finalists\/2019\/yoshino.html\"><span style=\"font-weight: 400;\">L\u00e4s mer<\/span><\/a><\/p><h2><span style=\"font-weight: 400;\">Sm\u00e5 och medelstora f\u00f6retag (SMEs)<\/span><\/h2><p><img loading=\"lazy\" decoding=\"async\" class=\"alignnone size-medium wp-image-6212\" src=\"https:\/\/patentest.com\/wp-content\/uploads\/2020\/09\/marina-patent-300x200.png\" alt=\"marin patent\" width=\"300\" height=\"200\" srcset=\"https:\/\/patentest.com\/wp-content\/uploads\/2020\/09\/marina-patent-300x200.png 300w, https:\/\/patentest.com\/wp-content\/uploads\/2020\/09\/marina-patent.png 469w\" sizes=\"(max-width: 300px) 100vw, 300px\" \/><\/p><p><span style=\"font-weight: 400;\">Rik Breur (Nederl\u00e4nderna)<\/span><\/p><p><b>Marint p\u00e5v\u00e4xtningsf\u00f6rhindrande fiberemballage<\/b><\/p><p><span style=\"font-weight: 400;\">Efter att ha inspirerats av en sj\u00f6borres stickiga yta, skapade den nederl\u00e4ndska innovat\u00f6ren Rik Breur ett milj\u00f6v\u00e4nligt p\u00e5v\u00e4xtningsf\u00f6rhindrande fiberemballage, som \u00e4r ett alternativ till giftiga m\u00e5larf\u00e4rger f\u00f6r b\u00e5de b\u00e5tar och marina strukturer. Alger, havstulpaner, musslor och annat havsliv fastnar inte i denna revolutionerande f\u00e4rg, vilket g\u00f6r att b\u00e5tarnas br\u00e4nslef\u00f6rbrukning kan minskas med s\u00e5 mycket som 40%.\u00a0\u00a0\u00a0\u00a0<\/span><\/p><p><a href=\"https:\/\/www.epo.org\/learning-events\/european-inventor\/finalists\/2019\/breur.html\"><span style=\"font-weight: 400;\">L\u00e4s mer<\/span><\/a><\/p><h2><span style=\"font-weight: 400;\">Popul\u00e4rpris och livsprestation\u00a0<\/span><\/h2><p><img loading=\"lazy\" decoding=\"async\" class=\"alignnone size-medium wp-image-6214\" src=\"https:\/\/patentest.com\/wp-content\/uploads\/2020\/09\/dna-forskning-patent-300x200.png\" alt=\"dna forskning patent\" width=\"300\" height=\"200\" srcset=\"https:\/\/patentest.com\/wp-content\/uploads\/2020\/09\/dna-forskning-patent-300x200.png 300w, https:\/\/patentest.com\/wp-content\/uploads\/2020\/09\/dna-forskning-patent.png 469w\" sizes=\"(max-width: 300px) 100vw, 300px\" \/><\/p><p><span style=\"font-weight: 400;\">Margarita Salas Falgueras (Spanien)<\/span><\/p><p><b>DNA amplifikation f\u00f6r genomik<\/b><\/p><p><span style=\"font-weight: 400;\">Den spanska genmolekyl\u00e4r-pionj\u00e4ren Margarita\u00a0Salas Falgueras\u00a0har uppfunnit ett snabbare, enklare och mer p\u00e5litligt s\u00e4tt att replikera DNA-sp\u00e5r i kvantiteter som \u00e4r tillr\u00e4ckligt stora f\u00f6r fullst\u00e4ndig genomiktestning. Detta genom att anv\u00e4nda enzymen phi29 DNA polymerase. Hennes innovation anv\u00e4nds nu p\u00e5 bred front inom onkologi, forensik och arkeologi.<\/span><\/p>\t\t\t\t\t\t\t\t<\/div>\n\t\t\t\t<\/div>\n\t\t\t\t\t<\/div>\n\t\t<\/div>\n\t\t\t\t\t<\/div>\n\t\t<\/section>\n\t\t\t\t<\/div>\n\t\t","protected":false},"excerpt":{"rendered":"<p>M\u00e5nga \u00e5rs n\u00e4rvaro p\u00e5 marknaden har gjort att Patentest, tillsammans med v\u00e5ra filialer, g\u00e5tt fr\u00e5n att vara ett litet men revolutionerande patentinformationsf\u00f6retag till att bli marknadsledare. Ut\u00f6ver ett v\u00e4xande intresse f\u00f6r Patentest fr\u00e5n media st\u00e5r vi idag i centrum p\u00e5 marknaden och \u00e4r ett f\u00f6rstahandsval f\u00f6r m\u00e5nga innovat\u00f6rer i b\u00e5de Sverige, Israel, Storbritannien och Tyskland [&hellip;]<\/p>\n","protected":false},"author":1,"featured_media":0,"parent":5879,"menu_order":0,"comment_status":"closed","ping_status":"closed","template":"","meta":{"footnotes":""},"class_list":["post-5593","page","type-page","status-publish","hentry"],"yoast_head":"<!-- This site is optimized with the Yoast SEO plugin v27.1.1 - https:\/\/yoast.com\/product\/yoast-seo-wordpress\/ -->\n<title>Framg\u00e5ngssagor - Patentest<\/title>\n<meta name=\"robots\" content=\"index, follow, max-snippet:-1, max-image-preview:large, max-video-preview:-1\" \/>\n<link rel=\"canonical\" href=\"https:\/\/patentest.com\/sv\/allman-information\/framgangssagor\/\" \/>\n<meta property=\"og:locale\" content=\"sv_SE\" \/>\n<meta property=\"og:type\" content=\"article\" \/>\n<meta property=\"og:title\" content=\"Framg\u00e5ngssagor - Patentest\" \/>\n<meta property=\"og:description\" content=\"M\u00e5nga \u00e5rs n\u00e4rvaro p\u00e5 marknaden har gjort att Patentest, tillsammans med v\u00e5ra filialer, g\u00e5tt fr\u00e5n att vara ett litet men revolutionerande patentinformationsf\u00f6retag till att bli marknadsledare. Ut\u00f6ver ett v\u00e4xande intresse f\u00f6r Patentest fr\u00e5n media st\u00e5r vi idag i centrum p\u00e5 marknaden och \u00e4r ett f\u00f6rstahandsval f\u00f6r m\u00e5nga innovat\u00f6rer i b\u00e5de Sverige, Israel, Storbritannien och Tyskland [&hellip;]\" \/>\n<meta property=\"og:url\" content=\"https:\/\/patentest.com\/sv\/allman-information\/framgangssagor\/\" \/>\n<meta property=\"og:site_name\" content=\"Patentest\" \/>\n<meta property=\"article:publisher\" content=\"https:\/\/www.facebook.com\/newtone.patent.search\/\" \/>\n<meta property=\"article:modified_time\" content=\"2020-09-29T07:19:47+00:00\" \/>\n<meta property=\"og:image\" content=\"https:\/\/patentest.com\/wp-content\/uploads\/2020\/09\/industri-patent-300x200.png\" \/>\n<meta name=\"twitter:card\" content=\"summary_large_image\" \/>\n<meta name=\"twitter:label1\" content=\"Ber\u00e4knad l\u00e4stid\" \/>\n\t<meta name=\"twitter:data1\" content=\"3 minuter\" \/>\n<script type=\"application\/ld+json\" class=\"yoast-schema-graph\">{\"@context\":\"https:\/\/schema.org\",\"@graph\":[{\"@type\":\"WebPage\",\"@id\":\"https:\/\/patentest.com\/sv\/allman-information\/framgangssagor\/\",\"url\":\"https:\/\/patentest.com\/sv\/allman-information\/framgangssagor\/\",\"name\":\"Framg\u00e5ngssagor - Patentest\",\"isPartOf\":{\"@id\":\"https:\/\/patentest.com\/sv\/#website\"},\"primaryImageOfPage\":{\"@id\":\"https:\/\/patentest.com\/sv\/allman-information\/framgangssagor\/#primaryimage\"},\"image\":{\"@id\":\"https:\/\/patentest.com\/sv\/allman-information\/framgangssagor\/#primaryimage\"},\"thumbnailUrl\":\"https:\/\/patentest.com\/wp-content\/uploads\/2020\/09\/industri-patent-300x200.png\",\"datePublished\":\"2020-03-03T13:15:26+00:00\",\"dateModified\":\"2020-09-29T07:19:47+00:00\",\"breadcrumb\":{\"@id\":\"https:\/\/patentest.com\/sv\/allman-information\/framgangssagor\/#breadcrumb\"},\"inLanguage\":\"sv-SE\",\"potentialAction\":[{\"@type\":\"ReadAction\",\"target\":[\"https:\/\/patentest.com\/sv\/allman-information\/framgangssagor\/\"]}]},{\"@type\":\"ImageObject\",\"inLanguage\":\"sv-SE\",\"@id\":\"https:\/\/patentest.com\/sv\/allman-information\/framgangssagor\/#primaryimage\",\"url\":\"https:\/\/patentest.com\/wp-content\/uploads\/2020\/09\/industri-patent-300x200.png\",\"contentUrl\":\"https:\/\/patentest.com\/wp-content\/uploads\/2020\/09\/industri-patent-300x200.png\"},{\"@type\":\"BreadcrumbList\",\"@id\":\"https:\/\/patentest.com\/sv\/allman-information\/framgangssagor\/#breadcrumb\",\"itemListElement\":[{\"@type\":\"ListItem\",\"position\":1,\"name\":\"Home page\",\"item\":\"https:\/\/patentest.com\/sv\/\"},{\"@type\":\"ListItem\",\"position\":2,\"name\":\"Allm\u00e4n information\",\"item\":\"https:\/\/patentest.com\/sv\/allman-information\/\"},{\"@type\":\"ListItem\",\"position\":3,\"name\":\"Framg\u00e5ngssagor\"}]},{\"@type\":\"WebSite\",\"@id\":\"https:\/\/patentest.com\/sv\/#website\",\"url\":\"https:\/\/patentest.com\/sv\/\",\"name\":\"Patentest\",\"description\":\"Your first step towards a registered patent\",\"potentialAction\":[{\"@type\":\"SearchAction\",\"target\":{\"@type\":\"EntryPoint\",\"urlTemplate\":\"https:\/\/patentest.com\/sv\/?s={search_term_string}\"},\"query-input\":{\"@type\":\"PropertyValueSpecification\",\"valueRequired\":true,\"valueName\":\"search_term_string\"}}],\"inLanguage\":\"sv-SE\"}]}<\/script>\n<!-- \/ Yoast SEO plugin. -->","yoast_head_json":{"title":"Framg\u00e5ngssagor - Patentest","robots":{"index":"index","follow":"follow","max-snippet":"max-snippet:-1","max-image-preview":"max-image-preview:large","max-video-preview":"max-video-preview:-1"},"canonical":"https:\/\/patentest.com\/sv\/allman-information\/framgangssagor\/","og_locale":"sv_SE","og_type":"article","og_title":"Framg\u00e5ngssagor - Patentest","og_description":"M\u00e5nga \u00e5rs n\u00e4rvaro p\u00e5 marknaden har gjort att Patentest, tillsammans med v\u00e5ra filialer, g\u00e5tt fr\u00e5n att vara ett litet men revolutionerande patentinformationsf\u00f6retag till att bli marknadsledare. Ut\u00f6ver ett v\u00e4xande intresse f\u00f6r Patentest fr\u00e5n media st\u00e5r vi idag i centrum p\u00e5 marknaden och \u00e4r ett f\u00f6rstahandsval f\u00f6r m\u00e5nga innovat\u00f6rer i b\u00e5de Sverige, Israel, Storbritannien och Tyskland [&hellip;]","og_url":"https:\/\/patentest.com\/sv\/allman-information\/framgangssagor\/","og_site_name":"Patentest","article_publisher":"https:\/\/www.facebook.com\/newtone.patent.search\/","article_modified_time":"2020-09-29T07:19:47+00:00","og_image":[{"url":"https:\/\/patentest.com\/wp-content\/uploads\/2020\/09\/industri-patent-300x200.png","type":"","width":"","height":""}],"twitter_card":"summary_large_image","twitter_misc":{"Ber\u00e4knad l\u00e4stid":"3 minuter"},"schema":{"@context":"https:\/\/schema.org","@graph":[{"@type":"WebPage","@id":"https:\/\/patentest.com\/sv\/allman-information\/framgangssagor\/","url":"https:\/\/patentest.com\/sv\/allman-information\/framgangssagor\/","name":"Framg\u00e5ngssagor - Patentest","isPartOf":{"@id":"https:\/\/patentest.com\/sv\/#website"},"primaryImageOfPage":{"@id":"https:\/\/patentest.com\/sv\/allman-information\/framgangssagor\/#primaryimage"},"image":{"@id":"https:\/\/patentest.com\/sv\/allman-information\/framgangssagor\/#primaryimage"},"thumbnailUrl":"https:\/\/patentest.com\/wp-content\/uploads\/2020\/09\/industri-patent-300x200.png","datePublished":"2020-03-03T13:15:26+00:00","dateModified":"2020-09-29T07:19:47+00:00","breadcrumb":{"@id":"https:\/\/patentest.com\/sv\/allman-information\/framgangssagor\/#breadcrumb"},"inLanguage":"sv-SE","potentialAction":[{"@type":"ReadAction","target":["https:\/\/patentest.com\/sv\/allman-information\/framgangssagor\/"]}]},{"@type":"ImageObject","inLanguage":"sv-SE","@id":"https:\/\/patentest.com\/sv\/allman-information\/framgangssagor\/#primaryimage","url":"https:\/\/patentest.com\/wp-content\/uploads\/2020\/09\/industri-patent-300x200.png","contentUrl":"https:\/\/patentest.com\/wp-content\/uploads\/2020\/09\/industri-patent-300x200.png"},{"@type":"BreadcrumbList","@id":"https:\/\/patentest.com\/sv\/allman-information\/framgangssagor\/#breadcrumb","itemListElement":[{"@type":"ListItem","position":1,"name":"Home page","item":"https:\/\/patentest.com\/sv\/"},{"@type":"ListItem","position":2,"name":"Allm\u00e4n information","item":"https:\/\/patentest.com\/sv\/allman-information\/"},{"@type":"ListItem","position":3,"name":"Framg\u00e5ngssagor"}]},{"@type":"WebSite","@id":"https:\/\/patentest.com\/sv\/#website","url":"https:\/\/patentest.com\/sv\/","name":"Patentest","description":"Your first step towards a registered patent","potentialAction":[{"@type":"SearchAction","target":{"@type":"EntryPoint","urlTemplate":"https:\/\/patentest.com\/sv\/?s={search_term_string}"},"query-input":{"@type":"PropertyValueSpecification","valueRequired":true,"valueName":"search_term_string"}}],"inLanguage":"sv-SE"}]}},"_links":{"self":[{"href":"https:\/\/patentest.com\/sv\/wp-json\/wp\/v2\/pages\/5593","targetHints":{"allow":["GET"]}}],"collection":[{"href":"https:\/\/patentest.com\/sv\/wp-json\/wp\/v2\/pages"}],"about":[{"href":"https:\/\/patentest.com\/sv\/wp-json\/wp\/v2\/types\/page"}],"author":[{"embeddable":true,"href":"https:\/\/patentest.com\/sv\/wp-json\/wp\/v2\/users\/1"}],"replies":[{"embeddable":true,"href":"https:\/\/patentest.com\/sv\/wp-json\/wp\/v2\/comments?post=5593"}],"version-history":[{"count":10,"href":"https:\/\/patentest.com\/sv\/wp-json\/wp\/v2\/pages\/5593\/revisions"}],"predecessor-version":[{"id":6216,"href":"https:\/\/patentest.com\/sv\/wp-json\/wp\/v2\/pages\/5593\/revisions\/6216"}],"up":[{"embeddable":true,"href":"https:\/\/patentest.com\/sv\/wp-json\/wp\/v2\/pages\/5879"}],"wp:attachment":[{"href":"https:\/\/patentest.com\/sv\/wp-json\/wp\/v2\/media?parent=5593"}],"curies":[{"name":"wp","href":"https:\/\/api.w.org\/{rel}","templated":true}]}}