{"id":5589,"date":"2020-01-14T18:58:19","date_gmt":"2020-01-14T16:58:19","guid":{"rendered":"https:\/\/patentest.com\/freedom-to-operate-fto\/"},"modified":"2025-06-16T10:05:57","modified_gmt":"2025-06-16T07:05:57","slug":"fto-freedom-to-operate","status":"publish","type":"page","link":"https:\/\/patentest.com\/sv\/fto-freedom-to-operate\/","title":{"rendered":"Freedom To Operate (FTO) &#8211; Intr\u00e5ngsunders\u00f6kning"},"content":{"rendered":"\t\t<div data-elementor-type=\"wp-post\" data-elementor-id=\"5589\" class=\"elementor elementor-5589 elementor-30 elementor-bc-flex-widget\" data-elementor-post-type=\"page\">\n\t\t\t\t\t\t<section class=\"elementor-section elementor-top-section elementor-element elementor-element-mespd8r elementor-section-boxed elementor-section-height-default elementor-section-height-default\" data-id=\"mespd8r\" data-element_type=\"section\" data-e-type=\"section\">\n\t\t\t\t\t\t<div class=\"elementor-container elementor-column-gap-default\">\n\t\t\t\t\t<div class=\"elementor-column elementor-col-100 elementor-top-column elementor-element elementor-element-jjrhwuy\" data-id=\"jjrhwuy\" data-element_type=\"column\" data-e-type=\"column\">\n\t\t\t<div class=\"elementor-widget-wrap elementor-element-populated\">\n\t\t\t\t\t\t<div class=\"elementor-element elementor-element-mbi5fwy elementor-widget elementor-widget-text-editor\" data-id=\"mbi5fwy\" data-element_type=\"widget\" data-e-type=\"widget\" data-widget_type=\"text-editor.default\">\n\t\t\t\t<div class=\"elementor-widget-container\">\n\t\t\t\t\t\t\t\t\t<p>Utf\u00f6r en FTO s\u00f6kning f\u00f6r att f\u00f6rs\u00e4kra dig om att din produkt inte g\u00f6r intr\u00e5ng i ett giltigt <a href=\"https:\/\/patentest.com\/sv\/allman-information\/vad-ar-ett-patent\/\">patent<\/a>.\u00a0<span style=\"font-weight: 400;\">En ny produkt kan inkludera flera olika teknologier eller tekniska l\u00f6sningar som kan vara patentskyddade av andra f\u00f6retag. F\u00f6retag kan v\u00e4lja att skydda sina uppfinningar genom att registrera och validera patentet i flera l\u00e4nder, beroende p\u00e5 hur deras aff\u00e4rsplan och aff\u00e4rsmodell ser ut.\u00a0<\/span><\/p><p><span style=\"font-weight: 400;\">D\u00e4rf\u00f6r \u00e4r det viktigt att innan utveckling, produktion eller introduktion av din produkt p\u00e5 en ny marknad, genomf\u00f6ra en djupg\u00e5ende FTO (Freedom To Operate) s\u00f6kning\/intr\u00e5ngsunders\u00f6kning.\u00a0<\/span><\/p><p><span style=\"font-weight: 400;\">Att unders\u00f6ka om din produkt g\u00f6r intr\u00e5ng i ett giltigt patent som \u00e4gs av investerare eller konkurrenter och som kan hindra dig fr\u00e5n att lansera p\u00e5 en viss marknad eller alternativt, h\u00f6ja dina kostnader avsev\u00e4rt p\u00e5 grund av r\u00e4ttsliga \u00e5tg\u00e4rder eller licenskostnader \u00e4r viktigt.<\/span><\/p><p><span style=\"font-weight: 400;\"> <img fetchpriority=\"high\" decoding=\"async\" class=\"alignleft wp-image-7352 size-full\" src=\"https:\/\/patentest.com\/wp-content\/uploads\/2021\/07\/thisisengineering-raeng-JzdrZzZ50tA-unsplash.jpg\" alt=\"FTO\" width=\"640\" height=\"427\" srcset=\"https:\/\/patentest.com\/wp-content\/uploads\/2021\/07\/thisisengineering-raeng-JzdrZzZ50tA-unsplash.jpg 640w, https:\/\/patentest.com\/wp-content\/uploads\/2021\/07\/thisisengineering-raeng-JzdrZzZ50tA-unsplash-300x200.jpg 300w\" sizes=\"(max-width: 640px) 100vw, 640px\" \/><\/span><\/p><h2>\u00a0<\/h2><h2>\u00a0<\/h2><h2>\u00a0<\/h2><h2>\u00a0<\/h2><h2>Vikten av och komplexiteten i en FTO analys<\/h2><p><span style=\"font-weight: 400;\">FTO (Freedom To Operate) search anses vara en av de viktigaste och mest omfattande s\u00f6kningarna. Det \u00e4r dessutom den s\u00f6kning som kr\u00e4ver de mest djupg\u00e5ende kunskaperna om patentdatabaser och en analytisk f\u00f6rst\u00e5else f\u00f6r teknologierna bakom produkten i fr\u00e5ga av s\u00f6kexperten.\u00a0S\u00f6kexperten beh\u00f6ver bryta ner produkten eller\u00a0<\/span><a href=\"https:\/\/www.innovation.lu.se\/\"><span style=\"font-weight: 400;\">innovationen<\/span><\/a><span style=\"font-weight: 400;\">\u00a0i sina tekniska best\u00e5ndsdelar som kan skyddas f\u00f6r att etablera den specifika strategi som beh\u00f6vs.<\/span><\/p><p><span style=\"font-weight: 400;\">En FTO (Freedom To Operate) analys ger i huvudsak patentdokument som indikerar risk i anv\u00e4ndandet av teknologin, men kan ocks\u00e5 bevisa att teknologin kan klassas som tidigare k\u00e4nd och d\u00e4rf\u00f6r \u00e4r fri att anv\u00e4nda.\u00a0\u00a0\u00a0<\/span><\/p><h2>Undvik intr\u00e5ng &#8211; best\u00e4ll en Freedom to Operate analys<\/h2><p><span style=\"font-weight: 400;\">P\u00e5 grund av komplexiteten och tids\u00e5tg\u00e5ngen f\u00f6r att genomf\u00f6ra en FTO analys m\u00e5ste vi f\u00f6rst utv\u00e4rdera din produkts s\u00e4rdrag och de territorier som ska t\u00e4ckas av s\u00f6kningen, d\u00e4rf\u00f6r ska du\u00a0<\/span><a href=\"https:\/\/patentest.my.site.com\/s\/login\/SelfRegister?language=en_US\"><span style=\"font-weight: 400;\">kontakta oss f\u00f6r att f\u00e5 ett prisf\u00f6rslag<\/span><\/a><span style=\"font-weight: 400;\">.\u00a0<\/span><\/p><p><span style=\"font-weight: 400;\">V\u00e4nligen kontakta oss f\u00f6r mer information eller ladda upp dina produktdetaljer f\u00f6r ett prisf\u00f6rslag.<\/span><\/p><p><a href=\"https:\/\/patentest.com\/sv\/bestall-fran-oss\"><span style=\"font-weight: 400;\">Logga in och ladda upp<\/span><\/a><span style=\"font-weight: 400;\">\u00a0din s\u00f6kf\u00f6rfr\u00e5gan eller\u00a0<\/span><a href=\"https:\/\/patentest.com\/sv\/kontakta-oss\/\"><span style=\"font-weight: 400;\">kontakta oss<\/span><\/a><span style=\"font-weight: 400;\">.<\/span><\/p><p>L\u00e4s \u00e4ven g\u00e4rna om andra tj\u00e4nster vi erbjuder, s\u00e5som tj\u00e4nster inom <a href=\"https:\/\/patentest.com\/sv\/strategi-immaterialratt\/\">immaterialr\u00e4tt<\/a>, <a href=\"https:\/\/patentest.com\/sv\/state-of-the-art-sokning\/\" target=\"_blank\" rel=\"noopener\">State of the art tekniks\u00f6kning <\/a>och <a href=\"https:\/\/patentest.com\/sv\/validitetsundersokning-patent\/\" target=\"_blank\" rel=\"noopener\">validitetsunders\u00f6kning.<\/a><\/p>\t\t\t\t\t\t\t\t<\/div>\n\t\t\t\t<\/div>\n\t\t\t\t\t<\/div>\n\t\t<\/div>\n\t\t\t\t\t<\/div>\n\t\t<\/section>\n\t\t\t\t<\/div>\n\t\t","protected":false},"excerpt":{"rendered":"<p>Utf\u00f6r en FTO s\u00f6kning f\u00f6r att f\u00f6rs\u00e4kra dig om att din produkt inte g\u00f6r intr\u00e5ng i ett giltigt patent.\u00a0En ny produkt kan inkludera flera olika teknologier eller tekniska l\u00f6sningar som kan vara patentskyddade av andra f\u00f6retag. F\u00f6retag kan v\u00e4lja att skydda sina uppfinningar genom att registrera och validera patentet i flera l\u00e4nder, beroende p\u00e5 hur [&hellip;]<\/p>\n","protected":false},"author":1,"featured_media":6527,"parent":0,"menu_order":0,"comment_status":"closed","ping_status":"closed","template":"","meta":{"footnotes":""},"class_list":["post-5589","page","type-page","status-publish","has-post-thumbnail","hentry"],"yoast_head":"<!-- This site is optimized with the Yoast SEO plugin v27.1.1 - https:\/\/yoast.com\/product\/yoast-seo-wordpress\/ -->\n<title>En FTO s\u00f6kning s\u00e4krar att din innovation ej g\u00f6r intr\u00e5ng p\u00e5 marknaden<\/title>\n<meta name=\"description\" content=\"Patentest genomf\u00f6r en FTO s\u00f6kning, s\u00e5 att du kan f\u00e5 reda p\u00e5 om du riskerar att g\u00f6ra intr\u00e5ng eller har r\u00e4tt att patentskydda din innovation.\" \/>\n<meta name=\"robots\" content=\"index, follow, max-snippet:-1, max-image-preview:large, max-video-preview:-1\" \/>\n<link rel=\"canonical\" href=\"https:\/\/patentest.com\/sv\/fto-freedom-to-operate\/\" \/>\n<meta property=\"og:locale\" content=\"sv_SE\" \/>\n<meta property=\"og:type\" content=\"article\" \/>\n<meta property=\"og:title\" content=\"En FTO s\u00f6kning s\u00e4krar att din innovation ej g\u00f6r intr\u00e5ng p\u00e5 marknaden\" \/>\n<meta property=\"og:description\" content=\"Patentest genomf\u00f6r en FTO s\u00f6kning, s\u00e5 att du kan f\u00e5 reda p\u00e5 om du riskerar att g\u00f6ra intr\u00e5ng eller har r\u00e4tt att patentskydda din innovation.\" \/>\n<meta property=\"og:url\" content=\"https:\/\/patentest.com\/sv\/fto-freedom-to-operate\/\" \/>\n<meta property=\"og:site_name\" content=\"Patentest\" \/>\n<meta property=\"article:publisher\" content=\"https:\/\/www.facebook.com\/newtone.patent.search\/\" \/>\n<meta property=\"article:modified_time\" content=\"2025-06-16T07:05:57+00:00\" \/>\n<meta property=\"og:image\" content=\"https:\/\/patentest.com\/wp-content\/uploads\/2020\/12\/FTO-Freedom-to-operate-intrang-sokning.jpeg\" \/>\n\t<meta property=\"og:image:width\" content=\"1234\" \/>\n\t<meta property=\"og:image:height\" content=\"1851\" \/>\n\t<meta property=\"og:image:type\" content=\"image\/jpeg\" \/>\n<meta name=\"twitter:card\" content=\"summary_large_image\" \/>\n<meta name=\"twitter:label1\" content=\"Ber\u00e4knad l\u00e4stid\" \/>\n\t<meta name=\"twitter:data1\" content=\"2 minuter\" \/>\n<script type=\"application\/ld+json\" class=\"yoast-schema-graph\">{\"@context\":\"https:\/\/schema.org\",\"@graph\":[{\"@type\":\"WebPage\",\"@id\":\"https:\/\/patentest.com\/sv\/fto-freedom-to-operate\/\",\"url\":\"https:\/\/patentest.com\/sv\/fto-freedom-to-operate\/\",\"name\":\"En FTO s\u00f6kning s\u00e4krar att din innovation ej g\u00f6r intr\u00e5ng p\u00e5 marknaden\",\"isPartOf\":{\"@id\":\"https:\/\/patentest.com\/sv\/#website\"},\"primaryImageOfPage\":{\"@id\":\"https:\/\/patentest.com\/sv\/fto-freedom-to-operate\/#primaryimage\"},\"image\":{\"@id\":\"https:\/\/patentest.com\/sv\/fto-freedom-to-operate\/#primaryimage\"},\"thumbnailUrl\":\"https:\/\/patentest.com\/wp-content\/uploads\/2020\/12\/FTO-Freedom-to-operate-intrang-sokning.jpeg\",\"datePublished\":\"2020-01-14T16:58:19+00:00\",\"dateModified\":\"2025-06-16T07:05:57+00:00\",\"description\":\"Patentest genomf\u00f6r en FTO s\u00f6kning, s\u00e5 att du kan f\u00e5 reda p\u00e5 om du riskerar att g\u00f6ra intr\u00e5ng eller har r\u00e4tt att patentskydda din innovation.\",\"breadcrumb\":{\"@id\":\"https:\/\/patentest.com\/sv\/fto-freedom-to-operate\/#breadcrumb\"},\"inLanguage\":\"sv-SE\",\"potentialAction\":[{\"@type\":\"ReadAction\",\"target\":[\"https:\/\/patentest.com\/sv\/fto-freedom-to-operate\/\"]}]},{\"@type\":\"ImageObject\",\"inLanguage\":\"sv-SE\",\"@id\":\"https:\/\/patentest.com\/sv\/fto-freedom-to-operate\/#primaryimage\",\"url\":\"https:\/\/patentest.com\/wp-content\/uploads\/2020\/12\/FTO-Freedom-to-operate-intrang-sokning.jpeg\",\"contentUrl\":\"https:\/\/patentest.com\/wp-content\/uploads\/2020\/12\/FTO-Freedom-to-operate-intrang-sokning.jpeg\",\"width\":1234,\"height\":1851,\"caption\":\"FTO Freedom to operate intr\u00e5ng s\u00f6kning\"},{\"@type\":\"BreadcrumbList\",\"@id\":\"https:\/\/patentest.com\/sv\/fto-freedom-to-operate\/#breadcrumb\",\"itemListElement\":[{\"@type\":\"ListItem\",\"position\":1,\"name\":\"Home page\",\"item\":\"https:\/\/patentest.com\/sv\/\"},{\"@type\":\"ListItem\",\"position\":2,\"name\":\"Freedom To Operate (FTO) &#8211; Intr\u00e5ngsunders\u00f6kning\"}]},{\"@type\":\"WebSite\",\"@id\":\"https:\/\/patentest.com\/sv\/#website\",\"url\":\"https:\/\/patentest.com\/sv\/\",\"name\":\"Patentest\",\"description\":\"Your first step towards a registered patent\",\"potentialAction\":[{\"@type\":\"SearchAction\",\"target\":{\"@type\":\"EntryPoint\",\"urlTemplate\":\"https:\/\/patentest.com\/sv\/?s={search_term_string}\"},\"query-input\":{\"@type\":\"PropertyValueSpecification\",\"valueRequired\":true,\"valueName\":\"search_term_string\"}}],\"inLanguage\":\"sv-SE\"}]}<\/script>\n<!-- \/ Yoast SEO plugin. -->","yoast_head_json":{"title":"En FTO s\u00f6kning s\u00e4krar att din innovation ej g\u00f6r intr\u00e5ng p\u00e5 marknaden","description":"Patentest genomf\u00f6r en FTO s\u00f6kning, s\u00e5 att du kan f\u00e5 reda p\u00e5 om du riskerar att g\u00f6ra intr\u00e5ng eller har r\u00e4tt att patentskydda din innovation.","robots":{"index":"index","follow":"follow","max-snippet":"max-snippet:-1","max-image-preview":"max-image-preview:large","max-video-preview":"max-video-preview:-1"},"canonical":"https:\/\/patentest.com\/sv\/fto-freedom-to-operate\/","og_locale":"sv_SE","og_type":"article","og_title":"En FTO s\u00f6kning s\u00e4krar att din innovation ej g\u00f6r intr\u00e5ng p\u00e5 marknaden","og_description":"Patentest genomf\u00f6r en FTO s\u00f6kning, s\u00e5 att du kan f\u00e5 reda p\u00e5 om du riskerar att g\u00f6ra intr\u00e5ng eller har r\u00e4tt att patentskydda din innovation.","og_url":"https:\/\/patentest.com\/sv\/fto-freedom-to-operate\/","og_site_name":"Patentest","article_publisher":"https:\/\/www.facebook.com\/newtone.patent.search\/","article_modified_time":"2025-06-16T07:05:57+00:00","og_image":[{"width":1234,"height":1851,"url":"https:\/\/patentest.com\/wp-content\/uploads\/2020\/12\/FTO-Freedom-to-operate-intrang-sokning.jpeg","type":"image\/jpeg"}],"twitter_card":"summary_large_image","twitter_misc":{"Ber\u00e4knad l\u00e4stid":"2 minuter"},"schema":{"@context":"https:\/\/schema.org","@graph":[{"@type":"WebPage","@id":"https:\/\/patentest.com\/sv\/fto-freedom-to-operate\/","url":"https:\/\/patentest.com\/sv\/fto-freedom-to-operate\/","name":"En FTO s\u00f6kning s\u00e4krar att din innovation ej g\u00f6r intr\u00e5ng p\u00e5 marknaden","isPartOf":{"@id":"https:\/\/patentest.com\/sv\/#website"},"primaryImageOfPage":{"@id":"https:\/\/patentest.com\/sv\/fto-freedom-to-operate\/#primaryimage"},"image":{"@id":"https:\/\/patentest.com\/sv\/fto-freedom-to-operate\/#primaryimage"},"thumbnailUrl":"https:\/\/patentest.com\/wp-content\/uploads\/2020\/12\/FTO-Freedom-to-operate-intrang-sokning.jpeg","datePublished":"2020-01-14T16:58:19+00:00","dateModified":"2025-06-16T07:05:57+00:00","description":"Patentest genomf\u00f6r en FTO s\u00f6kning, s\u00e5 att du kan f\u00e5 reda p\u00e5 om du riskerar att g\u00f6ra intr\u00e5ng eller har r\u00e4tt att patentskydda din innovation.","breadcrumb":{"@id":"https:\/\/patentest.com\/sv\/fto-freedom-to-operate\/#breadcrumb"},"inLanguage":"sv-SE","potentialAction":[{"@type":"ReadAction","target":["https:\/\/patentest.com\/sv\/fto-freedom-to-operate\/"]}]},{"@type":"ImageObject","inLanguage":"sv-SE","@id":"https:\/\/patentest.com\/sv\/fto-freedom-to-operate\/#primaryimage","url":"https:\/\/patentest.com\/wp-content\/uploads\/2020\/12\/FTO-Freedom-to-operate-intrang-sokning.jpeg","contentUrl":"https:\/\/patentest.com\/wp-content\/uploads\/2020\/12\/FTO-Freedom-to-operate-intrang-sokning.jpeg","width":1234,"height":1851,"caption":"FTO Freedom to operate intr\u00e5ng s\u00f6kning"},{"@type":"BreadcrumbList","@id":"https:\/\/patentest.com\/sv\/fto-freedom-to-operate\/#breadcrumb","itemListElement":[{"@type":"ListItem","position":1,"name":"Home page","item":"https:\/\/patentest.com\/sv\/"},{"@type":"ListItem","position":2,"name":"Freedom To Operate (FTO) &#8211; Intr\u00e5ngsunders\u00f6kning"}]},{"@type":"WebSite","@id":"https:\/\/patentest.com\/sv\/#website","url":"https:\/\/patentest.com\/sv\/","name":"Patentest","description":"Your first step towards a registered patent","potentialAction":[{"@type":"SearchAction","target":{"@type":"EntryPoint","urlTemplate":"https:\/\/patentest.com\/sv\/?s={search_term_string}"},"query-input":{"@type":"PropertyValueSpecification","valueRequired":true,"valueName":"search_term_string"}}],"inLanguage":"sv-SE"}]}},"_links":{"self":[{"href":"https:\/\/patentest.com\/sv\/wp-json\/wp\/v2\/pages\/5589","targetHints":{"allow":["GET"]}}],"collection":[{"href":"https:\/\/patentest.com\/sv\/wp-json\/wp\/v2\/pages"}],"about":[{"href":"https:\/\/patentest.com\/sv\/wp-json\/wp\/v2\/types\/page"}],"author":[{"embeddable":true,"href":"https:\/\/patentest.com\/sv\/wp-json\/wp\/v2\/users\/1"}],"replies":[{"embeddable":true,"href":"https:\/\/patentest.com\/sv\/wp-json\/wp\/v2\/comments?post=5589"}],"version-history":[{"count":43,"href":"https:\/\/patentest.com\/sv\/wp-json\/wp\/v2\/pages\/5589\/revisions"}],"predecessor-version":[{"id":10093,"href":"https:\/\/patentest.com\/sv\/wp-json\/wp\/v2\/pages\/5589\/revisions\/10093"}],"wp:featuredmedia":[{"embeddable":true,"href":"https:\/\/patentest.com\/sv\/wp-json\/wp\/v2\/media\/6527"}],"wp:attachment":[{"href":"https:\/\/patentest.com\/sv\/wp-json\/wp\/v2\/media?parent=5589"}],"curies":[{"name":"wp","href":"https:\/\/api.w.org\/{rel}","templated":true}]}}