{"id":5497,"date":"2019-12-30T17:29:37","date_gmt":"2019-12-30T15:29:37","guid":{"rendered":"https:\/\/patentest.com\/work-opportunities\/"},"modified":"2020-09-15T15:33:15","modified_gmt":"2020-09-15T12:33:15","slug":"jobba-hos-oss","status":"publish","type":"page","link":"https:\/\/patentest.com\/sv\/jobba-hos-oss\/","title":{"rendered":"Jobba hos oss"},"content":{"rendered":"\t\t<div data-elementor-type=\"wp-post\" data-elementor-id=\"5497\" class=\"elementor elementor-5497 elementor-22 elementor-bc-flex-widget\" data-elementor-post-type=\"page\">\n\t\t\t\t\t\t<section class=\"elementor-section elementor-top-section elementor-element elementor-element-7r7zfub elementor-section-boxed elementor-section-height-default elementor-section-height-default\" data-id=\"7r7zfub\" data-element_type=\"section\" data-e-type=\"section\">\n\t\t\t\t\t\t<div class=\"elementor-container elementor-column-gap-default\">\n\t\t\t\t\t<div class=\"elementor-column elementor-col-100 elementor-top-column elementor-element elementor-element-kpc4c1r\" data-id=\"kpc4c1r\" data-element_type=\"column\" data-e-type=\"column\">\n\t\t\t<div class=\"elementor-widget-wrap elementor-element-populated\">\n\t\t\t\t\t\t<div class=\"elementor-element elementor-element-hxujzes elementor-widget elementor-widget-text-editor\" data-id=\"hxujzes\" data-element_type=\"widget\" data-e-type=\"widget\" data-widget_type=\"text-editor.default\">\n\t\t\t\t<div class=\"elementor-widget-container\">\n\t\t\t\t\t\t\t\t\t<h2>Vilka kandidater s\u00f6ker vi?<\/h2><p><span style=\"font-weight: 400;\">Vill du hj\u00e4lpa v\u00e5ra kunder att utveckla morgondagens genialiska uppfinningar? Vill du bli expert inom konsten att s\u00f6ka och hitta information? <\/span><\/p><p><span style=\"font-weight: 400;\">Om du blir en del av v\u00e5rt team kommer du att f\u00e5 jobba vid den absoluta frontlinjen f\u00f6r utveckling av de idag mest avancerade teknologierna, samt arbeta med sp\u00e4nnande f\u00f6retag v\u00e4rlden \u00f6ver.\u00a0<\/span><\/p><p><span style=\"font-weight: 400;\">Att jobba hos Patentest inneb\u00e4r framf\u00f6r allt att du arbetar i en internationell, m\u00e5ngkulturell och flerspr\u00e5kig milj\u00f6 d\u00e4r huvudspr\u00e5ket \u00e4r Engelska. D\u00e4rf\u00f6r \u00e4r en av de allra f\u00f6rsta kvalifikationerna f\u00f6r att jobba hos oss att beh\u00e4rska Engelska p\u00e5 akademisk niv\u00e5, och vi ser att du med f\u00f6rdel har Engelska som ditt modersm\u00e5l. Ytterligare spr\u00e5kkunskaper s\u00e5 som Kinesiska, Japanska och\/eller Tyska \u00e4r ocks\u00e5 en stark f\u00f6rdel.<\/span><\/p><p><b>Jobbkvalifikationer<\/b><b><br \/><\/b><span style=\"font-weight: 400;\">I och med hur k\u00e4rnan av v\u00e5ra aktiviteter ser ut och vad det inneb\u00e4r, beh\u00f6ver du som kandidat ha en s\u00e4rskild akademisk bakgrund.<\/span><\/p><p><span style=\"font-weight: 400;\">Ingenj\u00f6rer fr\u00e5n alla typer av omr\u00e5den \u00e4r v\u00e4lkomna. Vidare \u00e4r det en f\u00f6rdel om du har en multidisciplin\u00e4r akademisk utbildning.<\/span><\/p><p><span style=\"font-weight: 400;\">D\u00e5 du kommer att arbeta med innovativ teknologi beh\u00f6ver du vara snabbl\u00e4rd, kreativ samt ha en h\u00f6g analyseringsf\u00f6rm\u00e5ga.\u00a0<\/span><\/p><p><span style=\"font-weight: 400;\">Du beh\u00f6ver ocks\u00e5 vara bekv\u00e4m med kundkontakt \u00f6ver telefon, d\u00e5 du kommer att ha kontakt med kunder fr\u00e5n olika delar av v\u00e4rlden.<\/span><\/p><p><span style=\"font-weight: 400;\">L\u00e5ter detta sp\u00e4nnande? Kontakta oss s\u00e5 ber\u00e4ttar vi mer!\u00a0<\/span><\/p><p><span style=\"font-weight: 400;\"><strong>B\u00f6rja g\u00e4rna med att skicka in ditt CV till:<\/strong> <\/span><span style=\"font-weight: 400;\">info@patentest.com<\/span><\/p>\t\t\t\t\t\t\t\t<\/div>\n\t\t\t\t<\/div>\n\t\t\t\t\t<\/div>\n\t\t<\/div>\n\t\t\t\t\t<\/div>\n\t\t<\/section>\n\t\t\t\t<\/div>\n\t\t","protected":false},"excerpt":{"rendered":"<p>Vilka kandidater s\u00f6ker vi? Vill du hj\u00e4lpa v\u00e5ra kunder att utveckla morgondagens genialiska uppfinningar? Vill du bli expert inom konsten att s\u00f6ka och hitta information? Om du blir en del av v\u00e5rt team kommer du att f\u00e5 jobba vid den absoluta frontlinjen f\u00f6r utveckling av de idag mest avancerade teknologierna, samt arbeta med sp\u00e4nnande f\u00f6retag [&hellip;]<\/p>\n","protected":false},"author":1,"featured_media":0,"parent":0,"menu_order":0,"comment_status":"closed","ping_status":"closed","template":"","meta":{"footnotes":""},"class_list":["post-5497","page","type-page","status-publish","hentry"],"yoast_head":"<!-- This site is optimized with the Yoast SEO plugin v27.1.1 - https:\/\/yoast.com\/product\/yoast-seo-wordpress\/ -->\n<title>Work opportunities at Patentest Ltd\/ Patentest patent searching<\/title>\n<meta name=\"description\" content=\"Working at Patentest is above all working in an international, multi-cultural and lingual environment, working with cutting edge technologies, using creativity, open mind and discretion. Work opportunities\" \/>\n<meta name=\"robots\" content=\"index, follow, max-snippet:-1, max-image-preview:large, max-video-preview:-1\" \/>\n<link rel=\"canonical\" href=\"https:\/\/patentest.com\/sv\/jobba-hos-oss\/\" \/>\n<meta property=\"og:locale\" content=\"sv_SE\" \/>\n<meta property=\"og:type\" content=\"article\" \/>\n<meta property=\"og:title\" content=\"Work opportunities at Patentest Ltd\/ Patentest patent searching\" \/>\n<meta property=\"og:description\" content=\"Working at Patentest is above all working in an international, multi-cultural and lingual environment, working with cutting edge technologies, using creativity, open mind and discretion. Work opportunities\" \/>\n<meta property=\"og:url\" content=\"https:\/\/patentest.com\/sv\/jobba-hos-oss\/\" \/>\n<meta property=\"og:site_name\" content=\"Patentest\" \/>\n<meta property=\"article:publisher\" content=\"https:\/\/www.facebook.com\/newtone.patent.search\/\" \/>\n<meta property=\"article:modified_time\" content=\"2020-09-15T12:33:15+00:00\" \/>\n<meta property=\"og:image\" content=\"https:\/\/patentest.com\/wp-content\/uploads\/2016\/11\/HeaderLogo.png\" \/>\n\t<meta property=\"og:image:width\" content=\"187\" \/>\n\t<meta property=\"og:image:height\" content=\"49\" \/>\n\t<meta property=\"og:image:type\" content=\"image\/png\" \/>\n<meta name=\"twitter:card\" content=\"summary_large_image\" \/>\n<meta name=\"twitter:label1\" content=\"Ber\u00e4knad l\u00e4stid\" \/>\n\t<meta name=\"twitter:data1\" content=\"1 minut\" \/>\n<script type=\"application\/ld+json\" class=\"yoast-schema-graph\">{\"@context\":\"https:\/\/schema.org\",\"@graph\":[{\"@type\":\"WebPage\",\"@id\":\"https:\/\/patentest.com\/sv\/jobba-hos-oss\/\",\"url\":\"https:\/\/patentest.com\/sv\/jobba-hos-oss\/\",\"name\":\"Work opportunities at Patentest Ltd\/ Patentest patent searching\",\"isPartOf\":{\"@id\":\"https:\/\/patentest.com\/sv\/#website\"},\"datePublished\":\"2019-12-30T15:29:37+00:00\",\"dateModified\":\"2020-09-15T12:33:15+00:00\",\"description\":\"Working at Patentest is above all working in an international, multi-cultural and lingual environment, working with cutting edge technologies, using creativity, open mind and discretion. Work opportunities\",\"breadcrumb\":{\"@id\":\"https:\/\/patentest.com\/sv\/jobba-hos-oss\/#breadcrumb\"},\"inLanguage\":\"sv-SE\",\"potentialAction\":[{\"@type\":\"ReadAction\",\"target\":[\"https:\/\/patentest.com\/sv\/jobba-hos-oss\/\"]}]},{\"@type\":\"BreadcrumbList\",\"@id\":\"https:\/\/patentest.com\/sv\/jobba-hos-oss\/#breadcrumb\",\"itemListElement\":[{\"@type\":\"ListItem\",\"position\":1,\"name\":\"Home page\",\"item\":\"https:\/\/patentest.com\/sv\/\"},{\"@type\":\"ListItem\",\"position\":2,\"name\":\"Jobba hos oss\"}]},{\"@type\":\"WebSite\",\"@id\":\"https:\/\/patentest.com\/sv\/#website\",\"url\":\"https:\/\/patentest.com\/sv\/\",\"name\":\"Patentest\",\"description\":\"Your first step towards a registered patent\",\"potentialAction\":[{\"@type\":\"SearchAction\",\"target\":{\"@type\":\"EntryPoint\",\"urlTemplate\":\"https:\/\/patentest.com\/sv\/?s={search_term_string}\"},\"query-input\":{\"@type\":\"PropertyValueSpecification\",\"valueRequired\":true,\"valueName\":\"search_term_string\"}}],\"inLanguage\":\"sv-SE\"}]}<\/script>\n<!-- \/ Yoast SEO plugin. -->","yoast_head_json":{"title":"Work opportunities at Patentest Ltd\/ Patentest patent searching","description":"Working at Patentest is above all working in an international, multi-cultural and lingual environment, working with cutting edge technologies, using creativity, open mind and discretion. Work opportunities","robots":{"index":"index","follow":"follow","max-snippet":"max-snippet:-1","max-image-preview":"max-image-preview:large","max-video-preview":"max-video-preview:-1"},"canonical":"https:\/\/patentest.com\/sv\/jobba-hos-oss\/","og_locale":"sv_SE","og_type":"article","og_title":"Work opportunities at Patentest Ltd\/ Patentest patent searching","og_description":"Working at Patentest is above all working in an international, multi-cultural and lingual environment, working with cutting edge technologies, using creativity, open mind and discretion. Work opportunities","og_url":"https:\/\/patentest.com\/sv\/jobba-hos-oss\/","og_site_name":"Patentest","article_publisher":"https:\/\/www.facebook.com\/newtone.patent.search\/","article_modified_time":"2020-09-15T12:33:15+00:00","og_image":[{"width":187,"height":49,"url":"https:\/\/patentest.com\/wp-content\/uploads\/2016\/11\/HeaderLogo.png","type":"image\/png"}],"twitter_card":"summary_large_image","twitter_misc":{"Ber\u00e4knad l\u00e4stid":"1 minut"},"schema":{"@context":"https:\/\/schema.org","@graph":[{"@type":"WebPage","@id":"https:\/\/patentest.com\/sv\/jobba-hos-oss\/","url":"https:\/\/patentest.com\/sv\/jobba-hos-oss\/","name":"Work opportunities at Patentest Ltd\/ Patentest patent searching","isPartOf":{"@id":"https:\/\/patentest.com\/sv\/#website"},"datePublished":"2019-12-30T15:29:37+00:00","dateModified":"2020-09-15T12:33:15+00:00","description":"Working at Patentest is above all working in an international, multi-cultural and lingual environment, working with cutting edge technologies, using creativity, open mind and discretion. Work opportunities","breadcrumb":{"@id":"https:\/\/patentest.com\/sv\/jobba-hos-oss\/#breadcrumb"},"inLanguage":"sv-SE","potentialAction":[{"@type":"ReadAction","target":["https:\/\/patentest.com\/sv\/jobba-hos-oss\/"]}]},{"@type":"BreadcrumbList","@id":"https:\/\/patentest.com\/sv\/jobba-hos-oss\/#breadcrumb","itemListElement":[{"@type":"ListItem","position":1,"name":"Home page","item":"https:\/\/patentest.com\/sv\/"},{"@type":"ListItem","position":2,"name":"Jobba hos oss"}]},{"@type":"WebSite","@id":"https:\/\/patentest.com\/sv\/#website","url":"https:\/\/patentest.com\/sv\/","name":"Patentest","description":"Your first step towards a registered patent","potentialAction":[{"@type":"SearchAction","target":{"@type":"EntryPoint","urlTemplate":"https:\/\/patentest.com\/sv\/?s={search_term_string}"},"query-input":{"@type":"PropertyValueSpecification","valueRequired":true,"valueName":"search_term_string"}}],"inLanguage":"sv-SE"}]}},"_links":{"self":[{"href":"https:\/\/patentest.com\/sv\/wp-json\/wp\/v2\/pages\/5497","targetHints":{"allow":["GET"]}}],"collection":[{"href":"https:\/\/patentest.com\/sv\/wp-json\/wp\/v2\/pages"}],"about":[{"href":"https:\/\/patentest.com\/sv\/wp-json\/wp\/v2\/types\/page"}],"author":[{"embeddable":true,"href":"https:\/\/patentest.com\/sv\/wp-json\/wp\/v2\/users\/1"}],"replies":[{"embeddable":true,"href":"https:\/\/patentest.com\/sv\/wp-json\/wp\/v2\/comments?post=5497"}],"version-history":[{"count":10,"href":"https:\/\/patentest.com\/sv\/wp-json\/wp\/v2\/pages\/5497\/revisions"}],"predecessor-version":[{"id":6035,"href":"https:\/\/patentest.com\/sv\/wp-json\/wp\/v2\/pages\/5497\/revisions\/6035"}],"wp:attachment":[{"href":"https:\/\/patentest.com\/sv\/wp-json\/wp\/v2\/media?parent=5497"}],"curies":[{"name":"wp","href":"https:\/\/api.w.org\/{rel}","templated":true}]}}