{"id":5495,"date":"2019-12-30T12:42:28","date_gmt":"2019-12-30T10:42:28","guid":{"rendered":"https:\/\/patentest.com\/confidentiality\/"},"modified":"2020-12-16T15:54:30","modified_gmt":"2020-12-16T13:54:30","slug":"uppfinning-konfidentialitet-sekretess","status":"publish","type":"page","link":"https:\/\/patentest.com\/sv\/uppfinning-konfidentialitet-sekretess\/","title":{"rendered":"Vi skyddar din uppfinning med konfidentialitet och sekretessavtal"},"content":{"rendered":"\t\t<div data-elementor-type=\"wp-post\" data-elementor-id=\"5495\" class=\"elementor elementor-5495 elementor-1412 elementor-bc-flex-widget\" data-elementor-post-type=\"page\">\n\t\t\t\t\t\t<section class=\"elementor-section elementor-top-section elementor-element elementor-element-jwwpqcv elementor-section-boxed elementor-section-height-default elementor-section-height-default\" data-id=\"jwwpqcv\" data-element_type=\"section\" data-e-type=\"section\">\n\t\t\t\t\t\t<div class=\"elementor-container elementor-column-gap-default\">\n\t\t\t\t\t<div class=\"elementor-column elementor-col-100 elementor-top-column elementor-element elementor-element-qw1zuzz\" data-id=\"qw1zuzz\" data-element_type=\"column\" data-e-type=\"column\">\n\t\t\t<div class=\"elementor-widget-wrap elementor-element-populated\">\n\t\t\t\t\t\t<div class=\"elementor-element elementor-element-7sc260t elementor-widget elementor-widget-text-editor\" data-id=\"7sc260t\" data-element_type=\"widget\" data-e-type=\"widget\" data-widget_type=\"text-editor.default\">\n\t\t\t\t<div class=\"elementor-widget-container\">\n\t\t\t\t\t\t\t\t\t<h2><span style=\"font-weight: 400;\">\u00c4r du orolig f\u00f6r att avsl\u00f6ja din uppfinning? Vi garanterar att din information \u00e4r s\u00e4ker.<\/span><\/h2><p><span style=\"font-weight: 400;\">N\u00e4r du som kund v\u00e4nder dig till oss g\u00e4llande patents\u00f6kning f\u00f6r din <\/span><a href=\"https:\/\/www.tekniskamuseet.se\/lar-dig-mer\/100-innovationer\/\"><span style=\"font-weight: 400;\">uppfinning,<\/span><\/a><span style=\"font-weight: 400;\"> s\u00e5 kan vi p\u00e5 Patentest garantera att din information \u00e4r 100% s\u00e4ker hos oss. V\u00e5r prioritet \u00e4r att skydda v\u00e5ra kunders data och information. Vi \u00e4r ocks\u00e5 medlemmar i The Association of Intellectual Property Law Firms\u00a0 (<\/span><a href=\"https:\/\/sepaf.se\/\"><span style=\"font-weight: 400;\">SEPAF<\/span><\/a><span style=\"font-weight: 400;\">) i Sverige. Vi f\u00f6ljer SEPAF:s etikregler och\u00a0 genom det s\u00e4kerst\u00e4ller att v\u00e5ra kunder kan k\u00e4nna sig trygga hos oss.<\/span><\/p><p><span style=\"font-weight: 400;\">Varje best\u00e4llning som du g\u00f6r av oss inkluderar dessutom ett sekretessavtal.\u00a0 Skulle du vilja skicka in ett eget avtal som r\u00f6r sekretessen kring din <\/span><a href=\"https:\/\/patentest.com\/sv\/patentsokning-for-innovatorer\/\"><span style=\"font-weight: 400;\">uppfinning<\/span><\/a><span style=\"font-weight: 400;\"> till oss ser vi givetvis till att underteckna det ocks\u00e5.<\/span><\/p><p><span style=\"font-weight: 400;\">Du kan l\u00e4sa igenom v\u00e5rt standardavtal f\u00f6r sekretess &amp; konfidentialitet h\u00e4r: <\/span><\/p><p><strong>1. PARTIES<\/strong><\/p><p><span style=\"font-weight: 400;\">This agreement (herein \u201cAgreement\u201d) is between<\/span><\/p><p><span style=\"font-weight: 400;\">Patentest UK Ltd. and any of its related companies.<\/span><\/p><p><span style=\"font-weight: 400;\">The receiving party (herein \u201cthe Company\u201d)<\/span><\/p><p><span style=\"font-weight: 400;\">and<\/span><\/p><p><span style=\"font-weight: 400;\">Customer name from address XXXXX<\/span><\/p><p><span style=\"font-weight: 400;\">The Disclosing party (herein \u201cthe Customer\u201d)<\/span><\/p><p><strong>2. BACKGROUND AND PURPOSE OF DISCLOSURE<\/strong><\/p><p><span style=\"font-weight: 400;\">The Customer is filing a patent search request with the Company. The request, reference number PT2019xxxxx, includes valuable confidential and proprietary information.<\/span><\/p><p><strong>3. DESCRIPTION OF CONFIDENTIAL INFORMATION<\/strong><\/p><p><span style=\"font-weight: 400;\">Confidential Information is all confidential information identified in written or oral format by the Customer to the Company. The provisions in this Agreement shall not apply to any information (i) which is in the public domain at the time of disclosure to the Company or which thereafter enters the public domain through no action or inaction by the Company or its employees; or (ii) which the Company can establish and document was in the possession of or known by the Company prior to its receipt from the Disclosing party; (iii) which is rightfully disclosed to the Company from a source other than the Disclosing Party without any obligation of confidentiality; (iv) which the Receiving party can establish was independently developed by the Receiving Party; or (v)is approved for release by written authorization of the Customer.<\/span><\/p><p><strong>4. AGREEMENT TO MAINTAIN CONFIDENTIALITY<\/strong><\/p><p><span style=\"font-weight: 400;\">The Company agrees to hold any confidential information disclosed to it in confidence, to cause its employees, agents, or other third parties to hold such confidential information in confidence, and to use the same standard of care used to protect its own proprietary and confidential information in protecting the confidential information. The Company shall not disclose confidential information to others or use it for purposes other than performing the services which the Customer requested.<\/span><\/p><p><strong>5. EFFECTIVE DATE AND LENGTH OF OBLIGATION<\/strong><\/p><p><span style=\"font-weight: 400;\">This Agreement is effective as of Date xxxx. The Company obligation of confidentiality and non-use of confidential information hereunder shall last for ten (10) years.<\/span><\/p><p><strong>6. GOVERNING LAW<\/strong><\/p><p><span style=\"font-weight: 400;\">This Agreement shall be governed by and construed in accordance with the laws of England. <\/span><\/p><p><span style=\"font-weight: 400;\">The Customer hereby submits and consent to the jurisdiction courts of London for purposes of any legal action arising out of this agreement.<\/span><\/p><p><strong>7. AMENDMENTS<\/strong><\/p><p><span style=\"font-weight: 400;\">This Agreement supersedes all previous agreements between the Customer and the Company regarding the confidential information and cannot be canceled, assigned, or modified without the prior written consent of both the Customer and the Company.<\/span><\/p><p><strong>8. DAMAGES AND LIABILITY<\/strong><\/p><p><span style=\"font-weight: 400;\">The Company will do everything possible to keep confidential information safe and prevent any misuse, disclosure, or publication of this information. <\/span><\/p><p><span style=\"font-weight: 400;\">The Company is not liable for any damages caused to the customer in the event of delinquent confidentiality breach and disclosure of the confidential information by third party.<\/span><\/p>\t\t\t\t\t\t\t\t<\/div>\n\t\t\t\t<\/div>\n\t\t\t\t\t<\/div>\n\t\t<\/div>\n\t\t\t\t\t<\/div>\n\t\t<\/section>\n\t\t\t\t<\/div>\n\t\t","protected":false},"excerpt":{"rendered":"<p>\u00c4r du orolig f\u00f6r att avsl\u00f6ja din uppfinning? Vi garanterar att din information \u00e4r s\u00e4ker. Vi p\u00e5 Patentest garanterar att din information \u00e4r 100% s\u00e4ker hos oss. V\u00e5r prioritet \u00e4r att skydda v\u00e5ra kunders data och information. Vi \u00e4r ocks\u00e5 medlemmar i The Association of Intellectual Property Law Firms (SEPAF) i Sverige. Vi f\u00f6ljer SEPAF:s [&hellip;]<\/p>\n","protected":false},"author":1,"featured_media":6500,"parent":0,"menu_order":0,"comment_status":"closed","ping_status":"closed","template":"","meta":{"footnotes":""},"class_list":["post-5495","page","type-page","status-publish","has-post-thumbnail","hentry"],"yoast_head":"<!-- This site is optimized with the Yoast SEO plugin v27.1.1 - https:\/\/yoast.com\/product\/yoast-seo-wordpress\/ -->\n<title>Skydda din uppfinning - Sekretessavtal &amp; konfidentialitet | Patentest<\/title>\n<meta name=\"description\" content=\"Vi skyddar din uppfinning med sekretessavtal och standardiserade avtal f\u00f6r h\u00f6gsta m\u00f6jliga konfidentialitet.\" \/>\n<meta name=\"robots\" content=\"index, follow, max-snippet:-1, max-image-preview:large, max-video-preview:-1\" \/>\n<link rel=\"canonical\" href=\"https:\/\/patentest.com\/sv\/uppfinning-konfidentialitet-sekretess\/\" \/>\n<meta property=\"og:locale\" content=\"sv_SE\" \/>\n<meta property=\"og:type\" content=\"article\" \/>\n<meta property=\"og:title\" content=\"Skydda din uppfinning - Sekretessavtal &amp; konfidentialitet | Patentest\" \/>\n<meta property=\"og:description\" content=\"Vi skyddar din uppfinning med sekretessavtal och standardiserade avtal f\u00f6r h\u00f6gsta m\u00f6jliga konfidentialitet.\" \/>\n<meta property=\"og:url\" content=\"https:\/\/patentest.com\/sv\/uppfinning-konfidentialitet-sekretess\/\" \/>\n<meta property=\"og:site_name\" content=\"Patentest\" \/>\n<meta property=\"article:publisher\" content=\"https:\/\/www.facebook.com\/newtone.patent.search\/\" \/>\n<meta property=\"article:modified_time\" content=\"2020-12-16T13:54:30+00:00\" \/>\n<meta property=\"og:image\" content=\"https:\/\/patentest.com\/wp-content\/uploads\/2020\/12\/photo-1454165804606-c3d57bc86b40.jpeg\" \/>\n\t<meta property=\"og:image:width\" content=\"1650\" \/>\n\t<meta property=\"og:image:height\" content=\"1101\" \/>\n\t<meta property=\"og:image:type\" content=\"image\/jpeg\" \/>\n<meta name=\"twitter:card\" content=\"summary_large_image\" \/>\n<meta name=\"twitter:label1\" content=\"Ber\u00e4knad l\u00e4stid\" \/>\n\t<meta name=\"twitter:data1\" content=\"3 minuter\" \/>\n<script type=\"application\/ld+json\" class=\"yoast-schema-graph\">{\"@context\":\"https:\/\/schema.org\",\"@graph\":[{\"@type\":\"WebPage\",\"@id\":\"https:\/\/patentest.com\/sv\/uppfinning-konfidentialitet-sekretess\/\",\"url\":\"https:\/\/patentest.com\/sv\/uppfinning-konfidentialitet-sekretess\/\",\"name\":\"Skydda din uppfinning - Sekretessavtal & konfidentialitet | Patentest\",\"isPartOf\":{\"@id\":\"https:\/\/patentest.com\/sv\/#website\"},\"primaryImageOfPage\":{\"@id\":\"https:\/\/patentest.com\/sv\/uppfinning-konfidentialitet-sekretess\/#primaryimage\"},\"image\":{\"@id\":\"https:\/\/patentest.com\/sv\/uppfinning-konfidentialitet-sekretess\/#primaryimage\"},\"thumbnailUrl\":\"https:\/\/patentest.com\/wp-content\/uploads\/2020\/12\/photo-1454165804606-c3d57bc86b40.jpeg\",\"datePublished\":\"2019-12-30T10:42:28+00:00\",\"dateModified\":\"2020-12-16T13:54:30+00:00\",\"description\":\"Vi skyddar din uppfinning med sekretessavtal och standardiserade avtal f\u00f6r h\u00f6gsta m\u00f6jliga konfidentialitet.\",\"breadcrumb\":{\"@id\":\"https:\/\/patentest.com\/sv\/uppfinning-konfidentialitet-sekretess\/#breadcrumb\"},\"inLanguage\":\"sv-SE\",\"potentialAction\":[{\"@type\":\"ReadAction\",\"target\":[\"https:\/\/patentest.com\/sv\/uppfinning-konfidentialitet-sekretess\/\"]}]},{\"@type\":\"ImageObject\",\"inLanguage\":\"sv-SE\",\"@id\":\"https:\/\/patentest.com\/sv\/uppfinning-konfidentialitet-sekretess\/#primaryimage\",\"url\":\"https:\/\/patentest.com\/wp-content\/uploads\/2020\/12\/photo-1454165804606-c3d57bc86b40.jpeg\",\"contentUrl\":\"https:\/\/patentest.com\/wp-content\/uploads\/2020\/12\/photo-1454165804606-c3d57bc86b40.jpeg\",\"width\":1650,\"height\":1101,\"caption\":\"uppfinning-sekretessavtal\"},{\"@type\":\"BreadcrumbList\",\"@id\":\"https:\/\/patentest.com\/sv\/uppfinning-konfidentialitet-sekretess\/#breadcrumb\",\"itemListElement\":[{\"@type\":\"ListItem\",\"position\":1,\"name\":\"Home page\",\"item\":\"https:\/\/patentest.com\/sv\/\"},{\"@type\":\"ListItem\",\"position\":2,\"name\":\"Vi skyddar din uppfinning med konfidentialitet och sekretessavtal\"}]},{\"@type\":\"WebSite\",\"@id\":\"https:\/\/patentest.com\/sv\/#website\",\"url\":\"https:\/\/patentest.com\/sv\/\",\"name\":\"Patentest\",\"description\":\"Your first step towards a registered patent\",\"potentialAction\":[{\"@type\":\"SearchAction\",\"target\":{\"@type\":\"EntryPoint\",\"urlTemplate\":\"https:\/\/patentest.com\/sv\/?s={search_term_string}\"},\"query-input\":{\"@type\":\"PropertyValueSpecification\",\"valueRequired\":true,\"valueName\":\"search_term_string\"}}],\"inLanguage\":\"sv-SE\"}]}<\/script>\n<!-- \/ Yoast SEO plugin. -->","yoast_head_json":{"title":"Skydda din uppfinning - Sekretessavtal & konfidentialitet | Patentest","description":"Vi skyddar din uppfinning med sekretessavtal och standardiserade avtal f\u00f6r h\u00f6gsta m\u00f6jliga konfidentialitet.","robots":{"index":"index","follow":"follow","max-snippet":"max-snippet:-1","max-image-preview":"max-image-preview:large","max-video-preview":"max-video-preview:-1"},"canonical":"https:\/\/patentest.com\/sv\/uppfinning-konfidentialitet-sekretess\/","og_locale":"sv_SE","og_type":"article","og_title":"Skydda din uppfinning - Sekretessavtal & konfidentialitet | Patentest","og_description":"Vi skyddar din uppfinning med sekretessavtal och standardiserade avtal f\u00f6r h\u00f6gsta m\u00f6jliga konfidentialitet.","og_url":"https:\/\/patentest.com\/sv\/uppfinning-konfidentialitet-sekretess\/","og_site_name":"Patentest","article_publisher":"https:\/\/www.facebook.com\/newtone.patent.search\/","article_modified_time":"2020-12-16T13:54:30+00:00","og_image":[{"width":1650,"height":1101,"url":"https:\/\/patentest.com\/wp-content\/uploads\/2020\/12\/photo-1454165804606-c3d57bc86b40.jpeg","type":"image\/jpeg"}],"twitter_card":"summary_large_image","twitter_misc":{"Ber\u00e4knad l\u00e4stid":"3 minuter"},"schema":{"@context":"https:\/\/schema.org","@graph":[{"@type":"WebPage","@id":"https:\/\/patentest.com\/sv\/uppfinning-konfidentialitet-sekretess\/","url":"https:\/\/patentest.com\/sv\/uppfinning-konfidentialitet-sekretess\/","name":"Skydda din uppfinning - Sekretessavtal & konfidentialitet | Patentest","isPartOf":{"@id":"https:\/\/patentest.com\/sv\/#website"},"primaryImageOfPage":{"@id":"https:\/\/patentest.com\/sv\/uppfinning-konfidentialitet-sekretess\/#primaryimage"},"image":{"@id":"https:\/\/patentest.com\/sv\/uppfinning-konfidentialitet-sekretess\/#primaryimage"},"thumbnailUrl":"https:\/\/patentest.com\/wp-content\/uploads\/2020\/12\/photo-1454165804606-c3d57bc86b40.jpeg","datePublished":"2019-12-30T10:42:28+00:00","dateModified":"2020-12-16T13:54:30+00:00","description":"Vi skyddar din uppfinning med sekretessavtal och standardiserade avtal f\u00f6r h\u00f6gsta m\u00f6jliga konfidentialitet.","breadcrumb":{"@id":"https:\/\/patentest.com\/sv\/uppfinning-konfidentialitet-sekretess\/#breadcrumb"},"inLanguage":"sv-SE","potentialAction":[{"@type":"ReadAction","target":["https:\/\/patentest.com\/sv\/uppfinning-konfidentialitet-sekretess\/"]}]},{"@type":"ImageObject","inLanguage":"sv-SE","@id":"https:\/\/patentest.com\/sv\/uppfinning-konfidentialitet-sekretess\/#primaryimage","url":"https:\/\/patentest.com\/wp-content\/uploads\/2020\/12\/photo-1454165804606-c3d57bc86b40.jpeg","contentUrl":"https:\/\/patentest.com\/wp-content\/uploads\/2020\/12\/photo-1454165804606-c3d57bc86b40.jpeg","width":1650,"height":1101,"caption":"uppfinning-sekretessavtal"},{"@type":"BreadcrumbList","@id":"https:\/\/patentest.com\/sv\/uppfinning-konfidentialitet-sekretess\/#breadcrumb","itemListElement":[{"@type":"ListItem","position":1,"name":"Home page","item":"https:\/\/patentest.com\/sv\/"},{"@type":"ListItem","position":2,"name":"Vi skyddar din uppfinning med konfidentialitet och sekretessavtal"}]},{"@type":"WebSite","@id":"https:\/\/patentest.com\/sv\/#website","url":"https:\/\/patentest.com\/sv\/","name":"Patentest","description":"Your first step towards a registered patent","potentialAction":[{"@type":"SearchAction","target":{"@type":"EntryPoint","urlTemplate":"https:\/\/patentest.com\/sv\/?s={search_term_string}"},"query-input":{"@type":"PropertyValueSpecification","valueRequired":true,"valueName":"search_term_string"}}],"inLanguage":"sv-SE"}]}},"_links":{"self":[{"href":"https:\/\/patentest.com\/sv\/wp-json\/wp\/v2\/pages\/5495","targetHints":{"allow":["GET"]}}],"collection":[{"href":"https:\/\/patentest.com\/sv\/wp-json\/wp\/v2\/pages"}],"about":[{"href":"https:\/\/patentest.com\/sv\/wp-json\/wp\/v2\/types\/page"}],"author":[{"embeddable":true,"href":"https:\/\/patentest.com\/sv\/wp-json\/wp\/v2\/users\/1"}],"replies":[{"embeddable":true,"href":"https:\/\/patentest.com\/sv\/wp-json\/wp\/v2\/comments?post=5495"}],"version-history":[{"count":6,"href":"https:\/\/patentest.com\/sv\/wp-json\/wp\/v2\/pages\/5495\/revisions"}],"predecessor-version":[{"id":6499,"href":"https:\/\/patentest.com\/sv\/wp-json\/wp\/v2\/pages\/5495\/revisions\/6499"}],"wp:featuredmedia":[{"embeddable":true,"href":"https:\/\/patentest.com\/sv\/wp-json\/wp\/v2\/media\/6500"}],"wp:attachment":[{"href":"https:\/\/patentest.com\/sv\/wp-json\/wp\/v2\/media?parent=5495"}],"curies":[{"name":"wp","href":"https:\/\/api.w.org\/{rel}","templated":true}]}}