{"id":5490,"date":"2019-12-11T17:46:01","date_gmt":"2019-12-11T15:46:01","guid":{"rendered":"https:\/\/patentest.com\/our-clients\/"},"modified":"2021-02-03T09:20:36","modified_gmt":"2021-02-03T07:20:36","slug":"vara-kunder-patentbyraer","status":"publish","type":"page","link":"https:\/\/patentest.com\/sv\/vara-kunder-patentbyraer\/","title":{"rendered":"V\u00e5ra kunder"},"content":{"rendered":"\t\t<div data-elementor-type=\"wp-post\" data-elementor-id=\"5490\" class=\"elementor elementor-5490 elementor-14\" data-elementor-post-type=\"page\">\n\t\t\t\t\t\t<section class=\"elementor-section elementor-top-section elementor-element elementor-element-urfikzv elementor-section-boxed elementor-section-height-default elementor-section-height-default\" data-id=\"urfikzv\" data-element_type=\"section\" data-e-type=\"section\">\n\t\t\t\t\t\t<div class=\"elementor-container elementor-column-gap-default\">\n\t\t\t\t\t<div class=\"elementor-column elementor-col-100 elementor-top-column elementor-element elementor-element-om8y7yj\" data-id=\"om8y7yj\" data-element_type=\"column\" data-e-type=\"column\">\n\t\t\t<div class=\"elementor-widget-wrap elementor-element-populated\">\n\t\t\t\t\t\t<div class=\"elementor-element elementor-element-ca3vyj4 elementor-widget elementor-widget-text-editor\" data-id=\"ca3vyj4\" data-element_type=\"widget\" data-e-type=\"widget\" data-widget_type=\"text-editor.default\">\n\t\t\t\t<div class=\"elementor-widget-container\">\n\t\t\t\t\t\t\t\t\t<h2>Patentests kundportf\u00f6lj best\u00e5r av allt ifr\u00e5n uppfinnare till patentbyr\u00e5er<\/h2><p><span style=\"font-weight: 400;\">M\u00e5nga \u00e5rs erfarenhet och professionell service har lett till att vi samarbetar med de ledande och mest v\u00e4lk\u00e4nda patentbyr\u00e5er och f\u00f6retag inom olika tekniska omr\u00e5den i de l\u00e4nder d\u00e4r vi finns. Vi samarbetar b\u00e5de med enskilda <\/span><a href=\"https:\/\/patentest.com\/sv\/patentsokning-for-innovatorer\/\"><span style=\"font-weight: 400;\">uppfinnare<\/span><\/a><span style=\"font-weight: 400;\"> och med stora f\u00f6retag som <\/span><a href=\"https:\/\/www.axis.com\/en\"><span style=\"font-weight: 400;\">Axis<\/span><\/a><span style=\"font-weight: 400;\">,\u00a0<\/span><a href=\"https:\/\/global.abb\/group\/en\"><span style=\"font-weight: 400;\">ABB<\/span><\/a><span style=\"font-weight: 400;\">\u00a0<\/span><span style=\"font-weight: 400;\">och<\/span><span style=\"font-weight: 400;\">\u00a0<\/span><a href=\"https:\/\/www.electroluxgroup.com\/en\/\"><span style=\"font-weight: 400;\">Electrolux<\/span><\/a><span style=\"font-weight: 400;\">. V\u00e5rt breda n\u00e4tverk g\u00f6r att vi har stor f\u00f6rst\u00e5else f\u00f6r marknaden och varf\u00f6r uppfinnare och andra akt\u00f6rer b\u00f6r genomf\u00f6ra en <\/span><a href=\"https:\/\/patentest.com\/sv\/allman-information\/varfor-genomfora-patentsokning\/\"><span style=\"font-weight: 400;\">patents\u00f6kning<\/span><\/a>.<\/p><p><span style=\"font-weight: 400;\">V\u00e5r portf\u00f6lj av kunder best\u00e5r av ledande globala bolag, teknikf\u00f6retag, patentbyr\u00e5er och advokatbyr\u00e5er samt innovationscentrum. Vi har \u00e4ven en kundbas best\u00e5ende av privata och offentliga\u00a0<\/span><span style=\"font-weight: 400;\">investerare samt uppfinnare. Nedan hittar du ett urval av v\u00e5ra kunder.<\/span><\/p>\t\t\t\t\t\t\t\t<\/div>\n\t\t\t\t<\/div>\n\t\t\t\t<div class=\"elementor-element elementor-element-2c404a5 elementor-widget elementor-widget-html\" data-id=\"2c404a5\" data-element_type=\"widget\" data-e-type=\"widget\" data-widget_type=\"html.default\">\n\t\t\t\t<div class=\"elementor-widget-container\">\n\t\t\t\t\t<!-- TrustBox widget - Micro Review Count -->\n<div class=\"trustpilot-widget\" data-locale=\"sv-SE\" data-template-id=\"5419b6a8b0d04a076446a9ad\" data-businessunit-id=\"5f2ac7bcd9d39500016dc872\" data-style-height=\"24px\" data-style-width=\"100%\" data-theme=\"light\">\n  <a href=\"https:\/\/se.trustpilot.com\/review\/patentest.com\" target=\"_blank\" rel=\"noopener\">Trustpilot<\/a>\n<\/div>\n<!-- End TrustBox widget -->\t\t\t\t<\/div>\n\t\t\t\t<\/div>\n\t\t\t\t\t<\/div>\n\t\t<\/div>\n\t\t\t\t\t<\/div>\n\t\t<\/section>\n\t\t\t\t<section class=\"elementor-section elementor-top-section elementor-element elementor-element-f5b818e elementor-section-boxed elementor-section-height-default elementor-section-height-default\" data-id=\"f5b818e\" data-element_type=\"section\" data-e-type=\"section\">\n\t\t\t\t\t\t<div class=\"elementor-container elementor-column-gap-default\">\n\t\t\t\t\t<div class=\"elementor-column elementor-col-100 elementor-top-column elementor-element elementor-element-75dade7\" data-id=\"75dade7\" data-element_type=\"column\" data-e-type=\"column\">\n\t\t\t<div class=\"elementor-widget-wrap elementor-element-populated\">\n\t\t\t\t\t\t<div class=\"elementor-element elementor-element-e85acbc elementor-widget elementor-widget-text-editor\" data-id=\"e85acbc\" data-element_type=\"widget\" data-e-type=\"widget\" data-widget_type=\"text-editor.default\">\n\t\t\t\t<div class=\"elementor-widget-container\">\n\t\t\t\t\t\t\t\t\t<h2>N\u00e5gra av v\u00e5ra kunder<\/h2>\t\t\t\t\t\t\t\t<\/div>\n\t\t\t\t<\/div>\n\t\t\t\t\t<\/div>\n\t\t<\/div>\n\t\t\t\t\t<\/div>\n\t\t<\/section>\n\t\t\t\t<section class=\"elementor-section elementor-top-section elementor-element elementor-element-0kbremf elementor-section-boxed elementor-section-height-default elementor-section-height-default\" data-id=\"0kbremf\" data-element_type=\"section\" data-e-type=\"section\">\n\t\t\t\t\t\t<div class=\"elementor-container elementor-column-gap-no\">\n\t\t\t\t\t<div class=\"elementor-column elementor-col-100 elementor-top-column elementor-element elementor-element-iy7clpp\" data-id=\"iy7clpp\" data-element_type=\"column\" data-e-type=\"column\">\n\t\t\t<div class=\"elementor-widget-wrap elementor-element-populated\">\n\t\t\t\t\t\t<div class=\"elementor-element elementor-element-2db726c elementor-widget elementor-widget-gallery\" data-id=\"2db726c\" data-element_type=\"widget\" data-e-type=\"widget\" data-settings=\"{&quot;gallery_layout&quot;:&quot;justified&quot;,&quot;ideal_row_height&quot;:{&quot;unit&quot;:&quot;px&quot;,&quot;size&quot;:80,&quot;sizes&quot;:[]},&quot;gap&quot;:{&quot;unit&quot;:&quot;px&quot;,&quot;size&quot;:35,&quot;sizes&quot;:[]},&quot;lazyload&quot;:&quot;yes&quot;,&quot;ideal_row_height_tablet&quot;:{&quot;unit&quot;:&quot;px&quot;,&quot;size&quot;:150,&quot;sizes&quot;:[]},&quot;ideal_row_height_mobile&quot;:{&quot;unit&quot;:&quot;px&quot;,&quot;size&quot;:150,&quot;sizes&quot;:[]},&quot;gap_tablet&quot;:{&quot;unit&quot;:&quot;px&quot;,&quot;size&quot;:10,&quot;sizes&quot;:[]},&quot;gap_mobile&quot;:{&quot;unit&quot;:&quot;px&quot;,&quot;size&quot;:10,&quot;sizes&quot;:[]},&quot;content_hover_animation&quot;:&quot;fade-in&quot;}\" data-widget_type=\"gallery.default\">\n\t\t\t\t<div class=\"elementor-widget-container\">\n\t\t\t\t\t\t\t<div class=\"elementor-gallery__container\">\n\t\t\t\t\t\t\t<div class=\"e-gallery-item elementor-gallery-item elementor-animated-content\">\n\t\t\t\t\t<div class=\"e-gallery-image elementor-gallery-item__image\" data-thumbnail=\"https:\/\/patentest.com\/wp-content\/uploads\/elementor\/thumbs\/Amdocs-logo-osl7az3lq3ve81hcg6htvvyhicealg2f7u6hlwylm0.png\" data-width=\"200\" data-height=\"100\" aria-label=\"\" role=\"img\" ><\/div>\n\t\t\t\t\t\t\t\t\t\t\t\t\t\t<\/div>\n\t\t\t\t\t\t\t<div class=\"e-gallery-item elementor-gallery-item elementor-animated-content\">\n\t\t\t\t\t<div class=\"e-gallery-image elementor-gallery-item__image\" data-thumbnail=\"https:\/\/patentest.com\/wp-content\/uploads\/elementor\/thumbs\/ibm-n06ph6mnv0jujx91lwno52ta5o8gjca3272tlb2xns.jpg\" data-width=\"200\" data-height=\"100\" aria-label=\"patentest clients imb\" role=\"img\" ><\/div>\n\t\t\t\t\t\t\t\t\t\t\t\t\t\t<\/div>\n\t\t\t\t\t\t\t<div class=\"e-gallery-item elementor-gallery-item elementor-animated-content\">\n\t\t\t\t\t<div class=\"e-gallery-image elementor-gallery-item__image\" data-thumbnail=\"https:\/\/patentest.com\/wp-content\/uploads\/elementor\/thumbs\/rolls-royce-1-osi2tr2yeashph7c2dql470ojoi0ldxm61ogz2s82w.jpg\" data-width=\"200\" data-height=\"100\" aria-label=\"\" role=\"img\" ><\/div>\n\t\t\t\t\t\t\t\t\t\t\t\t\t\t<\/div>\n\t\t\t\t\t\t\t<div class=\"e-gallery-item elementor-gallery-item elementor-animated-content\">\n\t\t\t\t\t<div class=\"e-gallery-image elementor-gallery-item__image\" data-thumbnail=\"https:\/\/patentest.com\/wp-content\/uploads\/elementor\/thumbs\/netafim-n06phae0mcozud3kzya6f1v4j7pxe4p0eporiexcyw.jpg\" data-width=\"200\" data-height=\"100\" aria-label=\"\" role=\"img\" ><\/div>\n\t\t\t\t\t\t\t\t\t\t\t\t\t\t<\/div>\n\t\t\t\t\t\t\t<div class=\"e-gallery-item elementor-gallery-item elementor-animated-content\">\n\t\t\t\t\t<div class=\"e-gallery-image elementor-gallery-item__image\" data-thumbnail=\"https:\/\/patentest.com\/wp-content\/uploads\/elementor\/thumbs\/fritz-1-osi2un1guo08o7wwvrjwgyycqs4hv3ghmfuzahgu7c.jpg\" data-width=\"200\" data-height=\"100\" aria-label=\"\" role=\"img\" ><\/div>\n\t\t\t\t\t\t\t\t\t\t\t\t\t\t<\/div>\n\t\t\t\t\t\t\t<div class=\"e-gallery-item elementor-gallery-item elementor-animated-content\">\n\t\t\t\t\t<div class=\"e-gallery-image elementor-gallery-item__image\" data-thumbnail=\"https:\/\/patentest.com\/wp-content\/uploads\/elementor\/thumbs\/franks-1-osi2ul5sgzxo0zzn6qqnbzffk0drfp90y6k0bxjmjs.jpg\" data-width=\"200\" data-height=\"100\" aria-label=\"\" role=\"img\" ><\/div>\n\t\t\t\t\t\t\t\t\t\t\t\t\t\t<\/div>\n\t\t\t\t\t\t\t<div class=\"e-gallery-item elementor-gallery-item elementor-animated-content\">\n\t\t\t\t\t<div class=\"e-gallery-image elementor-gallery-item__image\" data-thumbnail=\"https:\/\/patentest.com\/wp-content\/uploads\/elementor\/thumbs\/electrolux-1-osi2uic9whtt263qn7irmi51rurnslxtxsljw3nt2g.jpg\" data-width=\"200\" data-height=\"100\" aria-label=\"\" role=\"img\" ><\/div>\n\t\t\t\t\t\t\t\t\t\t\t\t\t\t<\/div>\n\t\t\t\t\t\t\t<div class=\"e-gallery-item elementor-gallery-item elementor-animated-content\">\n\t\t\t\t\t<div class=\"e-gallery-image elementor-gallery-item__image\" data-thumbnail=\"https:\/\/patentest.com\/wp-content\/uploads\/elementor\/thumbs\/drsolf-1-osi2ufirbzpy3c7u3oavx0unzp5k5immxen3g9rzl4.jpg\" data-width=\"200\" data-height=\"100\" aria-label=\"\" role=\"img\" ><\/div>\n\t\t\t\t\t\t\t\t\t\t\t\t\t\t<\/div>\n\t\t\t\t\t\t\t<div class=\"e-gallery-item elementor-gallery-item elementor-animated-content\">\n\t\t\t\t\t<div class=\"e-gallery-image elementor-gallery-item__image\" data-thumbnail=\"https:\/\/patentest.com\/wp-content\/uploads\/elementor\/thumbs\/Dellner-logo-osl8lzyxmq8t1r6cv08x4irndamcobr00l3yx98kbs.jpg\" data-width=\"200\" data-height=\"100\" aria-label=\"\" role=\"img\" ><\/div>\n\t\t\t\t\t\t\t\t\t\t\t\t\t\t<\/div>\n\t\t\t\t\t\t\t<div class=\"e-gallery-item elementor-gallery-item elementor-animated-content\">\n\t\t\t\t\t<div class=\"e-gallery-image elementor-gallery-item__image\" data-thumbnail=\"https:\/\/patentest.com\/wp-content\/uploads\/elementor\/thumbs\/awapatent-1-osi2ubreknksswdapmodn1stm5o3aq7pkw15j5xka0.jpg\" data-width=\"200\" data-height=\"100\" aria-label=\"\" role=\"img\" ><\/div>\n\t\t\t\t\t\t\t\t\t\t\t\t\t\t<\/div>\n\t\t\t\t\t\t\t<div class=\"e-gallery-item elementor-gallery-item elementor-animated-content\">\n\t\t\t\t\t<div class=\"e-gallery-image elementor-gallery-item__image\" data-thumbnail=\"https:\/\/patentest.com\/wp-content\/uploads\/elementor\/thumbs\/atlas-1-osi2u9vq6zi85og10lv4i29wfdxcvc08wmq6km0cmg.jpg\" data-width=\"200\" data-height=\"100\" aria-label=\"patentest clients atlas copco\" role=\"img\" ><\/div>\n\t\t\t\t\t\t\t\t\t\t\t\t\t\t<\/div>\n\t\t\t\t\t\t\t<div class=\"e-gallery-item elementor-gallery-item elementor-animated-content\">\n\t\t\t\t\t<div class=\"e-gallery-image elementor-gallery-item__image\" data-thumbnail=\"https:\/\/patentest.com\/wp-content\/uploads\/elementor\/thumbs\/abb-1-osi2u727mhed6uk4h2n8skzin8b988p1w8rq4s4j54.jpg\" data-width=\"200\" data-height=\"100\" aria-label=\"\" role=\"img\" ><\/div>\n\t\t\t\t\t\t\t\t\t\t\t\t\t\t<\/div>\n\t\t\t\t\t\t\t<div class=\"e-gallery-item elementor-gallery-item elementor-animated-content\">\n\t\t\t\t\t<div class=\"e-gallery-image elementor-gallery-item__image\" data-thumbnail=\"https:\/\/patentest.com\/wp-content\/uploads\/elementor\/thumbs\/jcb-1-osi2tnblmyncf1csoc42u7yu650jqliotj2j1yxsrs.jpg\" data-width=\"200\" data-height=\"100\" aria-label=\"\" role=\"img\" ><\/div>\n\t\t\t\t\t\t\t\t\t\t\t\t\t\t<\/div>\n\t\t\t\t\t\t\t<div class=\"e-gallery-item elementor-gallery-item elementor-animated-content\">\n\t\t\t\t\t<div class=\"e-gallery-image elementor-gallery-item__image\" data-thumbnail=\"https:\/\/patentest.com\/wp-content\/uploads\/elementor\/thumbs\/maschio-1-osi2tp7a0mpx29a2dcxbz7hrcwra5zq5hsdi0iv0fc.jpg\" data-width=\"200\" data-height=\"100\" aria-label=\"\" role=\"img\" ><\/div>\n\t\t\t\t\t\t\t\t\t\t\t\t\t\t<\/div>\n\t\t\t\t\t\t\t<div class=\"e-gallery-item elementor-gallery-item elementor-animated-content\">\n\t\t\t\t\t<div class=\"e-gallery-image elementor-gallery-item__image\" data-thumbnail=\"https:\/\/patentest.com\/wp-content\/uploads\/elementor\/thumbs\/sorin-1-osi2ttwgyswcob38lwygtob2bu448h8t6fmxewo1k8.jpg\" data-width=\"200\" data-height=\"100\" aria-label=\"\" role=\"img\" ><\/div>\n\t\t\t\t\t\t\t\t\t\t\t\t\t\t<\/div>\n\t\t\t\t\t\t\t<div class=\"e-gallery-item elementor-gallery-item elementor-animated-content\">\n\t\t\t\t\t<div class=\"e-gallery-image elementor-gallery-item__image\" data-thumbnail=\"https:\/\/patentest.com\/wp-content\/uploads\/elementor\/thumbs\/sterling-1-osi2tvs5cgyxbj0iaxrpyntziluunvg9uoxwdgl97s.jpg\" data-width=\"200\" data-height=\"100\" aria-label=\"\" role=\"img\" ><\/div>\n\t\t\t\t\t\t\t\t\t\t\t\t\t\t<\/div>\n\t\t\t\t\t\t\t<div class=\"e-gallery-item elementor-gallery-item elementor-animated-content\">\n\t\t\t\t\t<div class=\"e-gallery-image elementor-gallery-item__image\" data-thumbnail=\"https:\/\/patentest.com\/wp-content\/uploads\/elementor\/thumbs\/vanner-1-osi2u0hcan5cxktojhsut4nahj7oqcyxjc7brueaco.jpg\" data-width=\"200\" data-height=\"100\" aria-label=\"\" role=\"img\" ><\/div>\n\t\t\t\t\t\t\t\t\t\t\t\t\t\t<\/div>\n\t\t\t\t\t\t\t<div class=\"e-gallery-item elementor-gallery-item elementor-animated-content\">\n\t\t\t\t\t<div class=\"e-gallery-image elementor-gallery-item__image\" data-thumbnail=\"https:\/\/patentest.com\/wp-content\/uploads\/elementor\/thumbs\/withers-1-osi2u2d0ob7xksqy8im3y467oayf5r6e7liaqebi08.jpg\" data-width=\"200\" data-height=\"100\" aria-label=\"\" role=\"img\" ><\/div>\n\t\t\t\t\t\t\t\t\t\t\t\t\t\t<\/div>\n\t\t\t\t\t\t\t<div class=\"e-gallery-item elementor-gallery-item elementor-animated-content\">\n\t\t\t\t\t<div class=\"e-gallery-image elementor-gallery-item__image\" data-thumbnail=\"https:\/\/patentest.com\/wp-content\/uploads\/elementor\/thumbs\/zacco-1-osi2u56j8tbsjmmus1tznlglggkisuhl7zgr687bhk.jpg\" data-width=\"200\" data-height=\"100\" aria-label=\"\" role=\"img\" ><\/div>\n\t\t\t\t\t\t\t\t\t\t\t\t\t\t<\/div>\n\t\t\t\t\t\t\t<div class=\"e-gallery-item elementor-gallery-item elementor-animated-content\">\n\t\t\t\t\t<div class=\"e-gallery-image elementor-gallery-item__image\" data-thumbnail=\"https:\/\/patentest.com\/wp-content\/uploads\/elementor\/thumbs\/imperial-1-osi2tlfx9akrrtfizbatp8fwzd9tb7b859rk3f0l48.jpg\" data-width=\"200\" data-height=\"100\" aria-label=\"\" role=\"img\" ><\/div>\n\t\t\t\t\t\t\t\t\t\t\t\t\t\t<\/div>\n\t\t\t\t\t\t\t<div class=\"e-gallery-item elementor-gallery-item elementor-animated-content\">\n\t\t\t\t\t<div class=\"e-gallery-image elementor-gallery-item__image\" data-thumbnail=\"https:\/\/patentest.com\/wp-content\/uploads\/elementor\/thumbs\/Ericsson-logo-osl8lecn9jf7mq1rd8wi1681pfkwrad69m3svw4maw.png\" data-width=\"200\" data-height=\"100\" aria-label=\"\" role=\"img\" ><\/div>\n\t\t\t\t\t\t\t\t\t\t\t\t\t\t<\/div>\n\t\t\t\t\t\t\t<div class=\"e-gallery-item elementor-gallery-item elementor-animated-content\">\n\t\t\t\t\t<div class=\"e-gallery-image elementor-gallery-item__image\" data-thumbnail=\"https:\/\/patentest.com\/wp-content\/uploads\/elementor\/thumbs\/hoffmann-1-osi2uox58c2tbfu6ksd5lyh9xjv8ahnyap5y91e1uw.jpg\" data-width=\"200\" data-height=\"100\" aria-label=\"\" role=\"img\" ><\/div>\n\t\t\t\t\t\t\t\t\t\t\t\t\t\t<\/div>\n\t\t\t\t\t<\/div>\n\t\t\t\t\t<\/div>\n\t\t\t\t<\/div>\n\t\t\t\t\t<\/div>\n\t\t<\/div>\n\t\t\t\t\t<\/div>\n\t\t<\/section>\n\t\t\t\t<\/div>\n\t\t","protected":false},"excerpt":{"rendered":"<p>Patentests kundportf\u00f6lj best\u00e5r av allt ifr\u00e5n uppfinnare till patentbyr\u00e5er M\u00e5nga \u00e5rs erfarenhet och professionell service har lett till att vi samarbetar med de ledande och mest v\u00e4lk\u00e4nda patentbyr\u00e5er och f\u00f6retag inom olika tekniska omr\u00e5den i de l\u00e4nder d\u00e4r vi finns. Vi samarbetar b\u00e5de med enskilda uppfinnare och med stora f\u00f6retag som Axis,\u00a0ABB\u00a0och\u00a0Electrolux. V\u00e5rt breda n\u00e4tverk [&hellip;]<\/p>\n","protected":false},"author":1,"featured_media":6506,"parent":0,"menu_order":0,"comment_status":"closed","ping_status":"closed","template":"","meta":{"footnotes":""},"class_list":["post-5490","page","type-page","status-publish","has-post-thumbnail","hentry"],"yoast_head":"<!-- This site is optimized with the Yoast SEO plugin v27.1.1 - https:\/\/yoast.com\/product\/yoast-seo-wordpress\/ -->\n<title>Patentests kundportf\u00f6lj varierar fr\u00e5n uppfinnare till patentbyr\u00e5er<\/title>\n<meta name=\"description\" content=\"Patentest samarbetar med enskilda uppfinnare och v\u00e4lk\u00e4nda patentbyr\u00e5er, allt f\u00f6r att t\u00e4cka marknadens behov och bli v\u00e4rldsledande inom patentering.\" \/>\n<meta name=\"robots\" content=\"index, follow, max-snippet:-1, max-image-preview:large, max-video-preview:-1\" \/>\n<link rel=\"canonical\" href=\"https:\/\/patentest.com\/sv\/vara-kunder-patentbyraer\/\" \/>\n<meta property=\"og:locale\" content=\"sv_SE\" \/>\n<meta property=\"og:type\" content=\"article\" \/>\n<meta property=\"og:title\" content=\"Patentests kundportf\u00f6lj varierar fr\u00e5n uppfinnare till patentbyr\u00e5er\" \/>\n<meta property=\"og:description\" content=\"Patentest samarbetar med enskilda uppfinnare och v\u00e4lk\u00e4nda patentbyr\u00e5er, allt f\u00f6r att t\u00e4cka marknadens behov och bli v\u00e4rldsledande inom patentering.\" \/>\n<meta property=\"og:url\" content=\"https:\/\/patentest.com\/sv\/vara-kunder-patentbyraer\/\" \/>\n<meta property=\"og:site_name\" content=\"Patentest\" \/>\n<meta property=\"article:publisher\" content=\"https:\/\/www.facebook.com\/newtone.patent.search\/\" \/>\n<meta property=\"article:modified_time\" content=\"2021-02-03T07:20:36+00:00\" \/>\n<meta property=\"og:image\" content=\"https:\/\/patentest.com\/wp-content\/uploads\/2020\/12\/Patentbyraer-Uppfinnare.jpeg\" \/>\n\t<meta property=\"og:image:width\" content=\"2550\" \/>\n\t<meta property=\"og:image:height\" content=\"1700\" \/>\n\t<meta property=\"og:image:type\" content=\"image\/jpeg\" \/>\n<meta name=\"twitter:card\" content=\"summary_large_image\" \/>\n<meta name=\"twitter:label1\" content=\"Ber\u00e4knad l\u00e4stid\" \/>\n\t<meta name=\"twitter:data1\" content=\"1 minut\" \/>\n<script type=\"application\/ld+json\" class=\"yoast-schema-graph\">{\"@context\":\"https:\/\/schema.org\",\"@graph\":[{\"@type\":\"WebPage\",\"@id\":\"https:\/\/patentest.com\/sv\/vara-kunder-patentbyraer\/\",\"url\":\"https:\/\/patentest.com\/sv\/vara-kunder-patentbyraer\/\",\"name\":\"Patentests kundportf\u00f6lj varierar fr\u00e5n uppfinnare till patentbyr\u00e5er\",\"isPartOf\":{\"@id\":\"https:\/\/patentest.com\/sv\/#website\"},\"primaryImageOfPage\":{\"@id\":\"https:\/\/patentest.com\/sv\/vara-kunder-patentbyraer\/#primaryimage\"},\"image\":{\"@id\":\"https:\/\/patentest.com\/sv\/vara-kunder-patentbyraer\/#primaryimage\"},\"thumbnailUrl\":\"https:\/\/patentest.com\/wp-content\/uploads\/2020\/12\/Patentbyraer-Uppfinnare.jpeg\",\"datePublished\":\"2019-12-11T15:46:01+00:00\",\"dateModified\":\"2021-02-03T07:20:36+00:00\",\"description\":\"Patentest samarbetar med enskilda uppfinnare och v\u00e4lk\u00e4nda patentbyr\u00e5er, allt f\u00f6r att t\u00e4cka marknadens behov och bli v\u00e4rldsledande inom patentering.\",\"breadcrumb\":{\"@id\":\"https:\/\/patentest.com\/sv\/vara-kunder-patentbyraer\/#breadcrumb\"},\"inLanguage\":\"sv-SE\",\"potentialAction\":[{\"@type\":\"ReadAction\",\"target\":[\"https:\/\/patentest.com\/sv\/vara-kunder-patentbyraer\/\"]}]},{\"@type\":\"ImageObject\",\"inLanguage\":\"sv-SE\",\"@id\":\"https:\/\/patentest.com\/sv\/vara-kunder-patentbyraer\/#primaryimage\",\"url\":\"https:\/\/patentest.com\/wp-content\/uploads\/2020\/12\/Patentbyraer-Uppfinnare.jpeg\",\"contentUrl\":\"https:\/\/patentest.com\/wp-content\/uploads\/2020\/12\/Patentbyraer-Uppfinnare.jpeg\",\"width\":2550,\"height\":1700,\"caption\":\"Patentbyr\u00e5er Uppfinnare\"},{\"@type\":\"BreadcrumbList\",\"@id\":\"https:\/\/patentest.com\/sv\/vara-kunder-patentbyraer\/#breadcrumb\",\"itemListElement\":[{\"@type\":\"ListItem\",\"position\":1,\"name\":\"Home page\",\"item\":\"https:\/\/patentest.com\/sv\/\"},{\"@type\":\"ListItem\",\"position\":2,\"name\":\"V\u00e5ra kunder\"}]},{\"@type\":\"WebSite\",\"@id\":\"https:\/\/patentest.com\/sv\/#website\",\"url\":\"https:\/\/patentest.com\/sv\/\",\"name\":\"Patentest\",\"description\":\"Your first step towards a registered patent\",\"potentialAction\":[{\"@type\":\"SearchAction\",\"target\":{\"@type\":\"EntryPoint\",\"urlTemplate\":\"https:\/\/patentest.com\/sv\/?s={search_term_string}\"},\"query-input\":{\"@type\":\"PropertyValueSpecification\",\"valueRequired\":true,\"valueName\":\"search_term_string\"}}],\"inLanguage\":\"sv-SE\"}]}<\/script>\n<!-- \/ Yoast SEO plugin. -->","yoast_head_json":{"title":"Patentests kundportf\u00f6lj varierar fr\u00e5n uppfinnare till patentbyr\u00e5er","description":"Patentest samarbetar med enskilda uppfinnare och v\u00e4lk\u00e4nda patentbyr\u00e5er, allt f\u00f6r att t\u00e4cka marknadens behov och bli v\u00e4rldsledande inom patentering.","robots":{"index":"index","follow":"follow","max-snippet":"max-snippet:-1","max-image-preview":"max-image-preview:large","max-video-preview":"max-video-preview:-1"},"canonical":"https:\/\/patentest.com\/sv\/vara-kunder-patentbyraer\/","og_locale":"sv_SE","og_type":"article","og_title":"Patentests kundportf\u00f6lj varierar fr\u00e5n uppfinnare till patentbyr\u00e5er","og_description":"Patentest samarbetar med enskilda uppfinnare och v\u00e4lk\u00e4nda patentbyr\u00e5er, allt f\u00f6r att t\u00e4cka marknadens behov och bli v\u00e4rldsledande inom patentering.","og_url":"https:\/\/patentest.com\/sv\/vara-kunder-patentbyraer\/","og_site_name":"Patentest","article_publisher":"https:\/\/www.facebook.com\/newtone.patent.search\/","article_modified_time":"2021-02-03T07:20:36+00:00","og_image":[{"width":2550,"height":1700,"url":"https:\/\/patentest.com\/wp-content\/uploads\/2020\/12\/Patentbyraer-Uppfinnare.jpeg","type":"image\/jpeg"}],"twitter_card":"summary_large_image","twitter_misc":{"Ber\u00e4knad l\u00e4stid":"1 minut"},"schema":{"@context":"https:\/\/schema.org","@graph":[{"@type":"WebPage","@id":"https:\/\/patentest.com\/sv\/vara-kunder-patentbyraer\/","url":"https:\/\/patentest.com\/sv\/vara-kunder-patentbyraer\/","name":"Patentests kundportf\u00f6lj varierar fr\u00e5n uppfinnare till patentbyr\u00e5er","isPartOf":{"@id":"https:\/\/patentest.com\/sv\/#website"},"primaryImageOfPage":{"@id":"https:\/\/patentest.com\/sv\/vara-kunder-patentbyraer\/#primaryimage"},"image":{"@id":"https:\/\/patentest.com\/sv\/vara-kunder-patentbyraer\/#primaryimage"},"thumbnailUrl":"https:\/\/patentest.com\/wp-content\/uploads\/2020\/12\/Patentbyraer-Uppfinnare.jpeg","datePublished":"2019-12-11T15:46:01+00:00","dateModified":"2021-02-03T07:20:36+00:00","description":"Patentest samarbetar med enskilda uppfinnare och v\u00e4lk\u00e4nda patentbyr\u00e5er, allt f\u00f6r att t\u00e4cka marknadens behov och bli v\u00e4rldsledande inom patentering.","breadcrumb":{"@id":"https:\/\/patentest.com\/sv\/vara-kunder-patentbyraer\/#breadcrumb"},"inLanguage":"sv-SE","potentialAction":[{"@type":"ReadAction","target":["https:\/\/patentest.com\/sv\/vara-kunder-patentbyraer\/"]}]},{"@type":"ImageObject","inLanguage":"sv-SE","@id":"https:\/\/patentest.com\/sv\/vara-kunder-patentbyraer\/#primaryimage","url":"https:\/\/patentest.com\/wp-content\/uploads\/2020\/12\/Patentbyraer-Uppfinnare.jpeg","contentUrl":"https:\/\/patentest.com\/wp-content\/uploads\/2020\/12\/Patentbyraer-Uppfinnare.jpeg","width":2550,"height":1700,"caption":"Patentbyr\u00e5er Uppfinnare"},{"@type":"BreadcrumbList","@id":"https:\/\/patentest.com\/sv\/vara-kunder-patentbyraer\/#breadcrumb","itemListElement":[{"@type":"ListItem","position":1,"name":"Home page","item":"https:\/\/patentest.com\/sv\/"},{"@type":"ListItem","position":2,"name":"V\u00e5ra kunder"}]},{"@type":"WebSite","@id":"https:\/\/patentest.com\/sv\/#website","url":"https:\/\/patentest.com\/sv\/","name":"Patentest","description":"Your first step towards a registered patent","potentialAction":[{"@type":"SearchAction","target":{"@type":"EntryPoint","urlTemplate":"https:\/\/patentest.com\/sv\/?s={search_term_string}"},"query-input":{"@type":"PropertyValueSpecification","valueRequired":true,"valueName":"search_term_string"}}],"inLanguage":"sv-SE"}]}},"_links":{"self":[{"href":"https:\/\/patentest.com\/sv\/wp-json\/wp\/v2\/pages\/5490","targetHints":{"allow":["GET"]}}],"collection":[{"href":"https:\/\/patentest.com\/sv\/wp-json\/wp\/v2\/pages"}],"about":[{"href":"https:\/\/patentest.com\/sv\/wp-json\/wp\/v2\/types\/page"}],"author":[{"embeddable":true,"href":"https:\/\/patentest.com\/sv\/wp-json\/wp\/v2\/users\/1"}],"replies":[{"embeddable":true,"href":"https:\/\/patentest.com\/sv\/wp-json\/wp\/v2\/comments?post=5490"}],"version-history":[{"count":11,"href":"https:\/\/patentest.com\/sv\/wp-json\/wp\/v2\/pages\/5490\/revisions"}],"predecessor-version":[{"id":6780,"href":"https:\/\/patentest.com\/sv\/wp-json\/wp\/v2\/pages\/5490\/revisions\/6780"}],"wp:featuredmedia":[{"embeddable":true,"href":"https:\/\/patentest.com\/sv\/wp-json\/wp\/v2\/media\/6506"}],"wp:attachment":[{"href":"https:\/\/patentest.com\/sv\/wp-json\/wp\/v2\/media?parent=5490"}],"curies":[{"name":"wp","href":"https:\/\/api.w.org\/{rel}","templated":true}]}}